{"id":2570,"date":"2024-05-08T13:20:23","date_gmt":"2024-05-08T11:20:23","guid":{"rendered":"https:\/\/getuplead.com\/reussir-vos-campagnes-linkedin-ads-a-linternational\/"},"modified":"2024-06-30T19:56:03","modified_gmt":"2024-06-30T17:56:03","slug":"international","status":"publish","type":"page","link":"https:\/\/getuplead.com\/fr\/agence-linkedin-ads\/international\/","title":{"rendered":"R\u00e9ussir vos campagnes LinkedIn Ads \u00e0 l&rsquo;international"},"content":{"rendered":"\n<p>With over 750M active professionals are on LinkedIn, their advertising platform is a great way to reach new customers online and grow your business in your local market. But what if you want to reach global markets, and widen your pool of potential clients? In this article, you\u2019ll find our best tips to optimize your LinkedIn ads campaigns for international audiences.  <\/p>\n\n<p class=\"has-text-align-left banner-case-study has-text-color has-background\" style=\"color:#0071a1;background-color:#eaf4f8\"><strong>\u00c9tude de cas :<\/strong> <a href=\"https:\/\/getuplead.com\/case-studies\/security-analytics\/\" data-type=\"page\" data-id=\"297\">D\u00e9couvrez comment nous avons g\u00e9n\u00e9r\u00e9 42% de leads qualifi\u00e9s en plus avec Linkedin Ads pour un logiciel de cybers\u00e9curit\u00e9<\/a><\/p>\n\n<h2 class=\"wp-block-heading\">1 &#8211; Taille estim\u00e9e de votre audience cible<\/h2>\n\n<p>La premi\u00e8re \u00e9tape de la publicit\u00e9 internationale sur Linkedin consiste \u00e0 d\u00e9terminer les audiences internationales que vous souhaitez cibler. Une fois que vous avez fait cela, vous devez vous assurer que le volume est suffisant pour cibler chaque pays. Si le volume est trop faible, vos campagnes ne seront pas performantes.  <\/p>\n\n<p>Utilisez LinkedIn Ads Manager pour estimer la taille et en savoir plus sur une audience particuli\u00e8re. Cela inclut le volume et d&rsquo;autres attributs des utilisateurs tels que l&rsquo;anciennet\u00e9 ou les fonctions qui peuvent \u00eatre utilis\u00e9es pour identifier certains attributs sp\u00e9cifiques d&rsquo;un pays \u00e0 l&rsquo;autre. Envisager d&rsquo;engager une <a href=\"https:\/\/getuplead.com\/linkedin-advertising-agency\/\" target=\"_blank\" rel=\"noreferrer noopener\">agence LinkedIn Ads<\/a> peut vous aider \u00e0 mettre en place les bonnes campagnes et les bons tests.  <\/p>\n\n<figure class=\"wp-block-image aligncenter size-full\"><img fetchpriority=\"high\" decoding=\"async\" width=\"1514\" height=\"521\" src=\"https:\/\/getuplead.com\/wp-content\/uploads\/Screenshot_2022-05-15_at_15_34_00.png\" alt=\"taille de l'audience cible linkedin\" class=\"wp-image-628\" srcset=\"https:\/\/getuplead.com\/wp-content\/uploads\/Screenshot_2022-05-15_at_15_34_00.png 1514w, https:\/\/getuplead.com\/wp-content\/uploads\/Screenshot_2022-05-15_at_15_34_00-768x264.png 768w\" sizes=\"(max-width: 1514px) 100vw, 1514px\" \/><\/figure>\n\n<h2 class=\"wp-block-heading\">2 &#8211; Effectuez une recherche de concurrents sur Linkedin<\/h2>\n\n<p>Dans le cadre de l\u2019expansion vers de nouveaux march\u00e9s avec LinkedIn Ads, vous devez consacrer du temps \u00e0 l\u2019analyse de vos concurrents sur LinkedIn. Vous devriez passer un peu de temps \u00e0 analyser les annonces et les offres que vos concurrents directs utilisent. Vous pourrez ainsi trouver de nouvelles id\u00e9es d\u2019offres \u00e0 promouvoir (consultation gratuite, t\u00e9l\u00e9chargement d\u2019un livre \u00e9lectronique, etc.). Pour analyser les publicit\u00e9s de vos concurrents, suivez les \u00e9tapes suivantes :  <\/p>\n\n<p>1 &#8211; Allez sur la page ad library : https:\/\/www.linkedin.com\/ad-library\/home<\/p>\n\n<p>2 &#8211; Entrez le nom du concurrent dans le champ : \u00a0\u00bb Search by company or advertiser name\u00a0\u00bb<\/p>\n\n<p>3 &#8211; Faites d\u00e9filer vers le bas pour voir toutes les annonces actives<\/p>\n\n<figure class=\"wp-block-image size-full\"><img decoding=\"async\" width=\"1894\" height=\"1458\" src=\"https:\/\/getuplead.com\/wp-content\/uploads\/Screenshot-2024-05-08-at-13.15.13.png\" alt=\"LinkedIn ad library\" class=\"wp-image-630\" srcset=\"https:\/\/getuplead.com\/wp-content\/uploads\/Screenshot-2024-05-08-at-13.15.13.png 1894w, https:\/\/getuplead.com\/wp-content\/uploads\/Screenshot-2024-05-08-at-13.15.13-768x591.png 768w, https:\/\/getuplead.com\/wp-content\/uploads\/Screenshot-2024-05-08-at-13.15.13-1536x1182.png 1536w\" sizes=\"(max-width: 1894px) 100vw, 1894px\" \/><\/figure>\n\n<h2 class=\"wp-block-heading\">3 &#8211; Faites d\u00e9filer vers le bas pour voir toutes les annonces actives<\/h2>\n\n<p>Lorsque vous cr\u00e9ez des campagnes internationales pour vos clients, veillez \u00e0 cr\u00e9er des campagnes distinctes pour chaque pays. En cr\u00e9ant des campagnes distinctes pour chaque pays, vous pouvez facilement suivre le retour sur investissement et les performances de chaque zone. Par exemple, ce qui fonctionne bien pour les \u00c9tats-Unis peut ne pas fonctionner pour le Canada  <\/p>\n\n<h2 class=\"wp-block-heading\">4 &#8211; Traduisez les annonces pour l&rsquo;audience locale<\/h2>\n\n<p>N&rsquo;utilisez pas les m\u00eames annonces pour tous les pays. Si une publicit\u00e9 fonctionne bien dans un pays, vous devriez la traduire et la tester dans un autre pays. <\/p>\n\n<p>Envisagez d&rsquo;engager un traducteur freelance si votre entreprise ne dispose pas d&rsquo;un collaborateur dont la langue maternelle est celle du pays cibl\u00e9. Vous pouvez facilement trouver un traducteur en cr\u00e9ant un profil sur un site de freelance comme Upwork et en discutant avec quelques-uns d&rsquo;entre eux. Il y a des milliers de freelances disponibles qui travaillent \u00e0 l&rsquo;heure. Lorsque vous avez trouv\u00e9 un traducteur, discutez de votre contenu. Demandez-lui \u00e9galement de s&rsquo;occuper de vos pages de destination.    <\/p>\n\n<p class=\"has-text-align-left banner-case-study has-text-color has-background\" style=\"color:#0071a1;background-color:#eaf4f8\"><strong>\u00c9tude de cas :<\/strong> <a href=\"https:\/\/getuplead.com\/fr\/cas-clients\/kodo\/\" data-type=\"page\" data-id=\"339\">D\u00e9couvrez comment nous avons g\u00e9n\u00e9r\u00e9s 167 % de prospects en plus avec LinkedIn Ads pour Kodo Survey<\/a><\/p>\n\n<h2 class=\"wp-block-heading\">5 &#8211; Privil\u00e9giez un langage simple<\/h2>\n\n<p>Nos tests ont d\u00e9montr\u00e9 que les annonces plus courtes et plus claires convertissent beaucoup mieux sur LinkedIn Ads. Les annonces complexes et impr\u00e9cises entra\u00eenent souvent des taux de conversion m\u00e9diocres. Vous voulez que votre audience comprenne clairement votre message. Vous pouvez faire preuve de cr\u00e9ativit\u00e9, mais assurez-vous d&rsquo;aller droit au but.   <\/p>\n\n<figure class=\"wp-block-image aligncenter size-full\"><img decoding=\"async\" width=\"716\" height=\"622\" src=\"https:\/\/getuplead.com\/wp-content\/uploads\/Screenshot-2022-05-15-at-15.43.41.png\" alt=\"Exemple d'annonce sur LinkedIn\" class=\"wp-image-631\"\/><\/figure>\n\n<p>En outre, pour r\u00e9duire le risque que votre message soit mal compris, utilisez un langage clair. Une petite erreur de traduction &#8211; qu&rsquo;il s&rsquo;agisse de conventions, de grammaire ou de vocabulaire &#8211; peut nuire \u00e0 la cr\u00e9dibilit\u00e9 et \u00e0 l&rsquo;engagement de vos posts LinkedIn. <\/p>\n\n<h2 class=\"wp-block-heading\">6 &#8211; Soyez attentif aux nuances<\/h2>\n\n<p>Au fil des ann\u00e9es, nous avons appris que les termes ou les expressions utilis\u00e9s dans notre propre langue ne se traduisent pas automatiquement dans d&rsquo;autres langues. Il en va de m\u00eame pour les noms de professions. Par exemple, nous avons travaill\u00e9 avec plusieurs entreprises B2B au Royaume-Uni et plusieurs d&rsquo;entre elles visaient des titres de poste de \u00ab\u00a0President\u00a0\u00bb ou de \u00ab\u00a0Vice president\u00a0\u00bb. Cependant, le titre de \u00ab\u00a0President\u00a0\u00bb est un terme tr\u00e8s am\u00e9ricain ; les Britanniques utilisent g\u00e9n\u00e9ralement le mot \u00ab\u00a0managing director\u00a0\u00bb ou \u00ab\u00a0director\u00a0\u00bb \u00e0 la place.   <\/p>\n\n<h2 class=\"wp-block-heading\">7- Structurez la campagne publicitaire<\/h2>\n\n<p>La mise en place ad\u00e9quate de la structure d&rsquo;une campagne LinkedIn Ads est cruciale lorsque l&rsquo;on s&rsquo;implante dans de nouveaux pays.<\/p>\n\n<p>Apr\u00e8s avoir mis en place votre tunnel et impl\u00e9ment\u00e9 le pixel, vous devez structurer votre campagne de la mani\u00e8re la plus efficace. Id\u00e9alement, nous recommandons de s\u00e9parer chaque pays dans des campagnes diff\u00e9rentes, mais parfois, en raison de restrictions budg\u00e9taires ou de la petite taille de l&rsquo;audience, ce n&rsquo;est pas possible. Dans ce cas, regroupez les pays ayant des valeurs culturelles similaires dans une m\u00eame campagne.  <\/p>\n\n<p>exemple<\/p>\n\n<ul class=\"wp-block-list\">\n<li>France et Belgique<\/li>\n\n\n\n<li>America and Canada<\/li>\n\n\n\n<li>Australie et Nouvelle-Z\u00e9lande<\/li>\n<\/ul>\n\n<figure class=\"wp-block-image size-full\"><img loading=\"lazy\" decoding=\"async\" width=\"1086\" height=\"508\" src=\"https:\/\/getuplead.com\/wp-content\/uploads\/Screenshot-2022-05-15-at-15.45.37.png\" alt=\"Ciblage des pays dans les publicit&#xE9;s LinkedIn\" class=\"wp-image-632\" srcset=\"https:\/\/getuplead.com\/wp-content\/uploads\/Screenshot-2022-05-15-at-15.45.37.png 1086w, https:\/\/getuplead.com\/wp-content\/uploads\/Screenshot-2022-05-15-at-15.45.37-768x359.png 768w\" sizes=\"(max-width: 1086px) 100vw, 1086px\" \/><\/figure>\n\n<h2 class=\"wp-block-heading\">Conclusion<\/h2>\n\n<p>Il existe de nombreuses fa\u00e7ons de d\u00e9velopper votre entreprise \u00e0 l&rsquo;\u00e9chelle internationale avec les publicit\u00e9s Linkedin, mais lorsque vous p\u00e9n\u00e9trez de nouveaux march\u00e9s internationaux, vous devez vous concentrer sur la personnalisation du parcours client, depuis le moment o\u00f9 ils voient votre publicit\u00e9 jusqu&rsquo;au moment o\u00f9 ils terminent l&rsquo;action que vous voulez qu&rsquo;ils effectuent. Vous devez tenir compte de la langue et des diff\u00e9rences culturelles pour obtenir des r\u00e9sultats optimaux. <\/p>\n\n<p><strong><em><strong><em><strong><em>Si vous souhaitez en savoir plus sur la fa\u00e7on dont nous aidons les entreprises B2B SaaS et Tech \u00e0 augmenter leur MRR gr\u00e2ce \u00e0 la publicit\u00e9 sur LinkedIn, n&rsquo;h\u00e9sitez pas \u00e0 nous <a href=\"https:\/\/getuplead.com\/contact\/\" target=\"_blank\" rel=\"noreferrer noopener\">contacter en ligne<\/a> ou \u00e0 nous envoyer un e-mail d\u00e8s aujourd&rsquo;hui \u00e0 <a href=\"mailto:info@getuplead.com\" target=\"_blank\" rel=\"noreferrer noopener\">info@getuplead.com<\/a>. Un membre de notre \u00e9quipe vous r\u00e9pondra<\/em><\/strong><\/em><\/strong><\/em><\/strong><\/p>\n\n<p>Par ailleurs, vous pourriez \u00e9galement \u00eatre int\u00e9ress\u00e9 par :<\/p>\n\n<ul class=\"wp-block-list\">\n<li><a href=\"https:\/\/getuplead.com\/linkedin-advertising-agency\/linkedin-services\/\" target=\"_blank\" rel=\"noreferrer noopener\">Services LinkedIn Ads : tout ce que vous devez savoir avant de choisir une agence.<\/a><\/li>\n\n\n\n<li><a href=\"https:\/\/getuplead.com\/linkedin-advertising-agency\/expert\/\" target=\"_blank\" rel=\"noreferrer noopener\">Comment choisir le meilleur expert LinkedIn Ads ?<\/a><\/li>\n\n\n\n<li><a href=\"https:\/\/getuplead.com\/linkedin-advertising-agency\/abm\/\">Comment utiliser LinkedIn Ads pour faire de l&rsquo;account based marketing<\/a><\/li>\n\n\n\n<li><a href=\"https:\/\/getuplead.com\/linkedin-advertising-agency\/cost\/\">Combien co\u00fbte la publicit\u00e9 sur LinkedIn Ads en 2023<\/a><\/li>\n\n\n\n<li><a href=\"https:\/\/getuplead.com\/linkedin-advertising-agency\/campaign\/\">Comment cr\u00e9er une campagne LinkedIn Ads rentable : le guide complet<\/a><\/li>\n\n\n\n<li><a href=\"https:\/\/getuplead.com\/linkedin-advertising-agency\/ads-types\/\">Comment cr\u00e9er une campagne LinkedIn Ads rentable : le guide complet<\/a><\/li>\n\n\n\n<li><a href=\"https:\/\/getuplead.com\/linkedin-advertising-agency\/metrics\/\">Les 18 m\u00e9triques essentiels pour mesurer le ROI de vos campagnes LinkedIn Ads<\/a><\/li>\n\n\n\n<li><a href=\"https:\/\/getuplead.com\/linkedin-advertising-agency\/saas\/\">LinkedIn Ads pour SaaS: le guide ultime<\/a><\/li>\n\n\n\n<li><a href=\"https:\/\/getuplead.com\/linkedin-advertising-agency\/webinar\/\" target=\"_blank\" rel=\"noreferrer noopener\">Comment promouvoir un webinaire avec LinkedIn Ads<\/a><\/li>\n<\/ul>\n","protected":false},"excerpt":{"rendered":"<p>With over 750M active professionals are on LinkedIn, their advertising platform is a great way to reach new customers online and grow your business in your local market. But what if you want to reach global markets, and widen your pool of potential clients? In this article, you\u2019ll find our best tips to optimize your [&hellip;]<\/p>\n","protected":false},"author":4,"featured_media":0,"parent":2796,"menu_order":0,"comment_status":"closed","ping_status":"closed","template":"","meta":{"footnotes":""},"class_list":["post-2570","page","type-page","status-publish","hentry"],"yoast_head":"<!-- This site is optimized with the Yoast SEO plugin v25.7 - https:\/\/yoast.com\/wordpress\/plugins\/seo\/ -->\n<title>R\u00e9ussir vos campagnes LinkedIn Ads \u00e0 l&#039;international<\/title>\n<meta name=\"robots\" content=\"index, follow, max-snippet:-1, max-image-preview:large, max-video-preview:-1\" \/>\n<link rel=\"canonical\" href=\"https:\/\/getuplead.com\/linkedin-advertising-agency\/international\/\" \/>\n<meta property=\"og:locale\" content=\"fr_FR\" \/>\n<meta property=\"og:type\" content=\"article\" \/>\n<meta property=\"og:title\" content=\"R\u00e9ussir vos campagnes LinkedIn Ads \u00e0 l&#039;international\" \/>\n<meta property=\"og:description\" content=\"With over 750M active professionals are on LinkedIn, their advertising platform is a great way to reach new customers online and grow your business in your local market. But what if you want to reach global markets, and widen your pool of potential clients? In this article, you\u2019ll find our best tips to optimize your [&hellip;]\" \/>\n<meta property=\"og:url\" content=\"https:\/\/getuplead.com\/linkedin-advertising-agency\/international\/\" \/>\n<meta property=\"og:site_name\" content=\"SaaS PPC Agency | Getuplead\" \/>\n<meta property=\"article:modified_time\" content=\"2024-06-30T17:56:03+00:00\" \/>\n<meta property=\"og:image\" content=\"https:\/\/getuplead.com\/wp-content\/uploads\/Screenshot_2022-05-15_at_15_34_00.png\" \/>\n<meta name=\"twitter:card\" content=\"summary_large_image\" \/>\n<meta name=\"twitter:label1\" content=\"Dur\u00e9e de lecture estim\u00e9e\" \/>\n\t<meta name=\"twitter:data1\" content=\"6 minutes\" \/>\n<script type=\"application\/ld+json\" class=\"yoast-schema-graph\">{\"@context\":\"https:\/\/schema.org\",\"@graph\":[{\"@type\":\"WebPage\",\"@id\":\"https:\/\/getuplead.com\/linkedin-advertising-agency\/international\/\",\"url\":\"https:\/\/getuplead.com\/linkedin-advertising-agency\/international\/\",\"name\":\"R\u00e9ussir vos campagnes LinkedIn Ads \u00e0 l'international\",\"isPartOf\":{\"@id\":\"https:\/\/getuplead.com\/#website\"},\"primaryImageOfPage\":{\"@id\":\"https:\/\/getuplead.com\/linkedin-advertising-agency\/international\/#primaryimage\"},\"image\":{\"@id\":\"https:\/\/getuplead.com\/linkedin-advertising-agency\/international\/#primaryimage\"},\"thumbnailUrl\":\"https:\/\/getuplead.com\/wp-content\/uploads\/Screenshot_2022-05-15_at_15_34_00.png\",\"datePublished\":\"2024-05-08T11:20:23+00:00\",\"dateModified\":\"2024-06-30T17:56:03+00:00\",\"breadcrumb\":{\"@id\":\"https:\/\/getuplead.com\/linkedin-advertising-agency\/international\/#breadcrumb\"},\"inLanguage\":\"fr-FR\",\"potentialAction\":[{\"@type\":\"ReadAction\",\"target\":[\"https:\/\/getuplead.com\/linkedin-advertising-agency\/international\/\"]}]},{\"@type\":\"ImageObject\",\"inLanguage\":\"fr-FR\",\"@id\":\"https:\/\/getuplead.com\/linkedin-advertising-agency\/international\/#primaryimage\",\"url\":\"https:\/\/getuplead.com\/wp-content\/uploads\/Screenshot_2022-05-15_at_15_34_00.png\",\"contentUrl\":\"https:\/\/getuplead.com\/wp-content\/uploads\/Screenshot_2022-05-15_at_15_34_00.png\"},{\"@type\":\"BreadcrumbList\",\"@id\":\"https:\/\/getuplead.com\/linkedin-advertising-agency\/international\/#breadcrumb\",\"itemListElement\":[{\"@type\":\"ListItem\",\"position\":1,\"name\":\"Home\",\"item\":\"https:\/\/getuplead.com\/fr\/getuplead\/\"},{\"@type\":\"ListItem\",\"position\":2,\"name\":\"L&#8217;Agence LinkedIn Ads pour entreprises B2B SaaS et Tech\",\"item\":\"https:\/\/getuplead.com\/linkedin-advertising-agency\/\"},{\"@type\":\"ListItem\",\"position\":3,\"name\":\"R\u00e9ussir vos campagnes LinkedIn Ads \u00e0 l&rsquo;international\"}]},{\"@type\":\"WebSite\",\"@id\":\"https:\/\/getuplead.com\/#website\",\"url\":\"https:\/\/getuplead.com\/\",\"name\":\"SaaS PPC Agency | Getuplead\",\"description\":\"\",\"publisher\":{\"@id\":\"https:\/\/getuplead.com\/#organization\"},\"potentialAction\":[{\"@type\":\"SearchAction\",\"target\":{\"@type\":\"EntryPoint\",\"urlTemplate\":\"https:\/\/getuplead.com\/?s={search_term_string}\"},\"query-input\":{\"@type\":\"PropertyValueSpecification\",\"valueRequired\":true,\"valueName\":\"search_term_string\"}}],\"inLanguage\":\"fr-FR\"},{\"@type\":\"Organization\",\"@id\":\"https:\/\/getuplead.com\/#organization\",\"name\":\"Getuplead\",\"url\":\"https:\/\/getuplead.com\/\",\"logo\":{\"@type\":\"ImageObject\",\"inLanguage\":\"fr-FR\",\"@id\":\"https:\/\/getuplead.com\/#\/schema\/logo\/image\/\",\"url\":\"https:\/\/getuplead.com\/wp-content\/uploads\/logo_getuplead.png\",\"contentUrl\":\"https:\/\/getuplead.com\/wp-content\/uploads\/logo_getuplead.png\",\"width\":1021,\"height\":275,\"caption\":\"Getuplead\"},\"image\":{\"@id\":\"https:\/\/getuplead.com\/#\/schema\/logo\/image\/\"}}]}<\/script>\n<!-- \/ Yoast SEO plugin. -->","yoast_head_json":{"title":"R\u00e9ussir vos campagnes LinkedIn Ads \u00e0 l'international","robots":{"index":"index","follow":"follow","max-snippet":"max-snippet:-1","max-image-preview":"max-image-preview:large","max-video-preview":"max-video-preview:-1"},"canonical":"https:\/\/getuplead.com\/linkedin-advertising-agency\/international\/","og_locale":"fr_FR","og_type":"article","og_title":"R\u00e9ussir vos campagnes LinkedIn Ads \u00e0 l'international","og_description":"With over 750M active professionals are on LinkedIn, their advertising platform is a great way to reach new customers online and grow your business in your local market. But what if you want to reach global markets, and widen your pool of potential clients? In this article, you\u2019ll find our best tips to optimize your [&hellip;]","og_url":"https:\/\/getuplead.com\/linkedin-advertising-agency\/international\/","og_site_name":"SaaS PPC Agency | Getuplead","article_modified_time":"2024-06-30T17:56:03+00:00","og_image":[{"url":"https:\/\/getuplead.com\/wp-content\/uploads\/Screenshot_2022-05-15_at_15_34_00.png","type":"","width":"","height":""}],"twitter_card":"summary_large_image","twitter_misc":{"Dur\u00e9e de lecture estim\u00e9e":"6 minutes"},"schema":{"@context":"https:\/\/schema.org","@graph":[{"@type":"WebPage","@id":"https:\/\/getuplead.com\/linkedin-advertising-agency\/international\/","url":"https:\/\/getuplead.com\/linkedin-advertising-agency\/international\/","name":"R\u00e9ussir vos campagnes LinkedIn Ads \u00e0 l'international","isPartOf":{"@id":"https:\/\/getuplead.com\/#website"},"primaryImageOfPage":{"@id":"https:\/\/getuplead.com\/linkedin-advertising-agency\/international\/#primaryimage"},"image":{"@id":"https:\/\/getuplead.com\/linkedin-advertising-agency\/international\/#primaryimage"},"thumbnailUrl":"https:\/\/getuplead.com\/wp-content\/uploads\/Screenshot_2022-05-15_at_15_34_00.png","datePublished":"2024-05-08T11:20:23+00:00","dateModified":"2024-06-30T17:56:03+00:00","breadcrumb":{"@id":"https:\/\/getuplead.com\/linkedin-advertising-agency\/international\/#breadcrumb"},"inLanguage":"fr-FR","potentialAction":[{"@type":"ReadAction","target":["https:\/\/getuplead.com\/linkedin-advertising-agency\/international\/"]}]},{"@type":"ImageObject","inLanguage":"fr-FR","@id":"https:\/\/getuplead.com\/linkedin-advertising-agency\/international\/#primaryimage","url":"https:\/\/getuplead.com\/wp-content\/uploads\/Screenshot_2022-05-15_at_15_34_00.png","contentUrl":"https:\/\/getuplead.com\/wp-content\/uploads\/Screenshot_2022-05-15_at_15_34_00.png"},{"@type":"BreadcrumbList","@id":"https:\/\/getuplead.com\/linkedin-advertising-agency\/international\/#breadcrumb","itemListElement":[{"@type":"ListItem","position":1,"name":"Home","item":"https:\/\/getuplead.com\/fr\/getuplead\/"},{"@type":"ListItem","position":2,"name":"L&#8217;Agence LinkedIn Ads pour entreprises B2B SaaS et Tech","item":"https:\/\/getuplead.com\/linkedin-advertising-agency\/"},{"@type":"ListItem","position":3,"name":"R\u00e9ussir vos campagnes LinkedIn Ads \u00e0 l&rsquo;international"}]},{"@type":"WebSite","@id":"https:\/\/getuplead.com\/#website","url":"https:\/\/getuplead.com\/","name":"SaaS PPC Agency | Getuplead","description":"","publisher":{"@id":"https:\/\/getuplead.com\/#organization"},"potentialAction":[{"@type":"SearchAction","target":{"@type":"EntryPoint","urlTemplate":"https:\/\/getuplead.com\/?s={search_term_string}"},"query-input":{"@type":"PropertyValueSpecification","valueRequired":true,"valueName":"search_term_string"}}],"inLanguage":"fr-FR"},{"@type":"Organization","@id":"https:\/\/getuplead.com\/#organization","name":"Getuplead","url":"https:\/\/getuplead.com\/","logo":{"@type":"ImageObject","inLanguage":"fr-FR","@id":"https:\/\/getuplead.com\/#\/schema\/logo\/image\/","url":"https:\/\/getuplead.com\/wp-content\/uploads\/logo_getuplead.png","contentUrl":"https:\/\/getuplead.com\/wp-content\/uploads\/logo_getuplead.png","width":1021,"height":275,"caption":"Getuplead"},"image":{"@id":"https:\/\/getuplead.com\/#\/schema\/logo\/image\/"}}]}},"_links":{"self":[{"href":"https:\/\/getuplead.com\/fr\/wp-json\/wp\/v2\/pages\/2570","targetHints":{"allow":["GET"]}}],"collection":[{"href":"https:\/\/getuplead.com\/fr\/wp-json\/wp\/v2\/pages"}],"about":[{"href":"https:\/\/getuplead.com\/fr\/wp-json\/wp\/v2\/types\/page"}],"author":[{"embeddable":true,"href":"https:\/\/getuplead.com\/fr\/wp-json\/wp\/v2\/users\/4"}],"replies":[{"embeddable":true,"href":"https:\/\/getuplead.com\/fr\/wp-json\/wp\/v2\/comments?post=2570"}],"version-history":[{"count":3,"href":"https:\/\/getuplead.com\/fr\/wp-json\/wp\/v2\/pages\/2570\/revisions"}],"predecessor-version":[{"id":2589,"href":"https:\/\/getuplead.com\/fr\/wp-json\/wp\/v2\/pages\/2570\/revisions\/2589"}],"up":[{"embeddable":true,"href":"https:\/\/getuplead.com\/fr\/wp-json\/wp\/v2\/pages\/2796"}],"wp:attachment":[{"href":"https:\/\/getuplead.com\/fr\/wp-json\/wp\/v2\/media?parent=2570"}],"curies":[{"name":"wp","href":"https:\/\/api.w.org\/{rel}","templated":true}]}}