{"id":2599,"date":"2024-05-21T11:46:06","date_gmt":"2024-05-21T09:46:06","guid":{"rendered":"https:\/\/getuplead.com\/cout\/budget\/"},"modified":"2024-08-07T16:06:23","modified_gmt":"2024-08-07T14:06:23","slug":"budget","status":"publish","type":"page","link":"https:\/\/getuplead.com\/fr\/agence-linkedin-ads\/cost\/budget\/","title":{"rendered":"Comment d\u00e9finir son budget LinkedIn Ads"},"content":{"rendered":"\n<p>LinkedIn est, sans aucun doute, la plateforme la plus utile pour les organisations B2B, car c&rsquo;est actuellement le plus grand site de r\u00e9seautage professionnel en ligne, qui permet aux entreprises et aux sp\u00e9cialistes du marketing de se connecter, d&rsquo;\u00e9tablir un rapport et, esp\u00e9rons-le, de faire progresser leurs opportunit\u00e9s, d&rsquo;atteindre diverses cibles et de construire une pr\u00e9sence en ligne solide.<br\/>Mais LinkedIn n&rsquo;est pas une entit\u00e9 magique qui tire toutes les ficelles pour vous pendant que vous ou votre organisation vous asseyez et en r\u00e9coltez les b\u00e9n\u00e9fices. Vous (ou votre \u00e9quipe de marketing) devez y mettre du v\u00f4tre pour obtenir les meilleurs r\u00e9sultats. <\/p>\n\n<p>Cependant si vous \u00eates une start-up ou une PME et vous vous demandez comment maximiser vos publicit\u00e9s LinkedIn et <a href=\"https:\/\/getuplead.com\/linkedin-advertising-agency\/cost\/\" target=\"_blank\" rel=\"noreferrer noopener\">combien elles co\u00fbtent<\/a>, continuez \u00e0 lire car vous d\u00e9couvrirez dans cet article complet nos meilleures strat\u00e9gies utilis\u00e9es par notre <a href=\"https:\/\/getuplead.com\/linkedin-advertising-agency\/\" target=\"_blank\" rel=\"noreferrer noopener\">agence de publicit\u00e9 LinkedIn<\/a> pour contr\u00f4ler et maximiser votre budget.  <\/p>\n\n<p class=\"has-text-align-left banner-case-study has-text-color has-background\" style=\"color:#0071a1;background-color:#eaf4f8\"><strong>\u00c9tude de cas :<\/strong> <a href=\"https:\/\/getuplead.com\/case-studies\/security-analytics\/\" data-type=\"page\" data-id=\"297\">D\u00e9couvrez comment nous avons g\u00e9n\u00e9r\u00e9 42% de leads qualifi\u00e9s en plus avec Linkedin Ads pour un logiciel de cybers\u00e9curit\u00e9<\/a><\/p>\n\n<h2 class=\"wp-block-heading\">1 &#8211; Co\u00fbts moyens d&rsquo;une campagne LinkedIn Ads<\/h2>\n\n<p>Comme pour la plupart des choses, les publicit\u00e9s LinkedIn ne sont pas un mod\u00e8le unique, et les co\u00fbts varient et d\u00e9pendent de plusieurs facteurs. Mais en g\u00e9n\u00e9ral, les co\u00fbts moyens d&rsquo;une campagne LinkedIn Ads sont les suivants : <\/p>\n\n<ul class=\"wp-block-list\">\n<li>0,1 &#8211; 0,2 $ par vue.<\/li>\n\n\n\n<li>3 &#8211; 15 $ par clic.<\/li>\n\n\n\n<li>5 &#8211; 20 $ par 1 000 impressions.<\/li>\n\n\n\n<li>0,20 &#8211; 0,50 $ par message envoy\u00e9.<\/li>\n<\/ul>\n\n<p>Pourquoi cela varie selon les entreprises :<\/p>\n\n<ul class=\"wp-block-list\">\n<li>Pays de l&rsquo;entreprise\/de l&rsquo;audience<\/li>\n\n\n\n<li>Industrie\/secteur<\/li>\n\n\n\n<li>Niveau d&rsquo;exp\u00e9rience de l&rsquo;audience<\/li>\n<\/ul>\n\n<p>Lorsqu&rsquo;une entreprise ou un sp\u00e9cialiste du marketing cr\u00e9e une campagne LinkedIn Ads, les crit\u00e8res suivants doivent \u00eatre pris en compte pour garantir le succ\u00e8s de la campagne (en mati\u00e8re de ciblage) :<\/p>\n\n<ul class=\"wp-block-list\">\n<li>Pays et localisation<\/li>\n\n\n\n<li>Industrie<\/li>\n\n\n\n<li>Nom et taille de l&rsquo;entreprise<\/li>\n\n\n\n<li>Titre du poste, fonction et anciennet\u00e9<\/li>\n\n\n\n<li>Formation<\/li>\n<\/ul>\n\n<h2 class=\"wp-block-heading\">2 &#8211; Comment planifier votre budget marketing LinkedIn pour maximiser son succ\u00e8s<\/h2>\n\n<p>Il ne suffit pas d&rsquo;avoir un profil d&rsquo;entreprise sur LinkedIn et de publier des messages de temps en temps pour garantir votre succ\u00e8s sur cette plateforme. Cela doit \u00eatre pris en compte dans votre budget marketing mensuel\/trimestriel\/annuel, et doit \u00eatre g\u00e9r\u00e9 avec s\u00e9rieux car il s&rsquo;agit d&rsquo;<a href=\"https:\/\/business.linkedin.com\/marketing-solutions\/ads\" target=\"_blank\" rel=\"noreferrer noopener\">une campagne marketing<\/a>.  Alors, lorsque vous planifiez votre budget pour votre campagne marketing LinkedIn, voici ce qu&rsquo;il faut prendre en compte :<\/p>\n\n<h3 class=\"wp-block-heading\">2.1 &#8211; Fixez des objectifs clairs et r\u00e9alistes pour votre campagne publicitaire<\/h3>\n\n<p>Le succ\u00e8s d&rsquo;une campagne de marketing d\u00e9pend de la planification qui en est faite.<br\/>Pour r\u00e9ussir, vous devez avoir une id\u00e9e claire et r\u00e9aliste de ce que vous esp\u00e9rez obtenir gr\u00e2ce \u00e0 votre campagne. Commencez par dresser une liste et, sur cette liste, posez-vous les questions suivantes : <\/p>\n\n<ul class=\"wp-block-list\">\n<li>Que cherchez-vous \u00e0 obtenir pr\u00e9cis\u00e9ment avec votre campagne ?<\/li>\n\n\n\n<li>Souhaitez-vous am\u00e9liorer l&rsquo;image de votre marque, accro\u00eetre votre notori\u00e9t\u00e9 ou augmenter le nombre de conversions de leads ?<\/li>\n\n\n\n<li>Vous en tenez-vous au m\u00eame objectif d&rsquo;audience ou avez-vous la possibilit\u00e9 d&rsquo;\u00e9largir votre champ d&rsquo;action ?<\/li>\n\n\n\n<li>Quel est mon budget marketing ? Et quelle part de ce budget peut \u00eatre consacr\u00e9e \u00e0 la cr\u00e9ation de contenu pour LinkedIn (tenez compte du montant que vous souhaitez consacrer \u00e0 la promotion de vos annonces ainsi qu&rsquo;\u00e0 la cr\u00e9ation du contenu). <br\/><br\/>Si vous ne savez pas exactement ce que vous esp\u00e9rez obtenir avec une campagne LinkedIn, rappelez-vous les principaux objectifs de la plateforme : g\u00e9n\u00e9ration de prospects, notori\u00e9t\u00e9 de la marque, pr\u00e9sence en ligne et r\u00e9seautage.<br\/>Lorsque vous planifiez vos objectifs, ils doivent toujours \u00eatre r\u00e9alistes, mais avec un soup\u00e7on de d\u00e9fi.\nCela vous aidera \u00e9galement \u00e0 d\u00e9terminer votre budget marketing. <\/li>\n<\/ul>\n\n<h3 class=\"wp-block-heading\">2.2 &#8211; Utiliser des indicateurs cl\u00e9s de performance (KPI) pour mesurer le succ\u00e8s<\/h3>\n\n<p>Encore une fois, cela nous ram\u00e8ne \u00e0 l&rsquo;importance de la planification.\nL&rsquo;utilisation d&rsquo;indicateurs de performance cl\u00e9s pour mesurer le succ\u00e8s est essentielle pour savoir exactement ce qui fonctionne et ce qui ne fonctionne pas.\nEt l&rsquo;avantage des plateformes de m\u00e9dias sociaux est qu&rsquo;elles permettent aux entreprises de le faire facilement.<br\/>En tant qu&rsquo;entreprise B2B, les indicateurs sont votre meilleur ami car ils vous fournissent des donn\u00e9es pr\u00e9cises pour les objectifs marketing non transactionnels, tels que l&rsquo;augmentation de la reconnaissance de la marque et l&rsquo;augmentation du trafic vers votre site web.\nC&rsquo;est imp\u00e9ratif pour planifier votre prochaine campagne de marketing, car cela vous \u00e9vitera de vous lancer \u00e0 l&rsquo;aveuglette et de lib\u00e9rer de l&rsquo;argent et des outils dans la campagne qui pourraient ne pas \u00eatre les meilleures solutions.<br\/>Lorsque vous utilisez LinkedIn sp\u00e9cifiquement pour une campagne, voici quelques-uns des indicateurs de performance et des indicateurs cl\u00e9s de performance qui ont fait leurs preuves :   <\/p>\n\n<ul class=\"wp-block-list\">\n<li>Port\u00e9e et impression &#8211; ces statistiques vous indiquent le nombre de personnes qui ont regard\u00e9 vos publicit\u00e9s payantes et votre contenu sponsoris\u00e9.<\/li>\n\n\n\n<li>Taux d&rsquo;engagement &#8211; cela vous indiquera quel contenu a incit\u00e9 les utilisateurs \u00e0 interagir.<\/li>\n\n\n\n<li>D\u00e9mographie et donn\u00e9es de l&rsquo;audience (telles que le secteur d&rsquo;activit\u00e9, la taille de l&rsquo;entreprise, les titres de poste et les comp\u00e9tences, etc.) Cela vous permettra de voir si votre contenu atteint votre audience cible ou non. <\/li>\n\n\n\n<li>Nombre d&rsquo;abonn\u00e9s &#8211; ces donn\u00e9es indiquent le succ\u00e8s de votre campagne, en particulier si l&rsquo;objectif est d&rsquo;am\u00e9liorer votre pr\u00e9sence en ligne. Comparez les chiffres avant, pendant et apr\u00e8s la campagne, cela vous permettra de savoir si votre marketing a \u00e9t\u00e9 un succ\u00e8s et si les annonces payantes garantiront un retour sur investissement. <\/li>\n<\/ul>\n\n<h3 class=\"wp-block-heading\">2.3 &#8211; Pensez aux ench\u00e8res<\/h3>\n\n<p>LinkedIn propose une fonction d&rsquo;ench\u00e8re d&rsquo;audience qui vous permet de faire une offre (comme une vente aux ench\u00e8res) pour une audience cible. Vous faites votre ench\u00e8re et LinkedIn choisit le \u00ab\u00a0gagnant\u00a0\u00bb en fonction de l&rsquo;ench\u00e8re la plus \u00e9lev\u00e9e et des performances pass\u00e9es de l&rsquo;annonce (si vous les avez). Il y a deux types d&rsquo;ench\u00e8res :  <\/p>\n\n<ul class=\"wp-block-list\">\n<li>L&rsquo;ench\u00e8re automatis\u00e9e &#8211; elle garantit le meilleur rendement pour votre budget.<\/li>\n\n\n\n<li>L&rsquo;ench\u00e8re \u00e0 co\u00fbt maximum &#8211; elle vous permet de mieux contr\u00f4ler votre budget, car vous pouvez choisir le montant que vous d\u00e9pensez.<\/li>\n<\/ul>\n\n<figure class=\"wp-block-image size-full\"><img fetchpriority=\"high\" decoding=\"async\" width=\"692\" height=\"317\" src=\"https:\/\/getuplead.com\/wp-content\/uploads\/Screenshot-2022-04-23-at-15.44.35-3.png\" alt=\"Ench&#xE8;res LinkedIn Ads\" class=\"wp-image-976\"\/><\/figure>\n\n<h3 class=\"wp-block-heading\">2.4 &#8211; Analysez vos donn\u00e9es<\/h3>\n\n<p>Avant de planifier, \u00e9valuez votre budget marketing de mani\u00e8re r\u00e9aliste. Cela vaut \u00e9galement pour la partie LinkedIn de votre campagne. Comme nous l&rsquo;avons mentionn\u00e9 pr\u00e9c\u00e9demment, les annonces LinkedIn ne sont pas g\u00e9n\u00e9riques &#8211; et il en existe plus d&rsquo;un type. Les voici :   <\/p>\n\n<ul class=\"wp-block-list\">\n<li>CPC (co\u00fbt par clic) &#8211; Ces annonces sont id\u00e9ales pour le contenu sponsoris\u00e9 et les annonces textuelles dans le but d&rsquo;augmenter l&rsquo;engagement des utilisateurs.<\/li>\n\n\n\n<li>CPM (co\u00fbt par impression) &#8211; Ce type de publicit\u00e9 est id\u00e9al si l&rsquo;augmentation de la visibilit\u00e9 de la marque est l&rsquo;une de vos priorit\u00e9s.<\/li>\n\n\n\n<li>CPS (co\u00fbt par envoi) &#8211; Il s&rsquo;agit de messages InMail sponsoris\u00e9s qui visent \u00e0 stimuler la g\u00e9n\u00e9ration de leads.<\/li>\n<\/ul>\n\n<p>Un bon conseil est de d\u00e9terminer la dur\u00e9e de votre campagne LinkedIn Ads, et de fixer un budget journalier pour les annonces que vous utilisez (il est probable que vous ayez besoin d&rsquo;utiliser plus d&rsquo;un type d&rsquo;annonces).<\/p>\n\n<p>Si c&rsquo;est la premi\u00e8re fois que vous utilisez des annonces payantes LinkedIn, il se peut que vous deviez proc\u00e9der par essais et erreurs. Apr\u00e8s quelques semaines, vous serez en mesure de voir quelles annonces fonctionnent le mieux et d&rsquo;apporter les modifications n\u00e9cessaires \u00e0 celles qui ne fonctionnent pas.<\/p>\n\n<p><strong>CONSEILS DE PRO :<\/strong><\/p>\n\n<ul class=\"wp-block-list\">\n<li>Gardez un \u0153il sur votre budget journalier et v\u00e9rifiez si les publicit\u00e9s le d\u00e9passent.<\/li>\n\n\n\n<li>Si vos statistiques sugg\u00e8rent que votre port\u00e9e et vos impressions sont faibles, vous devrez peut-\u00eatre augmenter votre budget journalier (si vous le pouvez) &#8211; vous pourrez toujours r\u00e9duire les d\u00e9penses plus tard, une fois que le succ\u00e8s de la campagne se confirmera.<\/li>\n\n\n\n<li>Si le budget journalier de vos annonces s&rsquo;\u00e9puise trop rapidement, r\u00e9duisez-le.<\/li>\n\n\n\n<li>S&rsquo;il vous reste beaucoup de budget, envisagez d&rsquo;\u00eatre plus ambitieux\/comp\u00e9titif avec vos ench\u00e8res.<\/li>\n<\/ul>\n\n<p>Quoi qu&rsquo;il en soit, surveillez toujours vos d\u00e9penses !<\/p>\n\n<h3 class=\"wp-block-heading\">2.5 &#8211; Soyez pr\u00eat \u00e0 y consacrer du temps<\/h3>\n\n<p>Une fois que vous avez cr\u00e9\u00e9 votre excellent contenu et que vous avez programm\u00e9 sa diffusion aux heures de pointe, vous ne pouvez pas le n\u00e9gliger. Vous devez le surveiller en permanence pour vous assurer qu&rsquo;il fonctionne comme il se doit et que le temps et l&rsquo;argent que vous y avez consacr\u00e9s ne soient pas gaspill\u00e9s. Vous vous en souviendrez lorsqu&rsquo;il s&rsquo;agira de planifier votre prochaine campagne marketing et votre prochain budget.  <\/p>\n\n<p><br\/>Ne vous d\u00e9couragez pas si vous ne r\u00e9ussissez pas du premier coup. Parfois, certaines choses ont besoin d&rsquo;un peu d&rsquo;attention avant de devenir les machines bien r\u00f4d\u00e9es qu&rsquo;elles sont cens\u00e9es \u00eatre ! <\/p>\n\n<p class=\"has-text-align-left banner-case-study has-text-color has-background\" style=\"color:#0071a1;background-color:#eaf4f8\"><strong>\u00c9tude de cas :<\/strong> <a href=\"https:\/\/getuplead.com\/fr\/cas-clients\/kodo\/\" data-type=\"page\" data-id=\"339\">D\u00e9couvrez comment nous avons g\u00e9n\u00e9r\u00e9s 167 % de prospects en plus avec LinkedIn Ads pour Kodo Survey<\/a><\/p>\n\n<h2 class=\"wp-block-heading\">Conclusion<\/h2>\n\n<p>LinkedIn peut donc \u00eatre un outil extr\u00eamement b\u00e9n\u00e9fique, en particulier pour les entreprises B2B. Il vous permet d&rsquo;\u00e9tablir votre pr\u00e9sence en ligne, de vous connecter avec d&rsquo;autres acteurs cl\u00e9s de votre secteur, de cr\u00e9er du contenu dans le but de d\u00e9montrer les services\/produits offerts par votre entreprise, et de rechercher des talents potentiels \u00e0 ajouter \u00e0 votre \u00e9quipe. <\/p>\n\n<p>L&rsquo;avantage de LinkedIn r\u00e9side dans le fait que la cr\u00e9ation d&rsquo;un profil de base est gratuite, mais pour b\u00e9n\u00e9ficier d&rsquo;avantages plus avanc\u00e9s, vous devez payer un abonnement premium.<\/p>\n\n<p>La cr\u00e9ation d&rsquo;annonces payantes est un excellent moyen de contr\u00f4ler quand et qui voit votre contenu, et les indicateurs de LinkedIn vous permettent de suivre quotidiennement le succ\u00e8s de vos campagnes, ainsi que le montant de vos d\u00e9penses. Ces donn\u00e9es sont tr\u00e8s utiles pour planifier les campagnes marketing et les budgets futurs. Vous pouvez \u00e9galement rep\u00e9rer les domaines dans lesquels la campagne n&rsquo;est pas aussi performante que vous le souhaiteriez, et proc\u00e9der aux ajustements n\u00e9cessaires ou modifier votre budget si besoin est.  <\/p>\n\n<p>Vous pouvez \u00e9galement connecter le profil LinkedIn de votre business \u00e0 votre CRM pour plus d&rsquo;autonomie.<\/p>\n\n<p>LinkedIn est utile pour toutes les entreprises B2B, mais il faut savoir que les r\u00e9sultats sont \u00e0 la hauteur des efforts consentis. Il faut l&rsquo;entretenir comme un potager. Et vous devez maintenir une pr\u00e9sence r\u00e9guli\u00e8re sur LinkedIn afin d&rsquo;en r\u00e9colter tous les fruits.  <\/p>\n\n<p>En effectuant quelques recherches sur les heures de pointe des publications sur LinkedIn, ainsi que sur le contenu tendance et les mots-cl\u00e9s ou hashtags pertinents, vous cr\u00e9erez un contenu exemplaire qui pulv\u00e9risera tous les objectifs de votre entreprise et garantira un retour sur investissement.<\/p>\n\n<p><em><strong><em>Si vous souhaitez en savoir plus sur la fa\u00e7on dont nous aidons les entreprises B2B SaaS et Tech \u00e0 augmenter leur MRR gr\u00e2ce \u00e0 la publicit\u00e9 sur LinkedIn, n&rsquo;h\u00e9sitez pas \u00e0 nous <a href=\"https:\/\/getuplead.com\/contact\/\" target=\"_blank\" rel=\"noreferrer noopener\">contacter en ligne<\/a> ou \u00e0 nous envoyer un e-mail d\u00e8s aujourd&rsquo;hui \u00e0 <a href=\"mailto:info@getuplead.com\" target=\"_blank\" rel=\"noreferrer noopener\">info@getuplead.com<\/a>. Un membre de notre \u00e9quipe vous r\u00e9pondra<\/em><\/strong><\/em><\/p>\n\n<p><strong>Par ailleurs, vous pourriez \u00e9galement \u00eatre int\u00e9ress\u00e9 par :<\/strong><\/p>\n\n<ul class=\"wp-block-list\">\n<li><a href=\"https:\/\/getuplead.com\/linkedin-advertising-agency\/cost\/billing\/\">Comment les publicit\u00e9s LinkedIn sont-elles factur\u00e9es<\/a><\/li>\n<\/ul>\n","protected":false},"excerpt":{"rendered":"<p>LinkedIn est, sans aucun doute, la plateforme la plus utile pour les organisations B2B, car c&rsquo;est actuellement le plus grand site de r\u00e9seautage professionnel en ligne, qui permet aux entreprises et aux sp\u00e9cialistes du marketing de se connecter, d&rsquo;\u00e9tablir un rapport et, esp\u00e9rons-le, de faire progresser leurs opportunit\u00e9s, d&rsquo;atteindre diverses cibles et de construire une [&hellip;]<\/p>\n","protected":false},"author":4,"featured_media":0,"parent":2583,"menu_order":0,"comment_status":"closed","ping_status":"closed","template":"","meta":{"footnotes":""},"class_list":["post-2599","page","type-page","status-publish","hentry"],"yoast_head":"<!-- This site is optimized with the Yoast SEO plugin v25.7 - https:\/\/yoast.com\/wordpress\/plugins\/seo\/ -->\n<title>Comment d\u00e9finir son budget LinkedIn Ads<\/title>\n<meta name=\"robots\" content=\"index, follow, max-snippet:-1, max-image-preview:large, max-video-preview:-1\" \/>\n<link rel=\"canonical\" href=\"https:\/\/getuplead.com\/fr\/agence-linkedin-ads\/cost\/budget\/\" \/>\n<meta property=\"og:locale\" content=\"fr_FR\" \/>\n<meta property=\"og:type\" content=\"article\" \/>\n<meta property=\"og:title\" content=\"Comment d\u00e9finir son budget LinkedIn Ads\" \/>\n<meta property=\"og:description\" content=\"LinkedIn est, sans aucun doute, la plateforme la plus utile pour les organisations B2B, car c&rsquo;est actuellement le plus grand site de r\u00e9seautage professionnel en ligne, qui permet aux entreprises et aux sp\u00e9cialistes du marketing de se connecter, d&rsquo;\u00e9tablir un rapport et, esp\u00e9rons-le, de faire progresser leurs opportunit\u00e9s, d&rsquo;atteindre diverses cibles et de construire une [&hellip;]\" \/>\n<meta property=\"og:url\" content=\"https:\/\/getuplead.com\/fr\/agence-linkedin-ads\/cost\/budget\/\" \/>\n<meta property=\"og:site_name\" content=\"SaaS PPC Agency | Getuplead\" \/>\n<meta property=\"article:modified_time\" content=\"2024-08-07T14:06:23+00:00\" \/>\n<meta property=\"og:image\" content=\"https:\/\/getuplead.com\/wp-content\/uploads\/Screenshot-2022-04-23-at-15.44.35-3.png\" \/>\n<meta name=\"twitter:card\" content=\"summary_large_image\" \/>\n<meta name=\"twitter:label1\" content=\"Dur\u00e9e de lecture estim\u00e9e\" \/>\n\t<meta name=\"twitter:data1\" content=\"9 minutes\" \/>\n<script type=\"application\/ld+json\" class=\"yoast-schema-graph\">{\"@context\":\"https:\/\/schema.org\",\"@graph\":[{\"@type\":\"WebPage\",\"@id\":\"https:\/\/getuplead.com\/fr\/agence-linkedin-ads\/cost\/budget\/\",\"url\":\"https:\/\/getuplead.com\/fr\/agence-linkedin-ads\/cost\/budget\/\",\"name\":\"Comment d\u00e9finir son budget LinkedIn Ads\",\"isPartOf\":{\"@id\":\"https:\/\/getuplead.com\/#website\"},\"primaryImageOfPage\":{\"@id\":\"https:\/\/getuplead.com\/fr\/agence-linkedin-ads\/cost\/budget\/#primaryimage\"},\"image\":{\"@id\":\"https:\/\/getuplead.com\/fr\/agence-linkedin-ads\/cost\/budget\/#primaryimage\"},\"thumbnailUrl\":\"https:\/\/getuplead.com\/wp-content\/uploads\/Screenshot-2022-04-23-at-15.44.35-3.png\",\"datePublished\":\"2024-05-21T09:46:06+00:00\",\"dateModified\":\"2024-08-07T14:06:23+00:00\",\"breadcrumb\":{\"@id\":\"https:\/\/getuplead.com\/fr\/agence-linkedin-ads\/cost\/budget\/#breadcrumb\"},\"inLanguage\":\"fr-FR\",\"potentialAction\":[{\"@type\":\"ReadAction\",\"target\":[\"https:\/\/getuplead.com\/fr\/agence-linkedin-ads\/cost\/budget\/\"]}]},{\"@type\":\"ImageObject\",\"inLanguage\":\"fr-FR\",\"@id\":\"https:\/\/getuplead.com\/fr\/agence-linkedin-ads\/cost\/budget\/#primaryimage\",\"url\":\"https:\/\/getuplead.com\/wp-content\/uploads\/Screenshot-2022-04-23-at-15.44.35-3.png\",\"contentUrl\":\"https:\/\/getuplead.com\/wp-content\/uploads\/Screenshot-2022-04-23-at-15.44.35-3.png\"},{\"@type\":\"BreadcrumbList\",\"@id\":\"https:\/\/getuplead.com\/fr\/agence-linkedin-ads\/cost\/budget\/#breadcrumb\",\"itemListElement\":[{\"@type\":\"ListItem\",\"position\":1,\"name\":\"Home\",\"item\":\"https:\/\/getuplead.com\/fr\/getuplead\/\"},{\"@type\":\"ListItem\",\"position\":2,\"name\":\"L&#8217;Agence LinkedIn Ads pour entreprises B2B SaaS et Tech\",\"item\":\"https:\/\/getuplead.com\/linkedin-advertising-agency\/\"},{\"@type\":\"ListItem\",\"position\":3,\"name\":\"Combien co\u00fbtent les publicit\u00e9s LinkedIn en 2025 ? [+ Conseils pour contr\u00f4ler les co\u00fbts]\",\"item\":\"https:\/\/getuplead.com\/fr\/agence-linkedin-ads\/cost\/\"},{\"@type\":\"ListItem\",\"position\":4,\"name\":\"Comment d\u00e9finir son budget LinkedIn Ads\"}]},{\"@type\":\"WebSite\",\"@id\":\"https:\/\/getuplead.com\/#website\",\"url\":\"https:\/\/getuplead.com\/\",\"name\":\"SaaS PPC Agency | Getuplead\",\"description\":\"\",\"publisher\":{\"@id\":\"https:\/\/getuplead.com\/#organization\"},\"potentialAction\":[{\"@type\":\"SearchAction\",\"target\":{\"@type\":\"EntryPoint\",\"urlTemplate\":\"https:\/\/getuplead.com\/?s={search_term_string}\"},\"query-input\":{\"@type\":\"PropertyValueSpecification\",\"valueRequired\":true,\"valueName\":\"search_term_string\"}}],\"inLanguage\":\"fr-FR\"},{\"@type\":\"Organization\",\"@id\":\"https:\/\/getuplead.com\/#organization\",\"name\":\"Getuplead\",\"url\":\"https:\/\/getuplead.com\/\",\"logo\":{\"@type\":\"ImageObject\",\"inLanguage\":\"fr-FR\",\"@id\":\"https:\/\/getuplead.com\/#\/schema\/logo\/image\/\",\"url\":\"https:\/\/getuplead.com\/wp-content\/uploads\/logo_getuplead.png\",\"contentUrl\":\"https:\/\/getuplead.com\/wp-content\/uploads\/logo_getuplead.png\",\"width\":1021,\"height\":275,\"caption\":\"Getuplead\"},\"image\":{\"@id\":\"https:\/\/getuplead.com\/#\/schema\/logo\/image\/\"}}]}<\/script>\n<!-- \/ Yoast SEO plugin. -->","yoast_head_json":{"title":"Comment d\u00e9finir son budget LinkedIn Ads","robots":{"index":"index","follow":"follow","max-snippet":"max-snippet:-1","max-image-preview":"max-image-preview:large","max-video-preview":"max-video-preview:-1"},"canonical":"https:\/\/getuplead.com\/fr\/agence-linkedin-ads\/cost\/budget\/","og_locale":"fr_FR","og_type":"article","og_title":"Comment d\u00e9finir son budget LinkedIn Ads","og_description":"LinkedIn est, sans aucun doute, la plateforme la plus utile pour les organisations B2B, car c&rsquo;est actuellement le plus grand site de r\u00e9seautage professionnel en ligne, qui permet aux entreprises et aux sp\u00e9cialistes du marketing de se connecter, d&rsquo;\u00e9tablir un rapport et, esp\u00e9rons-le, de faire progresser leurs opportunit\u00e9s, d&rsquo;atteindre diverses cibles et de construire une [&hellip;]","og_url":"https:\/\/getuplead.com\/fr\/agence-linkedin-ads\/cost\/budget\/","og_site_name":"SaaS PPC Agency | Getuplead","article_modified_time":"2024-08-07T14:06:23+00:00","og_image":[{"url":"https:\/\/getuplead.com\/wp-content\/uploads\/Screenshot-2022-04-23-at-15.44.35-3.png","type":"","width":"","height":""}],"twitter_card":"summary_large_image","twitter_misc":{"Dur\u00e9e de lecture estim\u00e9e":"9 minutes"},"schema":{"@context":"https:\/\/schema.org","@graph":[{"@type":"WebPage","@id":"https:\/\/getuplead.com\/fr\/agence-linkedin-ads\/cost\/budget\/","url":"https:\/\/getuplead.com\/fr\/agence-linkedin-ads\/cost\/budget\/","name":"Comment d\u00e9finir son budget LinkedIn Ads","isPartOf":{"@id":"https:\/\/getuplead.com\/#website"},"primaryImageOfPage":{"@id":"https:\/\/getuplead.com\/fr\/agence-linkedin-ads\/cost\/budget\/#primaryimage"},"image":{"@id":"https:\/\/getuplead.com\/fr\/agence-linkedin-ads\/cost\/budget\/#primaryimage"},"thumbnailUrl":"https:\/\/getuplead.com\/wp-content\/uploads\/Screenshot-2022-04-23-at-15.44.35-3.png","datePublished":"2024-05-21T09:46:06+00:00","dateModified":"2024-08-07T14:06:23+00:00","breadcrumb":{"@id":"https:\/\/getuplead.com\/fr\/agence-linkedin-ads\/cost\/budget\/#breadcrumb"},"inLanguage":"fr-FR","potentialAction":[{"@type":"ReadAction","target":["https:\/\/getuplead.com\/fr\/agence-linkedin-ads\/cost\/budget\/"]}]},{"@type":"ImageObject","inLanguage":"fr-FR","@id":"https:\/\/getuplead.com\/fr\/agence-linkedin-ads\/cost\/budget\/#primaryimage","url":"https:\/\/getuplead.com\/wp-content\/uploads\/Screenshot-2022-04-23-at-15.44.35-3.png","contentUrl":"https:\/\/getuplead.com\/wp-content\/uploads\/Screenshot-2022-04-23-at-15.44.35-3.png"},{"@type":"BreadcrumbList","@id":"https:\/\/getuplead.com\/fr\/agence-linkedin-ads\/cost\/budget\/#breadcrumb","itemListElement":[{"@type":"ListItem","position":1,"name":"Home","item":"https:\/\/getuplead.com\/fr\/getuplead\/"},{"@type":"ListItem","position":2,"name":"L&#8217;Agence LinkedIn Ads pour entreprises B2B SaaS et Tech","item":"https:\/\/getuplead.com\/linkedin-advertising-agency\/"},{"@type":"ListItem","position":3,"name":"Combien co\u00fbtent les publicit\u00e9s LinkedIn en 2025 ? [+ Conseils pour contr\u00f4ler les co\u00fbts]","item":"https:\/\/getuplead.com\/fr\/agence-linkedin-ads\/cost\/"},{"@type":"ListItem","position":4,"name":"Comment d\u00e9finir son budget LinkedIn Ads"}]},{"@type":"WebSite","@id":"https:\/\/getuplead.com\/#website","url":"https:\/\/getuplead.com\/","name":"SaaS PPC Agency | Getuplead","description":"","publisher":{"@id":"https:\/\/getuplead.com\/#organization"},"potentialAction":[{"@type":"SearchAction","target":{"@type":"EntryPoint","urlTemplate":"https:\/\/getuplead.com\/?s={search_term_string}"},"query-input":{"@type":"PropertyValueSpecification","valueRequired":true,"valueName":"search_term_string"}}],"inLanguage":"fr-FR"},{"@type":"Organization","@id":"https:\/\/getuplead.com\/#organization","name":"Getuplead","url":"https:\/\/getuplead.com\/","logo":{"@type":"ImageObject","inLanguage":"fr-FR","@id":"https:\/\/getuplead.com\/#\/schema\/logo\/image\/","url":"https:\/\/getuplead.com\/wp-content\/uploads\/logo_getuplead.png","contentUrl":"https:\/\/getuplead.com\/wp-content\/uploads\/logo_getuplead.png","width":1021,"height":275,"caption":"Getuplead"},"image":{"@id":"https:\/\/getuplead.com\/#\/schema\/logo\/image\/"}}]}},"_links":{"self":[{"href":"https:\/\/getuplead.com\/fr\/wp-json\/wp\/v2\/pages\/2599","targetHints":{"allow":["GET"]}}],"collection":[{"href":"https:\/\/getuplead.com\/fr\/wp-json\/wp\/v2\/pages"}],"about":[{"href":"https:\/\/getuplead.com\/fr\/wp-json\/wp\/v2\/types\/page"}],"author":[{"embeddable":true,"href":"https:\/\/getuplead.com\/fr\/wp-json\/wp\/v2\/users\/4"}],"replies":[{"embeddable":true,"href":"https:\/\/getuplead.com\/fr\/wp-json\/wp\/v2\/comments?post=2599"}],"version-history":[{"count":2,"href":"https:\/\/getuplead.com\/fr\/wp-json\/wp\/v2\/pages\/2599\/revisions"}],"predecessor-version":[{"id":3917,"href":"https:\/\/getuplead.com\/fr\/wp-json\/wp\/v2\/pages\/2599\/revisions\/3917"}],"up":[{"embeddable":true,"href":"https:\/\/getuplead.com\/fr\/wp-json\/wp\/v2\/pages\/2583"}],"wp:attachment":[{"href":"https:\/\/getuplead.com\/fr\/wp-json\/wp\/v2\/media?parent=2599"}],"curies":[{"name":"wp","href":"https:\/\/api.w.org\/{rel}","templated":true}]}}