{"id":2683,"date":"2024-05-08T13:23:59","date_gmt":"2024-05-08T11:23:59","guid":{"rendered":"https:\/\/getuplead.com\/webinaires\/"},"modified":"2024-06-30T19:56:03","modified_gmt":"2024-06-30T17:56:03","slug":"webinaires","status":"publish","type":"page","link":"https:\/\/getuplead.com\/fr\/agence-linkedin-ads\/webinaires\/","title":{"rendered":"Comment promouvoir un webinaire sur LinkedIn : Guide facile"},"content":{"rendered":"\n<p>Que vous travailliez ou non avec une <a href=\"https:\/\/getuplead.com\/linkedin-advertising-agency\/\">agence LinkedIn Ads<\/a>, vous pouvez utiliser la plateforme pour faire la publicit\u00e9 de votre marque.<\/p>\n\n<p>Si vous envisagez de cr\u00e9er un webinaire pour atteindre une audience importante, LinkedIn peut vous aider \u00e0 cr\u00e9er la meilleure publicit\u00e9 (et l&rsquo;audience) pour le commercialiser.<\/p>\n\n<p>Entrons dans le vif du sujet.<\/p>\n\n<h2 class=\"wp-block-heading\"><strong>1 &#8211; Pourquoi utiliser les webinaires ?<\/strong><\/h2>\n\n<p>Les webinaires peuvent sembler un peu d\u00e9suets, mais en r\u00e9alit\u00e9, ils constituent un outil essentiel de votre marketing.<\/p>\n\n<p>Les webinaires remontent aux ann\u00e9es 1990, mais ils repr\u00e9sentent toujours une strat\u00e9gie marketing importante et efficace pour informer et engager une audience. Gr\u00e2ce aux progr\u00e8s technologiques r\u00e9alis\u00e9s au cours des vingt derni\u00e8res ann\u00e9es, ils ont beaucoup \u00e9volu\u00e9 en termes de cr\u00e9ativit\u00e9, d&rsquo;interaction et d&rsquo;immersion.<\/p>\n\n<p>Vous ne nous croyez pas ? Voici quelques statistiques : Plus de la moiti\u00e9 (52 %) des webinaires actuels rassemblent plus de 100 participants, et environ 24 % des webinaires rassemblent plus de 500 participants. <\/p>\n\n<p>Les webinaires sont donc bel et bien utiles et, si vous \u00eates un sp\u00e9cialiste du marketing B2B, vous devriez envisager de les adopter. Une fois que vous l&rsquo;aurez fait, voici comment en faire la promotion. <\/p>\n\n<p class=\"has-text-align-left banner-case-study has-text-color has-background\" style=\"color:#0071a1;background-color:#eaf4f8\"><strong>\u00c9tude de cas :<\/strong> <a href=\"https:\/\/getuplead.com\/case-studies\/security-analytics\/\" data-type=\"page\" data-id=\"297\">D\u00e9couvrez comment nous avons g\u00e9n\u00e9r\u00e9 42% de leads qualifi\u00e9s en plus avec Linkedin Ads pour un logiciel de cybers\u00e9curit\u00e9<\/a><\/p>\n\n<h2 class=\"wp-block-heading\"><strong>2 &#8211; Promouvoir votre webinaire sur LinkedIn<\/strong><\/h2>\n\n<p>Alors, vous voulez lancer votre webinaire, \u00e9blouir votre audience, et obtenir un bon taux de conversion ? C&rsquo;est tr\u00e8s bien, mais vous devez d&rsquo;abord planifier votre op\u00e9ration promotionnelle. <\/p>\n\n<p>Voici comment proc\u00e9der en trois \u00e9tapes simples :<\/p>\n\n<h3 class=\"wp-block-heading\"><strong>1 &#8211; Assurez-vous que votre contenu et votre format soient adapt\u00e9s \u00e0 l&rsquo;audience<\/strong><\/h3>\n\n<p>Cela signifie que vous devez conna\u00eetre votre audience cible et savoir ce qui lui pla\u00eet.<\/p>\n\n<p>Avant d&rsquo;entamer le processus de cr\u00e9ation d&rsquo;un webinaire, vous devez savoir clairement qui est votre audience cible, quel est l&rsquo;objectif du webinaire et comment y apporter la touche de cr\u00e9ativit\u00e9 ad\u00e9quate. <\/p>\n\n<p>En mati\u00e8re de webinaires, il y a g\u00e9n\u00e9ralement trois approches : les conversations film\u00e9es, les diaporamas comment\u00e9s et les d\u00e9monstrations de produits.<\/p>\n\n<p>Pour choisir la bonne approche, vous devez avoir une id\u00e9e de ce que vous souhaitez r\u00e9aliser gr\u00e2ce \u00e0 votre webinaire. Le choix du moment est \u00e9galement important. Il peut \u00eatre judicieux de faire co\u00efncider la date de votre webinaire avec d&rsquo;autres activit\u00e9s pertinentes, telles que le lancement d&rsquo;un produit ou d&rsquo;un service. M\u00eame s&rsquo;ils ne doivent pas tous \u00eatre programm\u00e9s le m\u00eame jour, le fait de les faire co\u00efncider peut faciliter le parcours de l&rsquo;acheteur.   <\/p>\n\n<p>Par ailleurs, votre webinaire ne doit pas \u00eatre le seul \u00e9l\u00e9ment de votre strat\u00e9gie, mais en constituer une partie, et il ne faut donc pas n\u00e9gliger les autres strat\u00e9gies marketing.<\/p>\n\n<h3 class=\"wp-block-heading\"><strong>2 &#8211; Identifiez votre audience<\/strong><\/h3>\n\n<p>Cette \u00e9tape est cruciale. <\/p>\n\n<p>Vous ne souhaitez commercialiser votre webinaire qu&rsquo;aupr\u00e8s des personnes dont vous savez qu&rsquo;elles en tireraient profit &#8211; faites donc vos recherches en cons\u00e9quence. C&rsquo;est \u00e0 ce moment-l\u00e0 qu&rsquo;il faut se connecter \u00e0 LinkedIn.  <\/p>\n\n<p>L&rsquo;utilisation de cette plateforme vous permettra de cibler pr\u00e9cis\u00e9ment le groupe d\u00e9mographique que vous souhaitez attirer, sur la base des donn\u00e9es collect\u00e9es par l&rsquo;algorithme aupr\u00e8s d&rsquo;autres utilisateurs LinkedIn.<\/p>\n\n<p>Deux options s&rsquo;offrent \u00e0 vous : le account-based marketing ou le ciblage d&rsquo;audience de plus grande envergure. L&rsquo;une ou l&rsquo;autre vous permettra d&rsquo;utiliser les outils de segmentation avanc\u00e9s de la plateforme pour cibler la bonne audience. <\/p>\n\n<p>LinkedIn vous permet d&rsquo;\u00eatre sp\u00e9cifique quant \u00e0 vos objectifs et d&rsquo;effectuer des recherches via le lieu, l&rsquo;intitul\u00e9 du poste, l&rsquo;anciennet\u00e9, l&rsquo;entreprise, l&rsquo;\u00e9ducation, la taille de l&rsquo;entreprise, etc, ce qui permet d&rsquo;affiner la recherche d&rsquo;audience.<\/p>\n\n<p>Une fois que vous avez compris quels sont les atouts de votre webinaire, cela vous aidera \u00e0 construire votre audience.<\/p>\n\n<h3 class=\"wp-block-heading\"><strong>3 &#8211; Heure et lieu<\/strong><\/h3>\n\n<p>La programmation est un \u00e9l\u00e9ment important de la r\u00e9ussite d&rsquo;un webinaire, car un \u00e9l\u00e9ment fondamental de nombreux webinaires est l&rsquo;interaction, ce qui signifie que vous voudrez que votre audience soit en direct, par opposition \u00e0 ceux qui le regardent en diff\u00e9r\u00e9 par la suite.<\/p>\n\n<p>C&rsquo;est pourquoi vous devez choisir un moment o\u00f9 la majorit\u00e9 de votre audience sera disponible pour participer en direct. Une bonne suggestion est l&rsquo;heure du d\u00e9jeuner, le mercredi ou le jeudi, qui sont g\u00e9n\u00e9ralement des heures de d\u00e9jeuner plus calmes, o\u00f9 il n&rsquo;y a pas de r\u00e9unions ou de d\u00e9placements \u00e0 effectuer. <\/p>\n\n<p>Par ailleurs, les gens sont tr\u00e8s occup\u00e9s et les \u00e9v\u00e9nements peuvent \u00eatre oubli\u00e9s, c&rsquo;est pourquoi l&rsquo;ajout d&rsquo;une option \u00ab\u00a0Ajouter au calendrier\u00a0\u00bb sur votre annonce d&rsquo;\u00e9v\u00e9nement de webinaire permettra aux participants d&rsquo;\u00eatre rappel\u00e9s \u00e0 l&rsquo;avance. Et si vous utilisez LinkedIn Events pour promouvoir votre webinaire, vous pouvez pr\u00e9voir trois rappels \u00e0 votre audience, juste pour \u00eatre s\u00fbr. <\/p>\n\n<h3 class=\"wp-block-heading\"><strong>4 &#8211; Mises \u00e0 jour LinkedIn<\/strong><\/h3>\n\n<p>Les mises \u00e0 jour LinkedIn permettent aux sp\u00e9cialistes du marketing d&rsquo;exploiter le pouvoir de des images pour attirer les personnes qui ont regard\u00e9 leurs annonces sur LinkedIn, ainsi que sur d&rsquo;autres r\u00e9seaux sociaux.<\/p>\n\n<p>L&rsquo;astuce consiste \u00e0 utiliser de bonnes images en haute r\u00e9solution provenant de sites d\u00e9cents et libres de droits, tels que Canva, et \u00e0 s&rsquo;assurer qu&rsquo;elles respectent les exigences de LinkedIn en mati\u00e8re de dimensions d&rsquo;image. Veillez \u00e0 ce que vos titres et autres textes publicitaires soient clairs, concis, pr\u00e9cis et grammaticalement corrects. <\/p>\n\n<p>Lorsque vous utilisez les mises \u00e0 jour LinkedIn pour promouvoir votre webinaire, il est conseill\u00e9 de commencer \u00e0 diffuser l&rsquo;annonce environ trois semaines avant la date de l&rsquo;\u00e9v\u00e9nement, afin de donner \u00e0 l&rsquo;annonce suffisamment de temps pour circuler avec succ\u00e8s et cr\u00e9er un \u00e9lan.<\/p>\n\n<p class=\"has-text-align-left banner-case-study has-text-color has-background\" style=\"color:#0071a1;background-color:#eaf4f8\"><strong>\u00c9tude de cas :<\/strong> <a href=\"https:\/\/getuplead.com\/fr\/cas-clients\/kodo\/\" data-type=\"page\" data-id=\"339\">D\u00e9couvrez comment nous avons g\u00e9n\u00e9r\u00e9s 167 % de prospects en plus avec LinkedIn Ads pour Kodo Survey<\/a><\/p>\n\n<h3 class=\"wp-block-heading\"><strong>5 &#8211; Faites en sorte que votre annonce soit facile \u00e0 promouvoir<\/strong><\/h3>\n\n<p>Cela signifie qu&rsquo;il faut cr\u00e9er une campagne facile \u00e0 partager par les coll\u00e8gues, la famille et les amis via leurs propres pages LinkedIn et r\u00e9seaux sociaux. <\/p>\n\n<p>Si votre marque compte plusieurs membres d&rsquo;\u00e9quipe\/d\u00e9partements, encouragez chacun \u00e0 partager l&rsquo;\u00e9v\u00e9nement. Il en va de m\u00eame si vous \u00eates en contact avec des partenaires ou des influenceurs pour le webinaire. Faites en sorte que la promotion circule de part et d&rsquo;autre.  <\/p>\n\n<h3 class=\"wp-block-heading\"><strong>6 &#8211; Groupes LinkedIn<\/strong><\/h3>\n\n<p>Les utilisateurs r\u00e9guliers de LinkedIn savent que la plateforme regorge de groupes pertinents &#8211; et il ne fait aucun doute que vous faites partie d&rsquo;un ou de plusieurs d&rsquo;entre eux.<\/p>\n\n<p>Si vous avez la possibilit\u00e9 de partager votre annonce dans ces groupes, faites-le &#8211; mais ne le faites pas de mani\u00e8re abusive ! Personne n&rsquo;aime les vendeurs trop insistants ! <\/p>\n\n<h3 class=\"wp-block-heading\"><strong>7 &#8211; Contenu pertinent<\/strong><\/h3>\n\n<p>Une excellente tactique pour promouvoir un webinaire est de l&rsquo;aligner sur le partage d&rsquo;un contenu pertinent dont l&rsquo;objectif est similaire \u00e0 celui de votre webinaire (en veillant, bien s\u00fbr, \u00e0 ne pas partager le contenu de vos concurrents !)<\/p>\n\n<p>Il peut s&rsquo;agir de blogs, de vid\u00e9os et d&rsquo;infographies &#8211; tout ce qui soutient ce que votre webinaire va dire et pourquoi il est pertinent pour votre audience. <\/p>\n\n<p>Lorsque vous construisez vos annonces, il est imp\u00e9ratif de vous assurer que votre appel \u00e0 l&rsquo;action (CTA) est facile \u00e0 voir, donc facile \u00e0 cliquer pour l&rsquo;audience.<\/p>\n\n<h3 class=\"wp-block-heading\"><strong>8 &#8211; Contenu sponsoris\u00e9<\/strong><\/h3>\n\n<p>Si votre budget marketing le permet, il peut \u00eatre utile de mettre en place des contenus sponsoris\u00e9s pour promouvoir votre webinaire, car ils feront litt\u00e9ralement de la publicit\u00e9 pour votre contenu pendant que vous dormez !<\/p>\n\n<p>Cela contribuera \u00e0 stimuler la visibilit\u00e9 de votre annonce aux moments les plus pertinents pour votre audience, ce qui peut \u00eatre extr\u00eamement b\u00e9n\u00e9fique si les membres se trouvent dans des fuseaux horaires diff\u00e9rents ; ainsi que le ciblage bas\u00e9 sur d&rsquo;autres attributs, tels que les comp\u00e9tences, l&rsquo;intitul\u00e9 du poste, etc.<\/p>\n\n<h3 class=\"wp-block-heading\"><strong>9 &#8211; Annonces LinkedIn<\/strong><\/h3>\n\n<p>Les annonces LinkedIn vous permettent de promouvoir les annonces au co\u00fbt par clic (CPC) et au co\u00fbt par impression (CPM), qui fonctionnent l\u00e9g\u00e8rement diff\u00e9remment des annonces sponsoris\u00e9es, notamment en ce qui concerne la mani\u00e8re dont elles sont pr\u00e9sent\u00e9es \u00e0 l&rsquo;audience. <\/p>\n\n<p>La mise en \u0153uvre de ces m\u00e9thodes n&rsquo;est possible que si vous disposez d&rsquo;un budget marketing. <\/p>\n\n<h3 class=\"wp-block-heading\"><strong>10 &#8211; Formulaires de g\u00e9n\u00e9ration de leads<\/strong><\/h3>\n\n<p>Les formulaires de g\u00e9n\u00e9ration de leads servent \u00e0 optimiser le taux d&rsquo;inscription des utilisateurs \u00e0 votre contenu (en l&rsquo;occurrence, votre webinaire), ce qui vous fournit ensuite leurs donn\u00e9es, vous permettant de les marquer comme des membres de l&rsquo;audience potentiellement pertinents pour les campagnes en cours ou \u00e0 venir. <\/p>\n\n<p>Cela peut s&rsquo;av\u00e9rer utile pour la promotion de votre webinaire, car vous pouvez simplement inclure un CTA sp\u00e9cifique dans vos annonces sponsoris\u00e9es\/LinkedIn actuelles pour recueillir ces informations, ce qui les inscrira automatiquement pour participer \u00e0 votre webinaire.<\/p>\n\n<p>Ceci est particuli\u00e8rement adapt\u00e9 \u00e0 une approche plus personnalis\u00e9e du marketing, ainsi qu&rsquo;au ciblage des membres de LinkedIn occup\u00e9s qui n&rsquo;aiment pas remplir un formulaire (fait int\u00e9ressant : LinkedIn saisit automatiquement leurs donn\u00e9es pour eux).<\/p>\n\n<h3 class=\"wp-block-heading\"><strong>11 \u2013 InMail<\/strong><\/h3>\n\n<p>Enfin, votre dernier outil LinkedIn est InMail Ads. <\/p>\n\n<p>Si votre audience est plut\u00f4t petite et\/ou de niche, InMail Ads peut \u00eatre la solution id\u00e9ale pour la cibler. De plus, les donn\u00e9es de ciblage de LinkedIn vous permettront de vous connecter \u00e0 eux dans le cadre d&rsquo;une annonce personnalis\u00e9e de type \u00ab\u00a0DM\u00a0\u00bb.  <\/p>\n\n<p>En outre, l&rsquo;utilisation de l&rsquo;outil Sales Navigator de la plateforme vous permet d&rsquo;atteindre encore plus de membres potentiels de l&rsquo;audience et de les inviter \u00e0 participer \u00e0 votre webinaire.<\/p>\n\n<h2 class=\"wp-block-heading\"><strong>Conclusion<\/strong><\/h2>\n\n<p>L&rsquo;utilisation de LinkedIn pour promouvoir votre webinaire peut vous permettre d&rsquo;atteindre une audience cible tr\u00e8s pr\u00e9cise par le biais d&rsquo;une campagne Ads, de lui rappeler l&rsquo;\u00e9v\u00e9nement \u00e0 plusieurs reprises et de conserver ses donn\u00e9es pour les utiliser lors de futures campagnes. <\/p>\n\n<p><strong><em>Si vous souhaitez en savoir plus sur la fa\u00e7on dont nous aidons les entreprises B2B SaaS et Tech \u00e0 augmenter leur MRR gr\u00e2ce \u00e0 la publicit\u00e9 sur LinkedIn <\/em><\/strong><a href=\"https:\/\/getuplead.com\/contact\/\"><strong><em>n&rsquo;h\u00e9sitez pas \u00e0 nous contacter en ligne<\/em><\/strong><\/a><strong><em>ou \u00e0 nous envoyer un e-mail d\u00e8s aujourd&rsquo;hui \u00e0 <a href=\"mailto:info@getuplead.com\">info@getuplead.com<\/a> . Un membre de notre \u00e9quipe vous r\u00e9pondra<\/em><\/strong><\/p>\n\n<p>Par ailleurs, vous pourriez \u00e9galement \u00eatre int\u00e9ress\u00e9 par :<\/p>\n\n<ul class=\"wp-block-list\">\n<li><a href=\"https:\/\/getuplead.com\/linkedin-advertising-agency\/linkedin-services\/\">Services LinkedIn Ads : tout ce que vous devez savoir avant de choisir une agence.<\/a><\/li>\n\n\n\n<li><a href=\"https:\/\/getuplead.com\/linkedin-advertising-agency\/saas\/\">Linkedin Ads pour entreprises SaaS : Le guide Ultime<\/a><\/li>\n\n\n\n<li><a href=\"https:\/\/getuplead.com\/linkedin-advertising-agency\/cost\/\">Combien co\u00fbte la publicit\u00e9 sur Linkedin en 2023<\/a><\/li>\n\n\n\n<li><a href=\"https:\/\/getuplead.com\/linkedin-advertising-agency\/campaign\/\">Comment cr\u00e9er une campagne LinkedIn Ads rentable : le guide complet<\/a><\/li>\n\n\n\n<li><a href=\"https:\/\/getuplead.com\/linkedin-advertising-agency\/abm\/\">Account-Based Marketing sur Linkedin: le guide pratique<\/a><\/li>\n\n\n\n<li><a href=\"https:\/\/getuplead.com\/linkedin-advertising-agency\/international\/\">R\u00e9ussir vos campagnes LinkedIn Ads \u00e0 l\u2019international<\/a><\/li>\n\n\n\n<li><a href=\"https:\/\/getuplead.com\/linkedin-advertising-agency\/ads-types\/\">LinkedIn Ads: Quels sont les diff\u00e9rents types de campagnes et formats d\u2019annonces?<\/a><\/li>\n\n\n\n<li><a href=\"https:\/\/getuplead.com\/linkedin-advertising-agency\/metrics\/\">Les 18 indicateurs les plus importants pour mesurer le ROI sur LinkedIn Ads<\/a><\/li>\n\n\n\n<li><a href=\"https:\/\/getuplead.com\/linkedin-advertising-agency\/expert\/\">Comment choisir le meilleur expert LinkedIn Ads ?<\/a><\/li>\n<\/ul>\n","protected":false},"excerpt":{"rendered":"<p>Que vous travailliez ou non avec une agence LinkedIn Ads, vous pouvez utiliser la plateforme pour faire la publicit\u00e9 de votre marque. Si vous envisagez de cr\u00e9er un webinaire pour atteindre une audience importante, LinkedIn peut vous aider \u00e0 cr\u00e9er la meilleure publicit\u00e9 (et l&rsquo;audience) pour le commercialiser. Entrons dans le vif du sujet. 1 [&hellip;]<\/p>\n","protected":false},"author":4,"featured_media":0,"parent":2796,"menu_order":0,"comment_status":"closed","ping_status":"closed","template":"","meta":{"footnotes":""},"class_list":["post-2683","page","type-page","status-publish","hentry"],"yoast_head":"<!-- This site is optimized with the Yoast SEO plugin v25.7 - https:\/\/yoast.com\/wordpress\/plugins\/seo\/ -->\n<title>Comment promouvoir un webinaire sur LinkedIn : Guide facile<\/title>\n<meta name=\"robots\" content=\"index, follow, max-snippet:-1, max-image-preview:large, max-video-preview:-1\" \/>\n<link rel=\"canonical\" href=\"https:\/\/getuplead.com\/linkedin-advertising-agency\/webinar\/\" \/>\n<meta property=\"og:locale\" content=\"fr_FR\" \/>\n<meta property=\"og:type\" content=\"article\" \/>\n<meta property=\"og:title\" content=\"Comment promouvoir un webinaire sur LinkedIn : Guide facile\" \/>\n<meta property=\"og:description\" content=\"Que vous travailliez ou non avec une agence LinkedIn Ads, vous pouvez utiliser la plateforme pour faire la publicit\u00e9 de votre marque. Si vous envisagez de cr\u00e9er un webinaire pour atteindre une audience importante, LinkedIn peut vous aider \u00e0 cr\u00e9er la meilleure publicit\u00e9 (et l&rsquo;audience) pour le commercialiser. Entrons dans le vif du sujet. 1 [&hellip;]\" \/>\n<meta property=\"og:url\" content=\"https:\/\/getuplead.com\/linkedin-advertising-agency\/webinar\/\" \/>\n<meta property=\"og:site_name\" content=\"SaaS PPC Agency | Getuplead\" \/>\n<meta property=\"article:modified_time\" content=\"2024-06-30T17:56:03+00:00\" \/>\n<meta name=\"twitter:card\" content=\"summary_large_image\" \/>\n<meta name=\"twitter:label1\" content=\"Dur\u00e9e de lecture estim\u00e9e\" \/>\n\t<meta name=\"twitter:data1\" content=\"9 minutes\" \/>\n<script type=\"application\/ld+json\" class=\"yoast-schema-graph\">{\"@context\":\"https:\/\/schema.org\",\"@graph\":[{\"@type\":\"WebPage\",\"@id\":\"https:\/\/getuplead.com\/linkedin-advertising-agency\/webinar\/\",\"url\":\"https:\/\/getuplead.com\/linkedin-advertising-agency\/webinar\/\",\"name\":\"Comment promouvoir un webinaire sur LinkedIn : Guide facile\",\"isPartOf\":{\"@id\":\"https:\/\/getuplead.com\/#website\"},\"datePublished\":\"2024-05-08T11:23:59+00:00\",\"dateModified\":\"2024-06-30T17:56:03+00:00\",\"breadcrumb\":{\"@id\":\"https:\/\/getuplead.com\/linkedin-advertising-agency\/webinar\/#breadcrumb\"},\"inLanguage\":\"fr-FR\",\"potentialAction\":[{\"@type\":\"ReadAction\",\"target\":[\"https:\/\/getuplead.com\/linkedin-advertising-agency\/webinar\/\"]}]},{\"@type\":\"BreadcrumbList\",\"@id\":\"https:\/\/getuplead.com\/linkedin-advertising-agency\/webinar\/#breadcrumb\",\"itemListElement\":[{\"@type\":\"ListItem\",\"position\":1,\"name\":\"Home\",\"item\":\"https:\/\/getuplead.com\/fr\/getuplead\/\"},{\"@type\":\"ListItem\",\"position\":2,\"name\":\"L&#8217;Agence LinkedIn Ads pour entreprises B2B SaaS et Tech\",\"item\":\"https:\/\/getuplead.com\/linkedin-advertising-agency\/\"},{\"@type\":\"ListItem\",\"position\":3,\"name\":\"Comment promouvoir un webinaire sur LinkedIn : Guide facile\"}]},{\"@type\":\"WebSite\",\"@id\":\"https:\/\/getuplead.com\/#website\",\"url\":\"https:\/\/getuplead.com\/\",\"name\":\"SaaS PPC Agency | Getuplead\",\"description\":\"\",\"publisher\":{\"@id\":\"https:\/\/getuplead.com\/#organization\"},\"potentialAction\":[{\"@type\":\"SearchAction\",\"target\":{\"@type\":\"EntryPoint\",\"urlTemplate\":\"https:\/\/getuplead.com\/?s={search_term_string}\"},\"query-input\":{\"@type\":\"PropertyValueSpecification\",\"valueRequired\":true,\"valueName\":\"search_term_string\"}}],\"inLanguage\":\"fr-FR\"},{\"@type\":\"Organization\",\"@id\":\"https:\/\/getuplead.com\/#organization\",\"name\":\"Getuplead\",\"url\":\"https:\/\/getuplead.com\/\",\"logo\":{\"@type\":\"ImageObject\",\"inLanguage\":\"fr-FR\",\"@id\":\"https:\/\/getuplead.com\/#\/schema\/logo\/image\/\",\"url\":\"https:\/\/getuplead.com\/wp-content\/uploads\/logo_getuplead.png\",\"contentUrl\":\"https:\/\/getuplead.com\/wp-content\/uploads\/logo_getuplead.png\",\"width\":1021,\"height\":275,\"caption\":\"Getuplead\"},\"image\":{\"@id\":\"https:\/\/getuplead.com\/#\/schema\/logo\/image\/\"}}]}<\/script>\n<!-- \/ Yoast SEO plugin. -->","yoast_head_json":{"title":"Comment promouvoir un webinaire sur LinkedIn : Guide facile","robots":{"index":"index","follow":"follow","max-snippet":"max-snippet:-1","max-image-preview":"max-image-preview:large","max-video-preview":"max-video-preview:-1"},"canonical":"https:\/\/getuplead.com\/linkedin-advertising-agency\/webinar\/","og_locale":"fr_FR","og_type":"article","og_title":"Comment promouvoir un webinaire sur LinkedIn : Guide facile","og_description":"Que vous travailliez ou non avec une agence LinkedIn Ads, vous pouvez utiliser la plateforme pour faire la publicit\u00e9 de votre marque. Si vous envisagez de cr\u00e9er un webinaire pour atteindre une audience importante, LinkedIn peut vous aider \u00e0 cr\u00e9er la meilleure publicit\u00e9 (et l&rsquo;audience) pour le commercialiser. Entrons dans le vif du sujet. 1 [&hellip;]","og_url":"https:\/\/getuplead.com\/linkedin-advertising-agency\/webinar\/","og_site_name":"SaaS PPC Agency | Getuplead","article_modified_time":"2024-06-30T17:56:03+00:00","twitter_card":"summary_large_image","twitter_misc":{"Dur\u00e9e de lecture estim\u00e9e":"9 minutes"},"schema":{"@context":"https:\/\/schema.org","@graph":[{"@type":"WebPage","@id":"https:\/\/getuplead.com\/linkedin-advertising-agency\/webinar\/","url":"https:\/\/getuplead.com\/linkedin-advertising-agency\/webinar\/","name":"Comment promouvoir un webinaire sur LinkedIn : Guide facile","isPartOf":{"@id":"https:\/\/getuplead.com\/#website"},"datePublished":"2024-05-08T11:23:59+00:00","dateModified":"2024-06-30T17:56:03+00:00","breadcrumb":{"@id":"https:\/\/getuplead.com\/linkedin-advertising-agency\/webinar\/#breadcrumb"},"inLanguage":"fr-FR","potentialAction":[{"@type":"ReadAction","target":["https:\/\/getuplead.com\/linkedin-advertising-agency\/webinar\/"]}]},{"@type":"BreadcrumbList","@id":"https:\/\/getuplead.com\/linkedin-advertising-agency\/webinar\/#breadcrumb","itemListElement":[{"@type":"ListItem","position":1,"name":"Home","item":"https:\/\/getuplead.com\/fr\/getuplead\/"},{"@type":"ListItem","position":2,"name":"L&#8217;Agence LinkedIn Ads pour entreprises B2B SaaS et Tech","item":"https:\/\/getuplead.com\/linkedin-advertising-agency\/"},{"@type":"ListItem","position":3,"name":"Comment promouvoir un webinaire sur LinkedIn : Guide facile"}]},{"@type":"WebSite","@id":"https:\/\/getuplead.com\/#website","url":"https:\/\/getuplead.com\/","name":"SaaS PPC Agency | Getuplead","description":"","publisher":{"@id":"https:\/\/getuplead.com\/#organization"},"potentialAction":[{"@type":"SearchAction","target":{"@type":"EntryPoint","urlTemplate":"https:\/\/getuplead.com\/?s={search_term_string}"},"query-input":{"@type":"PropertyValueSpecification","valueRequired":true,"valueName":"search_term_string"}}],"inLanguage":"fr-FR"},{"@type":"Organization","@id":"https:\/\/getuplead.com\/#organization","name":"Getuplead","url":"https:\/\/getuplead.com\/","logo":{"@type":"ImageObject","inLanguage":"fr-FR","@id":"https:\/\/getuplead.com\/#\/schema\/logo\/image\/","url":"https:\/\/getuplead.com\/wp-content\/uploads\/logo_getuplead.png","contentUrl":"https:\/\/getuplead.com\/wp-content\/uploads\/logo_getuplead.png","width":1021,"height":275,"caption":"Getuplead"},"image":{"@id":"https:\/\/getuplead.com\/#\/schema\/logo\/image\/"}}]}},"_links":{"self":[{"href":"https:\/\/getuplead.com\/fr\/wp-json\/wp\/v2\/pages\/2683","targetHints":{"allow":["GET"]}}],"collection":[{"href":"https:\/\/getuplead.com\/fr\/wp-json\/wp\/v2\/pages"}],"about":[{"href":"https:\/\/getuplead.com\/fr\/wp-json\/wp\/v2\/types\/page"}],"author":[{"embeddable":true,"href":"https:\/\/getuplead.com\/fr\/wp-json\/wp\/v2\/users\/4"}],"replies":[{"embeddable":true,"href":"https:\/\/getuplead.com\/fr\/wp-json\/wp\/v2\/comments?post=2683"}],"version-history":[{"count":1,"href":"https:\/\/getuplead.com\/fr\/wp-json\/wp\/v2\/pages\/2683\/revisions"}],"predecessor-version":[{"id":2684,"href":"https:\/\/getuplead.com\/fr\/wp-json\/wp\/v2\/pages\/2683\/revisions\/2684"}],"up":[{"embeddable":true,"href":"https:\/\/getuplead.com\/fr\/wp-json\/wp\/v2\/pages\/2796"}],"wp:attachment":[{"href":"https:\/\/getuplead.com\/fr\/wp-json\/wp\/v2\/media?parent=2683"}],"curies":[{"name":"wp","href":"https:\/\/api.w.org\/{rel}","templated":true}]}}