{"id":2705,"date":"2024-05-08T16:08:42","date_gmt":"2024-05-08T14:08:42","guid":{"rendered":"https:\/\/getuplead.com\/campagne\/utilisateur\/"},"modified":"2024-06-23T10:56:44","modified_gmt":"2024-06-23T08:56:44","slug":"utilisateur","status":"publish","type":"page","link":"https:\/\/getuplead.com\/fr\/agence-linkedin-ads\/campagne\/utilisateur\/","title":{"rendered":"Comment ajouter un utilisateur \u00e0 un compte LinkedIn Ads"},"content":{"rendered":"\n<h2 class=\"wp-block-heading\"><strong>1 &#8211; Si vous avez d\u00e9j\u00e0 un compte publicitaire LinkedIn<\/strong><\/h2>\n\n<p>Pour donner acc\u00e8s \u00e0 de nouveaux utilisateurs, suivez ces \u00e9tapes :<\/p>\n\n<ol class=\"wp-block-list\">\n<li><a href=\"https:\/\/www.linkedin.com\/help\/lms\/answer\/76257\">Connectez-vous au Campaign Manager.<\/a><\/li>\n\n\n\n<li>Cliquez sur le nom du compte concern\u00e9.<\/li>\n\n\n\n<li>Dans le coin sup\u00e9rieur droit de la page, cliquez sur l&rsquo;ic\u00f4ne du nom du compte et choisissez \u00ab\u00a0<strong>Ouvrir business manager<\/strong>\u00a0\u00bb dans le menu d\u00e9roulant.<\/li>\n\n\n\n<li>S\u00e9lectionner <strong>le compte<\/strong> dans votre business manager<\/li>\n\n\n\n<li>Cliquez sur \u00ab\u00a0<strong>Ajouter un utilisateur au compte<\/strong>\u00ab\u00a0.<\/li>\n\n\n\n<li>Vous pouvez copier-coller l&rsquo;URL du profil LinkedIn du membre (recommand\u00e9) ou entrer le nom du membre que vous souhaitez ajouter \u00e0 votre compte publicitaire.<\/li>\n<\/ol>\n\n<figure class=\"wp-block-image aligncenter size-full\"><img fetchpriority=\"high\" decoding=\"async\" width=\"2048\" height=\"1048\" src=\"https:\/\/getuplead.com\/wp-content\/uploads\/Screenshot_2022-05-11_at_21_54_03-2048x1048-1.png\" alt=\"ajouter un nouvel utilisateur &#xE0; un compte LinkedIn Ads\" class=\"wp-image-647\" srcset=\"https:\/\/getuplead.com\/wp-content\/uploads\/Screenshot_2022-05-11_at_21_54_03-2048x1048-1.png 2048w, https:\/\/getuplead.com\/wp-content\/uploads\/Screenshot_2022-05-11_at_21_54_03-2048x1048-1-768x393.png 768w, https:\/\/getuplead.com\/wp-content\/uploads\/Screenshot_2022-05-11_at_21_54_03-2048x1048-1-1536x786.png 1536w\" sizes=\"(max-width: 2048px) 100vw, 2048px\" \/><\/figure>\n\n<h2 class=\"wp-block-heading\"><strong>2 &#8211; Vous ne poss\u00e9dez pas encore de compte publicitaire LinkedIn<\/strong><\/h2>\n\n<p>1. Vous pouvez cr\u00e9er un compte publicitaire LinkedIn pour votre client et lui transf\u00e9rer la propri\u00e9t\u00e9. C&rsquo;est la solution la plus simple.<\/p>\n\n<p><em>OU<\/em><\/p>\n\n<p>2. Votre client peut cr\u00e9er un compte publicitaire LinkedIn lui-m\u00eame et donner acc\u00e8s \u00e0 un membre. Pour cr\u00e9er un compte : <\/p>\n\n<ol class=\"wp-block-list\">\n<li>Connectez-vous \u00e0 votre compte personnel LinkedIn.com.<\/li>\n\n\n\n<li>Cliquez sur l&rsquo;ic\u00f4ne \u00ab\u00a0<strong>Travail<\/strong>\u00a0\u00bb en haut de la page d&rsquo;accueil et s\u00e9lectionnez \u00ab\u00a0<strong>Faire de la publicit\u00e9<\/strong>\u00ab\u00a0.<\/li>\n\n\n\n<li>Ajoutez un nom de compte, choisissez la devise de facturation et associez une Page LinkedIn sur l&rsquo;\u00e9cran d&rsquo;accueil.<\/li>\n\n\n\n<li>Cliquez sur \u00ab\u00a0<strong>Cr\u00e9er un compte<\/strong>\u00ab\u00a0.<\/li>\n<\/ol>\n\n<figure class=\"wp-block-image aligncenter size-full\"><img decoding=\"async\" width=\"1395\" height=\"851\" src=\"https:\/\/getuplead.com\/wp-content\/uploads\/Screenshot-2022-05-11-at-19.24.14.png\" alt=\"cr&#xE9;er un compte publicitaire LinkedIn\" class=\"wp-image-648\" srcset=\"https:\/\/getuplead.com\/wp-content\/uploads\/Screenshot-2022-05-11-at-19.24.14.png 1395w, https:\/\/getuplead.com\/wp-content\/uploads\/Screenshot-2022-05-11-at-19.24.14-768x469.png 768w\" sizes=\"(max-width: 1395px) 100vw, 1395px\" \/><\/figure>\n\n<h2 class=\"wp-block-heading\"><strong>3 &#8211; R\u00f4les et autorisations<\/strong><\/h2>\n\n<p>Lorsque vous donnez acc\u00e8s \u00e0 un membre \u00e0 votre compte publicitaire, vous devez lui attribuer un r\u00f4le avant qu&rsquo;il puisse cr\u00e9er une <a href=\"https:\/\/getuplead.com\/linkedin-advertising-agency\/campaign\/\">campagne publicitaire LinkedIn<\/a>. <\/p>\n\n<p>&#8211; Gestionnaires de compte : Ils peuvent consulter les donn\u00e9es et les rapports de campagne, cr\u00e9er de nouvelles campagnes, modifier des campagnes existantes, g\u00e9rer l&rsquo;acc\u00e8s des utilisateurs, modifier les d\u00e9tails du compte et consulter l&rsquo;historique de facturation et les re\u00e7us de paiement.<\/p>\n\n<p><br\/>&#8211; Gestionnaires de campagne : Ils peuvent consulter les donn\u00e9es et les rapports de campagne, cr\u00e9er de nouvelles campagnes, modifier des campagnes existantes et consulter l&rsquo;historique de facturation du compte.<\/p>\n\n<p class=\"has-text-align-left banner-case-study has-text-color has-background\" style=\"color:#0071a1;background-color:#eaf4f8\"><strong>\u00c9tude de cas :<\/strong> <a href=\"https:\/\/getuplead.com\/case-studies\/security-analytics\/\" data-type=\"page\" data-id=\"297\">D\u00e9couvrez comment nous avons g\u00e9n\u00e9r\u00e9 42% de leads qualifi\u00e9s en plus avec Linkedin Ads pour un logiciel de cybers\u00e9curit\u00e9<\/a><\/p>\n\n<p><br\/>&#8211; Gestionnaires de cr\u00e9ation : Ils peuvent consulter les donn\u00e9es et les rapports de campagne, modifier des cr\u00e9ations (images, carousels, etc.) nouvelles et existantes et consulter l&rsquo;historique de facturation du compte.<\/p>\n\n<p><br\/>&#8211; Spectateurs : Ils peuvent consulter les donn\u00e9es de campagne, les rapports et l&rsquo;historique de facturation du compte.<\/p>\n\n<p><br\/>&#8211; Administrateurs de facturation : Ils peuvent modifier les d\u00e9tails de facturation et consulter l&rsquo;historique de facturation du compte et les re\u00e7us.<\/p>\n\n<p>Faire appel \u00e0 une <a href=\"https:\/\/getuplead.com\/linkedin-advertising-agency\/\">agence sp\u00e9cialis\u00e9e en publicit\u00e9s LinkedIn<\/a> peut vous aider \u00e0 configurer les acc\u00e8s et campagnes appropri\u00e9s.<\/p>\n\n<p><strong><em>Si vous souhaitez en savoir plus sur la fa\u00e7on dont nous aidons les entreprises B2B SaaS et Tech \u00e0 augmenter leur MRR gr\u00e2ce \u00e0 la publicit\u00e9 sur LinkedIn <\/em><\/strong><a href=\"https:\/\/getuplead.com\/contact\/\"><strong><em>n&rsquo;h\u00e9sitez pas \u00e0 nous contacter en ligne<\/em><\/strong><\/a><strong><em>ou \u00e0 nous envoyer un e-mail d\u00e8s aujourd&rsquo;hui \u00e0 <a href=\"mailto:info@getuplead.com\">info@getuplead.com<\/a> . Un membre de notre \u00e9quipe vous r\u00e9pondra<\/em><\/strong><\/p>\n\n<p>Par ailleurs, vous pourriez \u00e9galement \u00eatre int\u00e9ress\u00e9 par :<\/p>\n\n<ul class=\"wp-block-list\">\n<li><a href=\"https:\/\/getuplead.com\/linkedin-advertising-agency\/campaign\/retargeting\/\">Comment faire du retargeting sur LinkedIn : le guide complet<\/a><\/li>\n\n\n\n<li><a href=\"https:\/\/getuplead.com\/linkedin-advertising-agency\/campaign\/targeting\/\">Ciblage LinkedIn Ads: le guide complet pour bien cibler<\/a><\/li>\n\n\n\n<li><a href=\"https:\/\/getuplead.com\/linkedin-advertising-agency\/campaign\/objectives\/\">Comment choisir le meilleur objectif de campagne LinkedIn Ads<\/a><\/li>\n\n\n\n<li><a href=\"https:\/\/getuplead.com\/linkedin-advertising-agency\/campaign\/tracking\/\"><\/a><a href=\"https:\/\/getuplead.com\/linkedin-advertising-agency\/campaign\/tracking\/\">LinkedIn Insight Tag: le guide complet pour tout savoir !<\/a><\/li>\n\n\n\n<li><a href=\"https:\/\/getuplead.com\/linkedin-advertising-agency\/campaign\/bidding\/\">Quelles strat\u00e9gies d&rsquo;ench\u00e8res choisir sur Linkedin Ads <\/a><\/li>\n\n\n\n<li><a href=\"https:\/\/getuplead.com\/linkedin-advertising-agency\/campaign\/optimization\/\">Comment optimiser LinkedIn Ads: les meilleures pratiques<\/a><\/li>\n<\/ul>\n","protected":false},"excerpt":{"rendered":"<p>1 &#8211; Si vous avez d\u00e9j\u00e0 un compte publicitaire LinkedIn Pour donner acc\u00e8s \u00e0 de nouveaux utilisateurs, suivez ces \u00e9tapes : 2 &#8211; Vous ne poss\u00e9dez pas encore de compte publicitaire LinkedIn 1. Vous pouvez cr\u00e9er un compte publicitaire LinkedIn pour votre client et lui transf\u00e9rer la propri\u00e9t\u00e9. C&rsquo;est la solution la plus simple. OU [&hellip;]<\/p>\n","protected":false},"author":4,"featured_media":0,"parent":2698,"menu_order":0,"comment_status":"closed","ping_status":"closed","template":"","meta":{"footnotes":""},"class_list":["post-2705","page","type-page","status-publish","hentry"],"yoast_head":"<!-- This site is optimized with the Yoast SEO plugin v25.7 - https:\/\/yoast.com\/wordpress\/plugins\/seo\/ -->\n<title>Comment ajouter un utilisateur \u00e0 un compte LinkedIn Ads<\/title>\n<meta name=\"robots\" content=\"index, follow, max-snippet:-1, max-image-preview:large, max-video-preview:-1\" \/>\n<link rel=\"canonical\" href=\"https:\/\/getuplead.com\/linkedin-advertising-agency\/campaign\/user\/\" \/>\n<meta property=\"og:locale\" content=\"fr_FR\" \/>\n<meta property=\"og:type\" content=\"article\" \/>\n<meta property=\"og:title\" content=\"Comment ajouter un utilisateur \u00e0 un compte LinkedIn Ads\" \/>\n<meta property=\"og:description\" content=\"1 &#8211; Si vous avez d\u00e9j\u00e0 un compte publicitaire LinkedIn Pour donner acc\u00e8s \u00e0 de nouveaux utilisateurs, suivez ces \u00e9tapes : 2 &#8211; Vous ne poss\u00e9dez pas encore de compte publicitaire LinkedIn 1. Vous pouvez cr\u00e9er un compte publicitaire LinkedIn pour votre client et lui transf\u00e9rer la propri\u00e9t\u00e9. C&rsquo;est la solution la plus simple. OU [&hellip;]\" \/>\n<meta property=\"og:url\" content=\"https:\/\/getuplead.com\/linkedin-advertising-agency\/campaign\/user\/\" \/>\n<meta property=\"og:site_name\" content=\"SaaS PPC Agency | Getuplead\" \/>\n<meta property=\"article:modified_time\" content=\"2024-06-23T08:56:44+00:00\" \/>\n<meta property=\"og:image\" content=\"https:\/\/getuplead.com\/wp-content\/uploads\/Screenshot_2022-05-11_at_21_54_03-2048x1048-1.png\" \/>\n<meta name=\"twitter:card\" content=\"summary_large_image\" \/>\n<meta name=\"twitter:label1\" content=\"Dur\u00e9e de lecture estim\u00e9e\" \/>\n\t<meta name=\"twitter:data1\" content=\"3 minutes\" \/>\n<script type=\"application\/ld+json\" class=\"yoast-schema-graph\">{\"@context\":\"https:\/\/schema.org\",\"@graph\":[{\"@type\":\"WebPage\",\"@id\":\"https:\/\/getuplead.com\/linkedin-advertising-agency\/campaign\/user\/\",\"url\":\"https:\/\/getuplead.com\/linkedin-advertising-agency\/campaign\/user\/\",\"name\":\"Comment ajouter un utilisateur \u00e0 un compte LinkedIn Ads\",\"isPartOf\":{\"@id\":\"https:\/\/getuplead.com\/#website\"},\"primaryImageOfPage\":{\"@id\":\"https:\/\/getuplead.com\/linkedin-advertising-agency\/campaign\/user\/#primaryimage\"},\"image\":{\"@id\":\"https:\/\/getuplead.com\/linkedin-advertising-agency\/campaign\/user\/#primaryimage\"},\"thumbnailUrl\":\"https:\/\/getuplead.com\/wp-content\/uploads\/Screenshot_2022-05-11_at_21_54_03-2048x1048-1.png\",\"datePublished\":\"2024-05-08T14:08:42+00:00\",\"dateModified\":\"2024-06-23T08:56:44+00:00\",\"breadcrumb\":{\"@id\":\"https:\/\/getuplead.com\/linkedin-advertising-agency\/campaign\/user\/#breadcrumb\"},\"inLanguage\":\"fr-FR\",\"potentialAction\":[{\"@type\":\"ReadAction\",\"target\":[\"https:\/\/getuplead.com\/linkedin-advertising-agency\/campaign\/user\/\"]}]},{\"@type\":\"ImageObject\",\"inLanguage\":\"fr-FR\",\"@id\":\"https:\/\/getuplead.com\/linkedin-advertising-agency\/campaign\/user\/#primaryimage\",\"url\":\"https:\/\/getuplead.com\/wp-content\/uploads\/Screenshot_2022-05-11_at_21_54_03-2048x1048-1.png\",\"contentUrl\":\"https:\/\/getuplead.com\/wp-content\/uploads\/Screenshot_2022-05-11_at_21_54_03-2048x1048-1.png\"},{\"@type\":\"BreadcrumbList\",\"@id\":\"https:\/\/getuplead.com\/linkedin-advertising-agency\/campaign\/user\/#breadcrumb\",\"itemListElement\":[{\"@type\":\"ListItem\",\"position\":1,\"name\":\"Home\",\"item\":\"https:\/\/getuplead.com\/fr\/getuplead\/\"},{\"@type\":\"ListItem\",\"position\":2,\"name\":\"L&#8217;Agence LinkedIn Ads pour entreprises B2B SaaS et Tech\",\"item\":\"https:\/\/getuplead.com\/linkedin-advertising-agency\/\"},{\"@type\":\"ListItem\",\"position\":3,\"name\":\"Comment cr\u00e9er une campagne LinkedIn Ads rentable : le guide complet\",\"item\":\"https:\/\/getuplead.com\/linkedin-advertising-agency\/campaign\/\"},{\"@type\":\"ListItem\",\"position\":4,\"name\":\"Comment ajouter un utilisateur \u00e0 un compte LinkedIn Ads\"}]},{\"@type\":\"WebSite\",\"@id\":\"https:\/\/getuplead.com\/#website\",\"url\":\"https:\/\/getuplead.com\/\",\"name\":\"SaaS PPC Agency | Getuplead\",\"description\":\"\",\"publisher\":{\"@id\":\"https:\/\/getuplead.com\/#organization\"},\"potentialAction\":[{\"@type\":\"SearchAction\",\"target\":{\"@type\":\"EntryPoint\",\"urlTemplate\":\"https:\/\/getuplead.com\/?s={search_term_string}\"},\"query-input\":{\"@type\":\"PropertyValueSpecification\",\"valueRequired\":true,\"valueName\":\"search_term_string\"}}],\"inLanguage\":\"fr-FR\"},{\"@type\":\"Organization\",\"@id\":\"https:\/\/getuplead.com\/#organization\",\"name\":\"Getuplead\",\"url\":\"https:\/\/getuplead.com\/\",\"logo\":{\"@type\":\"ImageObject\",\"inLanguage\":\"fr-FR\",\"@id\":\"https:\/\/getuplead.com\/#\/schema\/logo\/image\/\",\"url\":\"https:\/\/getuplead.com\/wp-content\/uploads\/logo_getuplead.png\",\"contentUrl\":\"https:\/\/getuplead.com\/wp-content\/uploads\/logo_getuplead.png\",\"width\":1021,\"height\":275,\"caption\":\"Getuplead\"},\"image\":{\"@id\":\"https:\/\/getuplead.com\/#\/schema\/logo\/image\/\"}}]}<\/script>\n<!-- \/ Yoast SEO plugin. -->","yoast_head_json":{"title":"Comment ajouter un utilisateur \u00e0 un compte LinkedIn Ads","robots":{"index":"index","follow":"follow","max-snippet":"max-snippet:-1","max-image-preview":"max-image-preview:large","max-video-preview":"max-video-preview:-1"},"canonical":"https:\/\/getuplead.com\/linkedin-advertising-agency\/campaign\/user\/","og_locale":"fr_FR","og_type":"article","og_title":"Comment ajouter un utilisateur \u00e0 un compte LinkedIn Ads","og_description":"1 &#8211; Si vous avez d\u00e9j\u00e0 un compte publicitaire LinkedIn Pour donner acc\u00e8s \u00e0 de nouveaux utilisateurs, suivez ces \u00e9tapes : 2 &#8211; Vous ne poss\u00e9dez pas encore de compte publicitaire LinkedIn 1. Vous pouvez cr\u00e9er un compte publicitaire LinkedIn pour votre client et lui transf\u00e9rer la propri\u00e9t\u00e9. C&rsquo;est la solution la plus simple. OU [&hellip;]","og_url":"https:\/\/getuplead.com\/linkedin-advertising-agency\/campaign\/user\/","og_site_name":"SaaS PPC Agency | Getuplead","article_modified_time":"2024-06-23T08:56:44+00:00","og_image":[{"url":"https:\/\/getuplead.com\/wp-content\/uploads\/Screenshot_2022-05-11_at_21_54_03-2048x1048-1.png","type":"","width":"","height":""}],"twitter_card":"summary_large_image","twitter_misc":{"Dur\u00e9e de lecture estim\u00e9e":"3 minutes"},"schema":{"@context":"https:\/\/schema.org","@graph":[{"@type":"WebPage","@id":"https:\/\/getuplead.com\/linkedin-advertising-agency\/campaign\/user\/","url":"https:\/\/getuplead.com\/linkedin-advertising-agency\/campaign\/user\/","name":"Comment ajouter un utilisateur \u00e0 un compte LinkedIn Ads","isPartOf":{"@id":"https:\/\/getuplead.com\/#website"},"primaryImageOfPage":{"@id":"https:\/\/getuplead.com\/linkedin-advertising-agency\/campaign\/user\/#primaryimage"},"image":{"@id":"https:\/\/getuplead.com\/linkedin-advertising-agency\/campaign\/user\/#primaryimage"},"thumbnailUrl":"https:\/\/getuplead.com\/wp-content\/uploads\/Screenshot_2022-05-11_at_21_54_03-2048x1048-1.png","datePublished":"2024-05-08T14:08:42+00:00","dateModified":"2024-06-23T08:56:44+00:00","breadcrumb":{"@id":"https:\/\/getuplead.com\/linkedin-advertising-agency\/campaign\/user\/#breadcrumb"},"inLanguage":"fr-FR","potentialAction":[{"@type":"ReadAction","target":["https:\/\/getuplead.com\/linkedin-advertising-agency\/campaign\/user\/"]}]},{"@type":"ImageObject","inLanguage":"fr-FR","@id":"https:\/\/getuplead.com\/linkedin-advertising-agency\/campaign\/user\/#primaryimage","url":"https:\/\/getuplead.com\/wp-content\/uploads\/Screenshot_2022-05-11_at_21_54_03-2048x1048-1.png","contentUrl":"https:\/\/getuplead.com\/wp-content\/uploads\/Screenshot_2022-05-11_at_21_54_03-2048x1048-1.png"},{"@type":"BreadcrumbList","@id":"https:\/\/getuplead.com\/linkedin-advertising-agency\/campaign\/user\/#breadcrumb","itemListElement":[{"@type":"ListItem","position":1,"name":"Home","item":"https:\/\/getuplead.com\/fr\/getuplead\/"},{"@type":"ListItem","position":2,"name":"L&#8217;Agence LinkedIn Ads pour entreprises B2B SaaS et Tech","item":"https:\/\/getuplead.com\/linkedin-advertising-agency\/"},{"@type":"ListItem","position":3,"name":"Comment cr\u00e9er une campagne LinkedIn Ads rentable : le guide complet","item":"https:\/\/getuplead.com\/linkedin-advertising-agency\/campaign\/"},{"@type":"ListItem","position":4,"name":"Comment ajouter un utilisateur \u00e0 un compte LinkedIn Ads"}]},{"@type":"WebSite","@id":"https:\/\/getuplead.com\/#website","url":"https:\/\/getuplead.com\/","name":"SaaS PPC Agency | Getuplead","description":"","publisher":{"@id":"https:\/\/getuplead.com\/#organization"},"potentialAction":[{"@type":"SearchAction","target":{"@type":"EntryPoint","urlTemplate":"https:\/\/getuplead.com\/?s={search_term_string}"},"query-input":{"@type":"PropertyValueSpecification","valueRequired":true,"valueName":"search_term_string"}}],"inLanguage":"fr-FR"},{"@type":"Organization","@id":"https:\/\/getuplead.com\/#organization","name":"Getuplead","url":"https:\/\/getuplead.com\/","logo":{"@type":"ImageObject","inLanguage":"fr-FR","@id":"https:\/\/getuplead.com\/#\/schema\/logo\/image\/","url":"https:\/\/getuplead.com\/wp-content\/uploads\/logo_getuplead.png","contentUrl":"https:\/\/getuplead.com\/wp-content\/uploads\/logo_getuplead.png","width":1021,"height":275,"caption":"Getuplead"},"image":{"@id":"https:\/\/getuplead.com\/#\/schema\/logo\/image\/"}}]}},"_links":{"self":[{"href":"https:\/\/getuplead.com\/fr\/wp-json\/wp\/v2\/pages\/2705","targetHints":{"allow":["GET"]}}],"collection":[{"href":"https:\/\/getuplead.com\/fr\/wp-json\/wp\/v2\/pages"}],"about":[{"href":"https:\/\/getuplead.com\/fr\/wp-json\/wp\/v2\/types\/page"}],"author":[{"embeddable":true,"href":"https:\/\/getuplead.com\/fr\/wp-json\/wp\/v2\/users\/4"}],"replies":[{"embeddable":true,"href":"https:\/\/getuplead.com\/fr\/wp-json\/wp\/v2\/comments?post=2705"}],"version-history":[{"count":1,"href":"https:\/\/getuplead.com\/fr\/wp-json\/wp\/v2\/pages\/2705\/revisions"}],"predecessor-version":[{"id":2706,"href":"https:\/\/getuplead.com\/fr\/wp-json\/wp\/v2\/pages\/2705\/revisions\/2706"}],"up":[{"embeddable":true,"href":"https:\/\/getuplead.com\/fr\/wp-json\/wp\/v2\/pages\/2698"}],"wp:attachment":[{"href":"https:\/\/getuplead.com\/fr\/wp-json\/wp\/v2\/media?parent=2705"}],"curies":[{"name":"wp","href":"https:\/\/api.w.org\/{rel}","templated":true}]}}