{"id":2713,"date":"2025-05-11T20:27:21","date_gmt":"2025-05-11T18:27:21","guid":{"rendered":"https:\/\/getuplead.com\/campagne\/objectifs\/followers\/"},"modified":"2024-06-24T10:04:31","modified_gmt":"2024-06-24T08:04:31","slug":"followers","status":"publish","type":"page","link":"https:\/\/getuplead.com\/fr\/agence-linkedin-ads\/campagne\/objectifs\/followers\/","title":{"rendered":"LinkedIn Ads: Tout savoir sur les publicit\u00e9s follower ads"},"content":{"rendered":"\n<p>Selon les <a href=\"https:\/\/getuplead.com\/linkedin-advertising-agency\/campaign\/objectives\/\">objectifs de votre campagne publicitaire LinkedIn<\/a>, vous pouvez optimiser l&rsquo;utilisation des publicit\u00e9s destin\u00e9es aux abonn\u00e9s pour \u00e9largir la port\u00e9e de votre marque et construire un r\u00e9seau en ligne de prospects potentiellement profitables.<\/p>\n\n<p>N&rsquo;avez-vous jamais eu recours aux publicit\u00e9s destin\u00e9es aux abonn\u00e9s LinkedIn ? Aucun souci ! Notre <a href=\"https:\/\/getuplead.com\/linkedin-advertising-agency\/\">agence de publicit\u00e9 LinkedIn Getuplead<\/a>, a con\u00e7u un guide rapide pour vous aider \u00e0 en tirer le meilleur parti.  <\/p>\n\n<p>Nous vous donnerons tous les d\u00e9tails de leur fonctionnement et expliquerons pourquoi elles sont si efficaces. <\/p>\n\n<h2 class=\"wp-block-heading\"><strong>1 &#8211; Que sont les publicit\u00e9s destin\u00e9es aux abonn\u00e9s LinkedIn ? <\/strong><\/h2>\n\n<p>Si vous avez un profil LinkedIn, vous avez probablement d\u00e9j\u00e0 remarqu\u00e9 des publicit\u00e9s destin\u00e9es aux abonn\u00e9s dans votre fil d&rsquo;actualit\u00e9, m\u00eame si vous ne vous en \u00eates pas rendu compte.<\/p>\n\n<p>Vous ignorez ce qu&rsquo;elles sont ? C&rsquo;est justement leur atout ! <\/p>\n\n<p>Ces publicit\u00e9s ressemblent \u00e0 des recommandations de marques ou de pages. En y regardant de plus pr\u00e8s, vous constaterez qu&rsquo;elles sont en r\u00e9alit\u00e9 des publicit\u00e9s, avec une mention \u00ab\u00a0publicit\u00e9\u00a0\u00bb en petits caract\u00e8res situ\u00e9e en haut \u00e0 droite de la soi-disant \u00ab\u00a0recommandation\u00a0\u00bb. <\/p>\n\n<p>En r\u00e9sum\u00e9, il s&rsquo;agit de publicit\u00e9s sur mesure, astucieusement d\u00e9guis\u00e9es en suggestions de marques, pages ou produits, qui vous ciblent sp\u00e9cifiquement en fonction de vos informations d&rsquo;utilisateur LinkedIn.<\/p>\n\n<p>Si vous cliquez sur ces publicit\u00e9s, vous d\u00e9couvrirez plus de d\u00e9tails sur l&rsquo;offre pr\u00e9sent\u00e9e, ainsi qu&rsquo;un appel \u00e0 l&rsquo;action (CTA) sur lequel l&rsquo;annonceur esp\u00e8re que vous cliquerez pour effectuer une conversion.<\/p>\n\n<p>Ces publicit\u00e9s sont loin d&rsquo;\u00eatre g\u00e9n\u00e9riques. Elles sont personnalis\u00e9es pour chaque prospect afin d&rsquo;\u00eatre plus attrayantes, c&rsquo;est l\u00e0 leur force &#8211; et elles ne ressemblent pas \u00e0 des publicit\u00e9s ind\u00e9sirables typiques. <\/p>\n\n<p class=\"has-text-align-left banner-case-study has-text-color has-background\" style=\"color:#0071a1;background-color:#eaf4f8\"><strong>\u00c9tude de cas :<\/strong> <a href=\"https:\/\/getuplead.com\/case-studies\/security-analytics\/\" data-type=\"page\" data-id=\"297\">D\u00e9couvrez comment nous avons g\u00e9n\u00e9r\u00e9 42% de leads qualifi\u00e9s en plus avec Linkedin Ads pour un logiciel de cybers\u00e9curit\u00e9<\/a><\/p>\n\n<h2 class=\"wp-block-heading\"><strong>2 &#8211; Pourquoi utiliser les publicit\u00e9s destin\u00e9es aux abonn\u00e9s LinkedIn ?<\/strong><\/h2>\n\n<p>Les publicit\u00e9s destin\u00e9es aux abonn\u00e9s LinkedIn peuvent s&rsquo;av\u00e9rer extr\u00eamement rentables pour les marques B2B pour les trois raisons suivantes :<\/p>\n\n<ol class=\"wp-block-list\">\n<li>Elles ne sont pas ch\u00e8res<\/li>\n<\/ol>\n\n<p>Les publicit\u00e9s destin\u00e9es aux abonn\u00e9s LinkedIn repr\u00e9sentent une option \u00e9conomique, surtout compar\u00e9e \u00e0 la publicit\u00e9 PPC (paiement par clic), et peuvent \u00eatre une excellente solution pour les nouvelles marques B2B ou les PME disposant d&rsquo;un budget limit\u00e9.<\/p>\n\n<ol class=\"wp-block-list\" start=\"2\">\n<li>Elles permettent une approche personnalis\u00e9e<\/li>\n<\/ol>\n\n<p>Comme mentionn\u00e9 pr\u00e9c\u00e9demment, l&rsquo;efficacit\u00e9 des publicit\u00e9s destin\u00e9es aux abonn\u00e9s LinkedIn repose sur leur personnalisation.<\/p>\n\n<p>Vous pouvez vous adresser directement \u00e0 votre audience en utilisant leur pr\u00e9nom (ou leur photo de profil), ce qui donne l&rsquo;impression \u00e0 ces derniers que LinkedIn leur propose des recommandations personnalis\u00e9es pour d\u00e9velopper leur r\u00e9seau ou pour se connecter avec des individus, marques, services ou produits similaires.<\/p>\n\n<ol class=\"wp-block-list\" start=\"3\">\n<li>Elles captent l&rsquo;attention<\/li>\n<\/ol>\n\n<p>Encore une fois, du fait qu&rsquo;elles ne ressemblent pas \u00e0 des publicit\u00e9s ind\u00e9sirables typiques, et qu&rsquo;elles VOUS semblent \u00eatre sp\u00e9cifiquement destin\u00e9es, elles sont plus captivantes que d&rsquo;autres types de publicit\u00e9s en ligne.<\/p>\n\n<p>Les publicit\u00e9s destin\u00e9es aux abonn\u00e9s LinkedIn utilisent votre nom et\/ou votre photo de profil pour capter instantan\u00e9ment votre attention &#8211; c&rsquo;est tout simplement de la psychologie de base !<\/p>\n\n<h2 class=\"wp-block-heading\"><strong>3 &#8211; Caract\u00e9ristiques des publicit\u00e9s destin\u00e9es aux abonn\u00e9s LinkedIn<\/strong><\/h2>\n\n<p>Description de la publicit\u00e9 : Limite de 70 caract\u00e8res<br\/>Titre de la publicit\u00e9 : Choisissez une option pr\u00e9d\u00e9finie ou cr\u00e9ez la v\u00f4tre jusqu&rsquo;\u00e0 50 caract\u00e8res<br\/>Nom de l&rsquo;entreprise : Limite de 25 caract\u00e8res<br\/>Image de la publicit\u00e9 : Id\u00e9alement de 100 x 100 pixels pour les formats JPG ou PNG<\/p>\n\n<h3 class=\"wp-block-heading\"><strong>Exemples de descriptions<\/strong><\/h3>\n\n<ul class=\"wp-block-list\">\n<li>JANE, restez inform\u00e9 des actualit\u00e9s et tendances du secteur<\/li>\n\n\n\n<li>D\u00e9couvrez les derni\u00e8res offres d&#8217;emploi et actualit\u00e9s du secteur<\/li>\n\n\n\n<li>D\u00e9couvrez les derni\u00e8res informations sur les emplois, les actualit\u00e9s et plus encore. Imaginez votre prochaine \u00e9tape de carri\u00e8re.<\/li>\n\n\n\n<li>Restez \u00e0 jour avec des mises \u00e0 jour int\u00e9ressantes et pertinentes<\/li>\n\n\n\n<li>Des opportunit\u00e9s se pr\u00e9sentent \u00e0 votre porte<\/li>\n\n\n\n<li>Pr\u00eat pour votre prochaine opportunit\u00e9 ?<\/li>\n\n\n\n<li>Recevez des mises \u00e0 jour quotidiennes ou hebdomadaires de l&rsquo;entreprise<\/li>\n\n\n\n<li>Recevez des mises \u00e0 jour quotidiennes ou hebdomadaires de l&rsquo;organisation<\/li>\n\n\n\n<li>Restez inform\u00e9 des des nouveaut\u00e9s et tendances du secteur<\/li>\n\n\n\n<li>Visitez la page carri\u00e8res d&rsquo;ACME !<\/li>\n\n\n\n<li>Visitez l&rsquo;entreprise ACME<\/li>\n\n\n\n<li>Visitez la page de l&rsquo;organisation ACME !<\/li>\n\n\n\n<li>Vous avez les comp\u00e9tences, ACME a les opportunit\u00e9s !<\/li>\n\n\n\n<li>Vous avez les comp\u00e9tences, nous avons les opportunit\u00e9s !<\/li>\n<\/ul>\n\n<h3 class=\"wp-block-heading\"><strong>Exemples de titres :<\/strong><\/h3>\n\n<ul class=\"wp-block-list\">\n<li>JOE, ACME recrute !<\/li>\n\n\n\n<li>JOE, recrutement en cours dans votre secteur !<\/li>\n\n\n\n<li>JOE, explorez des opportunit\u00e9s pertinentes avec ACME !<\/li>\n\n\n\n<li>JOE, obtenez les derni\u00e8res nouvelles, emplois et plus encore d&rsquo;ACME !<\/li>\n\n\n\n<li>JOE, obtenez les derni\u00e8res nouvelles, emplois et plus encore d&rsquo;ACME !<\/li>\n\n\n\n<li>JOE, d\u00e9veloppez votre activit\u00e9 gr\u00e2ce aux nouvelles et aux informations d&rsquo;ACME<\/li>\n\n\n\n<li>JOE, d\u00e9veloppez votre carri\u00e8re en suivant ACME<\/li>\n\n\n\n<li>JOE, restez \u00e0 jour avec les opportunit\u00e9s pertinentes chez ACME<\/li>\n\n\n\n<li>JOE, suivez l&rsquo;actualit\u00e9 de l&rsquo;ACME<\/li>\n\n\n\n<li>JOE, suivez l&rsquo;actualit\u00e9 de l&rsquo;ACME<\/li>\n\n\n\n<li>JOE, vous aimeriez peut-\u00eatre suivre ACME<\/li>\n\n\n\n<li>D\u00e9veloppez votre activit\u00e9 gr\u00e2ce aux informations fournies par ACME<\/li>\n\n\n\n<li>D\u00e9veloppez votre activit\u00e9 gr\u00e2ce \u00e0 l&rsquo;actualit\u00e9 et aux informations d&rsquo;ACME<\/li>\n<\/ul>\n\n<h3 class=\"wp-block-heading\"><strong>Exemples d&rsquo;appels \u00e0 l&rsquo;action :<\/strong><\/h3>\n\n<ul class=\"wp-block-list\">\n<li>Voir les carri\u00e8res<\/li>\n\n\n\n<li>Voir l&rsquo;entreprise<\/li>\n\n\n\n<li>Acc\u00e9der aux offres d\u2019emploi<\/li>\n\n\n\n<li>Acc\u00e9der \u00e0 la vie d&rsquo;entreprise<\/li>\n<\/ul>\n\n<p class=\"has-text-align-left banner-case-study has-text-color has-background\" style=\"color:#0071a1;background-color:#eaf4f8\"><strong>\u00c9tude de cas :<\/strong> <a href=\"https:\/\/getuplead.com\/fr\/cas-clients\/kodo\/\" data-type=\"page\" data-id=\"339\">D\u00e9couvrez comment nous avons g\u00e9n\u00e9r\u00e9s 167 % de prospects en plus avec LinkedIn Ads pour Kodo Survey<\/a><\/p>\n\n<h2 class=\"wp-block-heading\"><strong>4 &#8211; Conseils cl\u00e9s et meilleures pratiques pour les publicit\u00e9s pour abonn\u00e9s LinkedIn<\/strong><\/h2>\n\n<p>Lors de la cr\u00e9ation de vos publicit\u00e9s destin\u00e9es aux abonn\u00e9s LinkedIn, prenez le temps n\u00e9cessaire pour maximiser leur efficacit\u00e9 et, bien s\u00fbr, obtenir le meilleur retour sur investissement. Voici quelques conseils pour une publicit\u00e9 r\u00e9ussie :<\/p>\n\n<ul class=\"wp-block-list\">\n<li>D&rsquo;abord, excluez vos abonn\u00e9s\/audience actuels de votre publicit\u00e9 destin\u00e9e aux abonn\u00e9s. Pourquoi ? Parce que vous voulez attirer de nouveaux prospects. Vos abonn\u00e9s actuels connaissent probablement d\u00e9j\u00e0 votre marque, donc votre objectif est d&rsquo;\u00e9largir votre audience.   <\/li>\n\n\n\n<li>Assurez-vous de cocher l&rsquo;option qui permet \u00e0 votre (nouvelle) audience de voir leur photo de profil \u00e0 c\u00f4t\u00e9 de la publicit\u00e9 &#8211; cela est essentiel pour capter leur attention.<\/li>\n\n\n\n<li>Exploitez les mod\u00e8les de publicit\u00e9 que LinkedIn propose pour trouver la meilleure option pour votre marque et votre publicit\u00e9.<\/li>\n<\/ul>\n\n<h2 class=\"wp-block-heading\"><strong>Conclusion<\/strong><\/h2>\n\n<p>La particularit\u00e9 des publicit\u00e9s destin\u00e9es aux abonn\u00e9s LinkedIn r\u00e9side dans leur capacit\u00e9 \u00e0 faire en sorte que votre audience se sente sp\u00e9ciale, comme si la publicit\u00e9 avait \u00e9t\u00e9 con\u00e7ue sp\u00e9cifiquement pour elle.<\/p>\n\n<p>Tirez parti des outils offerts par LinkedIn &#8211; des options de personnalisation aux mod\u00e8les de publicit\u00e9 &#8211; pour cr\u00e9er une publicit\u00e9 si captivante que votre audience ne pourra pas l&rsquo;ignorer.<\/p>\n\n<p><strong><em>Si vous souhaitez en savoir plus sur la fa\u00e7on dont nous aidons les entreprises B2B SaaS et Tech \u00e0 augmenter leur MRR gr\u00e2ce \u00e0 la publicit\u00e9 sur LinkedIn,<\/em><\/strong><a href=\"https:\/\/getuplead.com\/contact\/\"><strong><em>contacter en ligne<\/em><\/strong><\/a><strong><em> ou \u00e0 nous envoyer un e-mail d\u00e8s aujourd&rsquo;hui \u00e0 info@getuplead.com. Un membre de notre \u00e9quipe vous r\u00e9pondra. <\/em><\/strong><\/p>\n\n<p>Par ailleurs, vous pourriez \u00e9galement \u00eatre int\u00e9ress\u00e9 par :<\/p>\n\n<ul class=\"wp-block-list\">\n<li><a href=\"https:\/\/getuplead.com\/linkedin-advertising-agency\/campaign\/objectives\/lead-generation\/\">Campagnes g\u00e9n\u00e9ration de leads sur LinkedIn ads: Le guide<\/a><\/li>\n\n\n\n<li><a href=\"https:\/\/getuplead.com\/linkedin-advertising-agency\/campaign\/objectives\/awareness\/\">LinkedIn Ads: Tout savoir sur l&rsquo;objectif notori\u00e9t\u00e9 de la marque<\/a><\/li>\n<\/ul>\n","protected":false},"excerpt":{"rendered":"<p>Selon les objectifs de votre campagne publicitaire LinkedIn, vous pouvez optimiser l&rsquo;utilisation des publicit\u00e9s destin\u00e9es aux abonn\u00e9s pour \u00e9largir la port\u00e9e de votre marque et construire un r\u00e9seau en ligne de prospects potentiellement profitables. N&rsquo;avez-vous jamais eu recours aux publicit\u00e9s destin\u00e9es aux abonn\u00e9s LinkedIn ? Aucun souci ! Notre agence de publicit\u00e9 LinkedIn Getuplead, a [&hellip;]<\/p>\n","protected":false},"author":4,"featured_media":0,"parent":2707,"menu_order":0,"comment_status":"closed","ping_status":"closed","template":"","meta":{"footnotes":""},"class_list":["post-2713","page","type-page","status-publish","hentry"],"yoast_head":"<!-- This site is optimized with the Yoast SEO plugin v25.7 - https:\/\/yoast.com\/wordpress\/plugins\/seo\/ -->\n<title>LinkedIn Ads: Tout savoir sur les publicit\u00e9s follower ads<\/title>\n<meta name=\"robots\" content=\"index, follow, max-snippet:-1, max-image-preview:large, max-video-preview:-1\" \/>\n<link rel=\"canonical\" href=\"https:\/\/getuplead.com\/fr\/agence-linkedin-ads\/campagne\/objectifs\/followers\/\" \/>\n<meta property=\"og:locale\" content=\"fr_FR\" \/>\n<meta property=\"og:type\" content=\"article\" \/>\n<meta property=\"og:title\" content=\"LinkedIn Ads: Tout savoir sur les publicit\u00e9s follower ads\" \/>\n<meta property=\"og:description\" content=\"Selon les objectifs de votre campagne publicitaire LinkedIn, vous pouvez optimiser l&rsquo;utilisation des publicit\u00e9s destin\u00e9es aux abonn\u00e9s pour \u00e9largir la port\u00e9e de votre marque et construire un r\u00e9seau en ligne de prospects potentiellement profitables. N&rsquo;avez-vous jamais eu recours aux publicit\u00e9s destin\u00e9es aux abonn\u00e9s LinkedIn ? Aucun souci ! Notre agence de publicit\u00e9 LinkedIn Getuplead, a [&hellip;]\" \/>\n<meta property=\"og:url\" content=\"https:\/\/getuplead.com\/fr\/agence-linkedin-ads\/campagne\/objectifs\/followers\/\" \/>\n<meta property=\"og:site_name\" content=\"SaaS PPC Agency | Getuplead\" \/>\n<meta name=\"twitter:card\" content=\"summary_large_image\" \/>\n<meta name=\"twitter:label1\" content=\"Dur\u00e9e de lecture estim\u00e9e\" \/>\n\t<meta name=\"twitter:data1\" content=\"6 minutes\" \/>\n<script type=\"application\/ld+json\" class=\"yoast-schema-graph\">{\"@context\":\"https:\/\/schema.org\",\"@graph\":[{\"@type\":\"WebPage\",\"@id\":\"https:\/\/getuplead.com\/fr\/agence-linkedin-ads\/campagne\/objectifs\/followers\/\",\"url\":\"https:\/\/getuplead.com\/fr\/agence-linkedin-ads\/campagne\/objectifs\/followers\/\",\"name\":\"LinkedIn Ads: Tout savoir sur les publicit\u00e9s follower ads\",\"isPartOf\":{\"@id\":\"https:\/\/getuplead.com\/#website\"},\"datePublished\":\"2025-05-11T18:27:21+00:00\",\"breadcrumb\":{\"@id\":\"https:\/\/getuplead.com\/fr\/agence-linkedin-ads\/campagne\/objectifs\/followers\/#breadcrumb\"},\"inLanguage\":\"fr-FR\",\"potentialAction\":[{\"@type\":\"ReadAction\",\"target\":[\"https:\/\/getuplead.com\/fr\/agence-linkedin-ads\/campagne\/objectifs\/followers\/\"]}]},{\"@type\":\"BreadcrumbList\",\"@id\":\"https:\/\/getuplead.com\/fr\/agence-linkedin-ads\/campagne\/objectifs\/followers\/#breadcrumb\",\"itemListElement\":[{\"@type\":\"ListItem\",\"position\":1,\"name\":\"Home\",\"item\":\"https:\/\/getuplead.com\/fr\/getuplead\/\"},{\"@type\":\"ListItem\",\"position\":2,\"name\":\"L&#8217;Agence LinkedIn Ads pour entreprises B2B SaaS et Tech\",\"item\":\"https:\/\/getuplead.com\/linkedin-advertising-agency\/\"},{\"@type\":\"ListItem\",\"position\":3,\"name\":\"Comment cr\u00e9er une campagne LinkedIn Ads rentable : le guide complet\",\"item\":\"https:\/\/getuplead.com\/linkedin-advertising-agency\/campaign\/\"},{\"@type\":\"ListItem\",\"position\":4,\"name\":\"Comment choisir le meilleur objectif de campagne LinkedIn Ads\",\"item\":\"https:\/\/getuplead.com\/fr\/agence-linkedin-ads\/campagne\/objectifs\/\"},{\"@type\":\"ListItem\",\"position\":5,\"name\":\"LinkedIn Ads: Tout savoir sur les publicit\u00e9s follower ads\"}]},{\"@type\":\"WebSite\",\"@id\":\"https:\/\/getuplead.com\/#website\",\"url\":\"https:\/\/getuplead.com\/\",\"name\":\"SaaS PPC Agency | Getuplead\",\"description\":\"\",\"publisher\":{\"@id\":\"https:\/\/getuplead.com\/#organization\"},\"potentialAction\":[{\"@type\":\"SearchAction\",\"target\":{\"@type\":\"EntryPoint\",\"urlTemplate\":\"https:\/\/getuplead.com\/?s={search_term_string}\"},\"query-input\":{\"@type\":\"PropertyValueSpecification\",\"valueRequired\":true,\"valueName\":\"search_term_string\"}}],\"inLanguage\":\"fr-FR\"},{\"@type\":\"Organization\",\"@id\":\"https:\/\/getuplead.com\/#organization\",\"name\":\"Getuplead\",\"url\":\"https:\/\/getuplead.com\/\",\"logo\":{\"@type\":\"ImageObject\",\"inLanguage\":\"fr-FR\",\"@id\":\"https:\/\/getuplead.com\/#\/schema\/logo\/image\/\",\"url\":\"https:\/\/getuplead.com\/wp-content\/uploads\/logo_getuplead.png\",\"contentUrl\":\"https:\/\/getuplead.com\/wp-content\/uploads\/logo_getuplead.png\",\"width\":1021,\"height\":275,\"caption\":\"Getuplead\"},\"image\":{\"@id\":\"https:\/\/getuplead.com\/#\/schema\/logo\/image\/\"}}]}<\/script>\n<!-- \/ Yoast SEO plugin. -->","yoast_head_json":{"title":"LinkedIn Ads: Tout savoir sur les publicit\u00e9s follower ads","robots":{"index":"index","follow":"follow","max-snippet":"max-snippet:-1","max-image-preview":"max-image-preview:large","max-video-preview":"max-video-preview:-1"},"canonical":"https:\/\/getuplead.com\/fr\/agence-linkedin-ads\/campagne\/objectifs\/followers\/","og_locale":"fr_FR","og_type":"article","og_title":"LinkedIn Ads: Tout savoir sur les publicit\u00e9s follower ads","og_description":"Selon les objectifs de votre campagne publicitaire LinkedIn, vous pouvez optimiser l&rsquo;utilisation des publicit\u00e9s destin\u00e9es aux abonn\u00e9s pour \u00e9largir la port\u00e9e de votre marque et construire un r\u00e9seau en ligne de prospects potentiellement profitables. N&rsquo;avez-vous jamais eu recours aux publicit\u00e9s destin\u00e9es aux abonn\u00e9s LinkedIn ? Aucun souci ! Notre agence de publicit\u00e9 LinkedIn Getuplead, a [&hellip;]","og_url":"https:\/\/getuplead.com\/fr\/agence-linkedin-ads\/campagne\/objectifs\/followers\/","og_site_name":"SaaS PPC Agency | Getuplead","twitter_card":"summary_large_image","twitter_misc":{"Dur\u00e9e de lecture estim\u00e9e":"6 minutes"},"schema":{"@context":"https:\/\/schema.org","@graph":[{"@type":"WebPage","@id":"https:\/\/getuplead.com\/fr\/agence-linkedin-ads\/campagne\/objectifs\/followers\/","url":"https:\/\/getuplead.com\/fr\/agence-linkedin-ads\/campagne\/objectifs\/followers\/","name":"LinkedIn Ads: Tout savoir sur les publicit\u00e9s follower ads","isPartOf":{"@id":"https:\/\/getuplead.com\/#website"},"datePublished":"2025-05-11T18:27:21+00:00","breadcrumb":{"@id":"https:\/\/getuplead.com\/fr\/agence-linkedin-ads\/campagne\/objectifs\/followers\/#breadcrumb"},"inLanguage":"fr-FR","potentialAction":[{"@type":"ReadAction","target":["https:\/\/getuplead.com\/fr\/agence-linkedin-ads\/campagne\/objectifs\/followers\/"]}]},{"@type":"BreadcrumbList","@id":"https:\/\/getuplead.com\/fr\/agence-linkedin-ads\/campagne\/objectifs\/followers\/#breadcrumb","itemListElement":[{"@type":"ListItem","position":1,"name":"Home","item":"https:\/\/getuplead.com\/fr\/getuplead\/"},{"@type":"ListItem","position":2,"name":"L&#8217;Agence LinkedIn Ads pour entreprises B2B SaaS et Tech","item":"https:\/\/getuplead.com\/linkedin-advertising-agency\/"},{"@type":"ListItem","position":3,"name":"Comment cr\u00e9er une campagne LinkedIn Ads rentable : le guide complet","item":"https:\/\/getuplead.com\/linkedin-advertising-agency\/campaign\/"},{"@type":"ListItem","position":4,"name":"Comment choisir le meilleur objectif de campagne LinkedIn Ads","item":"https:\/\/getuplead.com\/fr\/agence-linkedin-ads\/campagne\/objectifs\/"},{"@type":"ListItem","position":5,"name":"LinkedIn Ads: Tout savoir sur les publicit\u00e9s follower ads"}]},{"@type":"WebSite","@id":"https:\/\/getuplead.com\/#website","url":"https:\/\/getuplead.com\/","name":"SaaS PPC Agency | Getuplead","description":"","publisher":{"@id":"https:\/\/getuplead.com\/#organization"},"potentialAction":[{"@type":"SearchAction","target":{"@type":"EntryPoint","urlTemplate":"https:\/\/getuplead.com\/?s={search_term_string}"},"query-input":{"@type":"PropertyValueSpecification","valueRequired":true,"valueName":"search_term_string"}}],"inLanguage":"fr-FR"},{"@type":"Organization","@id":"https:\/\/getuplead.com\/#organization","name":"Getuplead","url":"https:\/\/getuplead.com\/","logo":{"@type":"ImageObject","inLanguage":"fr-FR","@id":"https:\/\/getuplead.com\/#\/schema\/logo\/image\/","url":"https:\/\/getuplead.com\/wp-content\/uploads\/logo_getuplead.png","contentUrl":"https:\/\/getuplead.com\/wp-content\/uploads\/logo_getuplead.png","width":1021,"height":275,"caption":"Getuplead"},"image":{"@id":"https:\/\/getuplead.com\/#\/schema\/logo\/image\/"}}]}},"_links":{"self":[{"href":"https:\/\/getuplead.com\/fr\/wp-json\/wp\/v2\/pages\/2713","targetHints":{"allow":["GET"]}}],"collection":[{"href":"https:\/\/getuplead.com\/fr\/wp-json\/wp\/v2\/pages"}],"about":[{"href":"https:\/\/getuplead.com\/fr\/wp-json\/wp\/v2\/types\/page"}],"author":[{"embeddable":true,"href":"https:\/\/getuplead.com\/fr\/wp-json\/wp\/v2\/users\/4"}],"replies":[{"embeddable":true,"href":"https:\/\/getuplead.com\/fr\/wp-json\/wp\/v2\/comments?post=2713"}],"version-history":[{"count":1,"href":"https:\/\/getuplead.com\/fr\/wp-json\/wp\/v2\/pages\/2713\/revisions"}],"predecessor-version":[{"id":2714,"href":"https:\/\/getuplead.com\/fr\/wp-json\/wp\/v2\/pages\/2713\/revisions\/2714"}],"up":[{"embeddable":true,"href":"https:\/\/getuplead.com\/fr\/wp-json\/wp\/v2\/pages\/2707"}],"wp:attachment":[{"href":"https:\/\/getuplead.com\/fr\/wp-json\/wp\/v2\/media?parent=2713"}],"curies":[{"name":"wp","href":"https:\/\/api.w.org\/{rel}","templated":true}]}}