{"id":2743,"date":"2024-05-14T18:07:40","date_gmt":"2024-05-14T16:07:40","guid":{"rendered":"https:\/\/getuplead.com\/campagne\/ciblage\/groupes\/"},"modified":"2024-06-25T15:37:22","modified_gmt":"2024-06-25T13:37:22","slug":"groupes","status":"publish","type":"page","link":"https:\/\/getuplead.com\/fr\/agence-linkedin-ads\/campagne\/ciblage\/groupes\/","title":{"rendered":"Comment bien utiliser le ciblage par groupes sur Linkedin Ads"},"content":{"rendered":"\n<p>Gr\u00e2ce aux <a href=\"https:\/\/getuplead.com\/linkedin-advertising-agency\/campaign\/targeting\/\">options de ciblage d&rsquo;audience LinkedIn Ads<\/a>, vous pouvez optimiser votre budget en visant les clients les plus susceptibles de g\u00e9n\u00e9rer une conversion ou les audiences qui ont d\u00e9j\u00e0 prouv\u00e9 leur efficacit\u00e9 avec vos publicit\u00e9s. Parmi toutes les oprions de ciblages les groupes LinkedIn s&rsquo;av\u00e8rent \u00eatre un choix judicieux \u00e0 tester.<\/p>\n\n<h2 class=\"wp-block-heading\"><strong>Qu&rsquo;est-ce que le ciblage de groupes dans la publicit\u00e9 LinkedIn ?<\/strong><\/h2>\n\n<p>Selon LinkedIn, les groupes sont des \u00ab\u00a0espaces o\u00f9 les membres ayant des int\u00e9r\u00eats communs ou faisant partie de r\u00e9seaux professionnels peuvent \u00e9changer, interagir et poser des questions\u00a0\u00bb.<\/p>\n\n<p>Les groupes LinkedIn sont pr\u00e9cieux pour de nombreux membres car ils leur permettent de rester inform\u00e9s sur les actualit\u00e9s et les tendances de leur secteur. Par cons\u00e9quent, le ciblage de ces groupes est particuli\u00e8rement avantageux pour les annonceurs. Les membres des groupes interagissent activement avec la plateforme en consommant du contenu, ce qui fait d&rsquo;eux des membres LinkedIn non seulement plus actifs, mais \u00e9galement plus r\u00e9ceptifs et plus enclins \u00e0 interagir avec du contenu publicitaire.  <\/p>\n\n<p>En utilisant le ciblage des groupes LinkedIn comme tactique de prospection, notre <a href=\"https:\/\/getuplead.com\/linkedin-advertising-agency\/\">agence de publicit\u00e9 LinkedIn<\/a> a constat\u00e9 un taux de clics deux fois plus \u00e9lev\u00e9 que toutes les autres campagnes de prospection promouvant le m\u00eame contenu.<\/p>\n\n<p class=\"has-text-align-left banner-case-study has-text-color has-background\" style=\"color:#0071a1;background-color:#eaf4f8\"><strong>\u00c9tude de cas :<\/strong> <a href=\"https:\/\/getuplead.com\/case-studies\/security-analytics\/\" data-type=\"page\" data-id=\"297\">D\u00e9couvrez comment nous avons g\u00e9n\u00e9r\u00e9 42% de leads qualifi\u00e9s en plus avec Linkedin Ads pour un logiciel de cybers\u00e9curit\u00e9<\/a><\/p>\n\n<h2 class=\"wp-block-heading\"><strong>Atteindre des audiences de niche sur LinkedIn en utilisant le ciblage de groupes<\/strong><\/h2>\n\n<p>Une raison courante pour laquelle les gens h\u00e9sitent \u00e0 faire de la publicit\u00e9 sur LinkedIn est le co\u00fbt. En toute franchise, cette pr\u00e9occupation est parfaitement justifi\u00e9e puisque les co\u00fbts par clic (CPC) sur LinkedIn sont plus de 7 fois sup\u00e9rieurs \u00e0 ceux d&rsquo;autres r\u00e9seaux sociaux. <\/p>\n\n<p>De ce fait, vous avez une marge d&rsquo;erreur tr\u00e8s restreinte, et il est essentiel de r\u00e9ussir d\u00e8s le premier essai pour obtenir un retour sur investissement (ROI) positif. Cet article, qui sert de point de d\u00e9part pour la plupart de nos campagnes LinkedIn, partage une strat\u00e9gie de ciblage que nous avons souvent adopt\u00e9e avec succ\u00e8s. <\/p>\n\n<p>Lorsqu&rsquo;une campagne LinkedIn dispose d&rsquo;un budget restreint, cibler un groupe de personnes tr\u00e8s sp\u00e9cifiques s&rsquo;av\u00e8re particuli\u00e8rement difficile. Nous avons constat\u00e9 qu&rsquo;\u00e0 chaque fois que nous faisions de la publicit\u00e9 pour quelque chose de tr\u00e8s pr\u00e9cis, les m\u00e9thodes traditionnelles se basant sur les intitul\u00e9s de postes et les secteurs d&rsquo;activit\u00e9 ne sont pas suffisamment efficaces. <\/p>\n\n<p>Dans certaines situations, nous privil\u00e9gions le ciblage de groupes pertinents pour toucher une audience plus pr\u00e9cise et cibl\u00e9e. Il est vrai que les titres de poste et\/ou les fonctions professionnelles peuvent \u00eatre inclus dans ce ciblage, mais nous avons observ\u00e9 que le ciblage par groupes nous permet d&rsquo;atteindre une audience plus sp\u00e9cifique et qualifi\u00e9e. <\/p>\n\n<p>Le ciblage par secteur a ses limites. La m\u00e9thode la plus efficace pour promouvoir un produit qui a un large int\u00e9r\u00eat est d&rsquo;utiliser les secteurs ou les fonctions professionnelles, mais si vous avez besoin d&rsquo;une approche plus pr\u00e9cise, vous pourriez manquer d&rsquo;options. <\/p>\n\n<p>Par exemple, si vous voulez promouvoir un livre blanc ou un webinaire aupr\u00e8s de personnes qui effectuent des tests de cybers\u00e9curit\u00e9. En utilisant l&rsquo;option \u00ab\u00a0cibler par fonctions\u00a0\u00bb sur LinkedIn, le plus proche que vous puissiez obtenir est de cibler ceux qui travaillent dans le domaine de \u00ab\u00a0l&rsquo;informatique\u00a0\u00bb : <\/p>\n\n<figure class=\"wp-block-image aligncenter size-full\"><img fetchpriority=\"high\" decoding=\"async\" width=\"481\" height=\"426\" src=\"https:\/\/getuplead.com\/wp-content\/uploads\/Screenshot-2022-05-28-at-17.27.44.png\" alt=\"ciblage des fonctions sur LinkedIn\" class=\"wp-image-736\"\/><\/figure>\n\n<p>Case Study:<a href=\"https:\/\/getuplead.com\/case-studies\/goramp\/\"> <\/a><a href=\"https:\/\/getuplead.com\/case-studies\/kodo\/\">D\u00e9couvrez comment nous avons g\u00e9n\u00e9r\u00e9s 167 % de prospects en plus avec LinkedIn Ads pour Kodo Survey<\/a><\/p>\n\n<p>Vous pourriez bien s\u00fbr essayer de cibler par titre de poste, qui offre certaines options pertinentes, mais recenser toutes les variations de titres de poste pertinents peut s&rsquo;av\u00e9rer inefficace et l\u00e9g\u00e8rement fastidieux, et il y a un risque \u00e9lev\u00e9 d&rsquo;oublier certains titres de poste cl\u00e9s.<\/p>\n\n<figure class=\"wp-block-image aligncenter size-full\"><img decoding=\"async\" width=\"758\" height=\"399\" src=\"https:\/\/getuplead.com\/wp-content\/uploads\/Screenshot-2022-05-28-at-17.30.09.png\" alt=\"ciblage des fonctions de poste sur LinkedIn\" class=\"wp-image-737\"\/><\/figure>\n\n<p>C&rsquo;est pr\u00e9cis\u00e9ment ici que le ciblage par \u00ab\u00a0Groupes de membres\u00a0\u00bb prend tout son sens.<\/p>\n\n<p>Le ciblage par groupe se base sur le fait que g\u00e9n\u00e9ralement les gens ne rejoignent que les groupes qui les int\u00e9ressent vraiment. Ainsi, faire de la publicit\u00e9 aupr\u00e8s des membres du groupe nous donne une assurance que notre message atteigne les bonnes personnes. <\/p>\n\n<p>En gardant \u00e0 l&rsquo;esprit notre objectif initial de cibler les personnes qui effectuent des tests de cybers\u00e9curit\u00e9, une rapide recherche sur LinkedIn r\u00e9v\u00e8le que les groupes suivants pourraient \u00eatre int\u00e9ressants \u00e0 cibler :<\/p>\n\n<figure class=\"wp-block-image aligncenter size-full\"><img decoding=\"async\" width=\"930\" height=\"741\" src=\"https:\/\/getuplead.com\/wp-content\/uploads\/Screenshot-2022-05-28-at-17.34.26.png\" alt=\"ciblage de groupe sur LinkedIn\" class=\"wp-image-738\" srcset=\"https:\/\/getuplead.com\/wp-content\/uploads\/Screenshot-2022-05-28-at-17.34.26.png 930w, https:\/\/getuplead.com\/wp-content\/uploads\/Screenshot-2022-05-28-at-17.34.26-768x612.png 768w\" sizes=\"(max-width: 930px) 100vw, 930px\" \/><\/figure>\n\n<p>Il n&rsquo;y a pas beaucoup d&rsquo;utilisateurs dans ces groupes, mais lorsqu&rsquo;il s&rsquo;agit d&rsquo;audiences tr\u00e8s sp\u00e9cifiques, moins signifie souvent meilleur. Si vous voulez \u00e9tendre votre port\u00e9e, vous n&rsquo;aurez pas beaucoup de mal \u00e0 trouver des groupes similaires li\u00e9s \u00e0 la s\u00e9curit\u00e9 informatique. <\/p>\n\n<p>Apr\u00e8s avoir ajust\u00e9 les options de ciblage pour \u00ab\u00a0Groupes de membres\u00a0\u00bb dans le gestionnaire de campagnes LinkedIn, nous voyons certains des groupes qui ont \u00e9t\u00e9 identifi\u00e9s ci-dessus ainsi que quelques autres options. Commencez \u00e0 \u00e9crire pour d\u00e9couvrir les groupes disponibles : <\/p>\n\n<figure class=\"wp-block-image aligncenter size-full\"><img loading=\"lazy\" decoding=\"async\" width=\"930\" height=\"468\" src=\"https:\/\/getuplead.com\/wp-content\/uploads\/Screenshot-2022-05-28-at-17.54.13.png\" alt=\"\" class=\"wp-image-739\" srcset=\"https:\/\/getuplead.com\/wp-content\/uploads\/Screenshot-2022-05-28-at-17.54.13.png 930w, https:\/\/getuplead.com\/wp-content\/uploads\/Screenshot-2022-05-28-at-17.54.13-768x386.png 768w\" sizes=\"(max-width: 930px) 100vw, 930px\" \/><\/figure>\n\n<p>C&rsquo;est une approche que vous voudrez peut-\u00eatre essayer la prochaine fois que vous cherchez \u00e0 cibler une audience tr\u00e8s sp\u00e9cifique !<\/p>\n\n<p><strong><em>Si vous souhaitez en savoir plus sur la fa\u00e7on dont nous aidons les entreprises B2B SaaS et Tech \u00e0 augmenter leur MRR gr\u00e2ce \u00e0 la publicit\u00e9 sur LinkedIn,<\/em><\/strong><a href=\"https:\/\/getuplead.com\/contact\/\"><strong><em>contacter en ligne<\/em><\/strong><\/a><strong><em> ou \u00e0 nous envoyer un e-mail d\u00e8s aujourd&rsquo;hui \u00e0 info@getuplead.com. Un membre de notre \u00e9quipe vous r\u00e9pondra. <\/em><\/strong><\/p>\n\n<p>Par ailleurs, vous pourriez \u00e9galement \u00eatre int\u00e9ress\u00e9 par :<\/p>\n\n<ul class=\"wp-block-list\">\n<li><a href=\"https:\/\/getuplead.com\/linkedin-advertising-agency\/campaign\/targeting\/audience-network\/\"><\/a><a href=\"https:\/\/getuplead.com\/linkedin-advertising-agency\/campaign\/targeting\/audience-network\/\">Qu&rsquo;est-ce que le LinkedIn Audience Network et comment l&rsquo;utiliser ?<\/a><\/li>\n\n\n\n<li><a href=\"https:\/\/getuplead.com\/linkedin-advertising-agency\/campaign\/targeting\/best-practices\/\">Ciblage LinkedIn Ads: 7 conseils pour optimiser vos publicit\u00e9s<\/a><\/li>\n\n\n\n<li><a href=\"https:\/\/getuplead.com\/linkedin-advertising-agency\/campaign\/targeting\/audience-expansion\/\">Qu&rsquo;est-ce que l&rsquo;expansion de l&rsquo;audience sur LinkedIn Ads ?<\/a><\/li>\n\n\n\n<li><a href=\"https:\/\/getuplead.com\/linkedin-advertising-agency\/campaign\/targeting\/interest\/\">Ciblage par centres d&rsquo;int\u00e9r\u00eat sur LinkedIn Ads: le guide complet<\/a><\/li>\n\n\n\n<li><a href=\"https:\/\/getuplead.com\/linkedin-advertising-agency\/campaign\/targeting\/matched-audiences\/\">Ciblage matched audience sur LinkedIn Ads: le guide complet<\/a><\/li>\n<\/ul>\n","protected":false},"excerpt":{"rendered":"<p>Gr\u00e2ce aux options de ciblage d&rsquo;audience LinkedIn Ads, vous pouvez optimiser votre budget en visant les clients les plus susceptibles de g\u00e9n\u00e9rer une conversion ou les audiences qui ont d\u00e9j\u00e0 prouv\u00e9 leur efficacit\u00e9 avec vos publicit\u00e9s. Parmi toutes les oprions de ciblages les groupes LinkedIn s&rsquo;av\u00e8rent \u00eatre un choix judicieux \u00e0 tester. Qu&rsquo;est-ce que le [&hellip;]<\/p>\n","protected":false},"author":4,"featured_media":0,"parent":2739,"menu_order":0,"comment_status":"closed","ping_status":"closed","template":"","meta":{"footnotes":""},"class_list":["post-2743","page","type-page","status-publish","hentry"],"yoast_head":"<!-- This site is optimized with the Yoast SEO plugin v25.7 - https:\/\/yoast.com\/wordpress\/plugins\/seo\/ -->\n<title>Comment bien utiliser le ciblage par groupes sur Linkedin Ads<\/title>\n<meta name=\"robots\" content=\"index, follow, max-snippet:-1, max-image-preview:large, max-video-preview:-1\" \/>\n<link rel=\"canonical\" href=\"https:\/\/getuplead.com\/fr\/agence-linkedin-ads\/campagne\/ciblage\/groupes\/\" \/>\n<meta property=\"og:locale\" content=\"fr_FR\" \/>\n<meta property=\"og:type\" content=\"article\" \/>\n<meta property=\"og:title\" content=\"Comment bien utiliser le ciblage par groupes sur Linkedin Ads\" \/>\n<meta property=\"og:description\" content=\"Gr\u00e2ce aux options de ciblage d&rsquo;audience LinkedIn Ads, vous pouvez optimiser votre budget en visant les clients les plus susceptibles de g\u00e9n\u00e9rer une conversion ou les audiences qui ont d\u00e9j\u00e0 prouv\u00e9 leur efficacit\u00e9 avec vos publicit\u00e9s. Parmi toutes les oprions de ciblages les groupes LinkedIn s&rsquo;av\u00e8rent \u00eatre un choix judicieux \u00e0 tester. Qu&rsquo;est-ce que le [&hellip;]\" \/>\n<meta property=\"og:url\" content=\"https:\/\/getuplead.com\/fr\/agence-linkedin-ads\/campagne\/ciblage\/groupes\/\" \/>\n<meta property=\"og:site_name\" content=\"SaaS PPC Agency | Getuplead\" \/>\n<meta property=\"article:modified_time\" content=\"2024-06-25T13:37:22+00:00\" \/>\n<meta property=\"og:image\" content=\"https:\/\/getuplead.com\/wp-content\/uploads\/Screenshot-2022-05-28-at-17.27.44.png\" \/>\n<meta name=\"twitter:card\" content=\"summary_large_image\" \/>\n<meta name=\"twitter:label1\" content=\"Dur\u00e9e de lecture estim\u00e9e\" \/>\n\t<meta name=\"twitter:data1\" content=\"5 minutes\" \/>\n<script type=\"application\/ld+json\" class=\"yoast-schema-graph\">{\"@context\":\"https:\/\/schema.org\",\"@graph\":[{\"@type\":\"WebPage\",\"@id\":\"https:\/\/getuplead.com\/fr\/agence-linkedin-ads\/campagne\/ciblage\/groupes\/\",\"url\":\"https:\/\/getuplead.com\/fr\/agence-linkedin-ads\/campagne\/ciblage\/groupes\/\",\"name\":\"Comment bien utiliser le ciblage par groupes sur Linkedin Ads\",\"isPartOf\":{\"@id\":\"https:\/\/getuplead.com\/#website\"},\"primaryImageOfPage\":{\"@id\":\"https:\/\/getuplead.com\/fr\/agence-linkedin-ads\/campagne\/ciblage\/groupes\/#primaryimage\"},\"image\":{\"@id\":\"https:\/\/getuplead.com\/fr\/agence-linkedin-ads\/campagne\/ciblage\/groupes\/#primaryimage\"},\"thumbnailUrl\":\"https:\/\/getuplead.com\/wp-content\/uploads\/Screenshot-2022-05-28-at-17.27.44.png\",\"datePublished\":\"2024-05-14T16:07:40+00:00\",\"dateModified\":\"2024-06-25T13:37:22+00:00\",\"breadcrumb\":{\"@id\":\"https:\/\/getuplead.com\/fr\/agence-linkedin-ads\/campagne\/ciblage\/groupes\/#breadcrumb\"},\"inLanguage\":\"fr-FR\",\"potentialAction\":[{\"@type\":\"ReadAction\",\"target\":[\"https:\/\/getuplead.com\/fr\/agence-linkedin-ads\/campagne\/ciblage\/groupes\/\"]}]},{\"@type\":\"ImageObject\",\"inLanguage\":\"fr-FR\",\"@id\":\"https:\/\/getuplead.com\/fr\/agence-linkedin-ads\/campagne\/ciblage\/groupes\/#primaryimage\",\"url\":\"https:\/\/getuplead.com\/wp-content\/uploads\/Screenshot-2022-05-28-at-17.27.44.png\",\"contentUrl\":\"https:\/\/getuplead.com\/wp-content\/uploads\/Screenshot-2022-05-28-at-17.27.44.png\"},{\"@type\":\"BreadcrumbList\",\"@id\":\"https:\/\/getuplead.com\/fr\/agence-linkedin-ads\/campagne\/ciblage\/groupes\/#breadcrumb\",\"itemListElement\":[{\"@type\":\"ListItem\",\"position\":1,\"name\":\"Home\",\"item\":\"https:\/\/getuplead.com\/fr\/getuplead\/\"},{\"@type\":\"ListItem\",\"position\":2,\"name\":\"L&#8217;Agence LinkedIn Ads pour entreprises B2B SaaS et Tech\",\"item\":\"https:\/\/getuplead.com\/linkedin-advertising-agency\/\"},{\"@type\":\"ListItem\",\"position\":3,\"name\":\"Comment cr\u00e9er une campagne LinkedIn Ads rentable : le guide complet\",\"item\":\"https:\/\/getuplead.com\/linkedin-advertising-agency\/campaign\/\"},{\"@type\":\"ListItem\",\"position\":4,\"name\":\"Ciblage LinkedIn Ads : le guide complet\",\"item\":\"https:\/\/getuplead.com\/fr\/agence-linkedin-ads\/campagne\/ciblage\/\"},{\"@type\":\"ListItem\",\"position\":5,\"name\":\"Comment bien utiliser le ciblage par groupes sur Linkedin Ads\"}]},{\"@type\":\"WebSite\",\"@id\":\"https:\/\/getuplead.com\/#website\",\"url\":\"https:\/\/getuplead.com\/\",\"name\":\"SaaS PPC Agency | Getuplead\",\"description\":\"\",\"publisher\":{\"@id\":\"https:\/\/getuplead.com\/#organization\"},\"potentialAction\":[{\"@type\":\"SearchAction\",\"target\":{\"@type\":\"EntryPoint\",\"urlTemplate\":\"https:\/\/getuplead.com\/?s={search_term_string}\"},\"query-input\":{\"@type\":\"PropertyValueSpecification\",\"valueRequired\":true,\"valueName\":\"search_term_string\"}}],\"inLanguage\":\"fr-FR\"},{\"@type\":\"Organization\",\"@id\":\"https:\/\/getuplead.com\/#organization\",\"name\":\"Getuplead\",\"url\":\"https:\/\/getuplead.com\/\",\"logo\":{\"@type\":\"ImageObject\",\"inLanguage\":\"fr-FR\",\"@id\":\"https:\/\/getuplead.com\/#\/schema\/logo\/image\/\",\"url\":\"https:\/\/getuplead.com\/wp-content\/uploads\/logo_getuplead.png\",\"contentUrl\":\"https:\/\/getuplead.com\/wp-content\/uploads\/logo_getuplead.png\",\"width\":1021,\"height\":275,\"caption\":\"Getuplead\"},\"image\":{\"@id\":\"https:\/\/getuplead.com\/#\/schema\/logo\/image\/\"}}]}<\/script>\n<!-- \/ Yoast SEO plugin. -->","yoast_head_json":{"title":"Comment bien utiliser le ciblage par groupes sur Linkedin Ads","robots":{"index":"index","follow":"follow","max-snippet":"max-snippet:-1","max-image-preview":"max-image-preview:large","max-video-preview":"max-video-preview:-1"},"canonical":"https:\/\/getuplead.com\/fr\/agence-linkedin-ads\/campagne\/ciblage\/groupes\/","og_locale":"fr_FR","og_type":"article","og_title":"Comment bien utiliser le ciblage par groupes sur Linkedin Ads","og_description":"Gr\u00e2ce aux options de ciblage d&rsquo;audience LinkedIn Ads, vous pouvez optimiser votre budget en visant les clients les plus susceptibles de g\u00e9n\u00e9rer une conversion ou les audiences qui ont d\u00e9j\u00e0 prouv\u00e9 leur efficacit\u00e9 avec vos publicit\u00e9s. Parmi toutes les oprions de ciblages les groupes LinkedIn s&rsquo;av\u00e8rent \u00eatre un choix judicieux \u00e0 tester. Qu&rsquo;est-ce que le [&hellip;]","og_url":"https:\/\/getuplead.com\/fr\/agence-linkedin-ads\/campagne\/ciblage\/groupes\/","og_site_name":"SaaS PPC Agency | Getuplead","article_modified_time":"2024-06-25T13:37:22+00:00","og_image":[{"url":"https:\/\/getuplead.com\/wp-content\/uploads\/Screenshot-2022-05-28-at-17.27.44.png","type":"","width":"","height":""}],"twitter_card":"summary_large_image","twitter_misc":{"Dur\u00e9e de lecture estim\u00e9e":"5 minutes"},"schema":{"@context":"https:\/\/schema.org","@graph":[{"@type":"WebPage","@id":"https:\/\/getuplead.com\/fr\/agence-linkedin-ads\/campagne\/ciblage\/groupes\/","url":"https:\/\/getuplead.com\/fr\/agence-linkedin-ads\/campagne\/ciblage\/groupes\/","name":"Comment bien utiliser le ciblage par groupes sur Linkedin Ads","isPartOf":{"@id":"https:\/\/getuplead.com\/#website"},"primaryImageOfPage":{"@id":"https:\/\/getuplead.com\/fr\/agence-linkedin-ads\/campagne\/ciblage\/groupes\/#primaryimage"},"image":{"@id":"https:\/\/getuplead.com\/fr\/agence-linkedin-ads\/campagne\/ciblage\/groupes\/#primaryimage"},"thumbnailUrl":"https:\/\/getuplead.com\/wp-content\/uploads\/Screenshot-2022-05-28-at-17.27.44.png","datePublished":"2024-05-14T16:07:40+00:00","dateModified":"2024-06-25T13:37:22+00:00","breadcrumb":{"@id":"https:\/\/getuplead.com\/fr\/agence-linkedin-ads\/campagne\/ciblage\/groupes\/#breadcrumb"},"inLanguage":"fr-FR","potentialAction":[{"@type":"ReadAction","target":["https:\/\/getuplead.com\/fr\/agence-linkedin-ads\/campagne\/ciblage\/groupes\/"]}]},{"@type":"ImageObject","inLanguage":"fr-FR","@id":"https:\/\/getuplead.com\/fr\/agence-linkedin-ads\/campagne\/ciblage\/groupes\/#primaryimage","url":"https:\/\/getuplead.com\/wp-content\/uploads\/Screenshot-2022-05-28-at-17.27.44.png","contentUrl":"https:\/\/getuplead.com\/wp-content\/uploads\/Screenshot-2022-05-28-at-17.27.44.png"},{"@type":"BreadcrumbList","@id":"https:\/\/getuplead.com\/fr\/agence-linkedin-ads\/campagne\/ciblage\/groupes\/#breadcrumb","itemListElement":[{"@type":"ListItem","position":1,"name":"Home","item":"https:\/\/getuplead.com\/fr\/getuplead\/"},{"@type":"ListItem","position":2,"name":"L&#8217;Agence LinkedIn Ads pour entreprises B2B SaaS et Tech","item":"https:\/\/getuplead.com\/linkedin-advertising-agency\/"},{"@type":"ListItem","position":3,"name":"Comment cr\u00e9er une campagne LinkedIn Ads rentable : le guide complet","item":"https:\/\/getuplead.com\/linkedin-advertising-agency\/campaign\/"},{"@type":"ListItem","position":4,"name":"Ciblage LinkedIn Ads : le guide complet","item":"https:\/\/getuplead.com\/fr\/agence-linkedin-ads\/campagne\/ciblage\/"},{"@type":"ListItem","position":5,"name":"Comment bien utiliser le ciblage par groupes sur Linkedin Ads"}]},{"@type":"WebSite","@id":"https:\/\/getuplead.com\/#website","url":"https:\/\/getuplead.com\/","name":"SaaS PPC Agency | Getuplead","description":"","publisher":{"@id":"https:\/\/getuplead.com\/#organization"},"potentialAction":[{"@type":"SearchAction","target":{"@type":"EntryPoint","urlTemplate":"https:\/\/getuplead.com\/?s={search_term_string}"},"query-input":{"@type":"PropertyValueSpecification","valueRequired":true,"valueName":"search_term_string"}}],"inLanguage":"fr-FR"},{"@type":"Organization","@id":"https:\/\/getuplead.com\/#organization","name":"Getuplead","url":"https:\/\/getuplead.com\/","logo":{"@type":"ImageObject","inLanguage":"fr-FR","@id":"https:\/\/getuplead.com\/#\/schema\/logo\/image\/","url":"https:\/\/getuplead.com\/wp-content\/uploads\/logo_getuplead.png","contentUrl":"https:\/\/getuplead.com\/wp-content\/uploads\/logo_getuplead.png","width":1021,"height":275,"caption":"Getuplead"},"image":{"@id":"https:\/\/getuplead.com\/#\/schema\/logo\/image\/"}}]}},"_links":{"self":[{"href":"https:\/\/getuplead.com\/fr\/wp-json\/wp\/v2\/pages\/2743","targetHints":{"allow":["GET"]}}],"collection":[{"href":"https:\/\/getuplead.com\/fr\/wp-json\/wp\/v2\/pages"}],"about":[{"href":"https:\/\/getuplead.com\/fr\/wp-json\/wp\/v2\/types\/page"}],"author":[{"embeddable":true,"href":"https:\/\/getuplead.com\/fr\/wp-json\/wp\/v2\/users\/4"}],"replies":[{"embeddable":true,"href":"https:\/\/getuplead.com\/fr\/wp-json\/wp\/v2\/comments?post=2743"}],"version-history":[{"count":1,"href":"https:\/\/getuplead.com\/fr\/wp-json\/wp\/v2\/pages\/2743\/revisions"}],"predecessor-version":[{"id":2744,"href":"https:\/\/getuplead.com\/fr\/wp-json\/wp\/v2\/pages\/2743\/revisions\/2744"}],"up":[{"embeddable":true,"href":"https:\/\/getuplead.com\/fr\/wp-json\/wp\/v2\/pages\/2739"}],"wp:attachment":[{"href":"https:\/\/getuplead.com\/fr\/wp-json\/wp\/v2\/media?parent=2743"}],"curies":[{"name":"wp","href":"https:\/\/api.w.org\/{rel}","templated":true}]}}