{"id":2757,"date":"2024-05-21T11:13:14","date_gmt":"2024-05-21T09:13:14","guid":{"rendered":"https:\/\/getuplead.com\/types-publicites\/event\/"},"modified":"2024-06-29T17:56:27","modified_gmt":"2024-06-29T15:56:27","slug":"event","status":"publish","type":"page","link":"https:\/\/getuplead.com\/fr\/agence-linkedin-ads\/types-publicites\/event\/","title":{"rendered":"Comment cr\u00e9er une publicit\u00e9 Event Ad sur LinkedIn [Guide]"},"content":{"rendered":"\n<p>Si vous \u00eates d\u00e9j\u00e0 habitu\u00e9 \u00e0 la publicit\u00e9 sur LinkedIn, vous savez qu&rsquo;il existe plusieurs <a href=\"https:\/\/getuplead.com\/linkedin-advertising-agency\/ads-types\/\" target=\"_blank\" rel=\"noreferrer noopener\">types d&rsquo;annonces LinkedIn<\/a> \u00e0 utiliser, selon l&rsquo;objectif de votre campagne.<\/p>\n\n<p>Dans cet article, nous vous faisons d\u00e9couvrir les Event Ads LinkedIn, et comment elles peuvent \u00eatre particuli\u00e8rement b\u00e9n\u00e9fiques pour vous.<\/p>\n\n<h2 class=\"wp-block-heading\">Que sont les Event Ads LinkedIn ?<\/h2>\n\n<p>Les LinkedIn Event Ads proposent aux utilisateurs de cr\u00e9er ou de rejoindre divers \u00e9v\u00e9nements professionnels en ligne, tels que des s\u00e9minaires, des ateliers, des webinaires, etc. En tant que marketeur, cette fonctionnalit\u00e9 vous offre l&rsquo;opportunit\u00e9 d&rsquo;accro\u00eetre la visibilit\u00e9 de votre marque et d&rsquo;\u00e9tablir des contacts avec de potentiels partenaires et clients. <\/p>\n\n<p>LinkedIn vous donne la possibilit\u00e9 de cr\u00e9er des campagnes publicitaires sp\u00e9cifiquement con\u00e7ues pour promouvoir un \u00e9v\u00e9nement organis\u00e9 par votre marque.<\/p>\n\n<p class=\"has-text-align-left banner-case-study has-text-color has-background\" style=\"color:#0071a1;background-color:#eaf4f8\"><strong>\u00c9tude de cas :<\/strong> <a href=\"https:\/\/getuplead.com\/case-studies\/security-analytics\/\" data-type=\"page\" data-id=\"297\">D\u00e9couvrez comment nous avons g\u00e9n\u00e9r\u00e9 42% de leads qualifi\u00e9s en plus avec Linkedin Ads pour un logiciel de cybers\u00e9curit\u00e9<\/a><\/p>\n\n<h2 class=\"wp-block-heading\">Pourquoi utiliser les Event Ads LinkedIn<\/h2>\n\n<p>Les Event Ads LinkedIn peuvent vous aider \u00e0 atteindre deux objectifs \u00e0 la fois : g\u00e9n\u00e9rer des leads et sensibiliser votre audience tout en cr\u00e9ant des relations avec des utilisateurs LinkedIn pertinents (votre public cible).<\/p>\n\n<p>Les \u00e9v\u00e9nements en ligne vous permettent d&rsquo;offrir quelque chose d&rsquo;unique, comme un s\u00e9minaire professionnel, \u00e0 votre public cible qui peut ainsi d\u00e9couvrir tout ce que votre marque a \u00e0 offrir.<\/p>\n\n<p>Parmi les autres avantages, on peut citer :<\/p>\n\n<ul class=\"wp-block-list\">\n<li>La possibilit\u00e9 d&rsquo;organiser un \u00e9v\u00e9nement dans un espace de confiance, accessible uniquement sur invitation, attirant ainsi un public cibl\u00e9 et int\u00e9ress\u00e9 par votre marque.<\/li>\n\n\n\n<li>L&rsquo;\u00e9tablissement d&rsquo;un lien avec les prospects et la cr\u00e9ation d&rsquo;une communaut\u00e9.<\/li>\n\n\n\n<li>L&rsquo;utilisation subtile d&rsquo;un \u00e9v\u00e9nement en ligne pour promouvoir vos produits et services.<\/li>\n\n\n\n<li>L&rsquo;organisation d&rsquo;un \u00e9v\u00e9nement captivant mis en place gratuitement.<\/li>\n\n\n\n<li>La capacit\u00e9 de suivre le retour sur investissement de votre \u00e9v\u00e9nement gr\u00e2ce \u00e0 l&rsquo;option de publicit\u00e9.<\/li>\n<\/ul>\n\n<h2 class=\"wp-block-heading\">Comment cr\u00e9er un \u00e9v\u00e9nement LinkedIn<\/h2>\n\n<p>La cr\u00e9ation d&rsquo;un \u00e9v\u00e9nement LinkedIn n\u00e9cessite quelques \u00e9tapes. Tout d&rsquo;abord, vous devez d\u00e9terminer le type d&rsquo;\u00e9v\u00e9nement que vous souhaitez organiser. <\/p>\n\n<h3 class=\"wp-block-heading\">Types d&rsquo;\u00e9v\u00e9nements LinkedIn<\/h3>\n\n<p>Souvent appel\u00e9s \u00ab\u00a0rencontres professionnelles\u00a0\u00bb, les \u00e9v\u00e9nements en ligne LinkedIn offrent plusieurs options :<\/p>\n\n<ul class=\"wp-block-list\">\n<li>Conf\u00e9rences et s\u00e9minaires : Id\u00e9al pour montrer vos connaissances, votre exp\u00e9rience et votre leadership dans votre secteur d&rsquo;activit\u00e9. Ces \u00e9v\u00e9nements sont particuli\u00e8rement utiles si vous voulez renforcer votre communaut\u00e9. M\u00eame si votre entreprise est relativement nouvelle, vous pourrez montrer ce que vous avez \u00e0 offrir et en quoi cela pourrait aider votre public cible.   <\/li>\n\n\n\n<li>\u00c9v\u00e9nements de networking : LinkedIn \u00e9tant une plateforme ax\u00e9e sur le r\u00e9seautage professionnel, vous pouvez y organiser des \u00e9v\u00e9nements de networking tels que des sessions interactives de questions-r\u00e9ponses, des cocktails virtuels, etc. De plus, de part la nature professionnelle de la plateforme, vous \u00eates s\u00fbr de vous adresser \u00e0 une audience pertinente et non pas au premier internaute venu.   <\/li>\n\n\n\n<li>Mises \u00e0 jour des produits\/services : Si vous lancez ou mettez \u00e0 jour un service ou un produit, un \u00e9v\u00e9nement peut vous aider \u00e0 le faire de mani\u00e8re interactive (ce qui peut \u00eatre utile si votre audience a des questions concernant votre offre). <\/li>\n\n\n\n<li>Ateliers : Ils permettent d&rsquo;interagir avec les utilisateurs en leur apprenant quelque chose de pertinent sur votre secteur d&rsquo;activit\u00e9, ce qui peut aider \u00e0 cr\u00e9er une communaut\u00e9, \u00e0 pr\u00e9senter vos comp\u00e9tences et \u00e0 promouvoir votre marque.  <\/li>\n<\/ul>\n\n<h3 class=\"wp-block-heading\">Param\u00e9trer vos Event Ads LinkedIn<\/h3>\n\n<p>Une fois que vous avez choisi le type d&rsquo;\u00e9v\u00e9nement que vous voulez organiser, il vous reste \u00e0 le mettre en place. Pour cela, vous devez avoir une page LinkedIn d\u00e9di\u00e9e \u00e0 votre marque, ainsi qu&rsquo;une page personnelle.  <\/p>\n\n<p>Pour cr\u00e9er un \u00e9v\u00e9nement, allez dans Outils d&rsquo;administration &gt; Cr\u00e9er un \u00e9v\u00e9nement. Vous devez inclure des informations telles que : <\/p>\n\n<ul class=\"wp-block-list\">\n<li>D\u00e9tails de l&rsquo;\u00e9v\u00e9nement : nom, heure (soyez pr\u00e9cis concernant le fuseau horaire), h\u00f4te, une br\u00e8ve description, et les intervenants \u00e9ventuels.<\/li>\n\n\n\n<li>Param\u00e8tres : D\u00e9finir si l&rsquo;\u00e9v\u00e9nement sera public ou priv\u00e9 (sur invitation uniquement). <\/li>\n\n\n\n<li>Lieu : Pour un \u00e9v\u00e9nement en ligne, cochez \u00ab\u00a0Ceci est un \u00e9v\u00e9nement en ligne\u00a0\u00bb.  <\/li>\n\n\n\n<li>Lien d&rsquo;inscription\/diffusion : Comment les participants pourront acc\u00e9der \u00e0 l&rsquo;\u00e9v\u00e9nement.<\/li>\n<\/ul>\n\n<p>Apr\u00e8s avoir rempli ces champs, cliquez sur \u00ab\u00a0Cr\u00e9er\u00a0\u00bb. L&rsquo;\u00e9tape suivante consiste \u00e0 cr\u00e9er votre audience. <\/p>\n\n<h3 class=\"wp-block-heading\">Inviter une audience<\/h3>\n\n<p>C&rsquo;est une \u00e9tape cruciale, car sans public, personne ne profitera de votre offre ! LinkedIn vous aidera \u00e0 trouver le public le plus appropri\u00e9 pour votre \u00e9v\u00e9nement, mais vous devez aussi faire votre part du travail. <\/p>\n\n<p>Vous pouvez utiliser des outils pratiques tels que les hashtags et une option \u00ab\u00a0Inviter\u00a0\u00bb strat\u00e9giquement plac\u00e9e pour une exposition suppl\u00e9mentaire. <\/p>\n\n<p>La premi\u00e8re \u00e9tape pour constituer une audience consiste \u00e0 uploader vos contacts LinkedIn actuels susceptibles de correspondre au public que vous visez. Il est \u00e9vident que toutes vos connexions ne seront pas pertinentes, mais la bonne nouvelle, c&rsquo;est que vous pouvez filtrer et ajouter celles qui le sont, et exclure les autres.  <\/p>\n\n<p>Voici les options de filtrage :<\/p>\n\n<ul class=\"wp-block-list\">\n<li>\u00ab\u00a0Entreprise actuelle\u00a0\u00bb : Pour filtrer les contacts qui travaillent actuellement pour\/avec vous. <\/li>\n\n\n\n<li>\u00ab\u00a0\u00c9coles\/\u00e9tablissements d&rsquo;enseignement\u00a0\u00bb : Pour filtrer les contacts en fonction des \u00e9tablissements qu&rsquo;ils ont fr\u00e9quent\u00e9s.  <\/li>\n\n\n\n<li>Lieu : Filtrer par emplacement g\u00e9ographique.  <\/li>\n\n\n\n<li>Secteur d&rsquo;activit\u00e9 : Pour affiner les contacts dans votre secteur d&rsquo;activit\u00e9 ou dans divers secteurs pertinents.   <\/li>\n<\/ul>\n\n<p>Ensuite, partagez l&rsquo;\u00e9v\u00e9nement sur votre page et sur votre fil d&rsquo;actualit\u00e9 en cliquant sur le menu d\u00e9roulant. Vous avez \u00e9galement la possibilit\u00e9 de le diffuser via InMail, Facebook, Twitter, etc. <\/p>\n\n<p class=\"has-text-align-left banner-case-study has-text-color has-background\" style=\"color:#0071a1;background-color:#eaf4f8\"><strong>\u00c9tude de cas :<\/strong> <a href=\"https:\/\/getuplead.com\/fr\/cas-clients\/kodo\/\" data-type=\"page\" data-id=\"339\">D\u00e9couvrez comment nous avons g\u00e9n\u00e9r\u00e9s 167 % de prospects en plus avec LinkedIn Ads pour Kodo Survey<\/a><\/p>\n\n<h2 class=\"wp-block-heading\">Promouvoir votre \u00e9v\u00e9nement<\/h2>\n\n<p>La promotion est un aspect important de toute publicit\u00e9. La bonne nouvelle, c&rsquo;est que c&rsquo;est simple comme bonjour ! <\/p>\n\n<p>Apr\u00e8s avoir cr\u00e9\u00e9 votre campagne et constitu\u00e9 votre audience, la derni\u00e8re \u00e9tape consiste \u00e0 la promouvoir. Rendez-vous dans le \u00ab\u00a0Gestionnaire de campagnes\u00a0\u00bb et commencez \u00e0 cr\u00e9er une Event Ads. Vous pouvez utiliser un groupe de campagne existant ou en cr\u00e9er un nouveau. Choisissez ensuite l&rsquo;un des objectifs \u00e9num\u00e9r\u00e9s, comme \u00ab\u00a0notori\u00e9t\u00e9 de la marque\u00a0\u00bb ou \u00ab\u00a0g\u00e9n\u00e9ration de leads\u00a0\u00bb.   <\/p>\n\n<p>Voici les \u00e9tapes suivantes :<\/p>\n\n<ul class=\"wp-block-list\">\n<li>Modifiez tous les d\u00e9tails de votre campagne, comme le public, le format, le budget, etc. \u00c9videmment, le format dans ce cas-ci est \u00ab\u00a0Event Ad\u00a0\u00bb.  <\/li>\n\n\n\n<li>Parcourez le contenu existant. <\/li>\n\n\n\n<li>Donnez un nom \u00e0 votre campagne, r\u00e9digez une introduction et incluez le lien vers l&rsquo;\u00e9v\u00e9nement. <\/li>\n\n\n\n<li>Cliquez sur \u00ab\u00a0Cr\u00e9er\u00a0\u00bb.<\/li>\n\n\n\n<li>Vous serez encourag\u00e9 \u00e0 v\u00e9rifier votre contenu et \u00e0 y apporter les modifications n\u00e9cessaires ou \u00e0 ajouter des d\u00e9tails suppl\u00e9mentaires. <\/li>\n\n\n\n<li>Cliquez sur \u00ab\u00a0Lancer la campagne\u00a0\u00bb.<\/li>\n<\/ul>\n\n<h2 class=\"wp-block-heading\">Modalit\u00e9s et caract\u00e9ristiques des Event Ads<\/h2>\n\n<p>Chaque format d&rsquo;annonce sur LinkedIn poss\u00e8de ses propres modalit\u00e9s et caract\u00e9ristiques : <\/p>\n\n<ul class=\"wp-block-list\">\n<li>Le ratio de l&rsquo;image publicitaire doit \u00eatre de 4:1.<\/li>\n\n\n\n<li>Le nom de l&rsquo;\u00e9v\u00e9nement ne doit pas d\u00e9passer 255 caract\u00e8res. <\/li>\n\n\n\n<li>Le texte d&rsquo;introduction ne doit pas d\u00e9passer 600 caract\u00e8res. <\/li>\n\n\n\n<li>Vous devez inclure l&rsquo;URL de l&rsquo;\u00e9v\u00e9nement, qui doit \u00eatre sp\u00e9cifi\u00e9e comme \u00ab\u00a0URL de la page de l&rsquo;\u00e9v\u00e9nement LinkedIn\u00a0\u00bb.<\/li>\n\n\n\n<li>Le pr\u00e9fixe de l&rsquo;URL doit \u00eatre http:\/\/ ou https:\/\/.<\/li>\n\n\n\n<li>Les URL de destination ne doivent pas d\u00e9passer une limite de 2000 caract\u00e8res.<\/li>\n<\/ul>\n\n<h2 class=\"wp-block-heading\">Conclusion<\/h2>\n\n<p>Vous \u00eates maintenant pr\u00eat \u00e0 lancer votre premi\u00e8re Event Ad LinkedIn. En suivant les \u00e9tapes et instructions ci-dessus, votre annonce sera correctement configur\u00e9e et diffus\u00e9e, et devrait g\u00e9n\u00e9rer les r\u00e9sultats escompt\u00e9s. Cependant, vous pouvez aussi faire appel \u00e0 une <a href=\"https:\/\/getuplead.com\/linkedin-advertising-agency\/\" target=\"_blank\" rel=\"noreferrer noopener\">agence publicitaire LinkedIn<\/a> pour vous aider.  <\/p>\n\n<p>Comme pour les autres options publicitaires de LinkedIn, vous pouvez surveiller vos indicateurs de performance \u00e0 tout moment pour \u00e9valuer l&rsquo;efficacit\u00e9 de votre campagne. <\/p>\n\n<p><em><strong><em><strong><em><strong><em><strong><em>Si vous souhaitez en savoir plus sur la fa\u00e7on dont nous aidons les entreprises B2B SaaS et Tech \u00e0 augmenter leur MRR gr\u00e2ce \u00e0 la publicit\u00e9 sur LinkedIn, n\u2019h\u00e9sitez pas \u00e0 nous <a href=\"https:\/\/getuplead.com\/contact\/\" target=\"_blank\" rel=\"noreferrer noopener\">contacter en ligne<\/a> ou \u00e0 nous envoyer un e-mail d\u00e8s aujourd\u2019hui \u00e0 <a href=\"mailto:info@getuplead.com\" target=\"_blank\" rel=\"noreferrer noopener\">info@getuplead.com<\/a>. Un membre de notre \u00e9quipe vous r\u00e9pondra.<\/em><\/strong><\/em><\/strong><\/em><\/strong><\/em><\/strong><\/em><\/p>\n\n<p>Par ailleurs, vous pourriez \u00e9galement \u00eatre int\u00e9ress\u00e9 par :<\/p>\n\n<ul class=\"wp-block-list\">\n<li><a href=\"https:\/\/getuplead.com\/linkedin-advertising-agency\/ads-types\/dynamic-ads\/\" target=\"_blank\" rel=\"noreferrer noopener\"><\/a><a href=\"https:\/\/getuplead.com\/linkedin-advertising-agency\/ads-types\/dynamic-ads\/\">Les publicit\u00e9s dynamiques sur Linkedin Ads: Le guide pratique<\/a><\/li>\n\n\n\n<li><a href=\"https:\/\/getuplead.com\/linkedin-advertising-agency\/ads-types\/text\/\" target=\"_blank\" rel=\"noreferrer noopener\"><\/a><a href=\"https:\/\/getuplead.com\/linkedin-advertising-agency\/ads-types\/text\/\">Comment cr\u00e9er une campagne Text Ads sur Linkedin [Guide pas-\u00e0-pas]<\/a><\/li>\n\n\n\n<li><a href=\"https:\/\/getuplead.com\/linkedin-advertising-agency\/ads-types\/message\/\" target=\"_blank\" rel=\"noreferrer noopener\"><\/a><a href=\"https:\/\/getuplead.com\/linkedin-advertising-agency\/ads-types\/message\/\">Comment cr\u00e9er une campagne inMails sur Linkedin [Guide pas-\u00e0-pas]<\/a><\/li>\n\n\n\n<li><a href=\"https:\/\/getuplead.com\/linkedin-advertising-agency\/ads-types\/sizes\/\" target=\"_blank\" rel=\"noreferrer noopener\"><\/a><a href=\"https:\/\/getuplead.com\/linkedin-advertising-agency\/ads-types\/sizes\/\">Le guide de la taille des images sur Linkedin Ads en 2023<\/a><\/li>\n\n\n\n<li><a href=\"https:\/\/getuplead.com\/linkedin-advertising-agency\/ads-types\/copy\/\" target=\"_blank\" rel=\"noreferrer noopener\"><\/a><a href=\"https:\/\/getuplead.com\/linkedin-advertising-agency\/ads-types\/copy\/\">Copywriting Linkedin Ads : comment \u00e9crire du contenu qui convertit<\/a><\/li>\n\n\n\n<li><a href=\"https:\/\/getuplead.com\/linkedin-advertising-agency\/ads-types\/document\/\" target=\"_blank\" rel=\"noreferrer noopener\"><\/a><a href=\"https:\/\/getuplead.com\/linkedin-advertising-agency\/ads-types\/document\/\">Comment cr\u00e9er une campagne Document Ads sur Linkedin [Guide]<\/a><\/li>\n\n\n\n<li><a href=\"https:\/\/getuplead.com\/linkedin-advertising-agency\/ads-types\/sponsored\/\"><\/a><a href=\"https:\/\/getuplead.com\/linkedin-advertising-agency\/ads-types\/sponsored\/\">Comment cr\u00e9er une campagne Document Ads sur Linkedin [Guide]<\/a><\/li>\n\n\n\n<li><a href=\"https:\/\/getuplead.com\/linkedin-advertising-agency\/ads-types\/boost-post\/\"><\/a><a href=\"https:\/\/getuplead.com\/linkedin-advertising-agency\/ads-types\/boost-post\/\">How to Boost a Post on Linkedin: A Complete Guide<\/a><\/li>\n<\/ul>\n","protected":false},"excerpt":{"rendered":"<p>Si vous \u00eates d\u00e9j\u00e0 habitu\u00e9 \u00e0 la publicit\u00e9 sur LinkedIn, vous savez qu&rsquo;il existe plusieurs types d&rsquo;annonces LinkedIn \u00e0 utiliser, selon l&rsquo;objectif de votre campagne. Dans cet article, nous vous faisons d\u00e9couvrir les Event Ads LinkedIn, et comment elles peuvent \u00eatre particuli\u00e8rement b\u00e9n\u00e9fiques pour vous. Que sont les Event Ads LinkedIn ? Les LinkedIn Event [&hellip;]<\/p>\n","protected":false},"author":4,"featured_media":0,"parent":2755,"menu_order":0,"comment_status":"closed","ping_status":"closed","template":"","meta":{"footnotes":""},"class_list":["post-2757","page","type-page","status-publish","hentry"],"yoast_head":"<!-- This site is optimized with the Yoast SEO plugin v25.7 - https:\/\/yoast.com\/wordpress\/plugins\/seo\/ -->\n<title>Comment cr\u00e9er une publicit\u00e9 Event Ad sur LinkedIn [Guide]<\/title>\n<meta name=\"robots\" content=\"index, follow, max-snippet:-1, max-image-preview:large, max-video-preview:-1\" \/>\n<link rel=\"canonical\" href=\"https:\/\/getuplead.com\/linkedin-advertising-agency\/ads-types\/event\/\" \/>\n<meta property=\"og:locale\" content=\"fr_FR\" \/>\n<meta property=\"og:type\" content=\"article\" \/>\n<meta property=\"og:title\" content=\"Comment cr\u00e9er une publicit\u00e9 Event Ad sur LinkedIn [Guide]\" \/>\n<meta property=\"og:description\" content=\"Si vous \u00eates d\u00e9j\u00e0 habitu\u00e9 \u00e0 la publicit\u00e9 sur LinkedIn, vous savez qu&rsquo;il existe plusieurs types d&rsquo;annonces LinkedIn \u00e0 utiliser, selon l&rsquo;objectif de votre campagne. Dans cet article, nous vous faisons d\u00e9couvrir les Event Ads LinkedIn, et comment elles peuvent \u00eatre particuli\u00e8rement b\u00e9n\u00e9fiques pour vous. Que sont les Event Ads LinkedIn ? Les LinkedIn Event [&hellip;]\" \/>\n<meta property=\"og:url\" content=\"https:\/\/getuplead.com\/linkedin-advertising-agency\/ads-types\/event\/\" \/>\n<meta property=\"og:site_name\" content=\"SaaS PPC Agency | Getuplead\" \/>\n<meta property=\"article:modified_time\" content=\"2024-06-29T15:56:27+00:00\" \/>\n<meta name=\"twitter:card\" content=\"summary_large_image\" \/>\n<meta name=\"twitter:label1\" content=\"Dur\u00e9e de lecture estim\u00e9e\" \/>\n\t<meta name=\"twitter:data1\" content=\"7 minutes\" \/>\n<script type=\"application\/ld+json\" class=\"yoast-schema-graph\">{\"@context\":\"https:\/\/schema.org\",\"@graph\":[{\"@type\":\"WebPage\",\"@id\":\"https:\/\/getuplead.com\/linkedin-advertising-agency\/ads-types\/event\/\",\"url\":\"https:\/\/getuplead.com\/linkedin-advertising-agency\/ads-types\/event\/\",\"name\":\"Comment cr\u00e9er une publicit\u00e9 Event Ad sur LinkedIn [Guide]\",\"isPartOf\":{\"@id\":\"https:\/\/getuplead.com\/#website\"},\"datePublished\":\"2024-05-21T09:13:14+00:00\",\"dateModified\":\"2024-06-29T15:56:27+00:00\",\"breadcrumb\":{\"@id\":\"https:\/\/getuplead.com\/linkedin-advertising-agency\/ads-types\/event\/#breadcrumb\"},\"inLanguage\":\"fr-FR\",\"potentialAction\":[{\"@type\":\"ReadAction\",\"target\":[\"https:\/\/getuplead.com\/linkedin-advertising-agency\/ads-types\/event\/\"]}]},{\"@type\":\"BreadcrumbList\",\"@id\":\"https:\/\/getuplead.com\/linkedin-advertising-agency\/ads-types\/event\/#breadcrumb\",\"itemListElement\":[{\"@type\":\"ListItem\",\"position\":1,\"name\":\"Home\",\"item\":\"https:\/\/getuplead.com\/fr\/getuplead\/\"},{\"@type\":\"ListItem\",\"position\":2,\"name\":\"L&#8217;Agence LinkedIn Ads pour entreprises B2B SaaS et Tech\",\"item\":\"https:\/\/getuplead.com\/linkedin-advertising-agency\/\"},{\"@type\":\"ListItem\",\"position\":3,\"name\":\"LinkedIn Ads: Quels sont les diff\u00e9rents types de campagnes et formats d\u2019annonces?\",\"item\":\"https:\/\/getuplead.com\/linkedin-advertising-agency\/ads-types\/\"},{\"@type\":\"ListItem\",\"position\":4,\"name\":\"Comment cr\u00e9er une publicit\u00e9 Event Ad sur LinkedIn [Guide]\"}]},{\"@type\":\"WebSite\",\"@id\":\"https:\/\/getuplead.com\/#website\",\"url\":\"https:\/\/getuplead.com\/\",\"name\":\"SaaS PPC Agency | Getuplead\",\"description\":\"\",\"publisher\":{\"@id\":\"https:\/\/getuplead.com\/#organization\"},\"potentialAction\":[{\"@type\":\"SearchAction\",\"target\":{\"@type\":\"EntryPoint\",\"urlTemplate\":\"https:\/\/getuplead.com\/?s={search_term_string}\"},\"query-input\":{\"@type\":\"PropertyValueSpecification\",\"valueRequired\":true,\"valueName\":\"search_term_string\"}}],\"inLanguage\":\"fr-FR\"},{\"@type\":\"Organization\",\"@id\":\"https:\/\/getuplead.com\/#organization\",\"name\":\"Getuplead\",\"url\":\"https:\/\/getuplead.com\/\",\"logo\":{\"@type\":\"ImageObject\",\"inLanguage\":\"fr-FR\",\"@id\":\"https:\/\/getuplead.com\/#\/schema\/logo\/image\/\",\"url\":\"https:\/\/getuplead.com\/wp-content\/uploads\/logo_getuplead.png\",\"contentUrl\":\"https:\/\/getuplead.com\/wp-content\/uploads\/logo_getuplead.png\",\"width\":1021,\"height\":275,\"caption\":\"Getuplead\"},\"image\":{\"@id\":\"https:\/\/getuplead.com\/#\/schema\/logo\/image\/\"}}]}<\/script>\n<!-- \/ Yoast SEO plugin. -->","yoast_head_json":{"title":"Comment cr\u00e9er une publicit\u00e9 Event Ad sur LinkedIn [Guide]","robots":{"index":"index","follow":"follow","max-snippet":"max-snippet:-1","max-image-preview":"max-image-preview:large","max-video-preview":"max-video-preview:-1"},"canonical":"https:\/\/getuplead.com\/linkedin-advertising-agency\/ads-types\/event\/","og_locale":"fr_FR","og_type":"article","og_title":"Comment cr\u00e9er une publicit\u00e9 Event Ad sur LinkedIn [Guide]","og_description":"Si vous \u00eates d\u00e9j\u00e0 habitu\u00e9 \u00e0 la publicit\u00e9 sur LinkedIn, vous savez qu&rsquo;il existe plusieurs types d&rsquo;annonces LinkedIn \u00e0 utiliser, selon l&rsquo;objectif de votre campagne. Dans cet article, nous vous faisons d\u00e9couvrir les Event Ads LinkedIn, et comment elles peuvent \u00eatre particuli\u00e8rement b\u00e9n\u00e9fiques pour vous. Que sont les Event Ads LinkedIn ? Les LinkedIn Event [&hellip;]","og_url":"https:\/\/getuplead.com\/linkedin-advertising-agency\/ads-types\/event\/","og_site_name":"SaaS PPC Agency | Getuplead","article_modified_time":"2024-06-29T15:56:27+00:00","twitter_card":"summary_large_image","twitter_misc":{"Dur\u00e9e de lecture estim\u00e9e":"7 minutes"},"schema":{"@context":"https:\/\/schema.org","@graph":[{"@type":"WebPage","@id":"https:\/\/getuplead.com\/linkedin-advertising-agency\/ads-types\/event\/","url":"https:\/\/getuplead.com\/linkedin-advertising-agency\/ads-types\/event\/","name":"Comment cr\u00e9er une publicit\u00e9 Event Ad sur LinkedIn [Guide]","isPartOf":{"@id":"https:\/\/getuplead.com\/#website"},"datePublished":"2024-05-21T09:13:14+00:00","dateModified":"2024-06-29T15:56:27+00:00","breadcrumb":{"@id":"https:\/\/getuplead.com\/linkedin-advertising-agency\/ads-types\/event\/#breadcrumb"},"inLanguage":"fr-FR","potentialAction":[{"@type":"ReadAction","target":["https:\/\/getuplead.com\/linkedin-advertising-agency\/ads-types\/event\/"]}]},{"@type":"BreadcrumbList","@id":"https:\/\/getuplead.com\/linkedin-advertising-agency\/ads-types\/event\/#breadcrumb","itemListElement":[{"@type":"ListItem","position":1,"name":"Home","item":"https:\/\/getuplead.com\/fr\/getuplead\/"},{"@type":"ListItem","position":2,"name":"L&#8217;Agence LinkedIn Ads pour entreprises B2B SaaS et Tech","item":"https:\/\/getuplead.com\/linkedin-advertising-agency\/"},{"@type":"ListItem","position":3,"name":"LinkedIn Ads: Quels sont les diff\u00e9rents types de campagnes et formats d\u2019annonces?","item":"https:\/\/getuplead.com\/linkedin-advertising-agency\/ads-types\/"},{"@type":"ListItem","position":4,"name":"Comment cr\u00e9er une publicit\u00e9 Event Ad sur LinkedIn [Guide]"}]},{"@type":"WebSite","@id":"https:\/\/getuplead.com\/#website","url":"https:\/\/getuplead.com\/","name":"SaaS PPC Agency | Getuplead","description":"","publisher":{"@id":"https:\/\/getuplead.com\/#organization"},"potentialAction":[{"@type":"SearchAction","target":{"@type":"EntryPoint","urlTemplate":"https:\/\/getuplead.com\/?s={search_term_string}"},"query-input":{"@type":"PropertyValueSpecification","valueRequired":true,"valueName":"search_term_string"}}],"inLanguage":"fr-FR"},{"@type":"Organization","@id":"https:\/\/getuplead.com\/#organization","name":"Getuplead","url":"https:\/\/getuplead.com\/","logo":{"@type":"ImageObject","inLanguage":"fr-FR","@id":"https:\/\/getuplead.com\/#\/schema\/logo\/image\/","url":"https:\/\/getuplead.com\/wp-content\/uploads\/logo_getuplead.png","contentUrl":"https:\/\/getuplead.com\/wp-content\/uploads\/logo_getuplead.png","width":1021,"height":275,"caption":"Getuplead"},"image":{"@id":"https:\/\/getuplead.com\/#\/schema\/logo\/image\/"}}]}},"_links":{"self":[{"href":"https:\/\/getuplead.com\/fr\/wp-json\/wp\/v2\/pages\/2757","targetHints":{"allow":["GET"]}}],"collection":[{"href":"https:\/\/getuplead.com\/fr\/wp-json\/wp\/v2\/pages"}],"about":[{"href":"https:\/\/getuplead.com\/fr\/wp-json\/wp\/v2\/types\/page"}],"author":[{"embeddable":true,"href":"https:\/\/getuplead.com\/fr\/wp-json\/wp\/v2\/users\/4"}],"replies":[{"embeddable":true,"href":"https:\/\/getuplead.com\/fr\/wp-json\/wp\/v2\/comments?post=2757"}],"version-history":[{"count":1,"href":"https:\/\/getuplead.com\/fr\/wp-json\/wp\/v2\/pages\/2757\/revisions"}],"predecessor-version":[{"id":2758,"href":"https:\/\/getuplead.com\/fr\/wp-json\/wp\/v2\/pages\/2757\/revisions\/2758"}],"up":[{"embeddable":true,"href":"https:\/\/getuplead.com\/fr\/wp-json\/wp\/v2\/pages\/2755"}],"wp:attachment":[{"href":"https:\/\/getuplead.com\/fr\/wp-json\/wp\/v2\/media?parent=2757"}],"curies":[{"name":"wp","href":"https:\/\/api.w.org\/{rel}","templated":true}]}}