{"id":2759,"date":"2025-06-21T01:40:39","date_gmt":"2025-06-20T23:40:39","guid":{"rendered":"https:\/\/getuplead.com\/types-publicites\/copy\/"},"modified":"2024-06-29T18:15:06","modified_gmt":"2024-06-29T16:15:06","slug":"copy","status":"publish","type":"page","link":"https:\/\/getuplead.com\/fr\/agence-linkedin-ads\/types-publicites\/copy\/","title":{"rendered":"Copywriting Linkedin Ads : comment \u00e9crire du contenu qui convertit"},"content":{"rendered":"\n<p>En mati\u00e8re de marketing, le contenu est essentiel. Il en va de m\u00eame pour votre texte. Le contenu et le texte de tous les <a href=\"https:\/\/getuplead.com\/linkedin-advertising-agency\/ads-types\/\" target=\"_blank\" rel=\"noreferrer noopener\">types et formats de vos annonces LinkedIn<\/a> ne font pas exception \u00e0 la r\u00e8gle.  <\/p>\n\n<p>Lorsqu&rsquo;il s&rsquo;agit du fil d&rsquo;actualit\u00e9 de votre marque sur les r\u00e9seaux sociaux, chaque aspect de votre contenu, de l&rsquo;image \u00e0 la description, en passant par la grammaire, doit \u00eatre de qualit\u00e9 sup\u00e9rieure. Lorsqu&rsquo;un prospect potentiel fait d\u00e9filer son fil d&rsquo;actualit\u00e9, il est facile pour un contenu m\u00e9diocre de se perdre parmi les meilleurs (et m\u00eame les pires). Il est donc essentiel de cr\u00e9er un contenu accrocheur et convaincant, ce qui est parfois plus facile \u00e0 dire qu&rsquo;\u00e0 faire.  <\/p>\n\n<p>Cet article se penche sur la fa\u00e7on de r\u00e9diger des textes LinkedIn Ads qui apportent <em>vraiment<\/em> des r\u00e9sultats. Bien entendu, vous pouvez \u00e9galement faire appel \u00e0 une <a href=\"https:\/\/getuplead.com\/linkedin-advertising-agency\/\" target=\"_blank\" rel=\"noreferrer noopener\">agence LinkedIn Ads<\/a> s\u00e9rieuse pour vous aider \u00e0 cr\u00e9er des copies qui convertissent. <\/p>\n\n<h2 class=\"wp-block-heading\">LinkedIn Ads \u2013 Les meilleurs conseils de copywriting<\/h2>\n\n<h3 class=\"wp-block-heading\">1 &#8211; Utilisez un emoji appropri\u00e9 en d\u00e9but de contenu<\/h3>\n\n<p>Les emojis peuvent attirer l&rsquo;attention et transmettre votre message de mani\u00e8re efficace, surtout pour les lecteurs paresseux. Cependant, utilisez-les avec parcimonie et choisissez uniquement ceux qui sont pertinents pour votre contenu.<\/p>\n\n<h3 class=\"wp-block-heading\">2 &#8211; Utilisez un appel \u00e0 l&rsquo;action (CTA) efficace et convaincant, adapt\u00e9 \u00e0 votre annonce<\/h3>\n\n<p>La qualit\u00e9 d&rsquo;une publicit\u00e9 repose sur son CTA. Veillez donc \u00e0 choisir le bon CTA en fonction de l&rsquo;objectif de votre campagne marketing. Assurez-vous \u00e9galement que le lecteur puisse facilement rep\u00e9rer le CTA et comprendre ce qu&rsquo;il obtiendra en cliquant dessus. <\/p>\n\n<p>LinkedIn propose des boutons CTA pr\u00eats \u00e0 l&#8217;emploi, tels que :<\/p>\n\n<p>&#8211; <em>S&rsquo;inscrire<\/em><\/p>\n\n<p>&#8211; <em>Postuler maintenant<\/em><\/p>\n\n<p>&#8211; <em>T\u00e9l\u00e9charger<\/em><\/p>\n\n<p>&#8211; <em>Obtenir un devis<\/em><\/p>\n\n<p>&#8211; <em>En savoir plus<\/em><\/p>\n\n<p>&#8211; <em>S&rsquo;abonner<\/em><\/p>\n\n<p>\u2013 <em>Register<\/em><\/p>\n\n<p>Veillez \u00e0 choisir le plus appropri\u00e9, celui qui correspond le plus \u00e0 ce que vous essayez d&rsquo;obtenir du lecteur.<\/p>\n\n<p class=\"has-text-align-left banner-case-study has-text-color has-background\" style=\"color:#0071a1;background-color:#eaf4f8\"><strong>\u00c9tude de cas :<\/strong> <a href=\"https:\/\/getuplead.com\/case-studies\/security-analytics\/\" data-type=\"page\" data-id=\"297\">D\u00e9couvrez comment nous avons g\u00e9n\u00e9r\u00e9 42% de leads qualifi\u00e9s en plus avec Linkedin Ads pour un logiciel de cybers\u00e9curit\u00e9<\/a><\/p>\n\n<h3 class=\"wp-block-heading\">3 &#8211; Placez le CTA au bon endroit (en haut de de votre profil\/introduction)<\/h3>\n\n<p>Pour continuer sur le sujet des CTA, assurez-vous que, une fois que vous avez choisi le bon bouton pour votre annonce, vous le placiez au bon endroit, c&rsquo;est-\u00e0-dire en haut du profil (ou de l&rsquo;introduction).<\/p>\n\n<p>IMPORTANT &#8211; Veillez \u00e0 transmettre le message principal de l&rsquo;annonce <em>avant<\/em> d&rsquo;ins\u00e9rer votre CTA. Le lecteur doit comprendre <em>pourquoi<\/em> il doit cliquer sur le bouton d&rsquo;appel \u00e0 l&rsquo;action. <\/p>\n\n<p>Note : Si vous payez pour des annonces PPC (paiement par clic) sur LinkedIn, vous ne serez pas factur\u00e9 si le lecteur clique sur le bouton \u00ab\u00a0<em>voir plus<\/em>\u00ab\u00a0, ce qui peut \u00eatre utile si votre budget est limit\u00e9.<\/p>\n\n<h3 class=\"wp-block-heading\">4 &#8211; Assurez-vous d&rsquo;\u00eatre clair dans votre texte quant \u00e0 l&rsquo;objectif de l&rsquo;annonce (et \u00e0 son destinataire)<\/h3>\n\n<p>L\u00e0 encore, si vous travaillez sur une base PPC, vous voulez que les bonnes personnes cliquent sur votre annonce afin que votre argent ne soit pas gaspill\u00e9. Les bonnes personnes sont celles que les professionnels du marketing consid\u00e8rent comme des \u00ab\u00a0prospects\u00a0\u00bb (les personnes les plus susceptibles de convertir gr\u00e2ce \u00e0 votre annonce). <\/p>\n\n<h3 class=\"wp-block-heading\">5 &#8211; Utilisez des listes \u00e0 puces<\/h3>\n\n<p>Les internautes sont souvent press\u00e9s et recherchent un contenu facile \u00e0 lire et \u00e0 comprendre. Les puces peuvent vous aider \u00e0 transmettre votre message de mani\u00e8re concise. <\/p>\n\n<p>Les puces permettent aux lecteurs de saisir rapidement les points importants de votre annonce, augmentant ainsi les chances de conversion, m\u00eame si les lecteurs ne lisent pas l&rsquo;int\u00e9gralit\u00e9 du contenu.<\/p>\n\n<h3 class=\"wp-block-heading\">6 &#8211; Attirez l&rsquo;attention de votre lecteur<\/h3>\n\n<p>Utilisez une phrase d\u2019accroche pour captiver le lecteur et l\u2019inciter \u00e0 comprendre pourquoi vous avez cr\u00e9\u00e9 cette annonce et <em>pourquoi<\/em> il devrait s&rsquo;y int\u00e9resser.<\/p>\n\n<p>De nombreux internautes ne lisent pas au-del\u00e0 de la premi\u00e8re ligne d&rsquo;un contenu s&rsquo;ils ne comprennent pas imm\u00e9diatement l&rsquo;objectif. Assurez-vous donc de captiver leur attention d\u00e8s le d\u00e9but.<\/p>\n\n<h3 class=\"wp-block-heading\">7 &#8211; Optez pour un titre court et facile \u00e0 lire<\/h3>\n\n<p>Il s\u2019agit g\u00e9n\u00e9ralement d\u2019un titre de 70 caract\u00e8res maximum, espaces compris.<\/p>\n\n<p>Encore une fois, les lecteurs veulent saisir le but de l&rsquo;annonce d\u00e8s la premi\u00e8re ligne. Il n&rsquo;y a pas de place pour un contenu ambigu ou un langage trop \u00e9labor\u00e9. Vous devez aller \u00e0 l&rsquo;essentiel ! <\/p>\n\n<h3 class=\"wp-block-heading\">8 &#8211; \u00c9vitez d&rsquo;agresser votre lecteur !<\/h3>\n\n<p>CELA SIGNIFIE QUE VOUS NE DEVEZ PAS UTILISER DES MAJUSCULES DANS VOTRE TITRE, CAR CELA DONNE L&rsquo;IMPRESSION QUE VOUS \u00caTES EN COL\u00c8RE ET QUE VOUS CRIEZ APR\u00c8S LE LECTEUR. CELA PEUT \u00caTRE TR\u00c8S D\u00c9PLAISANT !<\/p>\n\n<p>La m\u00eame r\u00e8gle s&rsquo;applique aux \u00e9mojis. Moins il y en a, mieux c&rsquo;est. Nous avons tous vu des articles o\u00f9 le contenu est truff\u00e9 d&rsquo;\u00e9mojis ou de majuscules, cela rend la lecture difficile et peu attrayante.  <\/p>\n\n<p>Pensez \u00e0 ce mantra lorsque vous r\u00e9digez votre texte : au moins vous en faites, au mieux c\u2019est&#8230;<\/p>\n\n<p>De plus, si vous utilisez trop de majuscules ou d&rsquo;\u00e9mojis, la plateforme rejettera votre annonce car elle la consid\u00e9rera comme du spam.<\/p>\n\n<p class=\"has-text-align-left banner-case-study has-text-color has-background\" style=\"color:#0071a1;background-color:#eaf4f8\"><strong>\u00c9tude de cas :<\/strong> <a href=\"https:\/\/getuplead.com\/fr\/cas-clients\/kodo\/\" data-type=\"page\" data-id=\"339\">D\u00e9couvrez comment nous avons g\u00e9n\u00e9r\u00e9s 167 % de prospects en plus avec LinkedIn Ads pour Kodo Survey<\/a><\/p>\n\n<h3 class=\"wp-block-heading\">9 &#8211; Utilisez des chiffres lorsque cela est possible (surtout dans votre titre)<\/h3>\n\n<p>De nombreux lecteurs r\u00e9agissent mieux aux chiffres qu&rsquo;au texte. Si possible, incluez donc un chiffre ou une statistique dans votre titre. Personne ne conna\u00eet vraiment la psychologie qui explique ce ph\u00e9nom\u00e8ne, mais les chiffres attirent automatiquement plus l&rsquo;attention que d&rsquo;autres symboles linguistiques, en particulier les lettres. <\/p>\n\n<p>Quelques exemples de chiffres \u00e0 utiliser :<\/p>\n\n<p>&#8211; Une statistique : \u00ab\u00a098 % des utilisateurs ont remarqu\u00e9 une am\u00e9lioration&#8230;\u00a0\u00bb<\/p>\n\n<p>&#8211; Une distinction : \u00ab\u00a0Laur\u00e9at du prix Mercury \u00e0 3 reprises&#8230;\u00a0\u00bb<\/p>\n\n<p>&#8211; Une date : \u00ab\u00a0Nous lancerons notre nouveau cours en ligne le 08\/09\/22&#8230;\u00a0\u00bb<\/p>\n\n<p>&#8211; Informations financi\u00e8res : \u00ab\u00a0Pour seulement 9,99 \u20ac, vous pouvez vous procurer notre service tout compris&#8230;\u00a0\u00bb<\/p>\n\n<h3 class=\"wp-block-heading\">10 &#8211; Utilisez une URL o\u00f9 le lecteur peut \u00eatre redirig\u00e9<\/h3>\n\n<p>Les liens sont avantageux car ils constituent un appel \u00e0 l&rsquo;action en eux-m\u00eames et n&rsquo;incluent pas d&rsquo;espaces, ce qui permet d&rsquo;\u00e9conomiser sur la limite texte\/espace souvent impos\u00e9e aux publicit\u00e9s sur les r\u00e9seaux sociaux.<\/p>\n\n<h3 class=\"wp-block-heading\">11 &#8211; Adoptez le bon ton<\/h3>\n\n<p>Il y a de fortes chances que votre public soit issu d&rsquo;une industrie ou d&rsquo;un secteur particulier, donc assurez-vous d&rsquo;adapter votre ton \u00e0 ce public. Utilisez le jargon professionnel avec parcimonie, car il peut \u00eatre r\u00e9barbatif. <\/p>\n\n<p>Les blagues et les jeux de mots peuvent fonctionner, s&rsquo;ils sont appropri\u00e9s et en lien avec le sujet. <\/p>\n\n<p>Une fois que vous avez termin\u00e9 de r\u00e9diger votre contenu, passez-le dans Grammarly ou demandez \u00e0 un correcteur de le v\u00e9rifier. Rien ne donne plus l&rsquo;impression d&rsquo;amateurisme que des fautes de frappe, d&rsquo;orthographe, de grammaire ou de ponctuation dans une publicit\u00e9.<\/p>\n\n<h3 class=\"wp-block-heading\">12 &#8211; Variez les types de phrases<\/h3>\n\n<p>N&rsquo;h\u00e9sitez pas \u00e0 exp\u00e9rimenter diff\u00e9rents types de phrases pour d\u00e9couvrir ce qui fonctionne le mieux. Prenez le temps d\u2019effectuer des A\/B tests, cela peut faire toute la diff\u00e9rence pour encourager un prospect \u00e0 s&rsquo;engager ou \u00e0 convertir.  <\/p>\n\n<p>Il existe plusieurs types de phrases que vous pouvez tester et utiliser. En voici quelques exemples : <\/p>\n\n<p>&#8211; Les phrases d\u00e9claratives : des affirmations directes qui permettent \u00e0 l&rsquo;audience de comprendre clairement le sujet.<\/p>\n\n<p>&#8211; Les phrases exclamatives : utilis\u00e9es pour susciter une r\u00e9action \u00e9motionnelle dans le copywriting (et le journalisme). Elles sont connues pour leur capacit\u00e9 \u00e0 capter (et \u00e0 retenir) l&rsquo;attention du lecteur. <\/p>\n\n<p>Les phrases interrogatives : des questions qui poussent le public \u00e0 r\u00e9fl\u00e9chir et \u00e0 r\u00e9pondre (m\u00eame inconsciemment) dans leur esprit. Elles sont souvent tr\u00e8s populaires et efficaces. <\/p>\n\n<p>R\u00e9fl\u00e9chissez \u00e0 l&rsquo;objectif, au ton et \u00e0 l&rsquo;objectif de votre annonce, puis choisissez le type de phrase qui convient le mieux.<\/p>\n\n<h3 class=\"wp-block-heading\">13 &#8211; Exp\u00e9rimentez diff\u00e9rentes longueurs de texte<\/h3>\n\n<p>Lorsqu&rsquo;il s&rsquo;agit de cr\u00e9er du contenu pour des publicit\u00e9s en ligne, les tests sont vos meilleurs atouts.<\/p>\n\n<p>Tout comme les types de phrases, varier la longueur de votre texte peut vous aider \u00e0 d\u00e9terminer la meilleure structure pour votre annonce. En g\u00e9n\u00e9ral, les internautes ne sont pas tr\u00e8s enclins \u00e0 lire de longs textes. Il peut donc \u00eatre int\u00e9ressant pour vous (et pour votre budget) d&rsquo;essayer de transmettre votre message en utilisant moins de texte et plus d&rsquo;images (ou de vid\u00e9os), afin de voir si vous parvenez \u00e0 transmettre le message en entier sans avoir besoin d\u2019\u00e9crire un long texte. <\/p>\n\n<p>En cas de doute, faites appel \u00e0 un copywriter professionnel pour cr\u00e9er la partie r\u00e9dactionnelle de votre annonce. Il saura quoi dire et comment le dire pour communiquer au mieux votre message aux lecteurs. <\/p>\n\n<h2 class=\"wp-block-heading\">Conclusion<\/h2>\n\n<p>La partie \u00e9crite de vos annonces est aussi importante que les \u00e9l\u00e9ments visuels. Les mots que vous choisissez doivent transmettre le message de mani\u00e8re concise et claire. Ils doivent \u00e9galement respecter les restrictions de longueur des mots et des caract\u00e8res, et avoir un aspect professionnel (pas de fautes de frappe, de grammaire, etc.).  <\/p>\n\n<p>Principaux enseignements \u00e0 tirer :<\/p>\n\n<p>&#8211; N&rsquo;h\u00e9sitez pas \u00e0 utiliser quelques emojis (de mani\u00e8re appropri\u00e9e) dans votre contenu, mais faites-le avec parcimonie. Trop d&#8217;emojis peuvent signaler un contenu comme \u00e9tant du spam sur LinkedIn. Il en va de m\u00eame pour les majuscules.  <\/p>\n\n<p>&#8211; Utilisez un appel \u00e0 l&rsquo;action (CTA) ad\u00e9quat et placez-le au bon endroit (dans l&rsquo;introduction ou le premier paragraphe).<\/p>\n\n<p>&#8211; Utilisez des puces pour rendre votre message plus clair pour les lecteurs.<\/p>\n\n<p>&#8211; Utilisez des chiffres, en particulier dans votre titre. Les lecteurs sont r\u00e9ceptifs aux chiffres. <\/p>\n\n<p>&#8211; Assurez-vous que le ton utilis\u00e9 dans votre texte est adapt\u00e9 \u00e0 votre audience.<\/p>\n\n<p>&#8211; TESTEZ, TESTEZ, TESTEZ ! Avant de lancer votre campagne, exp\u00e9rimentez diff\u00e9rents types de phrases et longueurs de texte. Prendre un peu de temps pour le faire peut faire toute la diff\u00e9rence en termes de conversion des lecteurs.  <\/p>\n\n<p>&#8211; Si les mots (ou la grammaire et la ponctuation) ne sont pas votre point fort, envisagez de faire appel \u00e0 un copywriter professionnel. Les r\u00e9dacteurs sont des experts qui savent comment communiquer efficacement avec une audience donn\u00e9e, et veilleront \u00e0 ce que votre annonce ait l&rsquo;air aussi professionnelle et pr\u00e9cise que possible. <\/p>\n\n<p><em><strong><em><strong><em><strong><em><strong><em>Si vous souhaitez en savoir plus sur la fa\u00e7on dont nous aidons les entreprises B2B SaaS et Tech \u00e0 augmenter leur MRR gr\u00e2ce \u00e0 la publicit\u00e9 sur LinkedIn, n\u2019h\u00e9sitez pas \u00e0 nous <a href=\"https:\/\/getuplead.com\/contact\/\" target=\"_blank\" rel=\"noreferrer noopener\">contacter en ligne<\/a> ou \u00e0 nous envoyer un e-mail d\u00e8s aujourd\u2019hui \u00e0 i<a href=\"mailto:info@getuplead.com\" target=\"_blank\" rel=\"noreferrer noopener\">nfo@getuplead.com<\/a>. Un membre de notre \u00e9quipe vous r\u00e9pondra. .<\/em><\/strong><\/em><\/strong><\/em><\/strong><\/em><\/strong><\/em><\/p>\n\n<p>Par ailleurs, vous pourriez \u00e9galement \u00eatre int\u00e9ress\u00e9 par :<\/p>\n\n<ul class=\"wp-block-list\">\n<li><a href=\"https:\/\/getuplead.com\/linkedin-advertising-agency\/ads-types\/dynamic-ads\/\" target=\"_blank\" rel=\"noreferrer noopener\">Les publicit\u00e9s dynamiques sur Linkedin Ads: Le guide pratique<\/a><\/li>\n\n\n\n<li><a href=\"https:\/\/getuplead.com\/linkedin-advertising-agency\/ads-types\/text\/\" target=\"_blank\" rel=\"noreferrer noopener\">Comment cr\u00e9er une campagne Text Ads sur Linkedin [Guide pas-\u00e0-pas]<\/a><\/li>\n\n\n\n<li><a href=\"https:\/\/getuplead.com\/linkedin-advertising-agency\/ads-types\/message\/\" target=\"_blank\" rel=\"noreferrer noopener\">Comment cr\u00e9er une campagne inMails sur Linkedin [Guide pas-\u00e0-pas]<\/a><\/li>\n\n\n\n<li><a href=\"https:\/\/getuplead.com\/linkedin-advertising-agency\/ads-types\/sponsored\/\" target=\"_blank\" rel=\"noreferrer noopener\">Comment cr\u00e9er une campagne Document Ads sur Linkedin [Guide]<\/a><\/li>\n\n\n\n<li><a href=\"https:\/\/getuplead.com\/linkedin-advertising-agency\/ads-types\/sizes\/\" target=\"_blank\" rel=\"noreferrer noopener\">Le guide de la taille des images sur Linkedin Ads en 2023<\/a><\/li>\n\n\n\n<li><a href=\"https:\/\/getuplead.com\/linkedin-advertising-agency\/ads-types\/document\/\" target=\"_blank\" rel=\"noreferrer noopener\">Comment cr\u00e9er une campagne Document Ads sur Linkedin [Guide]<\/a><\/li>\n\n\n\n<li><a href=\"https:\/\/getuplead.com\/linkedin-advertising-agency\/ads-types\/event\/\"><\/a><a href=\"https:\/\/getuplead.com\/linkedin-advertising-agency\/ads-types\/event\/\">Comment cr\u00e9er une publicit\u00e9 Event Ad sur LinkedIn [Guide]<\/a><\/li>\n\n\n\n<li><a href=\"https:\/\/getuplead.com\/linkedin-advertising-agency\/ads-types\/boost-post\/\">How to Boost a Post on Linkedin: A Complete Guide<\/a><\/li>\n<\/ul>\n","protected":false},"excerpt":{"rendered":"<p>En mati\u00e8re de marketing, le contenu est essentiel. Il en va de m\u00eame pour votre texte. Le contenu et le texte de tous les types et formats de vos annonces LinkedIn ne font pas exception \u00e0 la r\u00e8gle. Lorsqu&rsquo;il s&rsquo;agit du fil d&rsquo;actualit\u00e9 de votre marque sur les r\u00e9seaux sociaux, chaque aspect de votre contenu, [&hellip;]<\/p>\n","protected":false},"author":4,"featured_media":0,"parent":2755,"menu_order":0,"comment_status":"closed","ping_status":"closed","template":"","meta":{"footnotes":""},"class_list":["post-2759","page","type-page","status-publish","hentry"],"yoast_head":"<!-- This site is optimized with the Yoast SEO plugin v25.7 - https:\/\/yoast.com\/wordpress\/plugins\/seo\/ -->\n<title>Copywriting Linkedin Ads : comment \u00e9crire du contenu qui convertit<\/title>\n<meta name=\"robots\" content=\"index, follow, max-snippet:-1, max-image-preview:large, max-video-preview:-1\" \/>\n<link rel=\"canonical\" href=\"https:\/\/getuplead.com\/linkedin-advertising-agency\/ads-types\/copy\/\" \/>\n<meta property=\"og:locale\" content=\"fr_FR\" \/>\n<meta property=\"og:type\" content=\"article\" \/>\n<meta property=\"og:title\" content=\"Copywriting Linkedin Ads : comment \u00e9crire du contenu qui convertit\" \/>\n<meta property=\"og:description\" content=\"En mati\u00e8re de marketing, le contenu est essentiel. Il en va de m\u00eame pour votre texte. Le contenu et le texte de tous les types et formats de vos annonces LinkedIn ne font pas exception \u00e0 la r\u00e8gle. Lorsqu&rsquo;il s&rsquo;agit du fil d&rsquo;actualit\u00e9 de votre marque sur les r\u00e9seaux sociaux, chaque aspect de votre contenu, [&hellip;]\" \/>\n<meta property=\"og:url\" content=\"https:\/\/getuplead.com\/linkedin-advertising-agency\/ads-types\/copy\/\" \/>\n<meta property=\"og:site_name\" content=\"SaaS PPC Agency | Getuplead\" \/>\n<meta name=\"twitter:card\" content=\"summary_large_image\" \/>\n<meta name=\"twitter:label1\" content=\"Dur\u00e9e de lecture estim\u00e9e\" \/>\n\t<meta name=\"twitter:data1\" content=\"9 minutes\" \/>\n<script type=\"application\/ld+json\" class=\"yoast-schema-graph\">{\"@context\":\"https:\/\/schema.org\",\"@graph\":[{\"@type\":\"WebPage\",\"@id\":\"https:\/\/getuplead.com\/linkedin-advertising-agency\/ads-types\/copy\/\",\"url\":\"https:\/\/getuplead.com\/linkedin-advertising-agency\/ads-types\/copy\/\",\"name\":\"Copywriting Linkedin Ads : comment \u00e9crire du contenu qui convertit\",\"isPartOf\":{\"@id\":\"https:\/\/getuplead.com\/#website\"},\"datePublished\":\"2025-06-20T23:40:39+00:00\",\"breadcrumb\":{\"@id\":\"https:\/\/getuplead.com\/linkedin-advertising-agency\/ads-types\/copy\/#breadcrumb\"},\"inLanguage\":\"fr-FR\",\"potentialAction\":[{\"@type\":\"ReadAction\",\"target\":[\"https:\/\/getuplead.com\/linkedin-advertising-agency\/ads-types\/copy\/\"]}]},{\"@type\":\"BreadcrumbList\",\"@id\":\"https:\/\/getuplead.com\/linkedin-advertising-agency\/ads-types\/copy\/#breadcrumb\",\"itemListElement\":[{\"@type\":\"ListItem\",\"position\":1,\"name\":\"Home\",\"item\":\"https:\/\/getuplead.com\/fr\/getuplead\/\"},{\"@type\":\"ListItem\",\"position\":2,\"name\":\"L&#8217;Agence LinkedIn Ads pour entreprises B2B SaaS et Tech\",\"item\":\"https:\/\/getuplead.com\/linkedin-advertising-agency\/\"},{\"@type\":\"ListItem\",\"position\":3,\"name\":\"LinkedIn Ads: Quels sont les diff\u00e9rents types de campagnes et formats d\u2019annonces?\",\"item\":\"https:\/\/getuplead.com\/linkedin-advertising-agency\/ads-types\/\"},{\"@type\":\"ListItem\",\"position\":4,\"name\":\"Copywriting Linkedin Ads : comment \u00e9crire du contenu qui convertit\"}]},{\"@type\":\"WebSite\",\"@id\":\"https:\/\/getuplead.com\/#website\",\"url\":\"https:\/\/getuplead.com\/\",\"name\":\"SaaS PPC Agency | Getuplead\",\"description\":\"\",\"publisher\":{\"@id\":\"https:\/\/getuplead.com\/#organization\"},\"potentialAction\":[{\"@type\":\"SearchAction\",\"target\":{\"@type\":\"EntryPoint\",\"urlTemplate\":\"https:\/\/getuplead.com\/?s={search_term_string}\"},\"query-input\":{\"@type\":\"PropertyValueSpecification\",\"valueRequired\":true,\"valueName\":\"search_term_string\"}}],\"inLanguage\":\"fr-FR\"},{\"@type\":\"Organization\",\"@id\":\"https:\/\/getuplead.com\/#organization\",\"name\":\"Getuplead\",\"url\":\"https:\/\/getuplead.com\/\",\"logo\":{\"@type\":\"ImageObject\",\"inLanguage\":\"fr-FR\",\"@id\":\"https:\/\/getuplead.com\/#\/schema\/logo\/image\/\",\"url\":\"https:\/\/getuplead.com\/wp-content\/uploads\/logo_getuplead.png\",\"contentUrl\":\"https:\/\/getuplead.com\/wp-content\/uploads\/logo_getuplead.png\",\"width\":1021,\"height\":275,\"caption\":\"Getuplead\"},\"image\":{\"@id\":\"https:\/\/getuplead.com\/#\/schema\/logo\/image\/\"}}]}<\/script>\n<!-- \/ Yoast SEO plugin. -->","yoast_head_json":{"title":"Copywriting Linkedin Ads : comment \u00e9crire du contenu qui convertit","robots":{"index":"index","follow":"follow","max-snippet":"max-snippet:-1","max-image-preview":"max-image-preview:large","max-video-preview":"max-video-preview:-1"},"canonical":"https:\/\/getuplead.com\/linkedin-advertising-agency\/ads-types\/copy\/","og_locale":"fr_FR","og_type":"article","og_title":"Copywriting Linkedin Ads : comment \u00e9crire du contenu qui convertit","og_description":"En mati\u00e8re de marketing, le contenu est essentiel. Il en va de m\u00eame pour votre texte. Le contenu et le texte de tous les types et formats de vos annonces LinkedIn ne font pas exception \u00e0 la r\u00e8gle. Lorsqu&rsquo;il s&rsquo;agit du fil d&rsquo;actualit\u00e9 de votre marque sur les r\u00e9seaux sociaux, chaque aspect de votre contenu, [&hellip;]","og_url":"https:\/\/getuplead.com\/linkedin-advertising-agency\/ads-types\/copy\/","og_site_name":"SaaS PPC Agency | Getuplead","twitter_card":"summary_large_image","twitter_misc":{"Dur\u00e9e de lecture estim\u00e9e":"9 minutes"},"schema":{"@context":"https:\/\/schema.org","@graph":[{"@type":"WebPage","@id":"https:\/\/getuplead.com\/linkedin-advertising-agency\/ads-types\/copy\/","url":"https:\/\/getuplead.com\/linkedin-advertising-agency\/ads-types\/copy\/","name":"Copywriting Linkedin Ads : comment \u00e9crire du contenu qui convertit","isPartOf":{"@id":"https:\/\/getuplead.com\/#website"},"datePublished":"2025-06-20T23:40:39+00:00","breadcrumb":{"@id":"https:\/\/getuplead.com\/linkedin-advertising-agency\/ads-types\/copy\/#breadcrumb"},"inLanguage":"fr-FR","potentialAction":[{"@type":"ReadAction","target":["https:\/\/getuplead.com\/linkedin-advertising-agency\/ads-types\/copy\/"]}]},{"@type":"BreadcrumbList","@id":"https:\/\/getuplead.com\/linkedin-advertising-agency\/ads-types\/copy\/#breadcrumb","itemListElement":[{"@type":"ListItem","position":1,"name":"Home","item":"https:\/\/getuplead.com\/fr\/getuplead\/"},{"@type":"ListItem","position":2,"name":"L&#8217;Agence LinkedIn Ads pour entreprises B2B SaaS et Tech","item":"https:\/\/getuplead.com\/linkedin-advertising-agency\/"},{"@type":"ListItem","position":3,"name":"LinkedIn Ads: Quels sont les diff\u00e9rents types de campagnes et formats d\u2019annonces?","item":"https:\/\/getuplead.com\/linkedin-advertising-agency\/ads-types\/"},{"@type":"ListItem","position":4,"name":"Copywriting Linkedin Ads : comment \u00e9crire du contenu qui convertit"}]},{"@type":"WebSite","@id":"https:\/\/getuplead.com\/#website","url":"https:\/\/getuplead.com\/","name":"SaaS PPC Agency | Getuplead","description":"","publisher":{"@id":"https:\/\/getuplead.com\/#organization"},"potentialAction":[{"@type":"SearchAction","target":{"@type":"EntryPoint","urlTemplate":"https:\/\/getuplead.com\/?s={search_term_string}"},"query-input":{"@type":"PropertyValueSpecification","valueRequired":true,"valueName":"search_term_string"}}],"inLanguage":"fr-FR"},{"@type":"Organization","@id":"https:\/\/getuplead.com\/#organization","name":"Getuplead","url":"https:\/\/getuplead.com\/","logo":{"@type":"ImageObject","inLanguage":"fr-FR","@id":"https:\/\/getuplead.com\/#\/schema\/logo\/image\/","url":"https:\/\/getuplead.com\/wp-content\/uploads\/logo_getuplead.png","contentUrl":"https:\/\/getuplead.com\/wp-content\/uploads\/logo_getuplead.png","width":1021,"height":275,"caption":"Getuplead"},"image":{"@id":"https:\/\/getuplead.com\/#\/schema\/logo\/image\/"}}]}},"_links":{"self":[{"href":"https:\/\/getuplead.com\/fr\/wp-json\/wp\/v2\/pages\/2759","targetHints":{"allow":["GET"]}}],"collection":[{"href":"https:\/\/getuplead.com\/fr\/wp-json\/wp\/v2\/pages"}],"about":[{"href":"https:\/\/getuplead.com\/fr\/wp-json\/wp\/v2\/types\/page"}],"author":[{"embeddable":true,"href":"https:\/\/getuplead.com\/fr\/wp-json\/wp\/v2\/users\/4"}],"replies":[{"embeddable":true,"href":"https:\/\/getuplead.com\/fr\/wp-json\/wp\/v2\/comments?post=2759"}],"version-history":[{"count":1,"href":"https:\/\/getuplead.com\/fr\/wp-json\/wp\/v2\/pages\/2759\/revisions"}],"predecessor-version":[{"id":2760,"href":"https:\/\/getuplead.com\/fr\/wp-json\/wp\/v2\/pages\/2759\/revisions\/2760"}],"up":[{"embeddable":true,"href":"https:\/\/getuplead.com\/fr\/wp-json\/wp\/v2\/pages\/2755"}],"wp:attachment":[{"href":"https:\/\/getuplead.com\/fr\/wp-json\/wp\/v2\/media?parent=2759"}],"curies":[{"name":"wp","href":"https:\/\/api.w.org\/{rel}","templated":true}]}}