{"id":2775,"date":"2024-05-21T09:31:30","date_gmt":"2024-05-21T07:31:30","guid":{"rendered":"https:\/\/getuplead.com\/types-publicites\/sponsorise\/"},"modified":"2024-07-01T22:25:49","modified_gmt":"2024-07-01T20:25:49","slug":"sponsorise","status":"publish","type":"page","link":"https:\/\/getuplead.com\/fr\/agence-linkedin-ads\/types-publicites\/sponsorise\/","title":{"rendered":"Contenu sponsoris\u00e9 sur LinkedIn: Le guide complet"},"content":{"rendered":"\n<p>Avec plus de 467 millions de membres \u00e0 son actif, LinkedIn repr\u00e9sente une opportunit\u00e9 incontournable pour les sp\u00e9cialistes du marketing B2B \u00e0 la recherche de r\u00e9seautage. Mais lorsqu&rsquo;il s&rsquo;agit de cr\u00e9er un contenu de qualit\u00e9 sur la plateforme, vos initiatives risquent d&rsquo;\u00eatre noy\u00e9es au sein de tous les autres contenus publicitaires diffus\u00e9s quotidiennement. <\/p>\n\n<p>Si vous souhaitez cr\u00e9er une campagne marketing exceptionnelle sur LinkedIn et que vous avez besoin d&rsquo;un coup de pouce pour d\u00e9couvrir l&rsquo;univers du contenu sponsoris\u00e9, cet article est fait pour vous. N\u00e9anmoins, vous pouvez \u00e9galement faire appel \u00e0 une <a href=\"https:\/\/getuplead.com\/linkedin-advertising-agency\/\" target=\"_blank\" rel=\"noreferrer noopener\">agence LinkedIn Ads<\/a> fiable pour vous aider \u00e0 mettre en place les campagnes de contenu sponsoris\u00e9 sur LinkedIn. <\/p>\n\n<p class=\"has-text-align-left banner-case-study has-text-color has-background\" style=\"color:#0071a1;background-color:#eaf4f8\"><strong>Case Study:<\/strong> <a href=\"https:\/\/getuplead.com\/case-studies\/cybersecurity\/\" data-type=\"page\" data-id=\"305\">Cybersecurity Company Sees 284% Growth in Number of Closed Customers with PPC<\/a><\/p>\n\n<h2 class=\"wp-block-heading\">1 &#8211; Qu&rsquo;est-ce que le contenu sponsoris\u00e9 sur LinkedIn ?<\/h2>\n\n<p>Le but du contenu sponsoris\u00e9 sur LinkedIn est d&rsquo;aider les marketeurs et les marques \u00e0 diffuser des publicit\u00e9s natives sur la plateforme afin de networker, g\u00e9n\u00e9rer des leads et renforcer la r\u00e9putation de votre marque.<\/p>\n\n<p>Il existe plusieurs fa\u00e7ons de cr\u00e9er du contenu sur LinkedIn. Si vous \u00eates d\u00e9j\u00e0 habitu\u00e9 aux diff\u00e9rents <a href=\"https:\/\/getuplead.com\/linkedin-advertising-agency\/ads-types\/\">types et formats de publicit\u00e9s LinkedIn<\/a>, vous avez probablement d\u00e9j\u00e0 entendu parler des publicit\u00e9s de contenu sponsoris\u00e9. La premi\u00e8re m\u00e9thode, surement la plus \u00e9vidente, consiste \u00e0 partager du contenu sur votre marque via votre page d&rsquo;entreprise. Il est cependant important de pr\u00e9ciser qu\u2019il ne s\u2019agit pas de contenu sponsoris\u00e9 et que seules les personnes qui suivent d\u00e9j\u00e0 votre entreprise le verront. <\/p>\n\n<p>Si vous vous demandez quelle est la diff\u00e9rence entre le contenu sponsoris\u00e9 et le contenu ordinaire, il faut savoir que le contenu sponsoris\u00e9 vous permet de cr\u00e9er un contenu cibl\u00e9 destin\u00e9 \u00e0 des publics particuliers (qui ne font pas partie de votre r\u00e9seau de followers actuel), augmentant ainsi vos chances de conversion ou d&rsquo;engagement.<\/p>\n\n<p>Une autre m\u00e9thode de contenu sponsoris\u00e9 sur LinkedIn est le contenu sponsoris\u00e9 direct, vous permettant de personnaliser, tester et am\u00e9liorer vos annonces afin d&rsquo;optimiser pleinement leurs performances et leur succ\u00e8s sans pour autant encombrer votre page.<\/p>\n\n<figure class=\"wp-block-image aligncenter size-full\"><img fetchpriority=\"high\" decoding=\"async\" width=\"2048\" height=\"1269\" src=\"https:\/\/getuplead.com\/wp-content\/uploads\/Screenshot_2022-07-02_at_14_03_45-2048x1269-1.png\" alt=\"Contenu sponsoris&#xE9; LinkedIn\" class=\"wp-image-953\" srcset=\"https:\/\/getuplead.com\/wp-content\/uploads\/Screenshot_2022-07-02_at_14_03_45-2048x1269-1.png 2048w, https:\/\/getuplead.com\/wp-content\/uploads\/Screenshot_2022-07-02_at_14_03_45-2048x1269-1-768x476.png 768w, https:\/\/getuplead.com\/wp-content\/uploads\/Screenshot_2022-07-02_at_14_03_45-2048x1269-1-1536x952.png 1536w\" sizes=\"(max-width: 2048px) 100vw, 2048px\" \/><\/figure>\n\n<h2 class=\"wp-block-heading\">2 &#8211; Caract\u00e9ristiques des publicit\u00e9s de contenu sponsoris\u00e9 sur LinkedIn<\/h2>\n\n<p>Voici les caract\u00e9ristiques publicitaires pour les deux types de contenu sponsoris\u00e9 sur LinkedIn:<\/p>\n\n<h3 class=\"wp-block-heading\">Partage de liens<\/h3>\n\n<p>&#8211; Possibilit\u00e9 d&rsquo;ajouter un texte d&rsquo;introduction<\/p>\n\n<p>&#8211; Le texte peut \u00eatre modifi\u00e9 manuellement<\/p>\n\n<p>&#8211; L&rsquo;URL sera automatiquement int\u00e9gr\u00e9e dans le titre et l&rsquo;image.<\/p>\n\n<p>&#8211; Les images peuvent \u00eatre upload\u00e9es manuellement.<\/p>\n\n<h3 class=\"wp-block-heading\">Image <\/h3>\n\n<p>&#8211; L&rsquo;image doit avoir une largeur d&rsquo;au moins 400px. Si elle est inf\u00e9rieure \u00e0 cette valeur, elle ne s&rsquo;affichera pas en grand format. <\/p>\n\n<p>&#8211; La taille de l&rsquo;image miniature doit \u00eatre de 1,91:1 (1200x627px).<\/p>\n\n<p>&#8211; Poids maximum pour une image upload\u00e9e manuellement: 5 Mo.<\/p>\n\n<p>&#8211; Le PPI (pixels par pouce) recommand\u00e9 est de 72.<\/p>\n\n<p>&#8211; Formats d&rsquo;images pris en charge pour le t\u00e9l\u00e9chargement manuel : JPG, GIF, PNG. Les GIF anim\u00e9s ne sont pas pris en charge. <\/p>\n\n<h3 class=\"wp-block-heading\">Texte d&rsquo;introduction<\/h3>\n\n<p>&#8211; Limite de 150 caract\u00e8res pour \u00e9viter la coupure du texte.<\/p>\n\n<p>&#8211; Le texte d&rsquo;introduction pour les versions desktop peut contenir jusqu&rsquo;\u00e0 6000 caract\u00e8res, mais le texte sera r\u00e9duit \u00e0 environ 150 caract\u00e8res, avec une option \u00ab\u00a0lire la suite\u00a0\u00bb disponible.<\/p>\n\n<h3 class=\"wp-block-heading\">URL de la page d&rsquo;atterrissage apr\u00e8s le clic<\/h3>\n\n<p>&#8211; Toutes les URL doivent commencer par \u00ab\u00a0http:\/\/\u00a0\u00bb ou \u00ab\u00a0https:\/\/\u00a0\u00bb.<\/p>\n\n<p>&#8211; Les URL de plus de 23 caract\u00e8res seront raccourcies par l\u2019outil Shortener de LinkedIn.<\/p>\n\n<p>&#8211; Les caract\u00e8res sont pris en compte dans la limite du texte d&rsquo;introduction. Il est donc recommand\u00e9 d&rsquo;utiliser 150 caract\u00e8res ou moins (y compris l&rsquo;URL) dans votre texte d&rsquo;introduction.<\/p>\n\n<h3 class=\"wp-block-heading\">Titre de l&rsquo;annonce<\/h3>\n\n<p>&#8211; Limite de 70 caract\u00e8res pour \u00e9viter la coupure du texte.<\/p>\n\n<h3 class=\"wp-block-heading\">Texte de description<\/h3>\n\n<p>&#8211; \u00c0 noter : les versions actualis\u00e9es de LinkedIn affichent rarement le texte de description du lien.<\/p>\n\n<p>&#8211; Le texte de description n&rsquo;appara\u00eetra que sur: les partages de liens avec des images dont la largeur est inf\u00e9rieure \u00e0 200 pixels et les annonces sur certaines versions mobiles de LinkedIn.<\/p>\n\n<p>&#8211; Le texte de description peut \u00eatre r\u00e9duit \u00e0 partir de 100 caract\u00e8res, mais cela peut varier pour les annonces diffus\u00e9es sur des sites tiers via le LinkedIn Audience Network.<\/p>\n\n<h3 class=\"wp-block-heading\">Partage de Liens Vid\u00e9o<\/h3>\n\n<p>&#8211; Pour modifier l&rsquo;aper\u00e7u de la vignette, vous devrez modifier l&rsquo;image de la vignette par d\u00e9faut aupr\u00e8s de votre fournisseur de services vid\u00e9o.<\/p>\n\n<p>&#8211; Les URL de YouTube et Vimeo sont prises en charge.<\/p>\n\n<p>&#8211; Les publicit\u00e9s vid\u00e9o sont configur\u00e9es pour une lecture automatique silencieuse dans le fil d&rsquo;actualit\u00e9s.<\/p>\n\n<p>&#8211; Les formulaires Lead Gen ne prennent pas en charge les vid\u00e9os.<\/p>\n\n<h3 class=\"wp-block-heading\">Rich Media Int\u00e9gr\u00e9 <\/h3>\n\n<h4 class=\"wp-block-heading\">Image<\/h4>\n\n<p>&#8211; L&rsquo;image doit avoir une largeur d&rsquo;au moins 400 px. Si elle est inf\u00e9rieure \u00e0 400 px, elle ne s&rsquo;affichera pas en grand format, mais appara\u00eetra sous forme de vignette \u00e0 gauche de l&rsquo;article. <\/p>\n\n<p>&#8211; Le format des vignettes est de 1,91:1 (1200x627px)<\/p>\n\n<p>&#8211; Poids maximal: 100 Mo.<\/p>\n\n<p>&#8211; Le PPI (pixels par pouce) recommand\u00e9 est de 72.<\/p>\n\n<h4 class=\"wp-block-heading\">Texte d&rsquo;introduction<\/h4>\n\n<p>&#8211; Le texte d&rsquo;introduction peut inclure des termes d&rsquo;obligations l\u00e9gales.<\/p>\n\n<p>&#8211; La limite maximale est de 150 caract\u00e8res pour \u00e9viter la coupure du texte. Ce tronquage d\u00e9pend du padding et non de la limite de caract\u00e8res, et varie donc d&rsquo;un appareil \u00e0 l&rsquo;autre. <\/p>\n\n<p>&#8211; Il peut comporter jusqu&rsquo;\u00e0 600 caract\u00e8res, mais le texte est coup\u00e9 aux alentours de 150 caract\u00e8res, avec une option \u00ab\u00a0&#8230;lire la suite\u00a0\u00bb disponible.<\/p>\n\n<h4 class=\"wp-block-heading\">URL de la page d&rsquo;atterrissage apr\u00e8s le clic<\/h4>\n\n<p>&#8211; Toutes les URL doivent commencer par \u00ab\u00a0http:\/\/\u00a0\u00bb ou \u00ab\u00a0https:\/\/\u00a0\u00bb.<\/p>\n\n<p>&#8211; L&rsquo;URL doit toujours \u00eatre incluse et les caract\u00e8res de l&rsquo;URL sont pris en compte dans la limite du texte d&rsquo;introduction.<\/p>\n\n<p>&#8211; Les URL d\u00e9passant 23 caract\u00e8res seront raccourcies par l&rsquo;outil Shortener de LinkedIn.<\/p>\n\n<p class=\"has-text-align-left banner-case-study has-text-color has-background\" style=\"color:#0071a1;background-color:#eaf4f8\"><strong>\u00c9tude de cas :<\/strong> <a href=\"https:\/\/getuplead.com\/fr\/cas-clients\/kodo\/\" data-type=\"page\" data-id=\"339\">D\u00e9couvrez comment nous avons g\u00e9n\u00e9r\u00e9s 167 % de prospects en plus avec LinkedIn Ads pour Kodo Survey<\/a><\/p>\n\n<h2 class=\"wp-block-heading\">3 &#8211; Comment lancer une campagne de contenu sponsoris\u00e9 ?<\/h2>\n\n<p>Pour lancer votre campagne de contenu sponsoris\u00e9, rendez-vous dans le gestionnaire de campagnes et suivez ces \u00e9tapes :<\/p>\n\n<p>&#8211; Choisissez l&rsquo;objectif de votre campagne (g\u00e9n\u00e9ration de leads, notori\u00e9t\u00e9 de la marque, etc.).<\/p>\n\n<p>Commencez \u00e0 d\u00e9finir votre public cible, bas\u00e9 selon certaines donn\u00e9es comme le secteur d&rsquo;activit\u00e9, l&rsquo;anciennet\u00e9, etc. <\/p>\n\n<p>\u2013 S\u00e9lectionnez le format de publicit\u00e9 que vous d\u00e9sirez. Les options incluent les publicit\u00e9s \u00e0 image unique, les publicit\u00e9s textuelles, les <a href=\"https:\/\/getuplead.com\/linkedin-advertising-agency\/ads-types\/sponsored\/video-ads\/\" target=\"_blank\" rel=\"noreferrer noopener\">publicit\u00e9s vid\u00e9o<\/a>, les <a href=\"https:\/\/getuplead.com\/linkedin-advertising-agency\/ads-types\/sponsored\/carousel-ads\/\" target=\"_blank\" rel=\"noreferrer noopener\">publicit\u00e9s en carrousel<\/a> et les <a href=\"https:\/\/getuplead.com\/linkedin-advertising-agency\/ads-types\/sponsored\/thought-leader-ads\/\" target=\"_blank\" rel=\"noreferrer noopener\">publicit\u00e9s de leaders d&rsquo;opinion<\/a>. <\/p>\n\n<p>&#8211; D\u00e9finissez un budget en fonction du type de strat\u00e9gie d&rsquo;ench\u00e8res. Vos crit\u00e8res seront bas\u00e9s sur les offres concurrentes concernant votre public cible. <\/p>\n\n<p>&#8211; Une fois cette \u00e9tape termin\u00e9e, vous aurez un aper\u00e7u de l&rsquo;apparence de votre annonce, ce qui vous permettra de l&rsquo;ajuster avant qu\u2019elle ne soit publi\u00e9e. Ceci repr\u00e9sente exactement ce que verront les personnes \u00e0 qui elle sera pr\u00e9sent\u00e9e. <\/p>\n\n<h2 class=\"wp-block-heading\">4 &#8211; Avantages du contenu sponsoris\u00e9 LinkedIn<\/h2>\n\n<p>Le contenu sponsoris\u00e9 sur LinkedIn pr\u00e9sente de nombreux avantages pour les sp\u00e9cialistes du marketing B2B. La raison principale est que contrairement \u00e0 d&rsquo;autres plateformes de r\u00e9seaux sociaux, LinkedIn est exclusivement d\u00e9di\u00e9 aux professionnels, parmi lesquels se trouvent de nombreux clients potentiels et rentables. <\/p>\n\n<p>LinkedIn est \u00e9galement la plateforme id\u00e9ale pour accro\u00eetre la notori\u00e9t\u00e9 de votre marque. Gr\u00e2ce \u00e0 ses crit\u00e8res de ciblage pr\u00e9cis et d\u00e9taill\u00e9s, vous pouvez vous assurer que les bons membres voient votre contenu, et augmenter votre nombre de leads une fois qu&rsquo;ils ont converti. <\/p>\n\n<p>Enfin, LinkedIn vous permet de cr\u00e9er votre audience id\u00e9ale et de concevoir une campagne publicitaire sp\u00e9cialement \u00e9labor\u00e9e \u00e0 partir des donn\u00e9es dont vous disposez pour ce groupe, ce qui la rend tr\u00e8s cibl\u00e9e.<\/p>\n\n<h2 class=\"wp-block-heading\">Conclusion<\/h2>\n\n<p>Une fois que vous avez compris les principes fondamentaux du fonctionnement du contenu sponsoris\u00e9 sur LinkedIn, vous pouvez l&rsquo;exploiter pour cibler pr\u00e9cis\u00e9ment ceux correspondants au profil de vos clients id\u00e9aux. Avec le contenu sponsoris\u00e9, vous n\u2019atteignez non plus seulement les personnes qui suivent votre marque sur LinkedIn, mais \u00e9galement bien d\u2019autres utilisateurs et entreprises sp\u00e9cifiques. <\/p>\n\n<p>Une fois que vous savez comment cr\u00e9er une publicit\u00e9 sponsoris\u00e9e et d\u00e9finir l&rsquo;audience \u00e0 qui elle sera pr\u00e9sent\u00e9e, il ne vous reste plus qu\u2019\u00e0 concevoir un contenu qui attire l&rsquo;attention. Ainsi, vous \u00eates pr\u00eat \u00e0 attirer de nouveaux clients potentiels !<\/p>\n\n<p><em><strong><em><strong>I<em><strong><em><strong><em>Si vous souhaitez en savoir plus sur la fa\u00e7on dont nous aidons les entreprises B2B SaaS et Tech \u00e0 augmenter leur MRR gr\u00e2ce \u00e0 la publicit\u00e9 sur LinkedIn, n\u2019h\u00e9sitez pas \u00e0 nous <a href=\"https:\/\/getuplead.com\/contact\/\" target=\"_blank\" rel=\"noreferrer noopener\">contacter en ligne<\/a> ou \u00e0 nous envoyer un e-mail d\u00e8s aujourd\u2019hui \u00e0 <a href=\"mailto:info@getuplead.com\" target=\"_blank\" rel=\"noreferrer noopener\">info@getuplead.com<\/a>. Un membre de notre \u00e9quipe vous r\u00e9pondra.<\/em><\/strong><\/em><\/strong><\/em><\/strong><\/em><\/strong><\/em><\/p>\n\n<p>Par ailleurs, vous pourriez \u00e9galement \u00eatre int\u00e9ress\u00e9 par :<\/p>\n\n<ul class=\"wp-block-list\">\n<li><a href=\"https:\/\/getuplead.com\/linkedin-advertising-agency\/ads-types\/dynamic-ads\/\" target=\"_blank\" rel=\"noreferrer noopener\">Les publicit\u00e9s dynamiques sur Linkedin Ads: Le guide pratique<\/a><\/li>\n\n\n\n<li><a href=\"https:\/\/getuplead.com\/linkedin-advertising-agency\/ads-types\/text\/\" target=\"_blank\" rel=\"noreferrer noopener\">Comment cr\u00e9er une campagne Text Ads sur Linkedin [Guide pas-\u00e0-pas]<\/a><\/li>\n\n\n\n<li><a href=\"https:\/\/getuplead.com\/linkedin-advertising-agency\/ads-types\/message\/\" target=\"_blank\" rel=\"noreferrer noopener\">Comment cr\u00e9er une campagne inMails sur Linkedin [Guide pas-\u00e0-pas]<\/a><\/li>\n\n\n\n<li><a href=\"https:\/\/getuplead.com\/linkedin-advertising-agency\/ads-types\/sizes\/\" target=\"_blank\" rel=\"noreferrer noopener\">Le guide de la taille des images sur Linkedin Ads en 2023<\/a><\/li>\n\n\n\n<li><a href=\"https:\/\/getuplead.com\/linkedin-advertising-agency\/ads-types\/copy\/\" target=\"_blank\" rel=\"noreferrer noopener\">Copywriting Linkedin Ads : comment \u00e9crire du contenu qui convertit<\/a><\/li>\n\n\n\n<li><a href=\"https:\/\/getuplead.com\/linkedin-advertising-agency\/ads-types\/document\/\" target=\"_blank\" rel=\"noreferrer noopener\">Comment cr\u00e9er une campagne Document Ads sur Linkedin [Guide]<\/a><\/li>\n\n\n\n<li><a href=\"https:\/\/getuplead.com\/linkedin-advertising-agency\/ads-types\/event\/\">Comment cr\u00e9er une publicit\u00e9 Event Ad sur LinkedIn [Guide]<\/a><\/li>\n\n\n\n<li><a href=\"https:\/\/getuplead.com\/linkedin-advertising-agency\/ads-types\/boost-post\/\">How to Boost a Post on Linkedin: A Complete Guide<\/a><\/li>\n<\/ul>\n","protected":false},"excerpt":{"rendered":"<p>Avec plus de 467 millions de membres \u00e0 son actif, LinkedIn repr\u00e9sente une opportunit\u00e9 incontournable pour les sp\u00e9cialistes du marketing B2B \u00e0 la recherche de r\u00e9seautage. Mais lorsqu&rsquo;il s&rsquo;agit de cr\u00e9er un contenu de qualit\u00e9 sur la plateforme, vos initiatives risquent d&rsquo;\u00eatre noy\u00e9es au sein de tous les autres contenus publicitaires diffus\u00e9s quotidiennement. Si vous [&hellip;]<\/p>\n","protected":false},"author":4,"featured_media":0,"parent":2755,"menu_order":0,"comment_status":"closed","ping_status":"closed","template":"","meta":{"footnotes":""},"class_list":["post-2775","page","type-page","status-publish","hentry"],"yoast_head":"<!-- This site is optimized with the Yoast SEO plugin v25.7 - https:\/\/yoast.com\/wordpress\/plugins\/seo\/ -->\n<title>Contenu sponsoris\u00e9 sur LinkedIn: Le guide complet<\/title>\n<meta name=\"robots\" content=\"index, follow, max-snippet:-1, max-image-preview:large, max-video-preview:-1\" \/>\n<link rel=\"canonical\" href=\"https:\/\/getuplead.com\/linkedin-advertising-agency\/ads-types\/sponsored\/\" \/>\n<meta property=\"og:locale\" content=\"fr_FR\" \/>\n<meta property=\"og:type\" content=\"article\" \/>\n<meta property=\"og:title\" content=\"Contenu sponsoris\u00e9 sur LinkedIn: Le guide complet\" \/>\n<meta property=\"og:description\" content=\"Avec plus de 467 millions de membres \u00e0 son actif, LinkedIn repr\u00e9sente une opportunit\u00e9 incontournable pour les sp\u00e9cialistes du marketing B2B \u00e0 la recherche de r\u00e9seautage. Mais lorsqu&rsquo;il s&rsquo;agit de cr\u00e9er un contenu de qualit\u00e9 sur la plateforme, vos initiatives risquent d&rsquo;\u00eatre noy\u00e9es au sein de tous les autres contenus publicitaires diffus\u00e9s quotidiennement. Si vous [&hellip;]\" \/>\n<meta property=\"og:url\" content=\"https:\/\/getuplead.com\/linkedin-advertising-agency\/ads-types\/sponsored\/\" \/>\n<meta property=\"og:site_name\" content=\"SaaS PPC Agency | Getuplead\" \/>\n<meta property=\"article:modified_time\" content=\"2024-07-01T20:25:49+00:00\" \/>\n<meta property=\"og:image\" content=\"https:\/\/getuplead.com\/wp-content\/uploads\/Screenshot_2022-07-02_at_14_03_45-2048x1269-1.png\" \/>\n<meta name=\"twitter:card\" content=\"summary_large_image\" \/>\n<meta name=\"twitter:label1\" content=\"Dur\u00e9e de lecture estim\u00e9e\" \/>\n\t<meta name=\"twitter:data1\" content=\"8 minutes\" \/>\n<script type=\"application\/ld+json\" class=\"yoast-schema-graph\">{\"@context\":\"https:\/\/schema.org\",\"@graph\":[{\"@type\":\"WebPage\",\"@id\":\"https:\/\/getuplead.com\/linkedin-advertising-agency\/ads-types\/sponsored\/\",\"url\":\"https:\/\/getuplead.com\/linkedin-advertising-agency\/ads-types\/sponsored\/\",\"name\":\"Contenu sponsoris\u00e9 sur LinkedIn: Le guide complet\",\"isPartOf\":{\"@id\":\"https:\/\/getuplead.com\/#website\"},\"primaryImageOfPage\":{\"@id\":\"https:\/\/getuplead.com\/linkedin-advertising-agency\/ads-types\/sponsored\/#primaryimage\"},\"image\":{\"@id\":\"https:\/\/getuplead.com\/linkedin-advertising-agency\/ads-types\/sponsored\/#primaryimage\"},\"thumbnailUrl\":\"https:\/\/getuplead.com\/wp-content\/uploads\/Screenshot_2022-07-02_at_14_03_45-2048x1269-1.png\",\"datePublished\":\"2024-05-21T07:31:30+00:00\",\"dateModified\":\"2024-07-01T20:25:49+00:00\",\"breadcrumb\":{\"@id\":\"https:\/\/getuplead.com\/linkedin-advertising-agency\/ads-types\/sponsored\/#breadcrumb\"},\"inLanguage\":\"fr-FR\",\"potentialAction\":[{\"@type\":\"ReadAction\",\"target\":[\"https:\/\/getuplead.com\/linkedin-advertising-agency\/ads-types\/sponsored\/\"]}]},{\"@type\":\"ImageObject\",\"inLanguage\":\"fr-FR\",\"@id\":\"https:\/\/getuplead.com\/linkedin-advertising-agency\/ads-types\/sponsored\/#primaryimage\",\"url\":\"https:\/\/getuplead.com\/wp-content\/uploads\/Screenshot_2022-07-02_at_14_03_45-2048x1269-1.png\",\"contentUrl\":\"https:\/\/getuplead.com\/wp-content\/uploads\/Screenshot_2022-07-02_at_14_03_45-2048x1269-1.png\"},{\"@type\":\"BreadcrumbList\",\"@id\":\"https:\/\/getuplead.com\/linkedin-advertising-agency\/ads-types\/sponsored\/#breadcrumb\",\"itemListElement\":[{\"@type\":\"ListItem\",\"position\":1,\"name\":\"Home\",\"item\":\"https:\/\/getuplead.com\/fr\/getuplead\/\"},{\"@type\":\"ListItem\",\"position\":2,\"name\":\"L&#8217;Agence LinkedIn Ads pour entreprises B2B SaaS et Tech\",\"item\":\"https:\/\/getuplead.com\/linkedin-advertising-agency\/\"},{\"@type\":\"ListItem\",\"position\":3,\"name\":\"LinkedIn Ads: Quels sont les diff\u00e9rents types de campagnes et formats d\u2019annonces?\",\"item\":\"https:\/\/getuplead.com\/linkedin-advertising-agency\/ads-types\/\"},{\"@type\":\"ListItem\",\"position\":4,\"name\":\"Contenu sponsoris\u00e9 sur LinkedIn: Le guide complet\"}]},{\"@type\":\"WebSite\",\"@id\":\"https:\/\/getuplead.com\/#website\",\"url\":\"https:\/\/getuplead.com\/\",\"name\":\"SaaS PPC Agency | Getuplead\",\"description\":\"\",\"publisher\":{\"@id\":\"https:\/\/getuplead.com\/#organization\"},\"potentialAction\":[{\"@type\":\"SearchAction\",\"target\":{\"@type\":\"EntryPoint\",\"urlTemplate\":\"https:\/\/getuplead.com\/?s={search_term_string}\"},\"query-input\":{\"@type\":\"PropertyValueSpecification\",\"valueRequired\":true,\"valueName\":\"search_term_string\"}}],\"inLanguage\":\"fr-FR\"},{\"@type\":\"Organization\",\"@id\":\"https:\/\/getuplead.com\/#organization\",\"name\":\"Getuplead\",\"url\":\"https:\/\/getuplead.com\/\",\"logo\":{\"@type\":\"ImageObject\",\"inLanguage\":\"fr-FR\",\"@id\":\"https:\/\/getuplead.com\/#\/schema\/logo\/image\/\",\"url\":\"https:\/\/getuplead.com\/wp-content\/uploads\/logo_getuplead.png\",\"contentUrl\":\"https:\/\/getuplead.com\/wp-content\/uploads\/logo_getuplead.png\",\"width\":1021,\"height\":275,\"caption\":\"Getuplead\"},\"image\":{\"@id\":\"https:\/\/getuplead.com\/#\/schema\/logo\/image\/\"}}]}<\/script>\n<!-- \/ Yoast SEO plugin. -->","yoast_head_json":{"title":"Contenu sponsoris\u00e9 sur LinkedIn: Le guide complet","robots":{"index":"index","follow":"follow","max-snippet":"max-snippet:-1","max-image-preview":"max-image-preview:large","max-video-preview":"max-video-preview:-1"},"canonical":"https:\/\/getuplead.com\/linkedin-advertising-agency\/ads-types\/sponsored\/","og_locale":"fr_FR","og_type":"article","og_title":"Contenu sponsoris\u00e9 sur LinkedIn: Le guide complet","og_description":"Avec plus de 467 millions de membres \u00e0 son actif, LinkedIn repr\u00e9sente une opportunit\u00e9 incontournable pour les sp\u00e9cialistes du marketing B2B \u00e0 la recherche de r\u00e9seautage. Mais lorsqu&rsquo;il s&rsquo;agit de cr\u00e9er un contenu de qualit\u00e9 sur la plateforme, vos initiatives risquent d&rsquo;\u00eatre noy\u00e9es au sein de tous les autres contenus publicitaires diffus\u00e9s quotidiennement. Si vous [&hellip;]","og_url":"https:\/\/getuplead.com\/linkedin-advertising-agency\/ads-types\/sponsored\/","og_site_name":"SaaS PPC Agency | Getuplead","article_modified_time":"2024-07-01T20:25:49+00:00","og_image":[{"url":"https:\/\/getuplead.com\/wp-content\/uploads\/Screenshot_2022-07-02_at_14_03_45-2048x1269-1.png","type":"","width":"","height":""}],"twitter_card":"summary_large_image","twitter_misc":{"Dur\u00e9e de lecture estim\u00e9e":"8 minutes"},"schema":{"@context":"https:\/\/schema.org","@graph":[{"@type":"WebPage","@id":"https:\/\/getuplead.com\/linkedin-advertising-agency\/ads-types\/sponsored\/","url":"https:\/\/getuplead.com\/linkedin-advertising-agency\/ads-types\/sponsored\/","name":"Contenu sponsoris\u00e9 sur LinkedIn: Le guide complet","isPartOf":{"@id":"https:\/\/getuplead.com\/#website"},"primaryImageOfPage":{"@id":"https:\/\/getuplead.com\/linkedin-advertising-agency\/ads-types\/sponsored\/#primaryimage"},"image":{"@id":"https:\/\/getuplead.com\/linkedin-advertising-agency\/ads-types\/sponsored\/#primaryimage"},"thumbnailUrl":"https:\/\/getuplead.com\/wp-content\/uploads\/Screenshot_2022-07-02_at_14_03_45-2048x1269-1.png","datePublished":"2024-05-21T07:31:30+00:00","dateModified":"2024-07-01T20:25:49+00:00","breadcrumb":{"@id":"https:\/\/getuplead.com\/linkedin-advertising-agency\/ads-types\/sponsored\/#breadcrumb"},"inLanguage":"fr-FR","potentialAction":[{"@type":"ReadAction","target":["https:\/\/getuplead.com\/linkedin-advertising-agency\/ads-types\/sponsored\/"]}]},{"@type":"ImageObject","inLanguage":"fr-FR","@id":"https:\/\/getuplead.com\/linkedin-advertising-agency\/ads-types\/sponsored\/#primaryimage","url":"https:\/\/getuplead.com\/wp-content\/uploads\/Screenshot_2022-07-02_at_14_03_45-2048x1269-1.png","contentUrl":"https:\/\/getuplead.com\/wp-content\/uploads\/Screenshot_2022-07-02_at_14_03_45-2048x1269-1.png"},{"@type":"BreadcrumbList","@id":"https:\/\/getuplead.com\/linkedin-advertising-agency\/ads-types\/sponsored\/#breadcrumb","itemListElement":[{"@type":"ListItem","position":1,"name":"Home","item":"https:\/\/getuplead.com\/fr\/getuplead\/"},{"@type":"ListItem","position":2,"name":"L&#8217;Agence LinkedIn Ads pour entreprises B2B SaaS et Tech","item":"https:\/\/getuplead.com\/linkedin-advertising-agency\/"},{"@type":"ListItem","position":3,"name":"LinkedIn Ads: Quels sont les diff\u00e9rents types de campagnes et formats d\u2019annonces?","item":"https:\/\/getuplead.com\/linkedin-advertising-agency\/ads-types\/"},{"@type":"ListItem","position":4,"name":"Contenu sponsoris\u00e9 sur LinkedIn: Le guide complet"}]},{"@type":"WebSite","@id":"https:\/\/getuplead.com\/#website","url":"https:\/\/getuplead.com\/","name":"SaaS PPC Agency | Getuplead","description":"","publisher":{"@id":"https:\/\/getuplead.com\/#organization"},"potentialAction":[{"@type":"SearchAction","target":{"@type":"EntryPoint","urlTemplate":"https:\/\/getuplead.com\/?s={search_term_string}"},"query-input":{"@type":"PropertyValueSpecification","valueRequired":true,"valueName":"search_term_string"}}],"inLanguage":"fr-FR"},{"@type":"Organization","@id":"https:\/\/getuplead.com\/#organization","name":"Getuplead","url":"https:\/\/getuplead.com\/","logo":{"@type":"ImageObject","inLanguage":"fr-FR","@id":"https:\/\/getuplead.com\/#\/schema\/logo\/image\/","url":"https:\/\/getuplead.com\/wp-content\/uploads\/logo_getuplead.png","contentUrl":"https:\/\/getuplead.com\/wp-content\/uploads\/logo_getuplead.png","width":1021,"height":275,"caption":"Getuplead"},"image":{"@id":"https:\/\/getuplead.com\/#\/schema\/logo\/image\/"}}]}},"_links":{"self":[{"href":"https:\/\/getuplead.com\/fr\/wp-json\/wp\/v2\/pages\/2775","targetHints":{"allow":["GET"]}}],"collection":[{"href":"https:\/\/getuplead.com\/fr\/wp-json\/wp\/v2\/pages"}],"about":[{"href":"https:\/\/getuplead.com\/fr\/wp-json\/wp\/v2\/types\/page"}],"author":[{"embeddable":true,"href":"https:\/\/getuplead.com\/fr\/wp-json\/wp\/v2\/users\/4"}],"replies":[{"embeddable":true,"href":"https:\/\/getuplead.com\/fr\/wp-json\/wp\/v2\/comments?post=2775"}],"version-history":[{"count":3,"href":"https:\/\/getuplead.com\/fr\/wp-json\/wp\/v2\/pages\/2775\/revisions"}],"predecessor-version":[{"id":2918,"href":"https:\/\/getuplead.com\/fr\/wp-json\/wp\/v2\/pages\/2775\/revisions\/2918"}],"up":[{"embeddable":true,"href":"https:\/\/getuplead.com\/fr\/wp-json\/wp\/v2\/pages\/2755"}],"wp:attachment":[{"href":"https:\/\/getuplead.com\/fr\/wp-json\/wp\/v2\/media?parent=2775"}],"curies":[{"name":"wp","href":"https:\/\/api.w.org\/{rel}","templated":true}]}}