{"id":2777,"date":"2024-05-21T09:57:25","date_gmt":"2024-05-21T07:57:25","guid":{"rendered":"https:\/\/getuplead.com\/types-publicites\/sponsorise\/carrousel-ads\/"},"modified":"2024-06-30T12:11:14","modified_gmt":"2024-06-30T10:11:14","slug":"carrousel-ads","status":"publish","type":"page","link":"https:\/\/getuplead.com\/fr\/agence-linkedin-ads\/types-publicites\/sponsorise\/carrousel-ads\/","title":{"rendered":"Comment cr\u00e9er des annonces carrousel sur LinkedIn: le guide pratique"},"content":{"rendered":"\n<p>Les annonces carrousel augmentent les chances de conversion des prospects en vous permettant de cr\u00e9er une annonce compos\u00e9e de plusieurs images \u00e0 travers le <a href=\"https:\/\/getuplead.com\/linkedin-advertising-agency\/ads-types\/sponsored\/\" target=\"_blank\" rel=\"noreferrer noopener\">contenu sponsoris\u00e9 LinkedIn<\/a>. Ce format offre une dimension \u00ab\u00a0narrative\u00a0\u00bb \u00e0 votre message, am\u00e9liorant ainsi la reconnaissance de votre marque et garantissant un r\u00e9sultat globalement positif.<\/p>\n\n<p>Si vous n&rsquo;avez pas encore explor\u00e9 les annonces carrousel LinkedIn, cet article propose un guide d\u00e9taill\u00e9 pour vous aider \u00e0 le faire, ainsi que les meilleures pratiques utilis\u00e9es par notre <a href=\"https:\/\/getuplead.com\/linkedin-advertising-agency\/\" target=\"_blank\" rel=\"noreferrer noopener\">agence LinkedIn Ads<\/a> pour garantir le meilleur retour sur investissement<\/p>\n\n<h2 class=\"wp-block-heading\">1 &#8211; Que sont les annonces carrousel LinkedIn ?<\/h2>\n\n<p>Ce format d&rsquo;annonce vous permet de cr\u00e9er une campagne sur LinkedIn sous la forme d&rsquo;une s\u00e9rie de cartes (toutes contenues dans une seule annonce). Leur objectif est d&rsquo;inciter votre public cible \u00e0 s&rsquo;engager avec votre contenu, que ce soit en visitant votre site web ou en remplissant un formulaire de g\u00e9n\u00e9ration de leads. <\/p>\n\n<figure class=\"wp-block-image aligncenter size-full\"><img fetchpriority=\"high\" decoding=\"async\" width=\"730\" height=\"686\" src=\"https:\/\/getuplead.com\/wp-content\/uploads\/Screenshot-2022-07-17-at-13.17.20-1.png\" alt=\"carrousel annonces LinkedIn\" class=\"wp-image-965\"\/><\/figure>\n\n<p>Si vous ne connaissez pas encore les formulaires de g\u00e9n\u00e9ration de leads LinkedIn, il s&rsquo;agit d&rsquo;annonces sp\u00e9cialement con\u00e7ues pour remplir automatiquement les informations d&rsquo;un prospect (afin qu&rsquo;il n&rsquo;ait pas \u00e0 le faire manuellement) en utilisant les donn\u00e9es de son profil LinkedIn. Un bouton d&rsquo;appel \u00e0 l&rsquo;action (CTA) est alors plac\u00e9 au bas du formulaire, sur lequel votre prospect pourra cliquer pour convertir. <\/p>\n\n<figure class=\"wp-block-image size-full\"><img decoding=\"async\" width=\"862\" height=\"744\" src=\"https:\/\/getuplead.com\/wp-content\/uploads\/Screenshot-2022-07-17-at-13.22.00-1.png\" alt=\"Formulaire de g&#xE9;n&#xE9;ration de leads sur LinkedIn\" class=\"wp-image-966\" srcset=\"https:\/\/getuplead.com\/wp-content\/uploads\/Screenshot-2022-07-17-at-13.22.00-1.png 862w, https:\/\/getuplead.com\/wp-content\/uploads\/Screenshot-2022-07-17-at-13.22.00-1-768x663.png 768w\" sizes=\"(max-width: 862px) 100vw, 862px\" \/><\/figure>\n\n<p>Les formulaires de g\u00e9n\u00e9ration de leads constituent un moyen rapide et facile pour les annonceurs de recueillir des informations essentielles sur les membres LinkedIn, et vous pouvez en int\u00e9grer un dans votre annonce carrousel.<\/p>\n\n<p>Pour cr\u00e9er une annonce carrousel sur LinkedIn,vous devez disposer des \u00e9l\u00e9ments suivants :<\/p>\n\n<p>&#8211; Une page LinkedIn li\u00e9e \u00e0 votre compte publicitaire.<\/p>\n\n<p>&#8211; L&rsquo;autorisation d&rsquo;un utilisateur de r\u00f4le tel que Creative Manager ou un autre r\u00f4le sup\u00e9rieur dans le \u00ab\u00a0Gestionnaire de campagne\u00a0\u00bb.<\/p>\n\n<p>&#8211; L&rsquo;acc\u00e8s \u00e0 la publication de contenu sponsoris\u00e9 ou plus, dans les autorisations de la page LinkedIn.<\/p>\n\n<p>Note : Seuls les administrateurs de page d\u00e9sign\u00e9s peuvent d\u00e9sactiver \/ supprimer \/ r\u00e9pondre aux commentaires sur l&rsquo;annonce.<\/p>\n\n<p class=\"has-text-align-left banner-case-study has-text-color has-background\" style=\"color:#0071a1;background-color:#eaf4f8\"><strong>\u00c9tude de cas :<\/strong> <a href=\"https:\/\/getuplead.com\/case-studies\/security-analytics\/\" data-type=\"page\" data-id=\"297\">D\u00e9couvrez comment nous avons g\u00e9n\u00e9r\u00e9 42% de leads qualifi\u00e9s en plus avec Linkedin Ads pour un logiciel de cybers\u00e9curit\u00e9<\/a><\/p>\n\n<h2 class=\"wp-block-heading\">2 &#8211; Comment cr\u00e9er des annonces carrousel<\/h2>\n\n<h3 class=\"wp-block-heading\">\u00c9tape 1 &#8211; Configuration de votre campagne<\/h3>\n\n<p>Pour cela, vous aurez besoin de votre propre profil LinkedIn (ou celui de quelqu&rsquo;un de l&rsquo;entreprise auquel vous pouvez vous connecter) et vous devrez activer le suivi des conversions. Vous devez ensuite acc\u00e9der au \u00ab\u00a0Gestionnaire de campagn\u00a0\u00bb et cliquer sur \u00ab\u00a0Cr\u00e9er une campagne\u00a0\u00bb. <\/p>\n\n<h4 class=\"wp-block-heading\">Choix de votre objectif<\/h4>\n\n<p>Vous devez ici d\u00e9finir l&rsquo;objectif de votre campagne carrousel (ce que vous esp\u00e9rez atteindre avec votre campagne). LinkedIn propose plusieurs options, et vous devez choisir celle qui correspond le mieux \u00e0 vos attentes pour la campagne. <\/p>\n\n<p>En g\u00e9n\u00e9ral, les utilisateurs choisissent des objectifs li\u00e9s \u00e0 la notori\u00e9t\u00e9 de la marque, aux visites de site web et aux conversions (telles que la g\u00e9n\u00e9ration de leads et les conversions sur site web). Si vous souhaitez inclure un formulaire de g\u00e9n\u00e9ration de leads dans votre annonce, vous devez s\u00e9lectionner \u00ab\u00a0G\u00e9n\u00e9ration de leads\u00a0\u00bb comme objectif. <\/p>\n\n<figure class=\"wp-block-image size-full\"><img decoding=\"async\" width=\"691\" height=\"443\" src=\"https:\/\/getuplead.com\/wp-content\/uploads\/Screenshot-2022-05-03-at-18.10.04-1-2.png\" alt=\"objectif campagne LinkedIn\" class=\"wp-image-967\"\/><\/figure>\n\n<h4 class=\"wp-block-heading\">D\u00e9finir votre audience<\/h4>\n\n<p>Cette \u00e9tape est essentielle pour la r\u00e9ussite de votre campagne. Vous devez identifier et construire votre audience cible, c&rsquo;est-\u00e0-dire les membres de la plateforme consid\u00e9r\u00e9s comme des \u00ab\u00a0leads chauds\u00a0\u00bb , qui sont les plus susceptibles d&rsquo;\u00eatre convertis. <\/p>\n\n<p>Vous pouvez d\u00e9finir votre audience gr\u00e2ce aux nombreuses donn\u00e9es d\u00e9mographiques disponibles sur LinkedIn, comme la localisation, les comp\u00e9tences, l&rsquo;\u00e9ducation, le r\u00f4le, l&rsquo;anciennet\u00e9, etc.<\/p>\n\n<figure class=\"wp-block-image aligncenter size-full\"><img loading=\"lazy\" decoding=\"async\" width=\"596\" height=\"487\" src=\"https:\/\/getuplead.com\/wp-content\/uploads\/Screenshot-2022-05-11-at-17.56.53-1-1.png\" alt=\"audience LinkedIn ads\" class=\"wp-image-968\"\/><\/figure>\n\n<h4 class=\"wp-block-heading\">Format de l&rsquo;annonce<\/h4>\n\n<p>Apr\u00e8s avoir d\u00e9fini votre audience cible, vous devez s\u00e9lectionner le format de votre annonce (annonces carrousel). Il est important de vous assurer que le format carrousel soit adapt\u00e9 \u00e0 votre campagne car une fois celle-ci enregistr\u00e9e, vous ne pourrez plus la modifier. <\/p>\n\n<figure class=\"wp-block-image size-full\"><img loading=\"lazy\" decoding=\"async\" width=\"817\" height=\"807\" src=\"https:\/\/getuplead.com\/wp-content\/uploads\/Screenshot_2022-07-17_at_13_31_11.png\" alt=\"Linkedin carrousel ad\" class=\"wp-image-969\" srcset=\"https:\/\/getuplead.com\/wp-content\/uploads\/Screenshot_2022-07-17_at_13_31_11.png 817w, https:\/\/getuplead.com\/wp-content\/uploads\/Screenshot_2022-07-17_at_13_31_11-768x759.png 768w\" sizes=\"(max-width: 817px) 100vw, 817px\" \/><\/figure>\n\n<p>Sous votre choix de format publicitaire, vous verrez une notification disant : \u00ab\u00a0Votre param\u00e8tre LinkedIn Audience Network a \u00e9t\u00e9 d\u00e9sactiv\u00e9 car il n&rsquo;est pas disponible pour le format publicitaire que vous avez s\u00e9lectionn\u00e9\u00a0\u00bb. Cela signifie que votre annonce carrousel ne sera pas visible sur les applications et sites web partenaires de LinkedIn, car ce format n&rsquo;est pas compatible avec ces plateformes. <\/p>\n\n<h4 class=\"wp-block-heading\">Budget et planification de votre annonce<\/h4>\n\n<p>Apr\u00e8s avoir s\u00e9lectionn\u00e9 votre format, l&rsquo;\u00e9tape suivante consiste \u00e0 fixer un budget quotidien et un budget total pour votre annonce.<\/p>\n\n<figure class=\"wp-block-image aligncenter size-full\"><img loading=\"lazy\" decoding=\"async\" width=\"748\" height=\"498\" src=\"https:\/\/getuplead.com\/wp-content\/uploads\/Screenshot-2022-07-17-at-13.40.57.png\" alt=\"Budget LinkedIn ads\" class=\"wp-image-970\"\/><\/figure>\n\n<h4 class=\"wp-block-heading\">Suivi des conversions<\/h4>\n\n<p>Comme nous l&rsquo;avons mentionn\u00e9 pr\u00e9c\u00e9demment, il est essentiel de mettre en place un suivi des conversions pour votre annonce. Cela vous permettra d&rsquo;\u00e9valuer ses performances \u00e0 tout moment et de recevoir des informations pr\u00e9cises sur les actions des prospects qui visitent votre site web. <\/p>\n\n<p>Case Study:<a href=\"https:\/\/getuplead.com\/case-studies\/goramp\/\"> <\/a><a href=\"https:\/\/getuplead.com\/case-studies\/kodo\/\" target=\"_blank\" rel=\"noreferrer noopener\">D\u00e9couvrez comment nous avons g\u00e9n\u00e9r\u00e9s 167 % de prospects en plus avec LinkedIn Ads pour Kodo Survey<\/a><\/p>\n\n<h3 class=\"wp-block-heading\">\u00c9tape 2 &#8211; Configuration de votre annonce<\/h3>\n\n<p>Cliquez sur \u00ab\u00a0Cr\u00e9er une nouvelle annonce\u00a0\u00bb et renseignez les d\u00e9tails requis. Ensuite, ajoutez le contenu de votre annonce aux diapositives (vous devez en avoir au minimum deux et au maximum dix). Ce contenu peut \u00eatre cr\u00e9\u00e9 par un cr\u00e9ateur de contenu que vous engagez, par vous-m\u00eame, ou par un membre de votre \u00e9quipe. Lorsque vous t\u00e9l\u00e9chargez vos cartes, assurez-vous d&rsquo;inclure un titre et une URL ou un CTA.   <\/p>\n\n<h2 class=\"wp-block-heading\">3 &#8211; Annonces carrousel LinkedIn : meilleures pratiques <\/h2>\n\n<p>Voici les meilleures strat\u00e9gies pour optimiser la performance globale de votre annonce :<\/p>\n\n<p>&#8211; Utilisez des titres et des descriptions d&rsquo;annonces informatives et concises.<\/p>\n\n<p>&#8211; Assurez-vous que le CTA soit clair et facile \u00e0 identifier.<\/p>\n\n<p>&#8211; Soyez pr\u00e9cis lorsque vous cr\u00e9ez des annonces cibl\u00e9es, mais n&rsquo;allez pas jusqu&rsquo;\u00e0 limiter votre audience ou \u00e0 la rendre trop nich\u00e9e. Visez environ 3 crit\u00e8res de ciblage. <\/p>\n\n<p>&#8211; Incluez un CTA clair sur <em>chaque<\/em> carte.<\/p>\n\n<p>&#8211; Commencez par trois \u00e0 cinq cartes dans votre carrousel, puis augmentez progressivement le nombre.<\/p>\n\n<p>&#8211; Pr\u00e9sentez vos cartes dans un ordre logique pour raconter votre histoire.<\/p>\n\n<p>&#8211; Utilisez la derni\u00e8re carte pour pr\u00e9senter votre offre principale ou votre CTA.<\/p>\n\n<p>&#8211; Suivez les impressions et les clics pour chaque carte et mesurez votre taux de clics (CTR) pour suivre le trafic vers votre site web g\u00e9n\u00e9r\u00e9 par votre annonce carrousel.<\/p>\n\n<p>&#8211; Int\u00e9grez de vrais t\u00e9moignages clients ou des commentaires dans votre carrousel.<\/p>\n\n<p>&#8211; Les cartes illustr\u00e9es pr\u00e9sentant des services et des offres pertinentes sont particuli\u00e8rement efficaces pour les annonces de retargeting.<\/p>\n\n<p>&#8211; Lorsque vous cr\u00e9ez des annonces qui dirigent les visiteurs vers une URL sp\u00e9cifique, privil\u00e9giez des pages d\u00e9di\u00e9es post-clic plut\u00f4t que votre page d&rsquo;accueil. Une page de destination sp\u00e9cialis\u00e9e, qui relie les annonces aux offres, augmentera les chances de conversion de l&rsquo;audience. <\/p>\n\n<h2 class=\"wp-block-heading\">Conclusion<\/h2>\n\n<p>\u00c0 pr\u00e9sent, vous devriez \u00eatre pleinement pr\u00e9par\u00e9 pour non seulement cr\u00e9er votre premi\u00e8re annonce carrousel, mais aussi pour la structurer de mani\u00e8re \u00e0 optimiser son succ\u00e8s.<\/p>\n\n<p>Voici les points cl\u00e9s \u00e0 retenir :<\/p>\n\n<p>&#8211; Soyez clair sur votre objectif<\/p>\n\n<p>&#8211; Assurez-vous que le format carrousel soit le plus adapt\u00e9 pour votre annonce<\/p>\n\n<p>&#8211; Prenez le temps de d\u00e9finir une audience de prospects \u201cchauds\u201d sur la base d&rsquo;environ trois crit\u00e8res d&rsquo;information de profil.<\/p>\n\n<p>&#8211; Veillez \u00e0 activer le suivi des conversions<\/p>\n\n<p>&#8211; Int\u00e9grez un CTA clair et facilement identifiable sur chaque carte.<\/p>\n\n<p>&#8211; Surveillez r\u00e9guli\u00e8rement vos m\u00e9triques pour \u00e9valuer les performances de votre annonce.<\/p>\n\n<p><em><strong><em><strong><em><strong><em><strong><em>Si vous souhaitez en savoir plus sur la fa\u00e7on dont nous aidons les entreprises B2B SaaS et Tech \u00e0 augmenter leur MRR gr\u00e2ce \u00e0 la publicit\u00e9 sur LinkedIn, n\u2019h\u00e9sitez pas \u00e0 nous <a href=\"https:\/\/getuplead.com\/contact\/\" target=\"_blank\" rel=\"noreferrer noopener\">contacter en ligne<\/a> ou \u00e0 nous envoyer un e-mail d\u00e8s aujourd\u2019hui \u00e0 <a href=\"mailto:info@getuplead.com\" target=\"_blank\" rel=\"noreferrer noopener\">info@getuplead.com<\/a>. Un membre de notre \u00e9quipe vous r\u00e9pondra.<\/em><\/strong><\/em><\/strong><\/em><\/strong><\/em><\/strong><\/em><\/p>\n\n<p>Par ailleurs, vous pourriez \u00e9galement \u00eatre int\u00e9ress\u00e9 par :<\/p>\n\n<ul class=\"wp-block-list\">\n<li><a href=\"https:\/\/getuplead.com\/linkedin-advertising-agency\/ads-types\/sponsored\/video-ads\/\" target=\"_blank\" rel=\"noreferrer noopener\"><\/a><a href=\"https:\/\/getuplead.com\/linkedin-advertising-agency\/ads-types\/sponsored\/video-ads\/\">Comment cr\u00e9er des annonces videos sur LinkedIn: le guide pratique<\/a><\/li>\n\n\n\n<li><a href=\"https:\/\/getuplead.com\/linkedin-advertising-agency\/ads-types\/sponsored\/carousel-ads\/\" target=\"_blank\" rel=\"noreferrer noopener\"><\/a><a href=\"https:\/\/getuplead.com\/linkedin-advertising-agency\/ads-types\/sponsored\/carousel-ads\/\" target=\"_blank\" rel=\"noreferrer noopener\"><\/a><a href=\"https:\/\/getuplead.com\/linkedin-advertising-agency\/ads-types\/sponsored\/carousel-ads\/\">Comment cr\u00e9er des annonces carrousel sur LinkedIn: le guide pratique<\/a><\/li>\n<\/ul>\n","protected":false},"excerpt":{"rendered":"<p>Les annonces carrousel augmentent les chances de conversion des prospects en vous permettant de cr\u00e9er une annonce compos\u00e9e de plusieurs images \u00e0 travers le contenu sponsoris\u00e9 LinkedIn. Ce format offre une dimension \u00ab\u00a0narrative\u00a0\u00bb \u00e0 votre message, am\u00e9liorant ainsi la reconnaissance de votre marque et garantissant un r\u00e9sultat globalement positif. Si vous n&rsquo;avez pas encore explor\u00e9 [&hellip;]<\/p>\n","protected":false},"author":4,"featured_media":0,"parent":2775,"menu_order":0,"comment_status":"closed","ping_status":"closed","template":"","meta":{"footnotes":""},"class_list":["post-2777","page","type-page","status-publish","hentry"],"yoast_head":"<!-- This site is optimized with the Yoast SEO plugin v25.7 - https:\/\/yoast.com\/wordpress\/plugins\/seo\/ -->\n<title>Comment cr\u00e9er des annonces carrousel sur LinkedIn: le guide pratique<\/title>\n<meta name=\"robots\" content=\"index, follow, max-snippet:-1, max-image-preview:large, max-video-preview:-1\" \/>\n<link rel=\"canonical\" href=\"https:\/\/getuplead.com\/linkedin-advertising-agency\/ads-types\/sponsored\/carousel-ads\/\" \/>\n<meta property=\"og:locale\" content=\"fr_FR\" \/>\n<meta property=\"og:type\" content=\"article\" \/>\n<meta property=\"og:title\" content=\"Comment cr\u00e9er des annonces carrousel sur LinkedIn: le guide pratique\" \/>\n<meta property=\"og:description\" content=\"Les annonces carrousel augmentent les chances de conversion des prospects en vous permettant de cr\u00e9er une annonce compos\u00e9e de plusieurs images \u00e0 travers le contenu sponsoris\u00e9 LinkedIn. Ce format offre une dimension \u00ab\u00a0narrative\u00a0\u00bb \u00e0 votre message, am\u00e9liorant ainsi la reconnaissance de votre marque et garantissant un r\u00e9sultat globalement positif. Si vous n&rsquo;avez pas encore explor\u00e9 [&hellip;]\" \/>\n<meta property=\"og:url\" content=\"https:\/\/getuplead.com\/linkedin-advertising-agency\/ads-types\/sponsored\/carousel-ads\/\" \/>\n<meta property=\"og:site_name\" content=\"SaaS PPC Agency | Getuplead\" \/>\n<meta property=\"article:modified_time\" content=\"2024-06-30T10:11:14+00:00\" \/>\n<meta property=\"og:image\" content=\"https:\/\/getuplead.com\/wp-content\/uploads\/Screenshot-2022-07-17-at-13.17.20-1.png\" \/>\n<meta name=\"twitter:card\" content=\"summary_large_image\" \/>\n<meta name=\"twitter:label1\" content=\"Dur\u00e9e de lecture estim\u00e9e\" \/>\n\t<meta name=\"twitter:data1\" content=\"7 minutes\" \/>\n<script type=\"application\/ld+json\" class=\"yoast-schema-graph\">{\"@context\":\"https:\/\/schema.org\",\"@graph\":[{\"@type\":\"WebPage\",\"@id\":\"https:\/\/getuplead.com\/linkedin-advertising-agency\/ads-types\/sponsored\/carousel-ads\/\",\"url\":\"https:\/\/getuplead.com\/linkedin-advertising-agency\/ads-types\/sponsored\/carousel-ads\/\",\"name\":\"Comment cr\u00e9er des annonces carrousel sur LinkedIn: le guide pratique\",\"isPartOf\":{\"@id\":\"https:\/\/getuplead.com\/#website\"},\"primaryImageOfPage\":{\"@id\":\"https:\/\/getuplead.com\/linkedin-advertising-agency\/ads-types\/sponsored\/carousel-ads\/#primaryimage\"},\"image\":{\"@id\":\"https:\/\/getuplead.com\/linkedin-advertising-agency\/ads-types\/sponsored\/carousel-ads\/#primaryimage\"},\"thumbnailUrl\":\"https:\/\/getuplead.com\/wp-content\/uploads\/Screenshot-2022-07-17-at-13.17.20-1.png\",\"datePublished\":\"2024-05-21T07:57:25+00:00\",\"dateModified\":\"2024-06-30T10:11:14+00:00\",\"breadcrumb\":{\"@id\":\"https:\/\/getuplead.com\/linkedin-advertising-agency\/ads-types\/sponsored\/carousel-ads\/#breadcrumb\"},\"inLanguage\":\"fr-FR\",\"potentialAction\":[{\"@type\":\"ReadAction\",\"target\":[\"https:\/\/getuplead.com\/linkedin-advertising-agency\/ads-types\/sponsored\/carousel-ads\/\"]}]},{\"@type\":\"ImageObject\",\"inLanguage\":\"fr-FR\",\"@id\":\"https:\/\/getuplead.com\/linkedin-advertising-agency\/ads-types\/sponsored\/carousel-ads\/#primaryimage\",\"url\":\"https:\/\/getuplead.com\/wp-content\/uploads\/Screenshot-2022-07-17-at-13.17.20-1.png\",\"contentUrl\":\"https:\/\/getuplead.com\/wp-content\/uploads\/Screenshot-2022-07-17-at-13.17.20-1.png\"},{\"@type\":\"BreadcrumbList\",\"@id\":\"https:\/\/getuplead.com\/linkedin-advertising-agency\/ads-types\/sponsored\/carousel-ads\/#breadcrumb\",\"itemListElement\":[{\"@type\":\"ListItem\",\"position\":1,\"name\":\"Home\",\"item\":\"https:\/\/getuplead.com\/fr\/getuplead\/\"},{\"@type\":\"ListItem\",\"position\":2,\"name\":\"L&#8217;Agence LinkedIn Ads pour entreprises B2B SaaS et Tech\",\"item\":\"https:\/\/getuplead.com\/linkedin-advertising-agency\/\"},{\"@type\":\"ListItem\",\"position\":3,\"name\":\"LinkedIn Ads: Quels sont les diff\u00e9rents types de campagnes et formats d\u2019annonces?\",\"item\":\"https:\/\/getuplead.com\/linkedin-advertising-agency\/ads-types\/\"},{\"@type\":\"ListItem\",\"position\":4,\"name\":\"Contenu sponsoris\u00e9 sur LinkedIn: Le guide complet\",\"item\":\"https:\/\/getuplead.com\/linkedin-advertising-agency\/ads-types\/sponsored\/\"},{\"@type\":\"ListItem\",\"position\":5,\"name\":\"Comment cr\u00e9er des annonces carrousel sur LinkedIn: le guide pratique\"}]},{\"@type\":\"WebSite\",\"@id\":\"https:\/\/getuplead.com\/#website\",\"url\":\"https:\/\/getuplead.com\/\",\"name\":\"SaaS PPC Agency | Getuplead\",\"description\":\"\",\"publisher\":{\"@id\":\"https:\/\/getuplead.com\/#organization\"},\"potentialAction\":[{\"@type\":\"SearchAction\",\"target\":{\"@type\":\"EntryPoint\",\"urlTemplate\":\"https:\/\/getuplead.com\/?s={search_term_string}\"},\"query-input\":{\"@type\":\"PropertyValueSpecification\",\"valueRequired\":true,\"valueName\":\"search_term_string\"}}],\"inLanguage\":\"fr-FR\"},{\"@type\":\"Organization\",\"@id\":\"https:\/\/getuplead.com\/#organization\",\"name\":\"Getuplead\",\"url\":\"https:\/\/getuplead.com\/\",\"logo\":{\"@type\":\"ImageObject\",\"inLanguage\":\"fr-FR\",\"@id\":\"https:\/\/getuplead.com\/#\/schema\/logo\/image\/\",\"url\":\"https:\/\/getuplead.com\/wp-content\/uploads\/logo_getuplead.png\",\"contentUrl\":\"https:\/\/getuplead.com\/wp-content\/uploads\/logo_getuplead.png\",\"width\":1021,\"height\":275,\"caption\":\"Getuplead\"},\"image\":{\"@id\":\"https:\/\/getuplead.com\/#\/schema\/logo\/image\/\"}}]}<\/script>\n<!-- \/ Yoast SEO plugin. -->","yoast_head_json":{"title":"Comment cr\u00e9er des annonces carrousel sur LinkedIn: le guide pratique","robots":{"index":"index","follow":"follow","max-snippet":"max-snippet:-1","max-image-preview":"max-image-preview:large","max-video-preview":"max-video-preview:-1"},"canonical":"https:\/\/getuplead.com\/linkedin-advertising-agency\/ads-types\/sponsored\/carousel-ads\/","og_locale":"fr_FR","og_type":"article","og_title":"Comment cr\u00e9er des annonces carrousel sur LinkedIn: le guide pratique","og_description":"Les annonces carrousel augmentent les chances de conversion des prospects en vous permettant de cr\u00e9er une annonce compos\u00e9e de plusieurs images \u00e0 travers le contenu sponsoris\u00e9 LinkedIn. Ce format offre une dimension \u00ab\u00a0narrative\u00a0\u00bb \u00e0 votre message, am\u00e9liorant ainsi la reconnaissance de votre marque et garantissant un r\u00e9sultat globalement positif. Si vous n&rsquo;avez pas encore explor\u00e9 [&hellip;]","og_url":"https:\/\/getuplead.com\/linkedin-advertising-agency\/ads-types\/sponsored\/carousel-ads\/","og_site_name":"SaaS PPC Agency | Getuplead","article_modified_time":"2024-06-30T10:11:14+00:00","og_image":[{"url":"https:\/\/getuplead.com\/wp-content\/uploads\/Screenshot-2022-07-17-at-13.17.20-1.png","type":"","width":"","height":""}],"twitter_card":"summary_large_image","twitter_misc":{"Dur\u00e9e de lecture estim\u00e9e":"7 minutes"},"schema":{"@context":"https:\/\/schema.org","@graph":[{"@type":"WebPage","@id":"https:\/\/getuplead.com\/linkedin-advertising-agency\/ads-types\/sponsored\/carousel-ads\/","url":"https:\/\/getuplead.com\/linkedin-advertising-agency\/ads-types\/sponsored\/carousel-ads\/","name":"Comment cr\u00e9er des annonces carrousel sur LinkedIn: le guide pratique","isPartOf":{"@id":"https:\/\/getuplead.com\/#website"},"primaryImageOfPage":{"@id":"https:\/\/getuplead.com\/linkedin-advertising-agency\/ads-types\/sponsored\/carousel-ads\/#primaryimage"},"image":{"@id":"https:\/\/getuplead.com\/linkedin-advertising-agency\/ads-types\/sponsored\/carousel-ads\/#primaryimage"},"thumbnailUrl":"https:\/\/getuplead.com\/wp-content\/uploads\/Screenshot-2022-07-17-at-13.17.20-1.png","datePublished":"2024-05-21T07:57:25+00:00","dateModified":"2024-06-30T10:11:14+00:00","breadcrumb":{"@id":"https:\/\/getuplead.com\/linkedin-advertising-agency\/ads-types\/sponsored\/carousel-ads\/#breadcrumb"},"inLanguage":"fr-FR","potentialAction":[{"@type":"ReadAction","target":["https:\/\/getuplead.com\/linkedin-advertising-agency\/ads-types\/sponsored\/carousel-ads\/"]}]},{"@type":"ImageObject","inLanguage":"fr-FR","@id":"https:\/\/getuplead.com\/linkedin-advertising-agency\/ads-types\/sponsored\/carousel-ads\/#primaryimage","url":"https:\/\/getuplead.com\/wp-content\/uploads\/Screenshot-2022-07-17-at-13.17.20-1.png","contentUrl":"https:\/\/getuplead.com\/wp-content\/uploads\/Screenshot-2022-07-17-at-13.17.20-1.png"},{"@type":"BreadcrumbList","@id":"https:\/\/getuplead.com\/linkedin-advertising-agency\/ads-types\/sponsored\/carousel-ads\/#breadcrumb","itemListElement":[{"@type":"ListItem","position":1,"name":"Home","item":"https:\/\/getuplead.com\/fr\/getuplead\/"},{"@type":"ListItem","position":2,"name":"L&#8217;Agence LinkedIn Ads pour entreprises B2B SaaS et Tech","item":"https:\/\/getuplead.com\/linkedin-advertising-agency\/"},{"@type":"ListItem","position":3,"name":"LinkedIn Ads: Quels sont les diff\u00e9rents types de campagnes et formats d\u2019annonces?","item":"https:\/\/getuplead.com\/linkedin-advertising-agency\/ads-types\/"},{"@type":"ListItem","position":4,"name":"Contenu sponsoris\u00e9 sur LinkedIn: Le guide complet","item":"https:\/\/getuplead.com\/linkedin-advertising-agency\/ads-types\/sponsored\/"},{"@type":"ListItem","position":5,"name":"Comment cr\u00e9er des annonces carrousel sur LinkedIn: le guide pratique"}]},{"@type":"WebSite","@id":"https:\/\/getuplead.com\/#website","url":"https:\/\/getuplead.com\/","name":"SaaS PPC Agency | Getuplead","description":"","publisher":{"@id":"https:\/\/getuplead.com\/#organization"},"potentialAction":[{"@type":"SearchAction","target":{"@type":"EntryPoint","urlTemplate":"https:\/\/getuplead.com\/?s={search_term_string}"},"query-input":{"@type":"PropertyValueSpecification","valueRequired":true,"valueName":"search_term_string"}}],"inLanguage":"fr-FR"},{"@type":"Organization","@id":"https:\/\/getuplead.com\/#organization","name":"Getuplead","url":"https:\/\/getuplead.com\/","logo":{"@type":"ImageObject","inLanguage":"fr-FR","@id":"https:\/\/getuplead.com\/#\/schema\/logo\/image\/","url":"https:\/\/getuplead.com\/wp-content\/uploads\/logo_getuplead.png","contentUrl":"https:\/\/getuplead.com\/wp-content\/uploads\/logo_getuplead.png","width":1021,"height":275,"caption":"Getuplead"},"image":{"@id":"https:\/\/getuplead.com\/#\/schema\/logo\/image\/"}}]}},"_links":{"self":[{"href":"https:\/\/getuplead.com\/fr\/wp-json\/wp\/v2\/pages\/2777","targetHints":{"allow":["GET"]}}],"collection":[{"href":"https:\/\/getuplead.com\/fr\/wp-json\/wp\/v2\/pages"}],"about":[{"href":"https:\/\/getuplead.com\/fr\/wp-json\/wp\/v2\/types\/page"}],"author":[{"embeddable":true,"href":"https:\/\/getuplead.com\/fr\/wp-json\/wp\/v2\/users\/4"}],"replies":[{"embeddable":true,"href":"https:\/\/getuplead.com\/fr\/wp-json\/wp\/v2\/comments?post=2777"}],"version-history":[{"count":1,"href":"https:\/\/getuplead.com\/fr\/wp-json\/wp\/v2\/pages\/2777\/revisions"}],"predecessor-version":[{"id":2778,"href":"https:\/\/getuplead.com\/fr\/wp-json\/wp\/v2\/pages\/2777\/revisions\/2778"}],"up":[{"embeddable":true,"href":"https:\/\/getuplead.com\/fr\/wp-json\/wp\/v2\/pages\/2775"}],"wp:attachment":[{"href":"https:\/\/getuplead.com\/fr\/wp-json\/wp\/v2\/media?parent=2777"}],"curies":[{"name":"wp","href":"https:\/\/api.w.org\/{rel}","templated":true}]}}