{"id":2784,"date":"2021-12-05T19:35:28","date_gmt":"2021-12-05T18:35:28","guid":{"rendered":"https:\/\/getuplead.com\/cas-clients\/47-de-demos-en-plus-avec-linkedin-ads-pour-goramp\/"},"modified":"2024-07-04T09:07:23","modified_gmt":"2024-07-04T07:07:23","slug":"goramp","status":"publish","type":"page","link":"https:\/\/getuplead.com\/fr\/etudes-de-cas\/goramp\/","title":{"rendered":"47 % de d\u00e9mos en plus avec LinkedIn Ads pour GoRamp"},"content":{"rendered":"\n<h2 class=\"wp-block-heading\"><meta charset=\"utf-8\"\/>Le client<\/h2>\n\n<p>GoRamp is a Transportation management platform making proactive decisions for shippers while sourcing, planning and monitoring. The company was created by industry insiders professionals to optimize supply chain workflow and communication between cargo senders and carriers. <\/p>\n\n<h2 class=\"wp-block-heading\"><meta charset=\"utf-8\"\/>Le d\u00e9fi<\/h2>\n\n<p><meta charset=\"utf-8\"\/>Lorsque nous avons commenc\u00e9 \u00e0 travailler avec GoRamp, nous avons constat\u00e9 qu&rsquo;ils s&rsquo;appuyaient fortement sur Google Ads depuis environ 12 mois, en dirigeant principalement les r\u00e9pondants aux annonces pour g\u00e9n\u00e9rer davantage de demandes de d\u00e9mo. Le co\u00fbt par action de conversion n&rsquo;\u00e9tait pas id\u00e9al, atteignant presque 585 $ par lead. Le march\u00e9 de la gestion des transports est une niche tr\u00e8s comp\u00e9titive avec des co\u00fbts par clic (CPC) \u00e9lev\u00e9s. En fait, certains des CPC les plus \u00e9lev\u00e9s de tous les secteurs, de nombreux CPC d\u00e9passant les 12 $ par clic, avec de nombreuses ench\u00e8res minimales pour la premi\u00e8re page \u00e0 plus de 10 $ par clic. En cons\u00e9quence, les opportunit\u00e9s d&rsquo;atteindre leur audience cible id\u00e9ale \u00e9taient limit\u00e9es en raison des contraintes budg\u00e9taires. GoRamp avait besoin d&rsquo;une mani\u00e8re plus efficace de cibler son audience. Bien que la publicit\u00e9 par recherche de mots-cl\u00e9s fournisse du trafic et de la visibilit\u00e9 \u00e0 leur marque, le co\u00fbt \u00e9lev\u00e9 par clic de la publicit\u00e9 de recherche n&rsquo;\u00e9tait pas durable et n&rsquo;\u00e9tait pas le meilleur moyen de leur permettre d&rsquo;atteindre leurs personas d&rsquo;acheteurs sp\u00e9cifiques.      <\/p>\n\n<h2 class=\"wp-block-heading\"><meta charset=\"utf-8\"\/>La solution<\/h2>\n\n<p>GoRamp a fait appel \u00e0 notre <a href=\"https:\/\/getuplead.com\/fr\/agence-linkedin-ads\/\" target=\"_blank\" rel=\"noreferrer noopener\">agence de publicit\u00e9 LinkedIn<\/a> pour accro\u00eetre efficacement les efforts de g\u00e9n\u00e9ration de leads avec le PPC et g\u00e9n\u00e9rer des leads marketing qualifi\u00e9s (MQL). Nous avons d\u00e9cid\u00e9 de tester la publicit\u00e9 LinkedIn afin de mieux cibler les donn\u00e9es d\u00e9mographiques des clients id\u00e9aux de GoRamp. En travaillant main dans la main avec leur \u00e9quipe interne, nous avons identifi\u00e9 les principaux personas d&rsquo;acheteurs de GoRamp et, en utilisant les capacit\u00e9s de ciblage B2B compl\u00e8tes de LinkedIn, nous avons cr\u00e9\u00e9 des campagnes ax\u00e9es sur ces personas. Nous avons \u00e9galement introduit des campagnes de remarketing sur Google AdWords pour r\u00e9duire la d\u00e9pendance \u00e0 la publicit\u00e9 bas\u00e9e sur les mots-cl\u00e9s, tout en maintenant GoRamp en t\u00eate de liste pour les prospects potentiels.   <\/p>\n\n<p>Nous avons d\u00e9cid\u00e9 d&rsquo;opter pour les objectifs de g\u00e9n\u00e9ration de leads de LinkedIn. Plus pr\u00e9cis\u00e9ment, les formulaires de g\u00e9n\u00e9ration de leads LinkedIn, ce qui nous a permis de faire ce qui suit : <\/p>\n\n<ul class=\"wp-block-list\">\n<li>Capturer des leads et mesurer les r\u00e9sultats sans utiliser de page de destination. En utilisant le formulaire de g\u00e9n\u00e9ration de leads, nous pouvions capturer des prospects directement depuis leur page LinkedIn. <\/li>\n\n\n\n<li>Collecter plus de leads, car la plupart des informations sont pr\u00e9-remplies par LinkedIn.<\/li>\n\n\n\n<li>Cibler des d\u00e9cideurs avec des titres de poste, des fonctions et des niveaux de s\u00e9niorit\u00e9 sp\u00e9cifiques qui \u00e9taient uniquement applicables au secteur d&rsquo;activit\u00e9 du client.<\/li>\n<\/ul>\n\n<h3 class=\"wp-block-heading\">\u00c9tape 1 : Recherche de l&rsquo;audience cible<\/h3>\n\n<p>Pour nous assurer de toucher les bons d\u00e9cideurs au sein des bonnes entreprises, nous avons mis en place un syst\u00e8me qui utilisait encore les m\u00e9canismes de recherche LinkedIn pour filtrer les prospects pendant notre campagne de g\u00e9n\u00e9ration de leads <\/p>\n\n<ul class=\"wp-block-list\">\n<li>Filtres de localisation<\/li>\n\n\n\n<li>Recherche par titre de poste<\/li>\n\n\n\n<li>Filtres de taille d&rsquo;entreprise<\/li>\n\n\n\n<li>Recherche bool\u00e9enne par mots-cl\u00e9s.<\/li>\n<\/ul>\n\n<p>Les publicit\u00e9s de g\u00e9n\u00e9ration de leads LinkedIn nous ont permis de cibler les \u00e9l\u00e9ments suivants :<\/p>\n\n<ul class=\"wp-block-list\">\n<li>Localisation : nous avons cibl\u00e9 des pays europ\u00e9ens sp\u00e9cifiques o\u00f9 notre client avait identifi\u00e9 les meilleures opportunit\u00e9s de leads.<\/li>\n\n\n\n<li>Taille de l&rsquo;entreprise : nous avons cibl\u00e9 les entreprises comptant plus de 100 employ\u00e9s.<\/li>\n\n\n\n<li>Titres de poste : nous avons choisi des r\u00f4les de direction sp\u00e9cifiques, car nos prospects \u00e9taient susceptibles d&rsquo;avoir de l&rsquo;autorit\u00e9, tels que \u00ab Directeur de\u2026 \u00bb et \u00ab Responsable de\u2026 \u00bb.<\/li>\n\n\n\n<li>Comp\u00e9tences : nous avons cibl\u00e9 les comp\u00e9tences sp\u00e9cifiques de notre persona d&rsquo;acheteur. <\/li>\n<\/ul>\n\n<figure class=\"wp-block-image size-large\"><img decoding=\"async\" src=\"https:\/\/getuplead.com\/wp-content\/uploads\/\/Screenshot-2021-12-06-at-16.13.50-1024x223.png\" alt=\"\" class=\"wp-image-2096\"\/><\/figure>\n\n<p>Avec ces crit\u00e8res, nous avons pu vraiment cibler les d\u00e9cideurs cl\u00e9s confront\u00e9s aux probl\u00e8mes que GoRamp r\u00e9sout.<\/p>\n\n<h3 class=\"wp-block-heading\">\u00c9tape 2 : Configurer un mix de campagnes<\/h3>\n\n<p>Nous avons opt\u00e9 pour deux types de campagnes LinkedIn diff\u00e9rents : les annonces de contenu sponsoris\u00e9 et les annonces textuelles, ce qui nous a permis de promouvoir la solution de GoRamp dans le fil d&rsquo;actualit\u00e9 de l&rsquo;audience cible. Les annonces n&rsquo;apparaissaient que lorsqu&rsquo;ils \u00e9taient connect\u00e9s sur LinkedIn, car nous utilisions uniquement les formulaires de g\u00e9n\u00e9ration de leads LinkedIn. <\/p>\n\n<h3 class=\"wp-block-heading\">\u00c9tape 3 : Tests A\/B des annonces <\/h3>\n\n<p>Nous prenons toujours en compte la cr\u00e9ation de diff\u00e9rents angles de texte avant de lancer une campagne PPC. Dans ce cas, apr\u00e8s avoir analys\u00e9 l&rsquo;audience cible de GoRamp, nous avons d\u00e9cid\u00e9 de nous concentrer sur 3 points de douleur diff\u00e9rents, segment\u00e9s en 3 annonces distinctes, chacune se concentrant sur un probl\u00e8me sp\u00e9cifique que notre persona d&rsquo;acheteur pourrait rencontrer. De cette fa\u00e7on, nous \u00e9tions s\u00fbrs de tester correctement nos diff\u00e9rents messages publicitaires en A\/B testing, les ajustant constamment pour optimiser les r\u00e9sultats.  <\/p>\n\n<h2 class=\"wp-block-heading\">R\u00e9sultats<\/h2>\n\n<p>Les publicit\u00e9s LinkedIn se sont av\u00e9r\u00e9es \u00eatre une tactique tr\u00e8s efficace pour la g\u00e9n\u00e9ration de leads B2B en ligne, permettant \u00e0 GoRamp d&rsquo;atteindre leur audience exacte \u00e0 un co\u00fbt par lead inf\u00e9rieur. Cela \u00e9tait davantage cibl\u00e9 d\u00e9mographiquement plut\u00f4t que par des mots-cl\u00e9s. <\/p>\n\n<p>Les r\u00e9sultats :<\/p>\n\n<figure class=\"wp-block-image size-full\"><img decoding=\"async\" src=\"https:\/\/getuplead.com\/wp-content\/uploads\/Sans-titre-1.png\" alt=\"\" class=\"wp-image-2108\"\/><\/figure>\n\n<ul class=\"wp-block-list\">\n<li>Les revenus ont augment\u00e9 de 181 %.<\/li>\n\n\n\n<li>Le pipeline a augment\u00e9 de 1022 %.<\/li>\n\n\n\n<li>En six semaines, les publicit\u00e9s LinkedIn ont d\u00e9pass\u00e9 le volume de leads produit par les 11 mois pr\u00e9c\u00e9dents de Google AdWords PPC.<\/li>\n\n\n\n<li>En quatre mois, les publicit\u00e9s LinkedIn ont g\u00e9n\u00e9r\u00e9 67 % de leads en plus que les 11 mois pr\u00e9c\u00e9dents de Google AdWords PPC, pour un budget inf\u00e9rieur de 79 %.<\/li>\n<\/ul>\n\n<p><em><strong>Si vous souhaitez en savoir plus sur la fa\u00e7on dont notre <a href=\"https:\/\/getuplead.com\/fr\/agence-linkedin-ads\/\" target=\"_blank\" rel=\"noreferrer noopener\">agence de publicit\u00e9 LinkedIn<\/a> aide les entreprises SaaS et Tech B2B \u00e0 augmenter leur MRR gr\u00e2ce \u00e0 la publicit\u00e9 sur LinkedIn, <a href=\"https:\/\/getuplead.com\/fr\/contact\/\">contactez-nous en ligne<\/a> ou envoyez-nous un e-mail d\u00e8s aujourd&rsquo;hui \u00e0 <a href=\"mailto:info@getuplead.com\" target=\"_blank\" rel=\"noreferrer noopener\">info@getuplead.com<\/a> pour parler \u00e0 un membre de notre \u00e9quipe.<\/strong><\/em><\/p>\n","protected":false},"excerpt":{"rendered":"<p>Le client GoRamp is a Transportation management platform making proactive decisions for shippers while sourcing, planning and monitoring. The company was created by industry insiders professionals to optimize supply chain workflow and communication between cargo senders and carriers. Le d\u00e9fi Lorsque nous avons commenc\u00e9 \u00e0 travailler avec GoRamp, nous avons constat\u00e9 qu&rsquo;ils s&rsquo;appuyaient fortement sur [&hellip;]<\/p>\n","protected":false},"author":4,"featured_media":1621,"parent":2572,"menu_order":0,"comment_status":"closed","ping_status":"closed","template":"","meta":{"footnotes":""},"class_list":["post-2784","page","type-page","status-publish","has-post-thumbnail","hentry"],"yoast_head":"<!-- This site is optimized with the Yoast SEO plugin v25.7 - https:\/\/yoast.com\/wordpress\/plugins\/seo\/ -->\n<title>47 % de d\u00e9mos en plus avec LinkedIn Ads pour GoRamp - Getuplead<\/title>\n<meta name=\"robots\" content=\"index, follow, max-snippet:-1, max-image-preview:large, max-video-preview:-1\" \/>\n<link rel=\"canonical\" href=\"https:\/\/getuplead.com\/fr\/etudes-de-cas\/goramp\/\" \/>\n<meta property=\"og:locale\" content=\"fr_FR\" \/>\n<meta property=\"og:type\" content=\"article\" \/>\n<meta property=\"og:title\" content=\"47 % de d\u00e9mos en plus avec LinkedIn Ads pour GoRamp - Getuplead\" \/>\n<meta property=\"og:description\" content=\"Le client GoRamp is a Transportation management platform making proactive decisions for shippers while sourcing, planning and monitoring. The company was created by industry insiders professionals to optimize supply chain workflow and communication between cargo senders and carriers. Le d\u00e9fi Lorsque nous avons commenc\u00e9 \u00e0 travailler avec GoRamp, nous avons constat\u00e9 qu&rsquo;ils s&rsquo;appuyaient fortement sur [&hellip;]\" \/>\n<meta property=\"og:url\" content=\"https:\/\/getuplead.com\/fr\/etudes-de-cas\/goramp\/\" \/>\n<meta property=\"og:site_name\" content=\"SaaS PPC Agency | Getuplead\" \/>\n<meta property=\"article:modified_time\" content=\"2024-07-04T07:07:23+00:00\" \/>\n<meta property=\"og:image\" content=\"https:\/\/getuplead.com\/wp-content\/uploads\/6.png\" \/>\n\t<meta property=\"og:image:width\" content=\"1024\" \/>\n\t<meta property=\"og:image:height\" content=\"1024\" \/>\n\t<meta property=\"og:image:type\" content=\"image\/png\" \/>\n<meta name=\"twitter:card\" content=\"summary_large_image\" \/>\n<meta name=\"twitter:label1\" content=\"Dur\u00e9e de lecture estim\u00e9e\" \/>\n\t<meta name=\"twitter:data1\" content=\"5 minutes\" \/>\n<script type=\"application\/ld+json\" class=\"yoast-schema-graph\">{\"@context\":\"https:\/\/schema.org\",\"@graph\":[{\"@type\":\"WebPage\",\"@id\":\"https:\/\/getuplead.com\/fr\/etudes-de-cas\/goramp\/\",\"url\":\"https:\/\/getuplead.com\/fr\/etudes-de-cas\/goramp\/\",\"name\":\"47 % de d\u00e9mos en plus avec LinkedIn Ads pour GoRamp - Getuplead\",\"isPartOf\":{\"@id\":\"https:\/\/getuplead.com\/#website\"},\"primaryImageOfPage\":{\"@id\":\"https:\/\/getuplead.com\/fr\/etudes-de-cas\/goramp\/#primaryimage\"},\"image\":{\"@id\":\"https:\/\/getuplead.com\/fr\/etudes-de-cas\/goramp\/#primaryimage\"},\"thumbnailUrl\":\"https:\/\/getuplead.com\/wp-content\/uploads\/6.png\",\"datePublished\":\"2021-12-05T18:35:28+00:00\",\"dateModified\":\"2024-07-04T07:07:23+00:00\",\"breadcrumb\":{\"@id\":\"https:\/\/getuplead.com\/fr\/etudes-de-cas\/goramp\/#breadcrumb\"},\"inLanguage\":\"fr-FR\",\"potentialAction\":[{\"@type\":\"ReadAction\",\"target\":[\"https:\/\/getuplead.com\/fr\/etudes-de-cas\/goramp\/\"]}]},{\"@type\":\"ImageObject\",\"inLanguage\":\"fr-FR\",\"@id\":\"https:\/\/getuplead.com\/fr\/etudes-de-cas\/goramp\/#primaryimage\",\"url\":\"https:\/\/getuplead.com\/wp-content\/uploads\/6.png\",\"contentUrl\":\"https:\/\/getuplead.com\/wp-content\/uploads\/6.png\",\"width\":1024,\"height\":1024},{\"@type\":\"BreadcrumbList\",\"@id\":\"https:\/\/getuplead.com\/fr\/etudes-de-cas\/goramp\/#breadcrumb\",\"itemListElement\":[{\"@type\":\"ListItem\",\"position\":1,\"name\":\"Home\",\"item\":\"https:\/\/getuplead.com\/fr\/getuplead\/\"},{\"@type\":\"ListItem\",\"position\":2,\"name\":\"\u00c9tudes de cas\",\"item\":\"https:\/\/getuplead.com\/fr\/etudes-de-cas\/\"},{\"@type\":\"ListItem\",\"position\":3,\"name\":\"47 % de d\u00e9mos en plus avec LinkedIn Ads pour GoRamp\"}]},{\"@type\":\"WebSite\",\"@id\":\"https:\/\/getuplead.com\/#website\",\"url\":\"https:\/\/getuplead.com\/\",\"name\":\"SaaS PPC Agency | Getuplead\",\"description\":\"\",\"publisher\":{\"@id\":\"https:\/\/getuplead.com\/#organization\"},\"potentialAction\":[{\"@type\":\"SearchAction\",\"target\":{\"@type\":\"EntryPoint\",\"urlTemplate\":\"https:\/\/getuplead.com\/?s={search_term_string}\"},\"query-input\":{\"@type\":\"PropertyValueSpecification\",\"valueRequired\":true,\"valueName\":\"search_term_string\"}}],\"inLanguage\":\"fr-FR\"},{\"@type\":\"Organization\",\"@id\":\"https:\/\/getuplead.com\/#organization\",\"name\":\"Getuplead\",\"url\":\"https:\/\/getuplead.com\/\",\"logo\":{\"@type\":\"ImageObject\",\"inLanguage\":\"fr-FR\",\"@id\":\"https:\/\/getuplead.com\/#\/schema\/logo\/image\/\",\"url\":\"https:\/\/getuplead.com\/wp-content\/uploads\/logo_getuplead.png\",\"contentUrl\":\"https:\/\/getuplead.com\/wp-content\/uploads\/logo_getuplead.png\",\"width\":1021,\"height\":275,\"caption\":\"Getuplead\"},\"image\":{\"@id\":\"https:\/\/getuplead.com\/#\/schema\/logo\/image\/\"}}]}<\/script>\n<!-- \/ Yoast SEO plugin. -->","yoast_head_json":{"title":"47 % de d\u00e9mos en plus avec LinkedIn Ads pour GoRamp - Getuplead","robots":{"index":"index","follow":"follow","max-snippet":"max-snippet:-1","max-image-preview":"max-image-preview:large","max-video-preview":"max-video-preview:-1"},"canonical":"https:\/\/getuplead.com\/fr\/etudes-de-cas\/goramp\/","og_locale":"fr_FR","og_type":"article","og_title":"47 % de d\u00e9mos en plus avec LinkedIn Ads pour GoRamp - Getuplead","og_description":"Le client GoRamp is a Transportation management platform making proactive decisions for shippers while sourcing, planning and monitoring. The company was created by industry insiders professionals to optimize supply chain workflow and communication between cargo senders and carriers. Le d\u00e9fi Lorsque nous avons commenc\u00e9 \u00e0 travailler avec GoRamp, nous avons constat\u00e9 qu&rsquo;ils s&rsquo;appuyaient fortement sur [&hellip;]","og_url":"https:\/\/getuplead.com\/fr\/etudes-de-cas\/goramp\/","og_site_name":"SaaS PPC Agency | Getuplead","article_modified_time":"2024-07-04T07:07:23+00:00","og_image":[{"width":1024,"height":1024,"url":"https:\/\/getuplead.com\/wp-content\/uploads\/6.png","type":"image\/png"}],"twitter_card":"summary_large_image","twitter_misc":{"Dur\u00e9e de lecture estim\u00e9e":"5 minutes"},"schema":{"@context":"https:\/\/schema.org","@graph":[{"@type":"WebPage","@id":"https:\/\/getuplead.com\/fr\/etudes-de-cas\/goramp\/","url":"https:\/\/getuplead.com\/fr\/etudes-de-cas\/goramp\/","name":"47 % de d\u00e9mos en plus avec LinkedIn Ads pour GoRamp - Getuplead","isPartOf":{"@id":"https:\/\/getuplead.com\/#website"},"primaryImageOfPage":{"@id":"https:\/\/getuplead.com\/fr\/etudes-de-cas\/goramp\/#primaryimage"},"image":{"@id":"https:\/\/getuplead.com\/fr\/etudes-de-cas\/goramp\/#primaryimage"},"thumbnailUrl":"https:\/\/getuplead.com\/wp-content\/uploads\/6.png","datePublished":"2021-12-05T18:35:28+00:00","dateModified":"2024-07-04T07:07:23+00:00","breadcrumb":{"@id":"https:\/\/getuplead.com\/fr\/etudes-de-cas\/goramp\/#breadcrumb"},"inLanguage":"fr-FR","potentialAction":[{"@type":"ReadAction","target":["https:\/\/getuplead.com\/fr\/etudes-de-cas\/goramp\/"]}]},{"@type":"ImageObject","inLanguage":"fr-FR","@id":"https:\/\/getuplead.com\/fr\/etudes-de-cas\/goramp\/#primaryimage","url":"https:\/\/getuplead.com\/wp-content\/uploads\/6.png","contentUrl":"https:\/\/getuplead.com\/wp-content\/uploads\/6.png","width":1024,"height":1024},{"@type":"BreadcrumbList","@id":"https:\/\/getuplead.com\/fr\/etudes-de-cas\/goramp\/#breadcrumb","itemListElement":[{"@type":"ListItem","position":1,"name":"Home","item":"https:\/\/getuplead.com\/fr\/getuplead\/"},{"@type":"ListItem","position":2,"name":"\u00c9tudes de cas","item":"https:\/\/getuplead.com\/fr\/etudes-de-cas\/"},{"@type":"ListItem","position":3,"name":"47 % de d\u00e9mos en plus avec LinkedIn Ads pour GoRamp"}]},{"@type":"WebSite","@id":"https:\/\/getuplead.com\/#website","url":"https:\/\/getuplead.com\/","name":"SaaS PPC Agency | Getuplead","description":"","publisher":{"@id":"https:\/\/getuplead.com\/#organization"},"potentialAction":[{"@type":"SearchAction","target":{"@type":"EntryPoint","urlTemplate":"https:\/\/getuplead.com\/?s={search_term_string}"},"query-input":{"@type":"PropertyValueSpecification","valueRequired":true,"valueName":"search_term_string"}}],"inLanguage":"fr-FR"},{"@type":"Organization","@id":"https:\/\/getuplead.com\/#organization","name":"Getuplead","url":"https:\/\/getuplead.com\/","logo":{"@type":"ImageObject","inLanguage":"fr-FR","@id":"https:\/\/getuplead.com\/#\/schema\/logo\/image\/","url":"https:\/\/getuplead.com\/wp-content\/uploads\/logo_getuplead.png","contentUrl":"https:\/\/getuplead.com\/wp-content\/uploads\/logo_getuplead.png","width":1021,"height":275,"caption":"Getuplead"},"image":{"@id":"https:\/\/getuplead.com\/#\/schema\/logo\/image\/"}}]}},"_links":{"self":[{"href":"https:\/\/getuplead.com\/fr\/wp-json\/wp\/v2\/pages\/2784","targetHints":{"allow":["GET"]}}],"collection":[{"href":"https:\/\/getuplead.com\/fr\/wp-json\/wp\/v2\/pages"}],"about":[{"href":"https:\/\/getuplead.com\/fr\/wp-json\/wp\/v2\/types\/page"}],"author":[{"embeddable":true,"href":"https:\/\/getuplead.com\/fr\/wp-json\/wp\/v2\/users\/4"}],"replies":[{"embeddable":true,"href":"https:\/\/getuplead.com\/fr\/wp-json\/wp\/v2\/comments?post=2784"}],"version-history":[{"count":2,"href":"https:\/\/getuplead.com\/fr\/wp-json\/wp\/v2\/pages\/2784\/revisions"}],"predecessor-version":[{"id":3029,"href":"https:\/\/getuplead.com\/fr\/wp-json\/wp\/v2\/pages\/2784\/revisions\/3029"}],"up":[{"embeddable":true,"href":"https:\/\/getuplead.com\/fr\/wp-json\/wp\/v2\/pages\/2572"}],"wp:featuredmedia":[{"embeddable":true,"href":"https:\/\/getuplead.com\/fr\/wp-json\/wp\/v2\/media\/1621"}],"wp:attachment":[{"href":"https:\/\/getuplead.com\/fr\/wp-json\/wp\/v2\/media?parent=2784"}],"curies":[{"name":"wp","href":"https:\/\/api.w.org\/{rel}","templated":true}]}}