{"id":2871,"date":"2024-05-20T16:18:47","date_gmt":"2024-05-20T14:18:47","guid":{"rendered":"https:\/\/getuplead.com\/image\/"},"modified":"2024-07-01T19:07:35","modified_gmt":"2024-07-01T17:07:35","slug":"image","status":"publish","type":"page","link":"https:\/\/getuplead.com\/fr\/agence-linkedin-ads\/campagne\/retargeting\/image\/","title":{"rendered":"Comment faire du retargeting de single image ads sur LinkedIn"},"content":{"rendered":"\n<h2 class=\"wp-block-heading\">1 &#8211; Que sont les publicit\u00e9s de retargeting LinkedIn ?<\/h2>\n\n<p>Chacun de nous peut se rappeler avoir consult\u00e9 un produit ou un service en ligne et, dans les semaines suivantes, avoir remarqu\u00e9 des publicit\u00e9s pour cet article qui apparaissent sur tous les sites que nous visitons. La bonne nouvelle, c&rsquo;est que non, vous ne devenez pas fou ! C&rsquo;est l\u00e0 toute la magie du remarketing. L&rsquo;id\u00e9e est de rappeler aux personnes qui ont d\u00e9j\u00e0 interagi avec votre marque de revenir et de se convertir. Et si vous avez un compte publicitaire LinkedIn, vous pouvez tr\u00e8s bien utiliser cette m\u00e9thode via une campagne publicitaire &#8211; et c&rsquo;est vraiment facile \u00e0 faire. Si vous rencontrez des difficult\u00e9s, envisager de faire appel \u00e0 une <a href=\"https:\/\/getuplead.com\/linkedin-advertising-agency\/\" target=\"_blank\" rel=\"noreferrer noopener\"> agence de publicit\u00e9 LinkedIn<\/a> peut vous aider \u00e0 mettre en place la bonne campagne de reciblage et les bons formats.      <\/p>\n\n<p>Si vous utilisez LinkedIn, vous pouvez cr\u00e9er une campagne publicitaire de reciblage ax\u00e9e sur la conversion suppl\u00e9mentaire des prospects appartenant \u00e0 des audiences qui :<\/p>\n\n<p>&#8211; Ont visit\u00e9 votre site web et sont \u00e9galement des utilisateurs de LinkedIn<\/p>\n\n<p>&#8211; Font partie d&rsquo;une liste d&rsquo;adresses e-mail que vous avez collect\u00e9es et t\u00e9l\u00e9charg\u00e9es pr\u00e9c\u00e9demment sur LinkedIn<\/p>\n\n<p>&#8211; Sont des personnes ayant regard\u00e9 votre vid\u00e9o publicitaire sur LinkedIn<\/p>\n\n<p>&#8211; Sont des personnes ayant rempli un formulaire de g\u00e9n\u00e9ration de leads via l&rsquo;un de vos posts LinkedIn<\/p>\n\n<p>Encore une fois, il n&rsquo;y a aucune garantie qu&rsquo;ils convertiront \u00e0 nouveau, mais \u00e9tant donn\u00e9 qu&rsquo;ils constituent un public int\u00e9ress\u00e9, vous avez d\u00e9j\u00e0 suscit\u00e9 leur int\u00e9r\u00eat et vous avez donc toutes vos chances.<\/p>\n\n<p>\u00c9tude de cas:<a href=\"https:\/\/getuplead.com\/case-studies\/goramp\/\"> <\/a><a href=\"https:\/\/getuplead.com\/case-studies\/security-analytics\/\" target=\"_blank\" rel=\"noreferrer noopener\">:D\u00e9couvrez comment nous avons g\u00e9n\u00e9r\u00e9 42 % de leads qualifi\u00e9s en plus avec LinkedIn Ads pour un logiciel de cybers\u00e9curit\u00e9. <\/a><\/p>\n\n<h2 class=\"wp-block-heading\">2 &#8211; Surmonter les d\u00e9fis du retargeting<\/h2>\n\n<p>Si vous avez d\u00e9j\u00e0 constitu\u00e9 une audience pour une campagne LinkedIn, vous savez qu&rsquo;il vous faut un minimum de 300 membres\/entreprises avant que votre campagne puisse \u00eatre lanc\u00e9e avec une garantie de succ\u00e8s. Vous savez \u00e9galement que constituer une audience signifie regrouper des personnes susceptibles de convertir (par exemple : travaillant dans un r\u00f4le d\u00e9cisionnel au sein d&rsquo;une entreprise), ce qui peut prendre du temps. <\/p>\n\n<p>L&rsquo;autre d\u00e9fi du reciblage est que les utilisateurs de LinkedIn peuvent choisir de ne pas autoriser le suivi de leurs donn\u00e9es lorsqu&rsquo;ils quittent la plateforme, ce qui rend le retargeting plus difficile lorsque vous comptez sur un prospect pour visiter votre site web via votre campagne LinkedIn.<\/p>\n\n<p>Cependant, les publicit\u00e9s \u00e0 image unique peuvent collecter des donn\u00e9es d&rsquo;un prospect sans qu&rsquo;il ait besoin de visiter votre site web.<\/p>\n\n<h2 class=\"wp-block-heading\">3 &#8211; Qu&rsquo;est-ce qu&rsquo;une publicit\u00e9 \u00e0 image unique ?<\/h2>\n\n<p>Une publicit\u00e9 \u00e0 image unique sur LinkedIn est une publicit\u00e9 comportant une seule image et un texte pertinent. Cela peut \u00eatre une excellente option pour les nouveaux venus dans le marketing sur LinkedIn et peut \u00eatre utilis\u00e9 dans le cadre de campagnes initiales de g\u00e9n\u00e9ration de leads, ainsi que pour le retargeting. <\/p>\n\n<h2 class=\"wp-block-heading\">4 &#8211; Le reciblage avec les publicit\u00e9s \u00e0 image unique<\/h2>\n\n<p>Lorsque vous cr\u00e9ez une audience pour votre campagne de retargeting avec des publicit\u00e9s \u00e0 image unique, diff\u00e9rentes options s&rsquo;offrent \u00e0 vous :<\/p>\n\n<p>&#8211; Toutes les interactions pr\u00e9c\u00e9dentes avec votre publicit\u00e9 : Cela inclut toutes les formes d&rsquo;engagement (mentions j&rsquo;aime, partages, commentaires, clics vers des sites web, etc.). Cela signifie que l&rsquo;annonce ciblera toutes les personnes qui ont interagi de quelque mani\u00e8re que ce soit avec vos publicit\u00e9s pr\u00e9c\u00e9dentes. <\/p>\n\n<p>&#8211; Utilisateurs ayant effectu\u00e9 des clics payants sur votre publicit\u00e9 : Cela ne s&rsquo;applique qu&rsquo;aux sp\u00e9cialistes du PPC (paiement par clic) et cela d\u00e9pend de vos objectifs de campagne pour le retargeting.<\/p>\n\n<h2 class=\"wp-block-heading\">5 &#8211; Le retargeting sur LinkedIn : strat\u00e9gies et tunnel de vente<\/h2>\n\n<p>Comme mentionn\u00e9 pr\u00e9c\u00e9demment, les publicit\u00e9s \u00e0 image unique sont parfaites pour les campagnes de retargeting. La bonne nouvelle, c&rsquo;est qu&rsquo;avec ce format, nous pouvons cr\u00e9er une campagne dont l&rsquo;objectif est de diriger les prospects vers notre site web pour les convertir et construire une audience qui ne se compose pas uniquement d&rsquo;anciens visiteurs web (qui ont peut-\u00eatre choisi de ne pas \u00eatre suivis lorsqu&rsquo;ils passent de LinkedIn \u00e0 votre site web via votre campagne).<\/p>\n\n<p>Case Study:<a href=\"https:\/\/getuplead.com\/case-studies\/goramp\/\"> <\/a><a href=\"https:\/\/getuplead.com\/case-studies\/kodo\/\" target=\"_blank\" rel=\"noreferrer noopener\">D\u00e9couvrez comment nous avons g\u00e9n\u00e9r\u00e9s 167 % de prospects en plus avec LinkedIn Ads pour Kodo Survey<\/a><\/p>\n\n<h2 class=\"wp-block-heading\">6 &#8211; Comment configurer le retargeting des publicit\u00e9s \u00e0 image unique<\/h2>\n\n<p>Tout d&rsquo;abord, vous devrez cr\u00e9er une audience correspondante. Voici comment proc\u00e9der : <\/p>\n\n<p>&#8211; Cliquez sur \u00ab\u00a0Planifier\u00a0\u00bb -&gt; \u00ab\u00a0Audiences\u00a0\u00bb<\/p>\n\n<p>&#8211; Cliquez sur le bouton bleu \u00ab\u00a0Cr\u00e9er une audience\u00a0\u00bb et choisissez \u00ab\u00a0Image unique\u00a0\u00bb<\/p>\n\n<figure class=\"wp-block-image aligncenter size-full\"><img fetchpriority=\"high\" decoding=\"async\" width=\"1397\" height=\"850\" src=\"https:\/\/getuplead.com\/wp-content\/uploads\/Screenshot_2022-06-11_at_12_31_54-1.png\" alt=\"audience correspondante LinkedIn\" class=\"wp-image-900\" srcset=\"https:\/\/getuplead.com\/wp-content\/uploads\/Screenshot_2022-06-11_at_12_31_54-1.png 1397w, https:\/\/getuplead.com\/wp-content\/uploads\/Screenshot_2022-06-11_at_12_31_54-1-768x467.png 768w\" sizes=\"(max-width: 1397px) 100vw, 1397px\" \/><\/figure>\n\n<p>&#8211; Donnez un nom \u00e0 ce groupe cible<\/p>\n\n<p>&#8211; Choisissez entre \u00ab\u00a0Toutes les interactions avec votre publicit\u00e9\u00a0\u00bb ou \u00ab\u00a0Les personnes ayant effectu\u00e9 des clics payants sur vos publicit\u00e9s\u00a0\u00bb et indiquez la p\u00e9riode de temps correspondante (30 jours, 60 jours, 90 jours, 180 jours ou 365 jours). Veuillez noter que plus la p\u00e9riode de temps est longue, moins le prospect est consid\u00e9r\u00e9 comme \u00ab\u00a0chaud\u00a0\u00bb. <\/p>\n\n<figure class=\"wp-block-image aligncenter size-full\"><img decoding=\"async\" width=\"791\" height=\"460\" src=\"https:\/\/getuplead.com\/wp-content\/uploads\/Screenshot-2022-06-15-at-16.59.15.png\" alt=\"Reciblage LinkedIn image publicitaire unique\" class=\"wp-image-901\" srcset=\"https:\/\/getuplead.com\/wp-content\/uploads\/Screenshot-2022-06-15-at-16.59.15.png 791w, https:\/\/getuplead.com\/wp-content\/uploads\/Screenshot-2022-06-15-at-16.59.15-768x447.png 768w\" sizes=\"(max-width: 791px) 100vw, 791px\" \/><\/figure>\n\n<p>Veuillez \u00e9galement noter qu&rsquo;il peut s&rsquo;\u00e9couler jusqu&rsquo;\u00e0 48 heures pour que l&rsquo;audience soit enti\u00e8rement constitu\u00e9e, donc ne soyez pas \u00e9tonn\u00e9s si vous ne voyez pas de r\u00e9sultats imm\u00e9diatement.<\/p>\n\n<p>Une fois votre audience pr\u00eate, vous pouvez la s\u00e9lectionner lors de la cr\u00e9ation d&rsquo;une nouvelle campagne en utilisant \u00ab\u00a0Audiences\u00a0\u00bb -&gt; \u00ab\u00a0Retargeting\u00a0\u00bb -&gt; \u00ab\u00a0Image unique\u00a0\u00bb. Ensuite, ajoutez votre texte et cliquez sur \u00ab\u00a0Cr\u00e9er\u00a0\u00bb pour lancer votre campagne. <\/p>\n\n<figure class=\"wp-block-image aligncenter size-full\"><img decoding=\"async\" width=\"973\" height=\"644\" src=\"https:\/\/getuplead.com\/wp-content\/uploads\/Screenshot-2022-06-15-at-17.02.51.png\" alt=\"campagne de retargeting LinkedIn image unique\" class=\"wp-image-902\" srcset=\"https:\/\/getuplead.com\/wp-content\/uploads\/Screenshot-2022-06-15-at-17.02.51.png 973w, https:\/\/getuplead.com\/wp-content\/uploads\/Screenshot-2022-06-15-at-17.02.51-768x508.png 768w\" sizes=\"(max-width: 973px) 100vw, 973px\" \/><\/figure>\n\n<h2 class=\"wp-block-heading\">Conclusion<\/h2>\n\n<p>Les publicit\u00e9s \u00e0 image unique peuvent \u00eatre une strat\u00e9gie de marketing efficace pour les campagnes initiales et de retargeting sur LinkedIn, et elles peuvent \u00eatre un moyen simple de faire de la publicit\u00e9 sur la plateforme, m\u00eame si votre budget marketing ou vos comp\u00e9tences digitales sont basiques.<\/p>\n\n<p>Comme pour toute campagne sur LinkedIn, il est important d&rsquo;avoir au moins 300 membres dans votre audience. Cela inclut \u00e9galement la cr\u00e9ation d&rsquo;ue audience correspondante. <\/p>\n\n<p>Le choix d&rsquo;une audience pour une campagne publicitaire de retargeting consiste \u00e0 s\u00e9lectionner des utilisateurs consid\u00e9r\u00e9s comme \u00ab\u00a0chauds\u00a0\u00bb, c&rsquo;est-\u00e0-dire ceux qui ont d\u00e9j\u00e0 interagi avec votre marque.<\/p>\n\n<p>Enfin, bien que les donn\u00e9es et les indicateurs de LinkedIn facilitent la cr\u00e9ation d&rsquo;une campagne ciblant les bonnes personnes pour votre marque et le suivi en temps r\u00e9el de la r\u00e9ussite de votre campagne, il est important de noter que cela ne garantit pas qu&rsquo;un prospect convertira ou reconvertira. La qualit\u00e9 de votre campagne joue \u00e9galement un r\u00f4le important, tout comme des facteurs externes tels que le contexte \u00e9conomique. Un prospect ne convertira que s&rsquo;il en a la possibilit\u00e9 et la volont\u00e9.  <\/p>\n\n<p>Cependant, investir du temps dans la cr\u00e9ation d&rsquo;un contenu de qualit\u00e9 et engageant, ainsi que dans la construction d&rsquo;une audience de membres susceptibles de convertir, vous aidera \u00e0 r\u00e9ussir dans la g\u00e9n\u00e9ration de leads. LinkedIn est l&rsquo;une des meilleures plateformes pour les sp\u00e9cialistes du B2B, il est donc essentiel de la comprendre et de l&rsquo;utiliser correctement pour assurer le succ\u00e8s de votre campagne marketing et obtenir un retour sur investissement. <\/p>\n\n<p><em><strong><em><strong><em><strong><em><strong><em>Si vous souhaitez en savoir plus sur la fa\u00e7on dont nous aidons les entreprises B2B SaaS et Tech \u00e0 augmenter leur MRR gr\u00e2ce \u00e0 la publicit\u00e9 sur LinkedIn, n\u2019h\u00e9sitez pas \u00e0 nous <a href=\"https:\/\/getuplead.com\/contact\/\" target=\"_blank\" rel=\"noreferrer noopener\">contacter en ligne<\/a> ou \u00e0 nous envoyer un e-mail d\u00e8s aujourd\u2019hui \u00e0 i<a href=\"mailto:info@getuplead.com\" target=\"_blank\" rel=\"noreferrer noopener\">nfo@getuplead.com<\/a>. Un membre de notre \u00e9quipe vous r\u00e9pondra.<\/em><\/strong><\/em><\/strong><\/em><\/strong><\/em><\/strong><\/em><\/p>\n\n<p>Par ailleurs, vous pourriez \u00e9galement \u00eatre int\u00e9ress\u00e9 par :<\/p>\n\n<ul class=\"wp-block-list\">\n<li><a href=\"https:\/\/getuplead.com\/linkedin-advertising-agency\/campaign\/retargeting\/video\/\">Comment faire du retargeting de vid\u00e9os sur Linkedin<\/a><\/li>\n\n\n\n<li><a href=\"https:\/\/getuplead.com\/linkedin-advertising-agency\/campaign\/retargeting\/best-practices\/\" target=\"_blank\" rel=\"noreferrer noopener\">Retargeting Linkedin Ads: Les meilleures pratiques<\/a><\/li>\n<\/ul>\n","protected":false},"excerpt":{"rendered":"<p>1 &#8211; Que sont les publicit\u00e9s de retargeting LinkedIn ? Chacun de nous peut se rappeler avoir consult\u00e9 un produit ou un service en ligne et, dans les semaines suivantes, avoir remarqu\u00e9 des publicit\u00e9s pour cet article qui apparaissent sur tous les sites que nous visitons. La bonne nouvelle, c&rsquo;est que non, vous ne devenez [&hellip;]<\/p>\n","protected":false},"author":4,"featured_media":0,"parent":2888,"menu_order":0,"comment_status":"closed","ping_status":"closed","template":"","meta":{"footnotes":""},"class_list":["post-2871","page","type-page","status-publish","hentry"],"yoast_head":"<!-- This site is optimized with the Yoast SEO plugin v25.7 - https:\/\/yoast.com\/wordpress\/plugins\/seo\/ -->\n<title>Comment faire du retargeting de single image ads sur LinkedIn<\/title>\n<meta name=\"robots\" content=\"index, follow, max-snippet:-1, max-image-preview:large, max-video-preview:-1\" \/>\n<link rel=\"canonical\" href=\"https:\/\/getuplead.com\/fr\/agence-linkedin-ads\/campagne\/retargeting\/image\/\" \/>\n<meta property=\"og:locale\" content=\"fr_FR\" \/>\n<meta property=\"og:type\" content=\"article\" \/>\n<meta property=\"og:title\" content=\"Comment faire du retargeting de single image ads sur LinkedIn\" \/>\n<meta property=\"og:description\" content=\"1 &#8211; Que sont les publicit\u00e9s de retargeting LinkedIn ? Chacun de nous peut se rappeler avoir consult\u00e9 un produit ou un service en ligne et, dans les semaines suivantes, avoir remarqu\u00e9 des publicit\u00e9s pour cet article qui apparaissent sur tous les sites que nous visitons. La bonne nouvelle, c&rsquo;est que non, vous ne devenez [&hellip;]\" \/>\n<meta property=\"og:url\" content=\"https:\/\/getuplead.com\/fr\/agence-linkedin-ads\/campagne\/retargeting\/image\/\" \/>\n<meta property=\"og:site_name\" content=\"SaaS PPC Agency | Getuplead\" \/>\n<meta property=\"article:modified_time\" content=\"2024-07-01T17:07:35+00:00\" \/>\n<meta property=\"og:image\" content=\"https:\/\/getuplead.com\/wp-content\/uploads\/Screenshot_2022-06-11_at_12_31_54-1.png\" \/>\n<meta name=\"twitter:card\" content=\"summary_large_image\" \/>\n<meta name=\"twitter:label1\" content=\"Dur\u00e9e de lecture estim\u00e9e\" \/>\n\t<meta name=\"twitter:data1\" content=\"6 minutes\" \/>\n<script type=\"application\/ld+json\" class=\"yoast-schema-graph\">{\"@context\":\"https:\/\/schema.org\",\"@graph\":[{\"@type\":\"WebPage\",\"@id\":\"https:\/\/getuplead.com\/fr\/agence-linkedin-ads\/campagne\/retargeting\/image\/\",\"url\":\"https:\/\/getuplead.com\/fr\/agence-linkedin-ads\/campagne\/retargeting\/image\/\",\"name\":\"Comment faire du retargeting de single image ads sur LinkedIn\",\"isPartOf\":{\"@id\":\"https:\/\/getuplead.com\/#website\"},\"primaryImageOfPage\":{\"@id\":\"https:\/\/getuplead.com\/fr\/agence-linkedin-ads\/campagne\/retargeting\/image\/#primaryimage\"},\"image\":{\"@id\":\"https:\/\/getuplead.com\/fr\/agence-linkedin-ads\/campagne\/retargeting\/image\/#primaryimage\"},\"thumbnailUrl\":\"https:\/\/getuplead.com\/wp-content\/uploads\/Screenshot_2022-06-11_at_12_31_54-1.png\",\"datePublished\":\"2024-05-20T14:18:47+00:00\",\"dateModified\":\"2024-07-01T17:07:35+00:00\",\"breadcrumb\":{\"@id\":\"https:\/\/getuplead.com\/fr\/agence-linkedin-ads\/campagne\/retargeting\/image\/#breadcrumb\"},\"inLanguage\":\"fr-FR\",\"potentialAction\":[{\"@type\":\"ReadAction\",\"target\":[\"https:\/\/getuplead.com\/fr\/agence-linkedin-ads\/campagne\/retargeting\/image\/\"]}]},{\"@type\":\"ImageObject\",\"inLanguage\":\"fr-FR\",\"@id\":\"https:\/\/getuplead.com\/fr\/agence-linkedin-ads\/campagne\/retargeting\/image\/#primaryimage\",\"url\":\"https:\/\/getuplead.com\/wp-content\/uploads\/Screenshot_2022-06-11_at_12_31_54-1.png\",\"contentUrl\":\"https:\/\/getuplead.com\/wp-content\/uploads\/Screenshot_2022-06-11_at_12_31_54-1.png\"},{\"@type\":\"BreadcrumbList\",\"@id\":\"https:\/\/getuplead.com\/fr\/agence-linkedin-ads\/campagne\/retargeting\/image\/#breadcrumb\",\"itemListElement\":[{\"@type\":\"ListItem\",\"position\":1,\"name\":\"Home\",\"item\":\"https:\/\/getuplead.com\/fr\/getuplead\/\"},{\"@type\":\"ListItem\",\"position\":2,\"name\":\"L&#8217;Agence LinkedIn Ads pour entreprises B2B SaaS et Tech\",\"item\":\"https:\/\/getuplead.com\/linkedin-advertising-agency\/\"},{\"@type\":\"ListItem\",\"position\":3,\"name\":\"Comment cr\u00e9er une campagne LinkedIn Ads rentable : le guide complet\",\"item\":\"https:\/\/getuplead.com\/linkedin-advertising-agency\/campaign\/\"},{\"@type\":\"ListItem\",\"position\":4,\"name\":\"Comment faire du retargeting sur LinkedIn : le guide complet\",\"item\":\"https:\/\/getuplead.com\/fr\/agence-linkedin-ads\/campagne\/retargeting\/\"},{\"@type\":\"ListItem\",\"position\":5,\"name\":\"Comment faire du retargeting de single image ads sur LinkedIn\"}]},{\"@type\":\"WebSite\",\"@id\":\"https:\/\/getuplead.com\/#website\",\"url\":\"https:\/\/getuplead.com\/\",\"name\":\"SaaS PPC Agency | Getuplead\",\"description\":\"\",\"publisher\":{\"@id\":\"https:\/\/getuplead.com\/#organization\"},\"potentialAction\":[{\"@type\":\"SearchAction\",\"target\":{\"@type\":\"EntryPoint\",\"urlTemplate\":\"https:\/\/getuplead.com\/?s={search_term_string}\"},\"query-input\":{\"@type\":\"PropertyValueSpecification\",\"valueRequired\":true,\"valueName\":\"search_term_string\"}}],\"inLanguage\":\"fr-FR\"},{\"@type\":\"Organization\",\"@id\":\"https:\/\/getuplead.com\/#organization\",\"name\":\"Getuplead\",\"url\":\"https:\/\/getuplead.com\/\",\"logo\":{\"@type\":\"ImageObject\",\"inLanguage\":\"fr-FR\",\"@id\":\"https:\/\/getuplead.com\/#\/schema\/logo\/image\/\",\"url\":\"https:\/\/getuplead.com\/wp-content\/uploads\/logo_getuplead.png\",\"contentUrl\":\"https:\/\/getuplead.com\/wp-content\/uploads\/logo_getuplead.png\",\"width\":1021,\"height\":275,\"caption\":\"Getuplead\"},\"image\":{\"@id\":\"https:\/\/getuplead.com\/#\/schema\/logo\/image\/\"}}]}<\/script>\n<!-- \/ Yoast SEO plugin. -->","yoast_head_json":{"title":"Comment faire du retargeting de single image ads sur LinkedIn","robots":{"index":"index","follow":"follow","max-snippet":"max-snippet:-1","max-image-preview":"max-image-preview:large","max-video-preview":"max-video-preview:-1"},"canonical":"https:\/\/getuplead.com\/fr\/agence-linkedin-ads\/campagne\/retargeting\/image\/","og_locale":"fr_FR","og_type":"article","og_title":"Comment faire du retargeting de single image ads sur LinkedIn","og_description":"1 &#8211; Que sont les publicit\u00e9s de retargeting LinkedIn ? Chacun de nous peut se rappeler avoir consult\u00e9 un produit ou un service en ligne et, dans les semaines suivantes, avoir remarqu\u00e9 des publicit\u00e9s pour cet article qui apparaissent sur tous les sites que nous visitons. La bonne nouvelle, c&rsquo;est que non, vous ne devenez [&hellip;]","og_url":"https:\/\/getuplead.com\/fr\/agence-linkedin-ads\/campagne\/retargeting\/image\/","og_site_name":"SaaS PPC Agency | Getuplead","article_modified_time":"2024-07-01T17:07:35+00:00","og_image":[{"url":"https:\/\/getuplead.com\/wp-content\/uploads\/Screenshot_2022-06-11_at_12_31_54-1.png","type":"","width":"","height":""}],"twitter_card":"summary_large_image","twitter_misc":{"Dur\u00e9e de lecture estim\u00e9e":"6 minutes"},"schema":{"@context":"https:\/\/schema.org","@graph":[{"@type":"WebPage","@id":"https:\/\/getuplead.com\/fr\/agence-linkedin-ads\/campagne\/retargeting\/image\/","url":"https:\/\/getuplead.com\/fr\/agence-linkedin-ads\/campagne\/retargeting\/image\/","name":"Comment faire du retargeting de single image ads sur LinkedIn","isPartOf":{"@id":"https:\/\/getuplead.com\/#website"},"primaryImageOfPage":{"@id":"https:\/\/getuplead.com\/fr\/agence-linkedin-ads\/campagne\/retargeting\/image\/#primaryimage"},"image":{"@id":"https:\/\/getuplead.com\/fr\/agence-linkedin-ads\/campagne\/retargeting\/image\/#primaryimage"},"thumbnailUrl":"https:\/\/getuplead.com\/wp-content\/uploads\/Screenshot_2022-06-11_at_12_31_54-1.png","datePublished":"2024-05-20T14:18:47+00:00","dateModified":"2024-07-01T17:07:35+00:00","breadcrumb":{"@id":"https:\/\/getuplead.com\/fr\/agence-linkedin-ads\/campagne\/retargeting\/image\/#breadcrumb"},"inLanguage":"fr-FR","potentialAction":[{"@type":"ReadAction","target":["https:\/\/getuplead.com\/fr\/agence-linkedin-ads\/campagne\/retargeting\/image\/"]}]},{"@type":"ImageObject","inLanguage":"fr-FR","@id":"https:\/\/getuplead.com\/fr\/agence-linkedin-ads\/campagne\/retargeting\/image\/#primaryimage","url":"https:\/\/getuplead.com\/wp-content\/uploads\/Screenshot_2022-06-11_at_12_31_54-1.png","contentUrl":"https:\/\/getuplead.com\/wp-content\/uploads\/Screenshot_2022-06-11_at_12_31_54-1.png"},{"@type":"BreadcrumbList","@id":"https:\/\/getuplead.com\/fr\/agence-linkedin-ads\/campagne\/retargeting\/image\/#breadcrumb","itemListElement":[{"@type":"ListItem","position":1,"name":"Home","item":"https:\/\/getuplead.com\/fr\/getuplead\/"},{"@type":"ListItem","position":2,"name":"L&#8217;Agence LinkedIn Ads pour entreprises B2B SaaS et Tech","item":"https:\/\/getuplead.com\/linkedin-advertising-agency\/"},{"@type":"ListItem","position":3,"name":"Comment cr\u00e9er une campagne LinkedIn Ads rentable : le guide complet","item":"https:\/\/getuplead.com\/linkedin-advertising-agency\/campaign\/"},{"@type":"ListItem","position":4,"name":"Comment faire du retargeting sur LinkedIn : le guide complet","item":"https:\/\/getuplead.com\/fr\/agence-linkedin-ads\/campagne\/retargeting\/"},{"@type":"ListItem","position":5,"name":"Comment faire du retargeting de single image ads sur LinkedIn"}]},{"@type":"WebSite","@id":"https:\/\/getuplead.com\/#website","url":"https:\/\/getuplead.com\/","name":"SaaS PPC Agency | Getuplead","description":"","publisher":{"@id":"https:\/\/getuplead.com\/#organization"},"potentialAction":[{"@type":"SearchAction","target":{"@type":"EntryPoint","urlTemplate":"https:\/\/getuplead.com\/?s={search_term_string}"},"query-input":{"@type":"PropertyValueSpecification","valueRequired":true,"valueName":"search_term_string"}}],"inLanguage":"fr-FR"},{"@type":"Organization","@id":"https:\/\/getuplead.com\/#organization","name":"Getuplead","url":"https:\/\/getuplead.com\/","logo":{"@type":"ImageObject","inLanguage":"fr-FR","@id":"https:\/\/getuplead.com\/#\/schema\/logo\/image\/","url":"https:\/\/getuplead.com\/wp-content\/uploads\/logo_getuplead.png","contentUrl":"https:\/\/getuplead.com\/wp-content\/uploads\/logo_getuplead.png","width":1021,"height":275,"caption":"Getuplead"},"image":{"@id":"https:\/\/getuplead.com\/#\/schema\/logo\/image\/"}}]}},"_links":{"self":[{"href":"https:\/\/getuplead.com\/fr\/wp-json\/wp\/v2\/pages\/2871","targetHints":{"allow":["GET"]}}],"collection":[{"href":"https:\/\/getuplead.com\/fr\/wp-json\/wp\/v2\/pages"}],"about":[{"href":"https:\/\/getuplead.com\/fr\/wp-json\/wp\/v2\/types\/page"}],"author":[{"embeddable":true,"href":"https:\/\/getuplead.com\/fr\/wp-json\/wp\/v2\/users\/4"}],"replies":[{"embeddable":true,"href":"https:\/\/getuplead.com\/fr\/wp-json\/wp\/v2\/comments?post=2871"}],"version-history":[{"count":1,"href":"https:\/\/getuplead.com\/fr\/wp-json\/wp\/v2\/pages\/2871\/revisions"}],"predecessor-version":[{"id":2872,"href":"https:\/\/getuplead.com\/fr\/wp-json\/wp\/v2\/pages\/2871\/revisions\/2872"}],"up":[{"embeddable":true,"href":"https:\/\/getuplead.com\/fr\/wp-json\/wp\/v2\/pages\/2888"}],"wp:attachment":[{"href":"https:\/\/getuplead.com\/fr\/wp-json\/wp\/v2\/media?parent=2871"}],"curies":[{"name":"wp","href":"https:\/\/api.w.org\/{rel}","templated":true}]}}