{"id":2873,"date":"2024-05-20T15:53:47","date_gmt":"2024-05-20T13:53:47","guid":{"rendered":"https:\/\/getuplead.com\/video\/"},"modified":"2024-07-01T19:07:35","modified_gmt":"2024-07-01T17:07:35","slug":"video","status":"publish","type":"page","link":"https:\/\/getuplead.com\/fr\/agence-linkedin-ads\/campagne\/retargeting\/video\/","title":{"rendered":"Comment faire du retargeting de vid\u00e9os sur Linkedin"},"content":{"rendered":"\n<p>LinkedIn est une plateforme incontournable pour la publicit\u00e9 B2B, et la vid\u00e9o est devenue un outil marketing de plus en plus pris\u00e9 sur cette plateforme. Mais est-elle efficace pour le <a href=\"https:\/\/getuplead.com\/linkedin-advertising-agency\/campaign\/retargeting\/\" target=\"_blank\" rel=\"noreferrer noopener\">retargeting des publicit\u00e9s LinkedIn<\/a> ?  <\/p>\n\n<p>Si vous vous interrogez sur l&rsquo;utilisation de la publicit\u00e9 vid\u00e9o pour une campagne de retargeting sur la plateforme, ce guide pour d\u00e9butants vous aidera \u00e0 atteindre vos objectifs de vues de vid\u00e9o sur LinkedIn.<\/p>\n\n<h2 class=\"wp-block-heading\">1 &#8211; Pourquoi choisir LinkedIn pour le retargeting vid\u00e9o ?<\/h2>\n\n<p>Stimuler l&rsquo;engagement d&rsquo;une audience avec votre contenu publicitaire repr\u00e9sente toujours un d\u00e9fi pour les marketeurs, principalement parce que l&rsquo;attention des internautes est tr\u00e8s volatile. Malheureusement, le fait qu&rsquo;un prospect ait \u00e9t\u00e9 converti par le pass\u00e9 ne signifie pas n\u00e9cessairement qu&rsquo;il sera pr\u00eat \u00e0 s&rsquo;engager \u00e0 nouveau. <\/p>\n\n<p>Selon notre <a href=\"https:\/\/getuplead.com\/linkedin-advertising-agency\/\" target=\"_blank\" rel=\"noreferrer noopener\">agence LinkedIn Ads<\/a>, le parcours d&rsquo;achat d&rsquo;un prospect n&rsquo;est jamais lin\u00e9aire, et m\u00eame lors du retargeting, vos concurrents peuvent tenter de vous voler vos prospects. <\/p>\n\n<p>Comme aux premi\u00e8res \u00e9tapes du parcours d&rsquo;achat, l&rsquo;astuce pour le reciblage est de comprendre le probl\u00e8me d&rsquo;un prospect et de le convaincre qu&rsquo;un nouvel engagement avec vous r\u00e9soudra son probl\u00e8me.<\/p>\n\n<p>Si vous envisagez une campagne marketing sur LinkedIn, le contenu vid\u00e9o offre de bonnes chances de convertir un prospect, car il est plus imm\u00e9diat et plus facile \u00e0 assimiler que de longs textes ou que le fait de se reposer sur une ou deux images pour promouvoir un produit ou un service.<\/p>\n\n<p>Mais comment assurer l&rsquo;engagement des spectateurs gr\u00e2ce \u00e0 la vid\u00e9o ?<\/p>\n\n<p class=\"has-text-align-left banner-case-study has-text-color has-background\" style=\"color:#0071a1;background-color:#eaf4f8\"><strong>\u00c9tude de cas :<\/strong> <a href=\"https:\/\/getuplead.com\/case-studies\/security-analytics\/\" data-type=\"page\" data-id=\"297\">D\u00e9couvrez comment nous avons g\u00e9n\u00e9r\u00e9 42% de leads qualifi\u00e9s en plus avec Linkedin Ads pour un logiciel de cybers\u00e9curit\u00e9<\/a><\/p>\n\n<h2 class=\"wp-block-heading\">2 &#8211; Les meilleures tactiques de retargeting gr\u00e2ce au marketing vid\u00e9o LinkedIn<\/h2>\n\n<p>Si vous \u00eates novice en mati\u00e8re de publicit\u00e9 sur LinkedIn avec du contenu vid\u00e9o, il peut \u00eatre difficile de savoir si vos prospects regarderont la vid\u00e9o ou non. Donc, si vous vous demandez quel est le r\u00f4le du marketing vid\u00e9o et comment maximiser vos chances de r\u00e9engager votre audience, poursuivez votre lecture !<\/p>\n\n<h3 class=\"wp-block-heading\">2.1 &#8211; Cr\u00e9ez des vid\u00e9os pour inciter votre public \u00e0 finaliser un achat<\/h3>\n\n<p>Si votre entreprise a r\u00e9cemment lanc\u00e9 un nouveau produit ou service, vous pouvez utiliser le marketing vid\u00e9o sur LinkedIn pour encourager votre public \u00e0 franchir la derni\u00e8re \u00e9tape du parcours d&rsquo;achat.<\/p>\n\n<p>L&rsquo;un des atouts de LinkedIn est la possibilit\u00e9 de cibler des audiences particuli\u00e8rement r\u00e9ceptives \u00e0 la publicit\u00e9 vid\u00e9o, ce qui vous permet de constituer une audience de reciblage susceptible de s&rsquo;engager.<\/p>\n\n<p>Ainsi, vous pouvez cr\u00e9er une vid\u00e9o qui rappelle \u00e0 un client une offre sp\u00e9ciale ou une remise qu&rsquo;il peut utiliser lors de l&rsquo;achat de votre produit ou service. C&rsquo;est une strat\u00e9gie particuli\u00e8rement efficace si l&rsquo;offre ou la remise est limit\u00e9e dans le temps, ou si elle est r\u00e9serv\u00e9e aux personnes ayant visionn\u00e9 la vid\u00e9o = clics garantis sur votre vid\u00e9o ! <\/p>\n\n<h3 class=\"wp-block-heading\">2.2 &#8211; Utilisez le retargeting pour renforcer la notori\u00e9t\u00e9 de votre marque<\/h3>\n\n<p>La publicit\u00e9 vid\u00e9o sur LinkedIn fonctionne \u00e9galement tr\u00e8s bien pour renforcer la notori\u00e9t\u00e9 de votre marque aupr\u00e8s d&rsquo;une audience de retargeting. C&rsquo;est un avantage consid\u00e9rable car, avec des objectifs de notori\u00e9t\u00e9 de marque, votre audience vous conna\u00eet d\u00e9j\u00e0 et vous avez \u00e9t\u00e9 identifi\u00e9 comme une source commerciale fiable par le pass\u00e9. <\/p>\n\n<h3 class=\"wp-block-heading\">2.3 &#8211; D\u00e9veloppez votre audience gr\u00e2ce au retargeting<\/h3>\n\n<p>Le contenu vid\u00e9o peut aider \u00e0 d\u00e9velopper une audience, m\u00eame dans le cadre du retargeting. Vous pourriez par exemple cr\u00e9er un contenu vid\u00e9o qui \u00e9duque et divertit vos prospects, puis y ajouter un appel \u00e0 l&rsquo;action (CTA) pertinent qui les invite peut-\u00eatre \u00e0 aimer votre page LinkedIn ou \u00e0 s&rsquo;inscrire \u00e0 une newsletter. <\/p>\n\n<h2 class=\"wp-block-heading\">3 &#8211; Cr\u00e9ez une audience correspondante sur LinkedIn pour le retargeting<\/h2>\n\n<p>Avec LinkedIn, une fois que vous lancez une campagne vid\u00e9o, vous pouvez cr\u00e9er une audience correspondante en fonction des personnes qui regardent votre vid\u00e9o. Voici comment proc\u00e9der :  <\/p>\n\n<p>&#8211; Dans le tableau de bord du gestionnaire de campagnes, cliquez sur \u00ab\u00a0Planifier\u00a0\u00bb, puis s\u00e9lectionnez \u00ab\u00a0Audiences\u00a0\u00bb dans le menu d\u00e9roulant.<\/p>\n\n<figure class=\"wp-block-image size-full\"><img fetchpriority=\"high\" decoding=\"async\" width=\"944\" height=\"451\" src=\"https:\/\/getuplead.com\/wp-content\/uploads\/Screenshot_2022-06-03_at_18_56_12-1.png\" alt=\"audience correspondante vid&#xE9;o LinkedIn\" class=\"wp-image-892\" srcset=\"https:\/\/getuplead.com\/wp-content\/uploads\/Screenshot_2022-06-03_at_18_56_12-1.png 944w, https:\/\/getuplead.com\/wp-content\/uploads\/Screenshot_2022-06-03_at_18_56_12-1-768x367.png 768w\" sizes=\"(max-width: 944px) 100vw, 944px\" \/><\/figure>\n\n<p>&#8211; Sur le c\u00f4t\u00e9 droit de la page, cliquez sur \u00ab\u00a0Cr\u00e9er une audience\u00a0\u00bb et choisissez l&rsquo;option \u00ab\u00a0Vid\u00e9o\u00a0\u00bb.<\/p>\n\n<p>&#8211; Donnez un nom \u00e0 votre audience de retargeting. Il peut \u00eatre utile de la nommer en fonction du contenu vid\u00e9o auquel elle a initialement interagi. <\/p>\n\n<p>&#8211; S\u00e9lectionnez le pourcentage de la vid\u00e9o que cette audience a visionn\u00e9e.<\/p>\n\n<p>&#8211; Choisissez les campagnes \u00e0 partir desquelles vous souhaitez cr\u00e9er votre audience de retargeting. <\/p>\n\n<p>&#8211; Cliquez sur \u00ab\u00a0Cr\u00e9er\u00a0\u00bb.<\/p>\n\n<figure class=\"wp-block-image size-full\"><img decoding=\"async\" width=\"1536\" height=\"1068\" src=\"https:\/\/getuplead.com\/wp-content\/uploads\/Screenshot-2022-06-12-at-22.43.47.png\" alt=\"audience correspondante vid&#xE9;o LinkedIn\" class=\"wp-image-893\" srcset=\"https:\/\/getuplead.com\/wp-content\/uploads\/Screenshot-2022-06-12-at-22.43.47.png 1536w, https:\/\/getuplead.com\/wp-content\/uploads\/Screenshot-2022-06-12-at-22.43.47-768x534.png 768w\" sizes=\"(max-width: 1536px) 100vw, 1536px\" \/><\/figure>\n\n<p>ASTUCE : Il faut environ 300 vues qualifi\u00e9es de la vid\u00e9o avant qu&rsquo;une publicit\u00e9 de retargeting ne commence \u00e0 s&rsquo;afficher. Jusque-l\u00e0, l&rsquo;audience est consid\u00e9r\u00e9e comme \u00ab\u00a0en construction\u00a0\u00bb.  <\/p>\n\n<h2 class=\"wp-block-heading\">4 &#8211; Cr\u00e9ez une seconde publicit\u00e9 pour votre audience de retargeting \u00ab\u00a0chaude\u00a0\u00bb<\/h2>\n\n<p>Maintenant que vous avez cr\u00e9\u00e9 votre audience correspondante, que devez-vous faire ensuite ? <\/p>\n\n<p>Vous devez diffuser une seconde publicit\u00e9 vid\u00e9o sp\u00e9cifiquement destin\u00e9e aux spectateurs de la premi\u00e8re. Voici comment configurer le retargeting pour votre deuxi\u00e8me publicit\u00e9 vid\u00e9o : <\/p>\n\n<p>&#8211; Connectez-vous au gestionnaire de campagnes.<\/p>\n\n<p>&#8211; Faites d\u00e9filer jusqu&rsquo;\u00e0 l&rsquo;option \u00ab\u00a0Audiences\u00a0\u00bb et cliquez dessus. Ensuite, choisissez \u00ab\u00a0Retargeting &gt; Vid\u00e9o\u00a0\u00bb. <\/p>\n\n<p>&#8211; S\u00e9lectionnez les audiences de retargeting vid\u00e9o que vous souhaitez utiliser pour cette campagne.<\/p>\n\n<figure class=\"wp-block-image size-full\"><img decoding=\"async\" width=\"1648\" height=\"1284\" src=\"https:\/\/getuplead.com\/wp-content\/uploads\/Screenshot-2022-06-12-at-23.13.03.png\" alt=\"audience vue de vid&#xE9;o LinkedIn Ads\" class=\"wp-image-894\" srcset=\"https:\/\/getuplead.com\/wp-content\/uploads\/Screenshot-2022-06-12-at-23.13.03.png 1648w, https:\/\/getuplead.com\/wp-content\/uploads\/Screenshot-2022-06-12-at-23.13.03-768x598.png 768w, https:\/\/getuplead.com\/wp-content\/uploads\/Screenshot-2022-06-12-at-23.13.03-1536x1197.png 1536w\" sizes=\"(max-width: 1648px) 100vw, 1648px\" \/><\/figure>\n\n<p>&#8211; Cliquez sur \u00ab\u00a0Fermer\u00a0\u00bb.<\/p>\n\n<p class=\"has-text-align-left banner-case-study has-text-color has-background\" style=\"color:#0071a1;background-color:#eaf4f8\"><strong>\u00c9tude de cas :<\/strong> <a href=\"https:\/\/getuplead.com\/fr\/cas-clients\/kodo\/\" data-type=\"page\" data-id=\"339\">D\u00e9couvrez comment nous avons g\u00e9n\u00e9r\u00e9s 167 % de prospects en plus avec LinkedIn Ads pour Kodo Survey<\/a><\/p>\n\n<h2 class=\"wp-block-heading\">5 &#8211; Devriez-vous utiliser les publicit\u00e9s vid\u00e9o sur LinkedIn ?<\/h2>\n\n<p>Si vous doutez encore de l&rsquo;efficacit\u00e9 de la publicit\u00e9 vid\u00e9o sur LinkedIn pour promouvoir votre marque, souvenez-vous que les utilisateurs consomment de plus en plus de contenu vid\u00e9o et moins de contenu \u00e9crit, simplement parce que c&rsquo;est plus pratique et plus rapide. Donc, il est pertinent de consid\u00e9rer les publicit\u00e9s vid\u00e9o comme une opportunit\u00e9 pour votre marketing LinkedIn. <\/p>\n\n<p>L&rsquo;avantage majeur de LinkedIn est qu&rsquo;il vous fournit des informations sur les formats publicitaires auxquels les audiences r\u00e9agissent le plus. Vous pouvez ainsi cr\u00e9er des campagnes sp\u00e9cifiques pour des audiences sp\u00e9cifiques dans le futur. Et n&rsquo;oubliez pas, la vid\u00e9o peut \u00eatre utilis\u00e9e \u00e0 chaque \u00e9tape du parcours d&rsquo;achat. Il vous suffit simplement d&rsquo;adapter les \u00e9l\u00e9ments de votre contenu vid\u00e9o \u00e0 chaque \u00e9tape.  <\/p>\n\n<p>Autre point \u00e0 retenir, les formats vid\u00e9o carr\u00e9s et verticaux sont maintenant disponibles pour la publicit\u00e9 vid\u00e9o, ce qui est utile car ils prennent plus de place sur les \u00e9crans mobiles, o\u00f9 la plupart du contenu est consomm\u00e9. <\/p>\n\n<h2 class=\"wp-block-heading\">Conclusion<\/h2>\n\n<p>La publicit\u00e9 vid\u00e9o sur LinkedIn peut \u00eatre un outil puissant \u00e0 chaque \u00e9tape du parcours d&rsquo;achat et ne devrait pas \u00eatre n\u00e9glig\u00e9e si vous souhaitez recibler vos audiences chaudes.<\/p>\n\n<p>Si vous \u00eates d\u00e9butant en mati\u00e8re de publicit\u00e9 vid\u00e9o sur LinkedIn, vous pouvez utiliser le premier contenu vid\u00e9o que vous partagez pour recueillir des donn\u00e9es et cr\u00e9er des audiences correspondantes pour l&rsquo;\u00e9tape suivante du parcours d&rsquo;achat. C&rsquo;est une excellente mani\u00e8re d&rsquo;identifier une audience de retargeting, car les donn\u00e9es de LinkedIn vous montreront les utilisateurs qui s&rsquo;int\u00e9ressent \u00e0 votre secteur, vos produits ou services, ainsi que les utilisateurs de LinkedIn qui r\u00e9agissent le mieux \u00e0 la publicit\u00e9 vid\u00e9o. <\/p>\n\n<p><em><strong><em><strong><em><strong><em><strong><em>Si vous souhaitez en savoir plus sur la fa\u00e7on dont nous aidons les entreprises B2B SaaS et Tech \u00e0 augmenter leur MRR gr\u00e2ce \u00e0 la publicit\u00e9 sur LinkedIn, n\u2019h\u00e9sitez pas \u00e0 nous <a href=\"https:\/\/getuplead.com\/contact\/\" target=\"_blank\" rel=\"noreferrer noopener\">contacter en ligne ou<\/a> \u00e0 nous envoyer un e-mail d\u00e8s aujourd\u2019hui \u00e0 <a href=\"mailto:info@getuplead.com\" target=\"_blank\" rel=\"noreferrer noopener\">info@getuplead.com<\/a>. Un membre de notre \u00e9quipe vous r\u00e9pondra.<\/em><\/strong><\/em><\/strong><\/em><\/strong><\/em><\/strong><\/em><\/p>\n\n<p>Par ailleurs, vous pourriez \u00e9galement \u00eatre int\u00e9ress\u00e9 par :<\/p>\n\n<ul class=\"wp-block-list\">\n<li><a href=\"https:\/\/getuplead.com\/linkedin-advertising-agency\/campaign\/retargeting\/single-image\/\" target=\"_blank\" rel=\"noreferrer noopener\">Comment faire du retargeting de single image ads sur LinkedIn<\/a><\/li>\n\n\n\n<li><a href=\"https:\/\/getuplead.com\/linkedin-advertising-agency\/campaign\/retargeting\/best-practices\/\" target=\"_blank\" rel=\"noreferrer noopener\">Retargeting Linkedin Ads: Les meilleures pratiques<\/a><\/li>\n<\/ul>\n","protected":false},"excerpt":{"rendered":"<p>LinkedIn est une plateforme incontournable pour la publicit\u00e9 B2B, et la vid\u00e9o est devenue un outil marketing de plus en plus pris\u00e9 sur cette plateforme. Mais est-elle efficace pour le retargeting des publicit\u00e9s LinkedIn ? Si vous vous interrogez sur l&rsquo;utilisation de la publicit\u00e9 vid\u00e9o pour une campagne de retargeting sur la plateforme, ce guide [&hellip;]<\/p>\n","protected":false},"author":4,"featured_media":0,"parent":2888,"menu_order":0,"comment_status":"closed","ping_status":"closed","template":"","meta":{"footnotes":""},"class_list":["post-2873","page","type-page","status-publish","hentry"],"yoast_head":"<!-- This site is optimized with the Yoast SEO plugin v25.7 - https:\/\/yoast.com\/wordpress\/plugins\/seo\/ -->\n<title>Comment faire du retargeting de vid\u00e9os sur Linkedin<\/title>\n<meta name=\"robots\" content=\"index, follow, max-snippet:-1, max-image-preview:large, max-video-preview:-1\" \/>\n<link rel=\"canonical\" href=\"https:\/\/getuplead.com\/fr\/agence-linkedin-ads\/campagne\/retargeting\/video\/\" \/>\n<meta property=\"og:locale\" content=\"fr_FR\" \/>\n<meta property=\"og:type\" content=\"article\" \/>\n<meta property=\"og:title\" content=\"Comment faire du retargeting de vid\u00e9os sur Linkedin\" \/>\n<meta property=\"og:description\" content=\"LinkedIn est une plateforme incontournable pour la publicit\u00e9 B2B, et la vid\u00e9o est devenue un outil marketing de plus en plus pris\u00e9 sur cette plateforme. Mais est-elle efficace pour le retargeting des publicit\u00e9s LinkedIn ? Si vous vous interrogez sur l&rsquo;utilisation de la publicit\u00e9 vid\u00e9o pour une campagne de retargeting sur la plateforme, ce guide [&hellip;]\" \/>\n<meta property=\"og:url\" content=\"https:\/\/getuplead.com\/fr\/agence-linkedin-ads\/campagne\/retargeting\/video\/\" \/>\n<meta property=\"og:site_name\" content=\"SaaS PPC Agency | Getuplead\" \/>\n<meta property=\"article:modified_time\" content=\"2024-07-01T17:07:35+00:00\" \/>\n<meta property=\"og:image\" content=\"https:\/\/getuplead.com\/wp-content\/uploads\/Screenshot_2022-06-03_at_18_56_12-1.png\" \/>\n<meta name=\"twitter:card\" content=\"summary_large_image\" \/>\n<meta name=\"twitter:label1\" content=\"Dur\u00e9e de lecture estim\u00e9e\" \/>\n\t<meta name=\"twitter:data1\" content=\"6 minutes\" \/>\n<script type=\"application\/ld+json\" class=\"yoast-schema-graph\">{\"@context\":\"https:\/\/schema.org\",\"@graph\":[{\"@type\":\"WebPage\",\"@id\":\"https:\/\/getuplead.com\/fr\/agence-linkedin-ads\/campagne\/retargeting\/video\/\",\"url\":\"https:\/\/getuplead.com\/fr\/agence-linkedin-ads\/campagne\/retargeting\/video\/\",\"name\":\"Comment faire du retargeting de vid\u00e9os sur Linkedin\",\"isPartOf\":{\"@id\":\"https:\/\/getuplead.com\/#website\"},\"primaryImageOfPage\":{\"@id\":\"https:\/\/getuplead.com\/fr\/agence-linkedin-ads\/campagne\/retargeting\/video\/#primaryimage\"},\"image\":{\"@id\":\"https:\/\/getuplead.com\/fr\/agence-linkedin-ads\/campagne\/retargeting\/video\/#primaryimage\"},\"thumbnailUrl\":\"https:\/\/getuplead.com\/wp-content\/uploads\/Screenshot_2022-06-03_at_18_56_12-1.png\",\"datePublished\":\"2024-05-20T13:53:47+00:00\",\"dateModified\":\"2024-07-01T17:07:35+00:00\",\"breadcrumb\":{\"@id\":\"https:\/\/getuplead.com\/fr\/agence-linkedin-ads\/campagne\/retargeting\/video\/#breadcrumb\"},\"inLanguage\":\"fr-FR\",\"potentialAction\":[{\"@type\":\"ReadAction\",\"target\":[\"https:\/\/getuplead.com\/fr\/agence-linkedin-ads\/campagne\/retargeting\/video\/\"]}]},{\"@type\":\"ImageObject\",\"inLanguage\":\"fr-FR\",\"@id\":\"https:\/\/getuplead.com\/fr\/agence-linkedin-ads\/campagne\/retargeting\/video\/#primaryimage\",\"url\":\"https:\/\/getuplead.com\/wp-content\/uploads\/Screenshot_2022-06-03_at_18_56_12-1.png\",\"contentUrl\":\"https:\/\/getuplead.com\/wp-content\/uploads\/Screenshot_2022-06-03_at_18_56_12-1.png\"},{\"@type\":\"BreadcrumbList\",\"@id\":\"https:\/\/getuplead.com\/fr\/agence-linkedin-ads\/campagne\/retargeting\/video\/#breadcrumb\",\"itemListElement\":[{\"@type\":\"ListItem\",\"position\":1,\"name\":\"Home\",\"item\":\"https:\/\/getuplead.com\/fr\/getuplead\/\"},{\"@type\":\"ListItem\",\"position\":2,\"name\":\"L&#8217;Agence LinkedIn Ads pour entreprises B2B SaaS et Tech\",\"item\":\"https:\/\/getuplead.com\/linkedin-advertising-agency\/\"},{\"@type\":\"ListItem\",\"position\":3,\"name\":\"Comment cr\u00e9er une campagne LinkedIn Ads rentable : le guide complet\",\"item\":\"https:\/\/getuplead.com\/linkedin-advertising-agency\/campaign\/\"},{\"@type\":\"ListItem\",\"position\":4,\"name\":\"Comment faire du retargeting sur LinkedIn : le guide complet\",\"item\":\"https:\/\/getuplead.com\/fr\/agence-linkedin-ads\/campagne\/retargeting\/\"},{\"@type\":\"ListItem\",\"position\":5,\"name\":\"Comment faire du retargeting de vid\u00e9os sur Linkedin\"}]},{\"@type\":\"WebSite\",\"@id\":\"https:\/\/getuplead.com\/#website\",\"url\":\"https:\/\/getuplead.com\/\",\"name\":\"SaaS PPC Agency | Getuplead\",\"description\":\"\",\"publisher\":{\"@id\":\"https:\/\/getuplead.com\/#organization\"},\"potentialAction\":[{\"@type\":\"SearchAction\",\"target\":{\"@type\":\"EntryPoint\",\"urlTemplate\":\"https:\/\/getuplead.com\/?s={search_term_string}\"},\"query-input\":{\"@type\":\"PropertyValueSpecification\",\"valueRequired\":true,\"valueName\":\"search_term_string\"}}],\"inLanguage\":\"fr-FR\"},{\"@type\":\"Organization\",\"@id\":\"https:\/\/getuplead.com\/#organization\",\"name\":\"Getuplead\",\"url\":\"https:\/\/getuplead.com\/\",\"logo\":{\"@type\":\"ImageObject\",\"inLanguage\":\"fr-FR\",\"@id\":\"https:\/\/getuplead.com\/#\/schema\/logo\/image\/\",\"url\":\"https:\/\/getuplead.com\/wp-content\/uploads\/logo_getuplead.png\",\"contentUrl\":\"https:\/\/getuplead.com\/wp-content\/uploads\/logo_getuplead.png\",\"width\":1021,\"height\":275,\"caption\":\"Getuplead\"},\"image\":{\"@id\":\"https:\/\/getuplead.com\/#\/schema\/logo\/image\/\"}}]}<\/script>\n<!-- \/ Yoast SEO plugin. -->","yoast_head_json":{"title":"Comment faire du retargeting de vid\u00e9os sur Linkedin","robots":{"index":"index","follow":"follow","max-snippet":"max-snippet:-1","max-image-preview":"max-image-preview:large","max-video-preview":"max-video-preview:-1"},"canonical":"https:\/\/getuplead.com\/fr\/agence-linkedin-ads\/campagne\/retargeting\/video\/","og_locale":"fr_FR","og_type":"article","og_title":"Comment faire du retargeting de vid\u00e9os sur Linkedin","og_description":"LinkedIn est une plateforme incontournable pour la publicit\u00e9 B2B, et la vid\u00e9o est devenue un outil marketing de plus en plus pris\u00e9 sur cette plateforme. Mais est-elle efficace pour le retargeting des publicit\u00e9s LinkedIn ? Si vous vous interrogez sur l&rsquo;utilisation de la publicit\u00e9 vid\u00e9o pour une campagne de retargeting sur la plateforme, ce guide [&hellip;]","og_url":"https:\/\/getuplead.com\/fr\/agence-linkedin-ads\/campagne\/retargeting\/video\/","og_site_name":"SaaS PPC Agency | Getuplead","article_modified_time":"2024-07-01T17:07:35+00:00","og_image":[{"url":"https:\/\/getuplead.com\/wp-content\/uploads\/Screenshot_2022-06-03_at_18_56_12-1.png","type":"","width":"","height":""}],"twitter_card":"summary_large_image","twitter_misc":{"Dur\u00e9e de lecture estim\u00e9e":"6 minutes"},"schema":{"@context":"https:\/\/schema.org","@graph":[{"@type":"WebPage","@id":"https:\/\/getuplead.com\/fr\/agence-linkedin-ads\/campagne\/retargeting\/video\/","url":"https:\/\/getuplead.com\/fr\/agence-linkedin-ads\/campagne\/retargeting\/video\/","name":"Comment faire du retargeting de vid\u00e9os sur Linkedin","isPartOf":{"@id":"https:\/\/getuplead.com\/#website"},"primaryImageOfPage":{"@id":"https:\/\/getuplead.com\/fr\/agence-linkedin-ads\/campagne\/retargeting\/video\/#primaryimage"},"image":{"@id":"https:\/\/getuplead.com\/fr\/agence-linkedin-ads\/campagne\/retargeting\/video\/#primaryimage"},"thumbnailUrl":"https:\/\/getuplead.com\/wp-content\/uploads\/Screenshot_2022-06-03_at_18_56_12-1.png","datePublished":"2024-05-20T13:53:47+00:00","dateModified":"2024-07-01T17:07:35+00:00","breadcrumb":{"@id":"https:\/\/getuplead.com\/fr\/agence-linkedin-ads\/campagne\/retargeting\/video\/#breadcrumb"},"inLanguage":"fr-FR","potentialAction":[{"@type":"ReadAction","target":["https:\/\/getuplead.com\/fr\/agence-linkedin-ads\/campagne\/retargeting\/video\/"]}]},{"@type":"ImageObject","inLanguage":"fr-FR","@id":"https:\/\/getuplead.com\/fr\/agence-linkedin-ads\/campagne\/retargeting\/video\/#primaryimage","url":"https:\/\/getuplead.com\/wp-content\/uploads\/Screenshot_2022-06-03_at_18_56_12-1.png","contentUrl":"https:\/\/getuplead.com\/wp-content\/uploads\/Screenshot_2022-06-03_at_18_56_12-1.png"},{"@type":"BreadcrumbList","@id":"https:\/\/getuplead.com\/fr\/agence-linkedin-ads\/campagne\/retargeting\/video\/#breadcrumb","itemListElement":[{"@type":"ListItem","position":1,"name":"Home","item":"https:\/\/getuplead.com\/fr\/getuplead\/"},{"@type":"ListItem","position":2,"name":"L&#8217;Agence LinkedIn Ads pour entreprises B2B SaaS et Tech","item":"https:\/\/getuplead.com\/linkedin-advertising-agency\/"},{"@type":"ListItem","position":3,"name":"Comment cr\u00e9er une campagne LinkedIn Ads rentable : le guide complet","item":"https:\/\/getuplead.com\/linkedin-advertising-agency\/campaign\/"},{"@type":"ListItem","position":4,"name":"Comment faire du retargeting sur LinkedIn : le guide complet","item":"https:\/\/getuplead.com\/fr\/agence-linkedin-ads\/campagne\/retargeting\/"},{"@type":"ListItem","position":5,"name":"Comment faire du retargeting de vid\u00e9os sur Linkedin"}]},{"@type":"WebSite","@id":"https:\/\/getuplead.com\/#website","url":"https:\/\/getuplead.com\/","name":"SaaS PPC Agency | Getuplead","description":"","publisher":{"@id":"https:\/\/getuplead.com\/#organization"},"potentialAction":[{"@type":"SearchAction","target":{"@type":"EntryPoint","urlTemplate":"https:\/\/getuplead.com\/?s={search_term_string}"},"query-input":{"@type":"PropertyValueSpecification","valueRequired":true,"valueName":"search_term_string"}}],"inLanguage":"fr-FR"},{"@type":"Organization","@id":"https:\/\/getuplead.com\/#organization","name":"Getuplead","url":"https:\/\/getuplead.com\/","logo":{"@type":"ImageObject","inLanguage":"fr-FR","@id":"https:\/\/getuplead.com\/#\/schema\/logo\/image\/","url":"https:\/\/getuplead.com\/wp-content\/uploads\/logo_getuplead.png","contentUrl":"https:\/\/getuplead.com\/wp-content\/uploads\/logo_getuplead.png","width":1021,"height":275,"caption":"Getuplead"},"image":{"@id":"https:\/\/getuplead.com\/#\/schema\/logo\/image\/"}}]}},"_links":{"self":[{"href":"https:\/\/getuplead.com\/fr\/wp-json\/wp\/v2\/pages\/2873","targetHints":{"allow":["GET"]}}],"collection":[{"href":"https:\/\/getuplead.com\/fr\/wp-json\/wp\/v2\/pages"}],"about":[{"href":"https:\/\/getuplead.com\/fr\/wp-json\/wp\/v2\/types\/page"}],"author":[{"embeddable":true,"href":"https:\/\/getuplead.com\/fr\/wp-json\/wp\/v2\/users\/4"}],"replies":[{"embeddable":true,"href":"https:\/\/getuplead.com\/fr\/wp-json\/wp\/v2\/comments?post=2873"}],"version-history":[{"count":1,"href":"https:\/\/getuplead.com\/fr\/wp-json\/wp\/v2\/pages\/2873\/revisions"}],"predecessor-version":[{"id":2874,"href":"https:\/\/getuplead.com\/fr\/wp-json\/wp\/v2\/pages\/2873\/revisions\/2874"}],"up":[{"embeddable":true,"href":"https:\/\/getuplead.com\/fr\/wp-json\/wp\/v2\/pages\/2888"}],"wp:attachment":[{"href":"https:\/\/getuplead.com\/fr\/wp-json\/wp\/v2\/media?parent=2873"}],"curies":[{"name":"wp","href":"https:\/\/api.w.org\/{rel}","templated":true}]}}