{"id":2883,"date":"2025-09-15T17:26:54","date_gmt":"2025-09-15T15:26:54","guid":{"rendered":"https:\/\/getuplead.com\/agence-linkedin-ads\/campagne\/ciblage\/expansion-audience\/"},"modified":"2024-07-01T18:13:39","modified_gmt":"2024-07-01T16:13:39","slug":"expansion-audience","status":"publish","type":"page","link":"https:\/\/getuplead.com\/fr\/agence-linkedin-ads\/campagne\/ciblage\/expansion-audience\/","title":{"rendered":"Qu&rsquo;est-ce que l&rsquo;expansion de l&rsquo;audience sur LinkedIn Ads ?"},"content":{"rendered":"\n<p>Pour les entreprises B2B cherchant \u00e0 renforcer leur strat\u00e9gie de marketing num\u00e9rique gr\u00e2ce au <a href=\"https:\/\/getuplead.com\/linkedin-advertising-agency\/campaign\/targeting\/\">ciblage publicitaire sur LinkedIn<\/a>, l&rsquo;utilisation de la fonctionnalit\u00e9 d&rsquo;Expansion d&rsquo;Audience peut vous permettre de maximiser la port\u00e9e de votre campagne en affichant vos annonces \u00e0 des audiences ayant des caract\u00e9ristiques similaires \u00e0 celles de votre audience cible, ce qui augmente ainsi les chances de conversion de leads. Dans cet article, nous allons coir ensemble meilleures pratiques utilis\u00e9es par notre <a href=\"https:\/\/getuplead.com\/linkedin-advertising-agency\/\">agence LinkedIn Ads<\/a> pour vous montrer exactement comment utiliser l&rsquo;expansion d&rsquo;audience correctement.<\/p>\n\n<h2 class=\"wp-block-heading\"><strong>Qu&rsquo;est-ce que l&rsquo;Expansion de l&rsquo;Audience dans les publicit\u00e9s LinkedIn ?<\/strong><\/h2>\n\n<p>Si vous avez d\u00e9j\u00e0 utilis\u00e9 la fonctionnalit\u00e9 d&rsquo;Expansion de l&rsquo;Audience sur d&rsquo;autres plateformes de m\u00e9dias sociaux (comme Facebook ou Twitter), vous serez ravi de savoir que l&rsquo;approche de LinkedIn n&rsquo;est pas tr\u00e8s diff\u00e9rente. Elle permet \u00e9galement de construire et d&rsquo;interagir avec des audiences \u00ab\u00a0similaires\u00a0\u00bb pour stimuler la croissance.<\/p>\n\n<p>Lorsque vous cr\u00e9ez une campagne sur LinkedIn, vous pouvez activer l&rsquo;Expansion de l&rsquo;Audience. Cela permet aux algorithmes intelligents de LinkedIn d&rsquo;identifier des utilisateurs sur la plateforme qui correspondent aux crit\u00e8res de votre public cible actuel (par exemple : entreprise, groupes, comp\u00e9tences, etc.) pour cibler vos annonces. Ces utilisateurs appartiennent \u00e0 des cat\u00e9gories semblables \u00e0 votre public actuel, il est donc probable qu&rsquo;ils soient int\u00e9ress\u00e9s par ce que votre marque a \u00e0 offrir et qu&rsquo;ils se convertissent en clients. <\/p>\n\n<p>Cette fonctionnalit\u00e9 est disponible pour les types d&rsquo;annonces suivants :<\/p>\n\n<p>&#8211; Annonces textuelles.<\/p>\n\n<p>&#8211; Mises \u00e0 jour sponsoris\u00e9es.<\/p>\n\n<p>Notez bien : cette fonctionnalit\u00e9 est activ\u00e9e par d\u00e9faut. Donc, si vous d\u00e9cidez que ce n&rsquo;est pas l&rsquo;outil le plus adapt\u00e9 \u00e0 votre campagne de marketing LinkedIn, n&rsquo;oubliez pas de la d\u00e9sactiver.<\/p>\n\n<p class=\"has-text-align-left banner-case-study has-text-color has-background\" style=\"color:#0071a1;background-color:#eaf4f8\"><strong>\u00c9tude de cas :<\/strong> <a href=\"https:\/\/getuplead.com\/case-studies\/security-analytics\/\" data-type=\"page\" data-id=\"297\">D\u00e9couvrez comment nous avons g\u00e9n\u00e9r\u00e9 42% de leads qualifi\u00e9s en plus avec Linkedin Ads pour un logiciel de cybers\u00e9curit\u00e9<\/a><\/p>\n\n<h2 class=\"wp-block-heading\"><strong>Comment fonctionne l&rsquo;Expansion de l&rsquo;Audience sur LinkedIn ?<\/strong><\/h2>\n\n<p>L&rsquo;objectif principal de l&rsquo;Expansion de l&rsquo;Audience sur LinkedIn est d&rsquo;optimiser la port\u00e9e de votre campagne en touchant davantage d&rsquo;utilisateurs de LinkedIn ayant des caract\u00e9ristiques <em>susceptibles <\/em> de faire d&rsquo;eux des prospects de grande qualit\u00e9. Cette fonction utilise les donn\u00e9es des utilisateurs pour identifier des membres ayant des attributs et des comportements similaires \u00e0 ceux de votre audience actuelle. <\/p>\n\n<p>Un bon exemple de ciblage sur LinkedIn, soulign\u00e9 par la plateforme elle-m\u00eame, serait : \u00ab\u00a0Si vous ciblez par poste et anciennet\u00e9 sur un certain nombre d&rsquo;ann\u00e9es, l&rsquo;option Expansion d&rsquo;Audience pourrait \u00e9largir votre cible \u00e0 des personnes qui occupent ce poste depuis moins longtemps\u00a0\u00bb.<\/p>\n\n<p>Il est important de comprendre que LinkedIn poss\u00e8de des donn\u00e9es cach\u00e9es. Cela signifie que m\u00eame si certains utilisateurs r\u00e9pondent \u00e0 tous vos crit\u00e8res de ciblage, ils pourraient passer inaper\u00e7us. Ceci est d\u00fb au fait que cette fonctionnalit\u00e9 d\u00e9pend des donn\u00e9es recueillies par l&rsquo;algorithme de LinkedIn. Cette notion de donn\u00e9es cach\u00e9es s&rsquo;applique \u00e9galement aux utilisateurs qui ne remplissent pas tous vos crit\u00e8res de ciblage. <\/p>\n\n<h2 class=\"wp-block-heading\"><strong>Comment activer l&rsquo;option Expansion d&rsquo;Audience ?<\/strong><\/h2>\n\n<p>Pour vous assurer que l&rsquo;option Expansion d&rsquo;Audience est activ\u00e9e pour votre campagne sur LinkedIn, voici la marche \u00e0 suivre :<\/p>\n\n<p>*Veuillez noter que cette fonctionnalit\u00e9 est uniquement disponible dans les pays suivants : \u00c9tats-Unis, Royaume-Uni, Canada, Australie et Nouvelle-Z\u00e9lande.<\/p>\n\n<p>Il se peut qu&rsquo;elle soit d\u00e9j\u00e0 activ\u00e9e par d\u00e9faut. Cependant, pour v\u00e9rifier et activer l&rsquo;option Expansion d&rsquo;Audience, rendez-vous dans les \u00ab\u00a0Param\u00e8tres de la campagne\u00a0\u00bb sur votre page LinkedIn. Cherchez ensuite \u00ab\u00a0\u00c9tape 1\u00a0\u00bb, que vous trouverez en bas de la section \u00ab\u00a0Audience\u00a0\u00bb. Cliquez enfin sur \u00ab\u00a0Activer l&rsquo;Expansion d&rsquo;Audience\u00a0\u00bb. Et voil\u00e0, le tour est jou\u00e9 !<\/p>\n\n<figure class=\"wp-block-image aligncenter size-full\"><img fetchpriority=\"high\" decoding=\"async\" width=\"1138\" height=\"799\" src=\"https:\/\/getuplead.com\/wp-content\/uploads\/Screenshot-2022-06-01-at-17.35.53.png\" alt=\"linkedIn expansion d'audience\" class=\"wp-image-664\" srcset=\"https:\/\/getuplead.com\/wp-content\/uploads\/Screenshot-2022-06-01-at-17.35.53.png 1138w, https:\/\/getuplead.com\/wp-content\/uploads\/Screenshot-2022-06-01-at-17.35.53-768x539.png 768w\" sizes=\"(max-width: 1138px) 100vw, 1138px\" \/><\/figure>\n\n<h2 class=\"wp-block-heading\"><strong>L&rsquo;option Expansion d&rsquo;Audience de LinkedIn en vaut-elle la peine ?<\/strong><\/h2>\n\n<p>Si cette fonctionnalit\u00e9 est compatible avec votre type de publicit\u00e9 (et votre pays) et que vous vous demandez si elle peut r\u00e9ellement \u00eatre b\u00e9n\u00e9fique pour votre campagne, voici quelques points \u00e0 prendre en compte avant de l&rsquo;activer :<\/p>\n\n<p>&#8211; Il est important de noter que LinkedIn n&rsquo;a pas encore clarifi\u00e9 comment il collecte les donn\u00e9es pour l&rsquo;option Expansion. La plateforme affirme qu&rsquo;elle s&rsquo;appuie sur un processus similaire \u00e0 celui utilis\u00e9 pour la cr\u00e9ation de l&rsquo;audience initiale, mais sans donner plus de d\u00e9tails. Bien que cette fonctionnalit\u00e9 puisse cibler des utilisateurs similaires \u00e0 votre audience initiale, il n&rsquo;y a aucune garantie qu&rsquo;ils se convertiront en clients. Si vous avez des doutes sur la qualit\u00e9 de ces nouveaux leads, il serait plus sage de ne pas activer cette fonctionnalit\u00e9 et de vous en tenir \u00e0 votre audience cible initiale.   <\/p>\n\n<p>&#8211; N&rsquo;h\u00e9sitez pas \u00e0 effectuer des recherches et des A\/B tests avec et sans l&rsquo;option Expansion. De cette mani\u00e8re, vous pourrez observer en temps r\u00e9el, via les m\u00e9triques de LinkedIn, si cette fonctionnalit\u00e9 vous est b\u00e9n\u00e9fique ou non. <\/p>\n\n<p class=\"has-text-align-left banner-case-study has-text-color has-background\" style=\"color:#0071a1;background-color:#eaf4f8\"><strong>\u00c9tude de cas :<\/strong> <a href=\"https:\/\/getuplead.com\/fr\/cas-clients\/kodo\/\" data-type=\"page\" data-id=\"339\">D\u00e9couvrez comment nous avons g\u00e9n\u00e9r\u00e9s 167 % de prospects en plus avec LinkedIn Ads pour Kodo Survey<\/a><\/p>\n\n<h2 class=\"wp-block-heading\"><strong>Comment bien utiliser l&rsquo;expansion d&rsquo;audience sur LinkedIn pour vos campagnes<\/strong><\/h2>\n\n<p>Tout comme pour la constitution d&rsquo;une audience initiale sur LinkedIn, il est crucial de d\u00e9finir clairement les attributs que vous souhaitez exclure.<\/p>\n\n<figure class=\"wp-block-image aligncenter size-full\"><img decoding=\"async\" width=\"850\" height=\"704\" src=\"https:\/\/getuplead.com\/wp-content\/uploads\/Screenshot-2022-06-01-at-17.40.07.png\" alt=\"fonction d'exclusion de LinkedIn\" class=\"wp-image-665\" srcset=\"https:\/\/getuplead.com\/wp-content\/uploads\/Screenshot-2022-06-01-at-17.40.07.png 850w, https:\/\/getuplead.com\/wp-content\/uploads\/Screenshot-2022-06-01-at-17.40.07-768x636.png 768w\" sizes=\"(max-width: 850px) 100vw, 850px\" \/><\/figure>\n\n<p> Plonger t\u00eate baiss\u00e9e sans prendre le temps de s\u00e9lectionner les attributs appropri\u00e9s \u00e0 exclure dans le gestionnaire de campagnes ne garantira pas une conversion optimale. Atteindre un plus grand nombre d&rsquo;utilisateurs, qui pourraient \u00eatre int\u00e9ress\u00e9s ou non, n&rsquo;est pas un raccourci vers le succ\u00e8s de la campagne. Il faudra toujours consacrer du temps et des efforts \u00e0 d\u00e9finir un deuxi\u00e8me \u00ab\u00a0lot\u00a0\u00bb de prospects susceptibles de convertir.  <\/p>\n\n<h2 class=\"wp-block-heading\"><strong>Conclusion<\/strong><\/h2>\n\n<p>Nous esp\u00e9rons que cet article a clarifi\u00e9 le fonctionnement de la fonction d&rsquo;expansion d&rsquo;audience sur LinkedIn, les types d&rsquo;annonces auxquels elle s&rsquo;applique et si elle maximisera ou non la port\u00e9e de vos annonces aupr\u00e8s d&rsquo;une audience \u00ab\u00a0similaire\u00a0\u00bb.<\/p>\n\n<p>Voici les points cl\u00e9s \u00e0 retenir :<\/p>\n\n<p>&#8211; L&rsquo;expansion d&rsquo;audience est activ\u00e9e par d\u00e9faut. Si vous jugez que cette fonctionnalit\u00e9 n&rsquo;est pas adapt\u00e9e \u00e0 votre campagne publicitaire, n&rsquo;oubliez pas de la d\u00e9sactiver.<\/p>\n\n<p>&#8211; Pour le moment, la fonction d&rsquo;expansion d&rsquo;audience n&rsquo;est disponible que dans les pays anglophones (Royaume-Uni, \u00c9tats-Unis, Canada, Australie et Nouvelle-Z\u00e9lande).<\/p>\n\n<p>&#8211; Ce n&rsquo;est pas un raccourci vers le succ\u00e8s de la campagne et sa conversion. Il s&rsquo;agit simplement d&rsquo;une option pour cr\u00e9er une audience similaire \u00e0 partir de crit\u00e8res similaires \u00e0 ceux de votre audience actuelle, ce qui ne garantit pas une conversion certaine. <\/p>\n\n<p>&#8211; Gardez \u00e0 l&rsquo;esprit que cette fonctionnalit\u00e9 d\u00e9pend des donn\u00e9es. Les donn\u00e9es cach\u00e9es de LinkedIn peuvent rendre le ciblage moins pr\u00e9cis.<\/p>\n\n<p>&#8211; Les A\/B tests sont un excellent moyen de d\u00e9terminer si cette fonctionnalit\u00e9 sera b\u00e9n\u00e9fique pour votre campagne ou non.<\/p>\n\n<p>&#8211; Cette fonctionnalit\u00e9 n&rsquo;entra\u00eene pas de co\u00fbt suppl\u00e9mentaire. Donc, m\u00eame si elle ne g\u00e9n\u00e8re pas plus de leads, son utilisation ne devrait pas impacter n\u00e9gativement votre retour sur investissement (ROI).<\/p>\n\n<p><strong><em>Si vous souhaitez en savoir plus sur la fa\u00e7on dont nous aidons les entreprises B2B SaaS et Tech \u00e0 augmenter leur MRR gr\u00e2ce \u00e0 la publicit\u00e9 sur LinkedIn <\/em><\/strong><a href=\"https:\/\/getuplead.com\/contact\/\"><strong><em>n&rsquo;h\u00e9sitez pas \u00e0 nous contacter en ligne<\/em><\/strong><\/a><strong><em>ou \u00e0 nous envoyer un e-mail d\u00e8s aujourd&rsquo;hui \u00e0 <a href=\"mailto:info@getuplead.com\">info@getuplead.com<\/a> . Un membre de notre \u00e9quipe vous r\u00e9pondra<\/em><\/strong><\/p>\n\n<p>Par ailleurs, vous pourriez \u00e9galement \u00eatre int\u00e9ress\u00e9 par :<\/p>\n\n<ul class=\"wp-block-list\">\n<li><a href=\"https:\/\/getuplead.com\/linkedin-advertising-agency\/campaign\/targeting\/groups\/\">Comment bien utiliser le ciblage par groupes sur Linkedin Ads<\/a><\/li>\n\n\n\n<li><a href=\"https:\/\/getuplead.com\/linkedin-advertising-agency\/campaign\/targeting\/audience-network\/\">Qu&rsquo;est-ce que le LinkedIn Audience Network et comment l&rsquo;utiliser ?<\/a><\/li>\n\n\n\n<li><a href=\"https:\/\/getuplead.com\/linkedin-advertising-agency\/campaign\/targeting\/matched-audiences\/\">Ciblage matched audience sur LinkedIn Ads: le guide complet<\/a><\/li>\n\n\n\n<li><a href=\"https:\/\/getuplead.com\/linkedin-advertising-agency\/campaign\/targeting\/best-practices\/\">Ciblage LinkedIn Ads: 7 conseils pour optimiser vos publicit\u00e9s<\/a><\/li>\n\n\n\n<li><a href=\"https:\/\/getuplead.com\/linkedin-advertising-agency\/campaign\/targeting\/interest\/\">Ciblage par centres d&rsquo;int\u00e9r\u00eat sur LinkedIn Ads: le guide complet<\/a><\/li>\n<\/ul>\n","protected":false},"excerpt":{"rendered":"<p>Pour les entreprises B2B cherchant \u00e0 renforcer leur strat\u00e9gie de marketing num\u00e9rique gr\u00e2ce au ciblage publicitaire sur LinkedIn, l&rsquo;utilisation de la fonctionnalit\u00e9 d&rsquo;Expansion d&rsquo;Audience peut vous permettre de maximiser la port\u00e9e de votre campagne en affichant vos annonces \u00e0 des audiences ayant des caract\u00e9ristiques similaires \u00e0 celles de votre audience cible, ce qui augmente ainsi [&hellip;]<\/p>\n","protected":false},"author":4,"featured_media":0,"parent":2739,"menu_order":0,"comment_status":"closed","ping_status":"closed","template":"","meta":{"footnotes":""},"class_list":["post-2883","page","type-page","status-publish","hentry"],"yoast_head":"<!-- This site is optimized with the Yoast SEO plugin v25.7 - https:\/\/yoast.com\/wordpress\/plugins\/seo\/ -->\n<title>Qu&#039;est-ce que l&#039;expansion de l&#039;audience sur LinkedIn Ads ?<\/title>\n<meta name=\"robots\" content=\"index, follow, max-snippet:-1, max-image-preview:large, max-video-preview:-1\" \/>\n<link rel=\"canonical\" href=\"https:\/\/getuplead.com\/fr\/agence-linkedin-ads\/campagne\/ciblage\/expansion-audience\/\" \/>\n<meta property=\"og:locale\" content=\"fr_FR\" \/>\n<meta property=\"og:type\" content=\"article\" \/>\n<meta property=\"og:title\" content=\"Qu&#039;est-ce que l&#039;expansion de l&#039;audience sur LinkedIn Ads ?\" \/>\n<meta property=\"og:description\" content=\"Pour les entreprises B2B cherchant \u00e0 renforcer leur strat\u00e9gie de marketing num\u00e9rique gr\u00e2ce au ciblage publicitaire sur LinkedIn, l&rsquo;utilisation de la fonctionnalit\u00e9 d&rsquo;Expansion d&rsquo;Audience peut vous permettre de maximiser la port\u00e9e de votre campagne en affichant vos annonces \u00e0 des audiences ayant des caract\u00e9ristiques similaires \u00e0 celles de votre audience cible, ce qui augmente ainsi [&hellip;]\" \/>\n<meta property=\"og:url\" content=\"https:\/\/getuplead.com\/fr\/agence-linkedin-ads\/campagne\/ciblage\/expansion-audience\/\" \/>\n<meta property=\"og:site_name\" content=\"SaaS PPC Agency | Getuplead\" \/>\n<meta property=\"og:image\" content=\"https:\/\/getuplead.com\/wp-content\/uploads\/Screenshot-2022-06-01-at-17.35.53.png\" \/>\n<meta name=\"twitter:card\" content=\"summary_large_image\" \/>\n<meta name=\"twitter:label1\" content=\"Dur\u00e9e de lecture estim\u00e9e\" \/>\n\t<meta name=\"twitter:data1\" content=\"6 minutes\" \/>\n<script type=\"application\/ld+json\" class=\"yoast-schema-graph\">{\"@context\":\"https:\/\/schema.org\",\"@graph\":[{\"@type\":\"WebPage\",\"@id\":\"https:\/\/getuplead.com\/fr\/agence-linkedin-ads\/campagne\/ciblage\/expansion-audience\/\",\"url\":\"https:\/\/getuplead.com\/fr\/agence-linkedin-ads\/campagne\/ciblage\/expansion-audience\/\",\"name\":\"Qu'est-ce que l'expansion de l'audience sur LinkedIn Ads ?\",\"isPartOf\":{\"@id\":\"https:\/\/getuplead.com\/#website\"},\"primaryImageOfPage\":{\"@id\":\"https:\/\/getuplead.com\/fr\/agence-linkedin-ads\/campagne\/ciblage\/expansion-audience\/#primaryimage\"},\"image\":{\"@id\":\"https:\/\/getuplead.com\/fr\/agence-linkedin-ads\/campagne\/ciblage\/expansion-audience\/#primaryimage\"},\"thumbnailUrl\":\"https:\/\/getuplead.com\/wp-content\/uploads\/Screenshot-2022-06-01-at-17.35.53.png\",\"datePublished\":\"2025-09-15T15:26:54+00:00\",\"breadcrumb\":{\"@id\":\"https:\/\/getuplead.com\/fr\/agence-linkedin-ads\/campagne\/ciblage\/expansion-audience\/#breadcrumb\"},\"inLanguage\":\"fr-FR\",\"potentialAction\":[{\"@type\":\"ReadAction\",\"target\":[\"https:\/\/getuplead.com\/fr\/agence-linkedin-ads\/campagne\/ciblage\/expansion-audience\/\"]}]},{\"@type\":\"ImageObject\",\"inLanguage\":\"fr-FR\",\"@id\":\"https:\/\/getuplead.com\/fr\/agence-linkedin-ads\/campagne\/ciblage\/expansion-audience\/#primaryimage\",\"url\":\"https:\/\/getuplead.com\/wp-content\/uploads\/Screenshot-2022-06-01-at-17.35.53.png\",\"contentUrl\":\"https:\/\/getuplead.com\/wp-content\/uploads\/Screenshot-2022-06-01-at-17.35.53.png\"},{\"@type\":\"BreadcrumbList\",\"@id\":\"https:\/\/getuplead.com\/fr\/agence-linkedin-ads\/campagne\/ciblage\/expansion-audience\/#breadcrumb\",\"itemListElement\":[{\"@type\":\"ListItem\",\"position\":1,\"name\":\"Home\",\"item\":\"https:\/\/getuplead.com\/fr\/getuplead\/\"},{\"@type\":\"ListItem\",\"position\":2,\"name\":\"L&#8217;Agence LinkedIn Ads pour entreprises B2B SaaS et Tech\",\"item\":\"https:\/\/getuplead.com\/linkedin-advertising-agency\/\"},{\"@type\":\"ListItem\",\"position\":3,\"name\":\"Comment cr\u00e9er une campagne LinkedIn Ads rentable : le guide complet\",\"item\":\"https:\/\/getuplead.com\/linkedin-advertising-agency\/campaign\/\"},{\"@type\":\"ListItem\",\"position\":4,\"name\":\"Ciblage LinkedIn Ads : le guide complet\",\"item\":\"https:\/\/getuplead.com\/fr\/agence-linkedin-ads\/campagne\/ciblage\/\"},{\"@type\":\"ListItem\",\"position\":5,\"name\":\"Qu&rsquo;est-ce que l&rsquo;expansion de l&rsquo;audience sur LinkedIn Ads ?\"}]},{\"@type\":\"WebSite\",\"@id\":\"https:\/\/getuplead.com\/#website\",\"url\":\"https:\/\/getuplead.com\/\",\"name\":\"SaaS PPC Agency | Getuplead\",\"description\":\"\",\"publisher\":{\"@id\":\"https:\/\/getuplead.com\/#organization\"},\"potentialAction\":[{\"@type\":\"SearchAction\",\"target\":{\"@type\":\"EntryPoint\",\"urlTemplate\":\"https:\/\/getuplead.com\/?s={search_term_string}\"},\"query-input\":{\"@type\":\"PropertyValueSpecification\",\"valueRequired\":true,\"valueName\":\"search_term_string\"}}],\"inLanguage\":\"fr-FR\"},{\"@type\":\"Organization\",\"@id\":\"https:\/\/getuplead.com\/#organization\",\"name\":\"Getuplead\",\"url\":\"https:\/\/getuplead.com\/\",\"logo\":{\"@type\":\"ImageObject\",\"inLanguage\":\"fr-FR\",\"@id\":\"https:\/\/getuplead.com\/#\/schema\/logo\/image\/\",\"url\":\"https:\/\/getuplead.com\/wp-content\/uploads\/logo_getuplead.png\",\"contentUrl\":\"https:\/\/getuplead.com\/wp-content\/uploads\/logo_getuplead.png\",\"width\":1021,\"height\":275,\"caption\":\"Getuplead\"},\"image\":{\"@id\":\"https:\/\/getuplead.com\/#\/schema\/logo\/image\/\"}}]}<\/script>\n<!-- \/ Yoast SEO plugin. -->","yoast_head_json":{"title":"Qu'est-ce que l'expansion de l'audience sur LinkedIn Ads ?","robots":{"index":"index","follow":"follow","max-snippet":"max-snippet:-1","max-image-preview":"max-image-preview:large","max-video-preview":"max-video-preview:-1"},"canonical":"https:\/\/getuplead.com\/fr\/agence-linkedin-ads\/campagne\/ciblage\/expansion-audience\/","og_locale":"fr_FR","og_type":"article","og_title":"Qu'est-ce que l'expansion de l'audience sur LinkedIn Ads ?","og_description":"Pour les entreprises B2B cherchant \u00e0 renforcer leur strat\u00e9gie de marketing num\u00e9rique gr\u00e2ce au ciblage publicitaire sur LinkedIn, l&rsquo;utilisation de la fonctionnalit\u00e9 d&rsquo;Expansion d&rsquo;Audience peut vous permettre de maximiser la port\u00e9e de votre campagne en affichant vos annonces \u00e0 des audiences ayant des caract\u00e9ristiques similaires \u00e0 celles de votre audience cible, ce qui augmente ainsi [&hellip;]","og_url":"https:\/\/getuplead.com\/fr\/agence-linkedin-ads\/campagne\/ciblage\/expansion-audience\/","og_site_name":"SaaS PPC Agency | Getuplead","og_image":[{"url":"https:\/\/getuplead.com\/wp-content\/uploads\/Screenshot-2022-06-01-at-17.35.53.png","type":"","width":"","height":""}],"twitter_card":"summary_large_image","twitter_misc":{"Dur\u00e9e de lecture estim\u00e9e":"6 minutes"},"schema":{"@context":"https:\/\/schema.org","@graph":[{"@type":"WebPage","@id":"https:\/\/getuplead.com\/fr\/agence-linkedin-ads\/campagne\/ciblage\/expansion-audience\/","url":"https:\/\/getuplead.com\/fr\/agence-linkedin-ads\/campagne\/ciblage\/expansion-audience\/","name":"Qu'est-ce que l'expansion de l'audience sur LinkedIn Ads ?","isPartOf":{"@id":"https:\/\/getuplead.com\/#website"},"primaryImageOfPage":{"@id":"https:\/\/getuplead.com\/fr\/agence-linkedin-ads\/campagne\/ciblage\/expansion-audience\/#primaryimage"},"image":{"@id":"https:\/\/getuplead.com\/fr\/agence-linkedin-ads\/campagne\/ciblage\/expansion-audience\/#primaryimage"},"thumbnailUrl":"https:\/\/getuplead.com\/wp-content\/uploads\/Screenshot-2022-06-01-at-17.35.53.png","datePublished":"2025-09-15T15:26:54+00:00","breadcrumb":{"@id":"https:\/\/getuplead.com\/fr\/agence-linkedin-ads\/campagne\/ciblage\/expansion-audience\/#breadcrumb"},"inLanguage":"fr-FR","potentialAction":[{"@type":"ReadAction","target":["https:\/\/getuplead.com\/fr\/agence-linkedin-ads\/campagne\/ciblage\/expansion-audience\/"]}]},{"@type":"ImageObject","inLanguage":"fr-FR","@id":"https:\/\/getuplead.com\/fr\/agence-linkedin-ads\/campagne\/ciblage\/expansion-audience\/#primaryimage","url":"https:\/\/getuplead.com\/wp-content\/uploads\/Screenshot-2022-06-01-at-17.35.53.png","contentUrl":"https:\/\/getuplead.com\/wp-content\/uploads\/Screenshot-2022-06-01-at-17.35.53.png"},{"@type":"BreadcrumbList","@id":"https:\/\/getuplead.com\/fr\/agence-linkedin-ads\/campagne\/ciblage\/expansion-audience\/#breadcrumb","itemListElement":[{"@type":"ListItem","position":1,"name":"Home","item":"https:\/\/getuplead.com\/fr\/getuplead\/"},{"@type":"ListItem","position":2,"name":"L&#8217;Agence LinkedIn Ads pour entreprises B2B SaaS et Tech","item":"https:\/\/getuplead.com\/linkedin-advertising-agency\/"},{"@type":"ListItem","position":3,"name":"Comment cr\u00e9er une campagne LinkedIn Ads rentable : le guide complet","item":"https:\/\/getuplead.com\/linkedin-advertising-agency\/campaign\/"},{"@type":"ListItem","position":4,"name":"Ciblage LinkedIn Ads : le guide complet","item":"https:\/\/getuplead.com\/fr\/agence-linkedin-ads\/campagne\/ciblage\/"},{"@type":"ListItem","position":5,"name":"Qu&rsquo;est-ce que l&rsquo;expansion de l&rsquo;audience sur LinkedIn Ads ?"}]},{"@type":"WebSite","@id":"https:\/\/getuplead.com\/#website","url":"https:\/\/getuplead.com\/","name":"SaaS PPC Agency | Getuplead","description":"","publisher":{"@id":"https:\/\/getuplead.com\/#organization"},"potentialAction":[{"@type":"SearchAction","target":{"@type":"EntryPoint","urlTemplate":"https:\/\/getuplead.com\/?s={search_term_string}"},"query-input":{"@type":"PropertyValueSpecification","valueRequired":true,"valueName":"search_term_string"}}],"inLanguage":"fr-FR"},{"@type":"Organization","@id":"https:\/\/getuplead.com\/#organization","name":"Getuplead","url":"https:\/\/getuplead.com\/","logo":{"@type":"ImageObject","inLanguage":"fr-FR","@id":"https:\/\/getuplead.com\/#\/schema\/logo\/image\/","url":"https:\/\/getuplead.com\/wp-content\/uploads\/logo_getuplead.png","contentUrl":"https:\/\/getuplead.com\/wp-content\/uploads\/logo_getuplead.png","width":1021,"height":275,"caption":"Getuplead"},"image":{"@id":"https:\/\/getuplead.com\/#\/schema\/logo\/image\/"}}]}},"_links":{"self":[{"href":"https:\/\/getuplead.com\/fr\/wp-json\/wp\/v2\/pages\/2883","targetHints":{"allow":["GET"]}}],"collection":[{"href":"https:\/\/getuplead.com\/fr\/wp-json\/wp\/v2\/pages"}],"about":[{"href":"https:\/\/getuplead.com\/fr\/wp-json\/wp\/v2\/types\/page"}],"author":[{"embeddable":true,"href":"https:\/\/getuplead.com\/fr\/wp-json\/wp\/v2\/users\/4"}],"replies":[{"embeddable":true,"href":"https:\/\/getuplead.com\/fr\/wp-json\/wp\/v2\/comments?post=2883"}],"version-history":[{"count":1,"href":"https:\/\/getuplead.com\/fr\/wp-json\/wp\/v2\/pages\/2883\/revisions"}],"predecessor-version":[{"id":2884,"href":"https:\/\/getuplead.com\/fr\/wp-json\/wp\/v2\/pages\/2883\/revisions\/2884"}],"up":[{"embeddable":true,"href":"https:\/\/getuplead.com\/fr\/wp-json\/wp\/v2\/pages\/2739"}],"wp:attachment":[{"href":"https:\/\/getuplead.com\/fr\/wp-json\/wp\/v2\/media?parent=2883"}],"curies":[{"name":"wp","href":"https:\/\/api.w.org\/{rel}","templated":true}]}}