{"id":5864,"date":"2025-10-24T11:47:00","date_gmt":"2025-10-24T09:47:00","guid":{"rendered":"https:\/\/getuplead.com\/agence-linkedin-ads\/indicateurs\/frequence\/"},"modified":"2025-10-04T21:42:02","modified_gmt":"2025-10-04T19:42:02","slug":"frequence","status":"publish","type":"page","link":"https:\/\/getuplead.com\/fr\/agence-linkedin-ads\/indicateurs\/frequence\/","title":{"rendered":"Comment g\u00e9rer la fr\u00e9quence de vos publicit\u00e9s LinkedIn"},"content":{"rendered":"\n<p>Parce que la dur\u00e9e d&rsquo;attention moyenne de n&rsquo;importe quel internaute est tr\u00e8s faible (12 secondes, maximum), en tant que marque utilisant le marketing digital, vous devrez vous assurer que votre contenu en ligne capte (et retient) l&rsquo;attention de votre audience cible.<\/p>\n\n\n\n<p>Les plateformes, telles que LinkedIn, sont fortement satur\u00e9es de contenu publicitaire, ce qui renforce \u00e9galement l&rsquo;importance pour votre contenu de se d\u00e9marquer.<\/p>\n\n\n\n<p>De plus, si vous concentrez votre contenu sur une audience cibl\u00e9e (ce que vous devriez faire si vous voulez qu&rsquo;il soit r\u00e9ussi !), il est important de vous assurer que vos publicit\u00e9s LinkedIn sont programm\u00e9es au bon moment (c&rsquo;est-\u00e0-dire aux heures de pointe de votre audience), pour augmenter les chances de g\u00e9n\u00e9ration de leads et de conversion. Penchons-nous sur l&rsquo;<a href=\"https:\/\/getuplead.com\/fr\/agence-linkedin-ads\/indicateurs\/\">un des indicateurs les plus importants des LinkedIn Ads<\/a> : la fr\u00e9quence. <\/p>\n\n\n\n<h2 class=\"wp-block-heading\"><strong>1 \u2013 Qu&rsquo;est-ce que la fr\u00e9quence publicitaire sur LinkedIn ?<\/strong><\/h2>\n\n\n\n<p class=\"has-text-align-left banner-case-study has-text-color has-background\" style=\"color:#0071a1;background-color:#eaf4f8\"><strong>\u00c9tude de cas :<\/strong> <a href=\"https:\/\/getuplead.com\/case-studies\/security-analytics\/\" data-type=\"page\" data-id=\"297\">D\u00e9couvrez comment nous avons g\u00e9n\u00e9r\u00e9 42% de leads qualifi\u00e9s en plus avec Linkedin Ads pour un logiciel de cybers\u00e9curit\u00e9<\/a><\/p>\n\n\n\n<p>La fr\u00e9quence publicitaire sur LinkedIn est le nombre total de fois o\u00f9 votre campagne publicitaire est vue par un utilisateur unique. Elle est calcul\u00e9e en divisant votre nombre total d&rsquo;impressions publicitaires par votre port\u00e9e publicitaire totale.<\/p>\n\n\n\n<p>Cela signifie que si vous avez men\u00e9 une campagne publicitaire sur LinkedIn pendant une semaine, ciblant 4000 personnes et obtenant 5000 impressions, votre fr\u00e9quence publicitaire sera de 1,25. Cela veut dire que la plupart des utilisateurs uniques ont vu votre publicit\u00e9 1 \u00e0 2 fois <\/p>\n\n\n\n<h2 class=\"wp-block-heading\"><strong>2 \u2013 Comment trouver la fr\u00e9quence de vos publicit\u00e9s LinkedIn<\/strong><\/h2>\n\n\n\n<p>Vous pouvez voir la fr\u00e9quence de vos publicit\u00e9s sur LinkedIn en proc\u00e9dant comme suit :<\/p>\n\n\n\n<p>\u2013 Connectez-vous au Campaign Manager sur LinkedIn.<\/p>\n\n\n\n<p>\u2013 S\u00e9lectionnez le groupe de campagnes, la campagne ou la publicit\u00e9 que vous souhaitez surveiller.<\/p>\n\n\n\n<p>\u2013 Changez le menu d\u00e9roulant \u00ab\u00a0Colonnes\u00a0\u00bb pour \u00ab\u00a0Diffusion\u00a0\u00bb.<\/p>\n\n\n\n<figure class=\"wp-block-image size-full\"><img fetchpriority=\"high\" decoding=\"async\" width=\"1508\" height=\"623\" src=\"https:\/\/getuplead.com\/wp-content\/uploads\/Screenshot-2022-08-08-at-18.57.31.png\" alt=\"fr\u00e9quence publicitaire LinkedIn\" class=\"wp-image-590\" srcset=\"https:\/\/getuplead.com\/wp-content\/uploads\/Screenshot-2022-08-08-at-18.57.31.png 1508w, https:\/\/getuplead.com\/wp-content\/uploads\/Screenshot-2022-08-08-at-18.57.31-768x317.png 768w\" sizes=\"(max-width: 1508px) 100vw, 1508px\" \/><\/figure>\n\n\n\n<h2 class=\"wp-block-heading\"><strong>3 \u2013 Quelle fr\u00e9quence publicitaire viser sur LinkedIn ?<\/strong><\/h2>\n\n\n\n<p>Lorsque vous utilisez LinkedIn pour cr\u00e9er du contenu publicitaire sponsoris\u00e9, vous devez s\u00e9lectionner un budget, dont vous voudrez tirer le meilleur parti pour assurer un bon ROI. Pour ce faire, vous devrez suivre r\u00e9guli\u00e8rement les indicateurs de votre ou vos campagnes pour \u00e9viter ce que l&rsquo;on appelle dans le m\u00e9tier la \u00ab\u00a0lassitude publicitaire\u00a0\u00bb (votre audience voyant le m\u00eame contenu encore et encore). <br> <\/p>\n\n\n\n<p>Malheureusement, l\u00e0 o\u00f9 cela se complique, c&rsquo;est qu&rsquo;il n&rsquo;existe pas un nombre sp\u00e9cifique de fois o\u00f9 une publicit\u00e9 devrait \u00eatre montr\u00e9e pour atteindre la fr\u00e9quence parfaite. En r\u00e9alit\u00e9, cela d\u00e9pendra d&rsquo;une s\u00e9rie de facteurs, notamment votre secteur\/niche, la taille de votre audience, et surtout (ce sur quoi vous n&rsquo;avez malheureusement aucun contr\u00f4le) la fr\u00e9quence \u00e0 laquelle les membres de votre audience se connectent \u00e0 leur compte LinkedIn. <\/p>\n\n\n\n<p>La bonne nouvelle est que tester votre budget et votre audience peut vous aider \u00e0 trouver le bon \u00e9quilibre, mais le \u00ab\u00a0sweet spot\u00a0\u00bb non officiel de la fr\u00e9quence, bas\u00e9 sur les benchmarks de notre <g id=\"gid_0\"><\/g><br><a href=\"https:\/\/getuplead.com\/fr\/agence-linkedin-ads\/\">agence LinkedIn Ads<\/a>, est de 3-4.<br><\/p>\n\n\n\n<p class=\"has-text-align-left banner-case-study has-text-color has-background\" style=\"color:#0071a1;background-color:#eaf4f8\"><strong>\u00c9tude de cas :<\/strong> <a href=\"https:\/\/getuplead.com\/fr\/cas-clients\/kodo\/\" data-type=\"page\" data-id=\"339\">D\u00e9couvrez comment nous avons g\u00e9n\u00e9r\u00e9s 167 % de prospects en plus avec LinkedIn Ads pour Kodo Survey<\/a><\/p>\n\n\n\n<h2 class=\"wp-block-heading\"><strong>4 \u2013 Qu&rsquo;est-ce qui influence la fr\u00e9quence publicitaire (et comment l&rsquo;augmenter avec succ\u00e8s)<\/strong><\/h2>\n\n\n\n<p>Il peut \u00eatre tentant d&rsquo;augmenter la fr\u00e9quence de vos publicit\u00e9s pour s&rsquo;assurer qu&rsquo;elles sont vues, mais malheureusement, cela peut entra\u00eener ce que nous avons mentionn\u00e9 plus t\u00f4t, la lassitude publicitaire, qui donnera \u00e0 votre audience l&rsquo;impression d&rsquo;\u00eatre cibl\u00e9e par du spam.<\/p>\n\n\n\n<h3 class=\"wp-block-heading\"><strong>Qu&rsquo;est-ce qui affecte la fr\u00e9quence publicitaire ?<\/strong><\/h3>\n\n\n\n<p>Plusieurs facteurs peuvent influencer votre fr\u00e9quence publicitaire, notamment :<\/p>\n\n\n\n<h4 class=\"wp-block-heading\"><strong>Les types de publicit\u00e9s<\/strong><\/h4>\n\n\n\n<p>LinkedIn propose plus d&rsquo;un type\/format de publicit\u00e9, comme les text ads, video ads, etc.<\/p>\n\n\n\n<h4 class=\"wp-block-heading\"><strong>Le retargeting<\/strong><\/h4>\n\n\n\n<p>Si votre publicit\u00e9 est une publicit\u00e9 de retargeting, cela influence \u00e9galement votre fr\u00e9quence publicitaire. Les audiences de retargeting ont tendance \u00e0 \u00eatre plus petites que l&rsquo;audience de la campagne initiale. Et avec les publicit\u00e9s de retargeting, si vous avez effectu\u00e9 des tests A\/B au pr\u00e9alable, cela devrait vous donner un aper\u00e7u de la meilleure fr\u00e9quence publicitaire pour cette campagne.  <\/p>\n\n\n\n<h4 class=\"wp-block-heading\"><strong>La taille de l&rsquo;audience et du budget<\/strong><\/h4>\n\n\n\n<p>Si vous souhaitez augmenter la fr\u00e9quence, vous pouvez diminuer la taille de votre audience, de sorte que votre publicit\u00e9 soit montr\u00e9e \u00e0 une audience beaucoup plus petite (mais plus pertinente) \u00e0 un rythme plus fr\u00e9quent. Inversement, vous pouvez augmenter votre budget quotidien, afin que votre publicit\u00e9 soit plus adapt\u00e9e \u00e0 la taille de votre audience si vous souhaitez faire de la publicit\u00e9 \u00e0 plus grande \u00e9chelle. <\/p>\n\n\n\n<p>Remarque : si vous \u00eates une PME ou si vous d\u00e9butez en tant qu&rsquo;entreprise, il est probable que votre audience soit plut\u00f4t petite. Il convient de mentionner ici que le nombre minimum d&rsquo;utilisateurs dans une audience doit \u00eatre de 300. <\/p>\n\n\n\n<h2 class=\"wp-block-heading\"><strong>Conclusion<\/strong><\/h2>\n\n\n\n<p>Le contenu que vous cr\u00e9ez joue un r\u00f4le important dans le succ\u00e8s de vos campagnes publicitaires sur LinkedIn, mais d&rsquo;autres facteurs sont \u00e9galement d\u00e9terminants, tels que le type de publicit\u00e9, la r\u00e9ceptivit\u00e9 de l&rsquo;audience et la fr\u00e9quence d&rsquo;affichage de vos publicit\u00e9s.<\/p>\n\n\n\n<p>Il n&rsquo;y a pas de nombre id\u00e9al de fois o\u00f9 une publicit\u00e9 devrait \u00eatre affich\u00e9e au quotidien pendant la dur\u00e9e de votre campagne, mais avec un peu de test A\/B et en pr\u00eatant attention \u00e0 certains facteurs mentionn\u00e9s ci-dessus, vous devriez \u00eatre en mesure de trouver le \u00ab juste milieu \u00bb propre \u00e0 votre campagne.<\/p>\n\n\n\n<p><strong>\n  <em>Si vous souhaitez en savoir plus sur la fa\u00e7on dont nous aidons les entreprises B2B SaaS et Tech \u00e0 augmenter leur MRR gr\u00e2ce \u00e0 la publicit\u00e9 sur LinkedIn, <\/em>\n<\/strong><a href=\"https:\/\/getuplead.com\/fr\/contact\/\">\n  <strong>\n    <em>contactez-nous en ligne<\/em>\n  <\/strong>\n<\/a><strong>\n  <em> ou envoyez-nous un e-mail \u00e0 <a href=\"mailto:info@getuplead.com\">info@getuplead.com<\/a> pour parler \u00e0 un membre de notre \u00e9quipe.<\/em>\n<\/strong><\/p>\n\n\n\n<p>Par ailleurs, vous pourriez \u00e9galement \u00eatre int\u00e9ress\u00e9 par :<\/p>\n\n\n\n<ul class=\"wp-block-list\">\n<li><a href=\"https:\/\/getuplead.com\/fr\/agence-linkedin-ads\/indicateurs\/ctr\/\">Le CTR moyen des publicit\u00e9s LinkedIn (et comment l&rsquo;am\u00e9liorer)<\/a><\/li>\n\n\n\n<li><a href=\"https:\/\/getuplead.com\/linkedin-advertising-agency\/metrics\/benchmarks\/\">Les benchmarks des publicit\u00e9s LinkedIn que vous devez conna\u00eetre en 2022<\/a><\/li>\n\n\n\n<li><a href=\"https:\/\/getuplead.com\/fr\/agence-linkedin-ads\/indicateurs\/taux-de-conversion\/\">Conseils pour am\u00e9liorer votre taux de conversion sur les publicit\u00e9s LinkedIn<\/a><\/li>\n<\/ul>\n","protected":false},"excerpt":{"rendered":"<p>Parce que la dur\u00e9e d&rsquo;attention moyenne de n&rsquo;importe quel internaute est tr\u00e8s faible (12 secondes, maximum), en tant que marque utilisant le marketing digital, vous devrez vous assurer que votre contenu en ligne capte (et retient) l&rsquo;attention de votre audience cible. Les plateformes, telles que LinkedIn, sont fortement satur\u00e9es de contenu publicitaire, ce qui renforce [&hellip;]<\/p>\n","protected":false},"author":4,"featured_media":0,"parent":2753,"menu_order":0,"comment_status":"closed","ping_status":"closed","template":"","meta":{"footnotes":""},"class_list":["post-5864","page","type-page","status-publish","hentry"],"yoast_head":"<!-- This site is optimized with the Yoast SEO plugin v25.7 - https:\/\/yoast.com\/wordpress\/plugins\/seo\/ -->\n<title>Comment g\u00e9rer la fr\u00e9quence de vos publicit\u00e9s LinkedIn<\/title>\n<meta name=\"robots\" content=\"index, follow, max-snippet:-1, max-image-preview:large, max-video-preview:-1\" \/>\n<link rel=\"canonical\" href=\"https:\/\/getuplead.com\/fr\/agence-linkedin-ads\/indicateurs\/frequence\/\" \/>\n<meta property=\"og:locale\" content=\"fr_FR\" \/>\n<meta property=\"og:type\" content=\"article\" \/>\n<meta property=\"og:title\" content=\"Comment g\u00e9rer la fr\u00e9quence de vos publicit\u00e9s LinkedIn\" \/>\n<meta property=\"og:description\" content=\"Parce que la dur\u00e9e d&rsquo;attention moyenne de n&rsquo;importe quel internaute est tr\u00e8s faible (12 secondes, maximum), en tant que marque utilisant le marketing digital, vous devrez vous assurer que votre contenu en ligne capte (et retient) l&rsquo;attention de votre audience cible. Les plateformes, telles que LinkedIn, sont fortement satur\u00e9es de contenu publicitaire, ce qui renforce [&hellip;]\" \/>\n<meta property=\"og:url\" content=\"https:\/\/getuplead.com\/fr\/agence-linkedin-ads\/indicateurs\/frequence\/\" \/>\n<meta property=\"og:site_name\" content=\"SaaS PPC Agency | Getuplead\" \/>\n<meta property=\"og:image\" content=\"https:\/\/getuplead.com\/wp-content\/uploads\/Screenshot-2022-08-08-at-18.57.31.png\" \/>\n\t<meta property=\"og:image:width\" content=\"1508\" \/>\n\t<meta property=\"og:image:height\" content=\"623\" \/>\n\t<meta property=\"og:image:type\" content=\"image\/png\" \/>\n<meta name=\"twitter:card\" content=\"summary_large_image\" \/>\n<meta name=\"twitter:label1\" content=\"Dur\u00e9e de lecture estim\u00e9e\" \/>\n\t<meta name=\"twitter:data1\" content=\"13 minutes\" \/>\n<script type=\"application\/ld+json\" class=\"yoast-schema-graph\">{\"@context\":\"https:\/\/schema.org\",\"@graph\":[{\"@type\":\"WebPage\",\"@id\":\"https:\/\/getuplead.com\/fr\/agence-linkedin-ads\/indicateurs\/frequence\/\",\"url\":\"https:\/\/getuplead.com\/fr\/agence-linkedin-ads\/indicateurs\/frequence\/\",\"name\":\"Comment g\u00e9rer la fr\u00e9quence de vos publicit\u00e9s LinkedIn\",\"isPartOf\":{\"@id\":\"https:\/\/getuplead.com\/#website\"},\"primaryImageOfPage\":{\"@id\":\"https:\/\/getuplead.com\/fr\/agence-linkedin-ads\/indicateurs\/frequence\/#primaryimage\"},\"image\":{\"@id\":\"https:\/\/getuplead.com\/fr\/agence-linkedin-ads\/indicateurs\/frequence\/#primaryimage\"},\"thumbnailUrl\":\"https:\/\/getuplead.com\/wp-content\/uploads\/Screenshot-2022-08-08-at-18.57.31.png\",\"datePublished\":\"2025-10-24T09:47:00+00:00\",\"breadcrumb\":{\"@id\":\"https:\/\/getuplead.com\/fr\/agence-linkedin-ads\/indicateurs\/frequence\/#breadcrumb\"},\"inLanguage\":\"fr-FR\",\"potentialAction\":[{\"@type\":\"ReadAction\",\"target\":[\"https:\/\/getuplead.com\/fr\/agence-linkedin-ads\/indicateurs\/frequence\/\"]}]},{\"@type\":\"ImageObject\",\"inLanguage\":\"fr-FR\",\"@id\":\"https:\/\/getuplead.com\/fr\/agence-linkedin-ads\/indicateurs\/frequence\/#primaryimage\",\"url\":\"https:\/\/getuplead.com\/wp-content\/uploads\/Screenshot-2022-08-08-at-18.57.31.png\",\"contentUrl\":\"https:\/\/getuplead.com\/wp-content\/uploads\/Screenshot-2022-08-08-at-18.57.31.png\"},{\"@type\":\"BreadcrumbList\",\"@id\":\"https:\/\/getuplead.com\/fr\/agence-linkedin-ads\/indicateurs\/frequence\/#breadcrumb\",\"itemListElement\":[{\"@type\":\"ListItem\",\"position\":1,\"name\":\"Home\",\"item\":\"https:\/\/getuplead.com\/fr\/getuplead\/\"},{\"@type\":\"ListItem\",\"position\":2,\"name\":\"L&#8217;Agence LinkedIn Ads pour entreprises B2B SaaS et Tech\",\"item\":\"https:\/\/getuplead.com\/linkedin-advertising-agency\/\"},{\"@type\":\"ListItem\",\"position\":3,\"name\":\"Les 18 indicateurs les plus importants pour mesurer le ROI sur LinkedIn Ads\",\"item\":\"https:\/\/getuplead.com\/fr\/agence-linkedin-ads\/indicateurs\/\"},{\"@type\":\"ListItem\",\"position\":4,\"name\":\"Comment g\u00e9rer la fr\u00e9quence de vos publicit\u00e9s LinkedIn\"}]},{\"@type\":\"WebSite\",\"@id\":\"https:\/\/getuplead.com\/#website\",\"url\":\"https:\/\/getuplead.com\/\",\"name\":\"SaaS PPC Agency | Getuplead\",\"description\":\"\",\"publisher\":{\"@id\":\"https:\/\/getuplead.com\/#organization\"},\"potentialAction\":[{\"@type\":\"SearchAction\",\"target\":{\"@type\":\"EntryPoint\",\"urlTemplate\":\"https:\/\/getuplead.com\/?s={search_term_string}\"},\"query-input\":{\"@type\":\"PropertyValueSpecification\",\"valueRequired\":true,\"valueName\":\"search_term_string\"}}],\"inLanguage\":\"fr-FR\"},{\"@type\":\"Organization\",\"@id\":\"https:\/\/getuplead.com\/#organization\",\"name\":\"Getuplead\",\"url\":\"https:\/\/getuplead.com\/\",\"logo\":{\"@type\":\"ImageObject\",\"inLanguage\":\"fr-FR\",\"@id\":\"https:\/\/getuplead.com\/#\/schema\/logo\/image\/\",\"url\":\"https:\/\/getuplead.com\/wp-content\/uploads\/logo_getuplead.png\",\"contentUrl\":\"https:\/\/getuplead.com\/wp-content\/uploads\/logo_getuplead.png\",\"width\":1021,\"height\":275,\"caption\":\"Getuplead\"},\"image\":{\"@id\":\"https:\/\/getuplead.com\/#\/schema\/logo\/image\/\"}}]}<\/script>\n<!-- \/ Yoast SEO plugin. -->","yoast_head_json":{"title":"Comment g\u00e9rer la fr\u00e9quence de vos publicit\u00e9s LinkedIn","robots":{"index":"index","follow":"follow","max-snippet":"max-snippet:-1","max-image-preview":"max-image-preview:large","max-video-preview":"max-video-preview:-1"},"canonical":"https:\/\/getuplead.com\/fr\/agence-linkedin-ads\/indicateurs\/frequence\/","og_locale":"fr_FR","og_type":"article","og_title":"Comment g\u00e9rer la fr\u00e9quence de vos publicit\u00e9s LinkedIn","og_description":"Parce que la dur\u00e9e d&rsquo;attention moyenne de n&rsquo;importe quel internaute est tr\u00e8s faible (12 secondes, maximum), en tant que marque utilisant le marketing digital, vous devrez vous assurer que votre contenu en ligne capte (et retient) l&rsquo;attention de votre audience cible. Les plateformes, telles que LinkedIn, sont fortement satur\u00e9es de contenu publicitaire, ce qui renforce [&hellip;]","og_url":"https:\/\/getuplead.com\/fr\/agence-linkedin-ads\/indicateurs\/frequence\/","og_site_name":"SaaS PPC Agency | Getuplead","og_image":[{"width":1508,"height":623,"url":"https:\/\/getuplead.com\/wp-content\/uploads\/Screenshot-2022-08-08-at-18.57.31.png","type":"image\/png"}],"twitter_card":"summary_large_image","twitter_misc":{"Dur\u00e9e de lecture estim\u00e9e":"13 minutes"},"schema":{"@context":"https:\/\/schema.org","@graph":[{"@type":"WebPage","@id":"https:\/\/getuplead.com\/fr\/agence-linkedin-ads\/indicateurs\/frequence\/","url":"https:\/\/getuplead.com\/fr\/agence-linkedin-ads\/indicateurs\/frequence\/","name":"Comment g\u00e9rer la fr\u00e9quence de vos publicit\u00e9s LinkedIn","isPartOf":{"@id":"https:\/\/getuplead.com\/#website"},"primaryImageOfPage":{"@id":"https:\/\/getuplead.com\/fr\/agence-linkedin-ads\/indicateurs\/frequence\/#primaryimage"},"image":{"@id":"https:\/\/getuplead.com\/fr\/agence-linkedin-ads\/indicateurs\/frequence\/#primaryimage"},"thumbnailUrl":"https:\/\/getuplead.com\/wp-content\/uploads\/Screenshot-2022-08-08-at-18.57.31.png","datePublished":"2025-10-24T09:47:00+00:00","breadcrumb":{"@id":"https:\/\/getuplead.com\/fr\/agence-linkedin-ads\/indicateurs\/frequence\/#breadcrumb"},"inLanguage":"fr-FR","potentialAction":[{"@type":"ReadAction","target":["https:\/\/getuplead.com\/fr\/agence-linkedin-ads\/indicateurs\/frequence\/"]}]},{"@type":"ImageObject","inLanguage":"fr-FR","@id":"https:\/\/getuplead.com\/fr\/agence-linkedin-ads\/indicateurs\/frequence\/#primaryimage","url":"https:\/\/getuplead.com\/wp-content\/uploads\/Screenshot-2022-08-08-at-18.57.31.png","contentUrl":"https:\/\/getuplead.com\/wp-content\/uploads\/Screenshot-2022-08-08-at-18.57.31.png"},{"@type":"BreadcrumbList","@id":"https:\/\/getuplead.com\/fr\/agence-linkedin-ads\/indicateurs\/frequence\/#breadcrumb","itemListElement":[{"@type":"ListItem","position":1,"name":"Home","item":"https:\/\/getuplead.com\/fr\/getuplead\/"},{"@type":"ListItem","position":2,"name":"L&#8217;Agence LinkedIn Ads pour entreprises B2B SaaS et Tech","item":"https:\/\/getuplead.com\/linkedin-advertising-agency\/"},{"@type":"ListItem","position":3,"name":"Les 18 indicateurs les plus importants pour mesurer le ROI sur LinkedIn Ads","item":"https:\/\/getuplead.com\/fr\/agence-linkedin-ads\/indicateurs\/"},{"@type":"ListItem","position":4,"name":"Comment g\u00e9rer la fr\u00e9quence de vos publicit\u00e9s LinkedIn"}]},{"@type":"WebSite","@id":"https:\/\/getuplead.com\/#website","url":"https:\/\/getuplead.com\/","name":"SaaS PPC Agency | Getuplead","description":"","publisher":{"@id":"https:\/\/getuplead.com\/#organization"},"potentialAction":[{"@type":"SearchAction","target":{"@type":"EntryPoint","urlTemplate":"https:\/\/getuplead.com\/?s={search_term_string}"},"query-input":{"@type":"PropertyValueSpecification","valueRequired":true,"valueName":"search_term_string"}}],"inLanguage":"fr-FR"},{"@type":"Organization","@id":"https:\/\/getuplead.com\/#organization","name":"Getuplead","url":"https:\/\/getuplead.com\/","logo":{"@type":"ImageObject","inLanguage":"fr-FR","@id":"https:\/\/getuplead.com\/#\/schema\/logo\/image\/","url":"https:\/\/getuplead.com\/wp-content\/uploads\/logo_getuplead.png","contentUrl":"https:\/\/getuplead.com\/wp-content\/uploads\/logo_getuplead.png","width":1021,"height":275,"caption":"Getuplead"},"image":{"@id":"https:\/\/getuplead.com\/#\/schema\/logo\/image\/"}}]}},"_links":{"self":[{"href":"https:\/\/getuplead.com\/fr\/wp-json\/wp\/v2\/pages\/5864","targetHints":{"allow":["GET"]}}],"collection":[{"href":"https:\/\/getuplead.com\/fr\/wp-json\/wp\/v2\/pages"}],"about":[{"href":"https:\/\/getuplead.com\/fr\/wp-json\/wp\/v2\/types\/page"}],"author":[{"embeddable":true,"href":"https:\/\/getuplead.com\/fr\/wp-json\/wp\/v2\/users\/4"}],"replies":[{"embeddable":true,"href":"https:\/\/getuplead.com\/fr\/wp-json\/wp\/v2\/comments?post=5864"}],"version-history":[{"count":9,"href":"https:\/\/getuplead.com\/fr\/wp-json\/wp\/v2\/pages\/5864\/revisions"}],"predecessor-version":[{"id":5906,"href":"https:\/\/getuplead.com\/fr\/wp-json\/wp\/v2\/pages\/5864\/revisions\/5906"}],"up":[{"embeddable":true,"href":"https:\/\/getuplead.com\/fr\/wp-json\/wp\/v2\/pages\/2753"}],"wp:attachment":[{"href":"https:\/\/getuplead.com\/fr\/wp-json\/wp\/v2\/media?parent=5864"}],"curies":[{"name":"wp","href":"https:\/\/api.w.org\/{rel}","templated":true}]}}