{"id":5941,"date":"2024-05-21T11:16:44","date_gmt":"2024-05-21T09:16:44","guid":{"rendered":"https:\/\/getuplead.com\/agence-linkedin-ads\/types-publicites\/booster-post\/"},"modified":"2025-10-17T21:04:14","modified_gmt":"2025-10-17T19:04:14","slug":"booster-post","status":"publish","type":"page","link":"https:\/\/getuplead.com\/fr\/agence-linkedin-ads\/types-publicites\/booster-post\/","title":{"rendered":"Comment booster une publication sur LinkedIn : Le guide complet"},"content":{"rendered":"\n<p>Le marketing sur la plateforme B2B LinkedIn pr\u00e9sente de nombreux avantages, notamment en mati\u00e8re de ciblage d\u2019audience. <\/p>\n\n<p>Lorsque vous cr\u00e9ez une campagne sur ce r\u00e9seau, il ne suffit pas de cliquer sur \u00ab Publier \u00bb et d\u2019esp\u00e9rer le meilleur r\u00e9sultat. LinkedIn propose plusieurs fonctionnalit\u00e9s destin\u00e9es \u00e0 renforcer la performance de vos publicit\u00e9s <em>apr\u00e8s <\/em>leur mise en ligne, afin de garantir qu\u2019elles atteignent leur plein potentiel. L\u2019une de ces fonctionnalit\u00e9s est le \u201cboosting\u201d.   <\/p>\n\n<p>Plusieurs <a href=\"https:\/\/getuplead.com\/fr\/agence-linkedin-ads\/types-publicites\/\">types d\u2019annonces LinkedIn<\/a> permettent d\u2019amplifier votre publicit\u00e9 pour qu\u2019elle atteigne un public plus large et g\u00e9n\u00e8re davantage de leads et de notori\u00e9t\u00e9, au-del\u00e0 de ce que permet l\u2019algorithme organique standard.<\/p>\n\n<p>Vous ne savez pas par o\u00f9 commencer ? Pas d\u2019inqui\u00e9tude, notre <a href=\"https:\/\/getuplead.com\/fr\/agence-linkedin-ads\/\">agence LinkedIn Ads<\/a> est l\u00e0 pour vous guider ! <\/p>\n\n<h2 class=\"wp-block-heading\">1- Que signifie \u00ab booster \u00bb une publication sur LinkedIn ?<\/h2>\n\n<p>Parfois, une campagne LinkedIn Ads, m\u00eame optimis\u00e9e et parfaitement adapt\u00e9e \u00e0 votre audience, a besoin d\u2019un petit coup de pouce : c\u2019est exactement le r\u00f4le du boosting sur LinkedIn.<\/p>\n\n<p>Concr\u00e8tement, il s\u2019agit de consacrer une partie de votre budget publicitaire pour promouvoir un post d\u00e9j\u00e0 publi\u00e9, via la fonctionnalit\u00e9 de boosting dans le Campaign Manager.<\/p>\n\n<p>Une fois boost\u00e9e, la publication devient une annonce payante, ce qui lui permet d\u2019atteindre un public plus large et plus vari\u00e9 que celui obtenu via la port\u00e9e organique classique, de la m\u00eame mani\u00e8re qu\u2019une publicit\u00e9 sponsoris\u00e9e.<\/p>\n\n<p>Avant de cliquer sur \u00ab Booster la publication \u00bb, il est important de d\u00e9finir un budget d\u00e9di\u00e9 \u00e0 cette op\u00e9ration et de d\u00e9terminer pr\u00e9cis\u00e9ment l\u2019audience que vous souhaitez cibler avec cette annonce amplifi\u00e9e.<\/p>\n\n<p class=\"has-text-align-left banner-case-study has-text-color has-background\" style=\"color:#0071a1;background-color:#eaf4f8\"><strong>\u00c9tude de cas :<\/strong> <a href=\"https:\/\/getuplead.com\/case-studies\/security-analytics\/\" data-type=\"page\" data-id=\"297\">D\u00e9couvrez comment nous avons g\u00e9n\u00e9r\u00e9 42% de leads qualifi\u00e9s en plus avec Linkedin Ads pour un logiciel de cybers\u00e9curit\u00e9<\/a><\/p>\n\n<h2 class=\"wp-block-heading\">2 \u2013 Avantages et inconv\u00e9nients du boosting LinkedIn Ads<\/h2>\n\n<p>Aucun outil marketing n\u2019est parfait : chaque levier du marketing digital a ses forces et ses limites. Il est donc essentiel d\u2019en mesurer les deux aspects avant de d\u00e9cider si le boosting LinkedIn est adapt\u00e9 \u00e0 votre campagne.<\/p>\n\n<h3 class=\"wp-block-heading\">Les avantages du boosting sur LinkedIn<\/h3>\n\n<ul class=\"wp-block-list\">\n<li>Une port\u00e9e \u00e9largie. Comme mentionn\u00e9 plus haut, l\u2019int\u00e9r\u00eat principal du boosting est d\u2019augmenter la visibilit\u00e9 de vos publications au-del\u00e0 des limites de l\u2019organique. <\/li>\n\n\n\n<li>Cr\u00e9dibilit\u00e9 et \u201csocial proof\u201d. Les publications boost\u00e9es g\u00e9n\u00e8rent souvent plus d\u2019interactions, ce qui renforce la confiance et la cr\u00e9dibilit\u00e9 de la marque. En effet, un post avec plusieurs commentaires et likes inspire davantage confiance qu\u2019un contenu ignor\u00e9. Cela am\u00e8ne les utilisateurs \u00e0 croire que la marque sait ce qu&rsquo;elle fait et que ce qu&rsquo;elle dit est l\u00e9gitime.   <\/li>\n\n\n\n<li>Utilisation des GIFs. Les GIFs sont devenus un outil de communication moderne et dynamique. Une fois votre post boost\u00e9, vous pouvez en tirer parti, contrairement aux publications classiques (techniquement, vous <em>pouvez <\/em>le faire si vous utilisez le format Publicit\u00e9 vid\u00e9o, mais celle-ci ne bouclera pas comme un GIF).  <\/li>\n\n\n\n<li>Id\u00e9al pour les campagnes de notori\u00e9t\u00e9. Si votre objectif est de renforcer la visibilit\u00e9 et la reconnaissance de votre marque, le boosting est un choix \u00e9vident et efficace. <\/li>\n<\/ul>\n\n<h3 class=\"wp-block-heading\">Les inconv\u00e9nients du boosting sur LinkedIn<\/h3>\n\n<p>Avant de vous lancer, prenez \u00e9galement en compte ces limites potentielles :<\/p>\n\n<ul class=\"wp-block-list\">\n<li>Suivi des performances plus limit\u00e9. Il est plus difficile d\u2019attribuer les leads g\u00e9n\u00e9r\u00e9s \u00e0 un post boost\u00e9, car il devient complexe de distinguer la part organique de la part sponsoris\u00e9e. <\/li>\n\n\n\n<li>Audience plus large mais moins cibl\u00e9e. L\u2019algorithme de boosting LinkedIn diffuse votre contenu aupr\u00e8s de personnes li\u00e9es \u00e0 votre audience cible, mais qui ne correspondent pas toujours \u00e0 votre ICP (Ideal Customer Persona). R\u00e9sultat : davantage d\u2019impressions, mais parfois moins de pertinence.  <\/li>\n<\/ul>\n\n<h2 class=\"wp-block-heading\">3 \u2013 Comment booster votre publication LinkedIn<\/h2>\n\n<p>Si vous avez d\u00e9cid\u00e9 de booster une publication, mais que vous ne savez pas par o\u00f9 commencer, suivez simplement ce guide \u00e9tape par \u00e9tape pour vous lancer.<\/p>\n\n<p>Mais avant cela, il est important de bien comprendre les points suivants :<\/p>\n\n<ul class=\"wp-block-list\">\n<li>Chaque publication ne peut \u00eatre boost\u00e9e qu\u2019<strong>une seule fois<\/strong>.<\/li>\n\n\n\n<li>Seuls certains formats d\u2019annonces peuvent \u00eatre boost\u00e9s : les <strong>annonces \u00e0 image unique<\/strong>, les <strong>vid\u00e9os<\/strong>, les <strong>\u00e9v\u00e9nements <\/strong>et les<strong> publications textuelles<\/strong>.<\/li>\n\n\n\n<li>Seuls les utilisateurs disposant des droits \u201c<strong>super administrateur<\/strong>\u201d ou \u201c<strong>acc\u00e8s au contenu<\/strong>\u201d peuvent booster une publication. <\/li>\n<\/ul>\n\n<h3 class=\"wp-block-heading\">Les 8 \u00e9tapes pour booster une publication LinkedIn<\/h3>\n\n<p>Voici les \u00e9tapes simples \u00e0 suivre pour booster votre premi\u00e8re publication.<\/p>\n\n<ol class=\"wp-block-list\">\n<li>Acc\u00e9dez \u00e0 la vue administrateur de la page LinkedIn de votre entreprise (et non \u00e0 votre profil personnel) et s\u00e9lectionnez la publication que vous souhaitez booster.<\/li>\n\n\n\n<li>Cliquez sur le bouton \u201cBooster\u201d situ\u00e9 juste au-dessus de la publication. Cette action ne lancera pas imm\u00e9diatement le boost : vous serez redirig\u00e9 vers la page de configuration du boost.<br\/><br\/> <\/li>\n\n\n\n<li>S\u00e9lectionnez le type d\u2019audience que vous souhaitez cibler avec votre publication boost\u00e9e.<\/li>\n\n\n\n<li>(Facultatif) D\u00e9cochez les options \u201cExtension automatique de l\u2019audience\u201d et \u201cInclure le r\u00e9seau d\u2019audience LinkedIn\u201d. <\/li>\n\n\n\n<li>D\u00e9finissez votre budget total et la dur\u00e9e de diffusion de la publication.<\/li>\n\n\n\n<li>S\u00e9lectionnez le compte de facturation pour la campagne.<\/li>\n\n\n\n<li>Cliquez sur \u201cBooster\u201d.<\/li>\n<\/ol>\n\n<h2 class=\"wp-block-heading\">4 \u2013 Combien co\u00fbte le boosting d\u2019une publication LinkedIn ?<\/h2>\n\n<p>Le boosting n\u2019est malheureusement pas gratuit, il est donc essentiel de pr\u00e9voir une partie de votre budget marketing pour cette op\u00e9ration. <\/p>\n\n<p>Selon votre localisation, le co\u00fbt minimum d\u2019un boost est d\u2019environ 10 $ (USD) par jour, bien que cette somme puisse varier en fonction de plusieurs facteurs. Le montant que vous choisissez de d\u00e9penser d\u00e9pend enti\u00e8rement de vos objectifs marketing et de votre budget.  <\/p>\n\n<p>Le budget investi d\u00e9termine la dur\u00e9e pendant laquelle votre publication sera boost\u00e9e, l\u2019\u00e9tendue de l\u2019audience atteinte, et, en fin de compte, le succ\u00e8s global du boost selon vos objectifs de campagne. Naturellement, plus vous investissez, plus votre publication gagne en visibilit\u00e9. <\/p>\n\n<p>Enfin, il peut \u00eatre int\u00e9ressant d\u2019exp\u00e9rimenter plusieurs niveaux de budget (dans la mesure du possible) afin d\u2019identifier la combinaison la plus efficace pour votre marque et vos besoins marketing.<\/p>\n\n<h2 class=\"wp-block-heading\">5 \u2013 Bonnes pratiques pour booster une publication LinkedIn<\/h2>\n\n<p>Le simple fait d\u2019appuyer sur le bouton \u00ab Booster \u00bb ne garantit pas le succ\u00e8s. Avant de vous lancer, gardez ces conseils essentiels en t\u00eate.<\/p>\n\n<ol class=\"wp-block-list\">\n<li>Soyez strat\u00e9gique et analysez les statistiques<\/li>\n<\/ol>\n\n<p>Commencez par observer les strat\u00e9gies utilis\u00e9es dans vos pr\u00e9c\u00e9dentes publications organiques : lesquelles ont obtenu le plus d\u2019engagement ?<\/p>\n\n<p>Lorsque vient le moment de booster une publication, reprenez celles qui ont d\u00e9j\u00e0 bien perform\u00e9 pour maximiser les r\u00e9sultats. S\u2019il y a une raison pour laquelle ces posts ont fonctionn\u00e9, capitalisez dessus ! <\/p>\n\n<ol class=\"wp-block-list\" start=\"2\">\n<li>Soyez clair sur vos objectifs<\/li>\n<\/ol>\n\n<p>Tout bon marketeur sait qu\u2019il est contre-productif de vouloir atteindre trop d\u2019objectifs avec une seule campagne. D\u00e9finissez un objectif pr\u00e9cis et \u00e9laborez votre contenu autour de celui-ci. <\/p>\n\n<p>Savoir ce que vous souhaitez obtenir de votre publication avant sa mise en ligne d\u00e9terminera les interactions et conversions qui suivront. Il est donc essentiel de d\u00e9finir clairement vos objectifs. <\/p>\n\n<p>Assurez-vous \u00e9galement que l\u2019objectif choisi est coh\u00e9rent avec l\u2019\u00e9tat actuel de votre entreprise et ses priorit\u00e9s de croissance.<\/p>\n\n<ol class=\"wp-block-list\" start=\"3\">\n<li>Utilisez le ciblage bas\u00e9 sur les profils<\/li>\n<\/ol>\n\n<p>LinkedIn permet aux utilisateurs de renseigner un grand nombre d\u2019informations professionnelles : anciennet\u00e9, poste, formation, secteur d\u2019activit\u00e9, etc., que les marketers peuvent exploiter pour cibler leur audience.<\/p>\n\n<p>Ces donn\u00e9es sont pr\u00e9cieuses pour affiner votre ciblage et cr\u00e9er une audience hautement qualifi\u00e9e. Lors du boosting, vous pouvez \u00e9galement cibler selon les int\u00e9r\u00eats professionnels, le niveau hi\u00e9rarchique ou d\u2019autres crit\u00e8res pertinents. <\/p>\n\n<ol class=\"wp-block-list\" start=\"4\">\n<li>Ne ciblez pas une audience trop restreinte<\/li>\n<\/ol>\n\n<p>\u00c9vitez de viser une audience trop petite ou trop sp\u00e9cifique. Il vaut mieux viser un public un peu plus large que trop \u00e9troit. Le boosting devient souvent inefficace avec des audiences r\u00e9duites, un facteur \u00e0 garder en t\u00eate si votre marque \u00e9volue dans un secteur de niche.   <\/p>\n\n<p>Un volume d\u2019audience d\u2019environ 50 000 utilisateurs (ou plus) constitue une bonne base. N\u2019oubliez pas que vous pouvez exclure certaines audiences lors du boost. Ici, la quantit\u00e9 compte, mais la qualit\u00e9 reste tout aussi importante. <\/p>\n\n<ol class=\"wp-block-list\" start=\"5\">\n<li>Pr\u00e9voyez une fen\u00eatre de 1 \u00e0 2 semaines<\/li>\n<\/ol>\n\n<p>Le succ\u00e8s ne se construit pas du jour au lendemain. Accordez \u00e0 vos annonces boost\u00e9es le temps de circuler et d\u2019attirer de nouvelles audiences. LinkedIn recommande une dur\u00e9e d\u2019une \u00e0 deux semaines pour obtenir des r\u00e9sultats significatifs. <\/p>\n\n<p>Cependant, vous pouvez adapter cette p\u00e9riode selon votre budget et les besoins sp\u00e9cifiques de votre marque. LinkedIn propose d\u2019ailleurs, dans son interface de boosting, une pr\u00e9vision de performance qui vous aide \u00e0 \u00e9valuer si la dur\u00e9e choisie est suffisante pour atteindre vos objectifs marketing. <\/p>\n\n<p class=\"has-text-align-left banner-case-study has-text-color has-background\" style=\"color:#0071a1;background-color:#eaf4f8\"><strong>\u00c9tude de cas :<\/strong> <a href=\"https:\/\/getuplead.com\/fr\/cas-clients\/kodo\/\" data-type=\"page\" data-id=\"339\">D\u00e9couvrez comment nous avons g\u00e9n\u00e9r\u00e9s 167 % de prospects en plus avec LinkedIn Ads pour Kodo Survey<\/a><\/p>\n\n<h2 class=\"wp-block-heading\">Conclusion<\/h2>\n\n<p>Comme vous pouvez le constater, les avantages du boosting surpassent g\u00e9n\u00e9ralement ses inconv\u00e9nients. Ainsi, si votre budget le permet, il peut \u00eatre tr\u00e8s int\u00e9ressant d\u2019exp\u00e9rimenter cette fonctionnalit\u00e9 afin de faire passer votre strat\u00e9gie marketing LinkedIn au niveau sup\u00e9rieur.<\/p>\n\n<p>Gardez simplement \u00e0 l\u2019esprit que le suivi des performances est plus complexe avec le boosting. Si vous vous appuyez fortement sur vos indicateurs de performance pour analyser vos campagnes, cette m\u00e9thode pourrait rendre l\u2019analyse plus difficile.<\/p>\n\n<p><em><strong><em><strong><em><strong><em><strong><em>Si vous souhaitez en savoir plus sur la fa\u00e7on dont nous aidons les entreprises B2B SaaS et Tech \u00e0 augmenter leur MRR gr\u00e2ce \u00e0 la publicit\u00e9 sur LinkedIn, <a href=\"https:\/\/getuplead.com\/fr\/contact\/\" target=\"_blank\" rel=\"noreferrer noopener\">contactez-nous en ligne<\/a> ou envoyez-nous un e-mail d\u00e8s aujourd\u2019hui \u00e0 <a href=\"mailto:info@getuplead.com\" target=\"_blank\" rel=\"noreferrer noopener\">info@getuplead.com<\/a>. Un membre de notre \u00e9quipe reviendra vers vous.<\/em><\/strong><\/em><\/strong><\/em><\/strong><\/em><\/strong><\/em><\/p>\n\n<p>Par ailleurs, vous pourriez \u00e9galement \u00eatre int\u00e9ress\u00e9 par :<\/p>\n\n<ul class=\"wp-block-list\">\n<li><a href=\"https:\/\/getuplead.com\/fr\/agence-linkedin-ads\/types-publicites\/document\/\">Document Ads sur LinkedIn : Le guide complet<\/a><\/li>\n\n\n\n<li><a href=\"https:\/\/getuplead.com\/fr\/agence-linkedin-ads\/types-publicites\/event\/\">Comment cr\u00e9er des Event Ads sur LinkedIn : Un guide [+ Bonnes pratiques]<\/a><\/li>\n\n\n\n<li><a href=\"https:\/\/getuplead.com\/fr\/agence-linkedin-ads\/types-publicites\/copy\/\">Comment r\u00e9diger un texte publicitaire pour LinkedIn qui convertit<\/a><\/li>\n\n\n\n<li><a href=\"https:\/\/getuplead.com\/fr\/agence-linkedin-ads\/types-publicites\/tailles\/\">Tailles et sp\u00e9cifications des publicit\u00e9s LinkedIn en 2025<br\/><\/a><\/li>\n\n\n\n<li><a href=\"https:\/\/getuplead.com\/fr\/agence-linkedin-ads\/types-publicites\/dynamique\/\">Le guide ultime des Dynamic Ads sur LinkedIn [+ Bonnes pratiques]<\/a><\/li>\n\n\n\n<li><a href=\"https:\/\/getuplead.com\/fr\/agence-linkedin-ads\/types-publicites\/sponsorise\/\">Le guide ultime du Sponsored Content sur LinkedIn<\/a><\/li>\n\n\n\n<li><a href=\"https:\/\/getuplead.com\/fr\/agence-linkedin-ads\/types-publicites\/texte\/\">Le guide ultime des Text Ads sur LinkedIn [+ Bonnes pratiques]<\/a><\/li>\n\n\n\n<li><a href=\"https:\/\/getuplead.com\/fr\/agence-linkedin-ads\/types-publicites\/message\/\">Le guide complet de l&rsquo;InMail sponsoris\u00e9 sur LinkedIn [+ Bonnes pratiques]<\/a><\/li>\n<\/ul>\n","protected":false},"excerpt":{"rendered":"<p>Le marketing sur la plateforme B2B LinkedIn pr\u00e9sente de nombreux avantages, notamment en mati\u00e8re de ciblage d\u2019audience. Lorsque vous cr\u00e9ez une campagne sur ce r\u00e9seau, il ne suffit pas de cliquer sur \u00ab Publier \u00bb et d\u2019esp\u00e9rer le meilleur r\u00e9sultat. LinkedIn propose plusieurs fonctionnalit\u00e9s destin\u00e9es \u00e0 renforcer la performance de vos publicit\u00e9s apr\u00e8s leur mise [&hellip;]<\/p>\n","protected":false},"author":4,"featured_media":0,"parent":2755,"menu_order":0,"comment_status":"closed","ping_status":"closed","template":"","meta":{"footnotes":""},"class_list":["post-5941","page","type-page","status-publish","hentry"],"yoast_head":"<!-- This site is optimized with the Yoast SEO plugin v25.7 - https:\/\/yoast.com\/wordpress\/plugins\/seo\/ -->\n<title>Comment booster une publication sur LinkedIn : Le guide complet<\/title>\n<meta name=\"robots\" content=\"index, follow, max-snippet:-1, max-image-preview:large, max-video-preview:-1\" \/>\n<link rel=\"canonical\" href=\"https:\/\/getuplead.com\/fr\/agence-linkedin-ads\/types-publicites\/booster-post\/\" \/>\n<meta property=\"og:locale\" content=\"fr_FR\" \/>\n<meta property=\"og:type\" content=\"article\" \/>\n<meta property=\"og:title\" content=\"Comment booster une publication sur LinkedIn : Le guide complet\" \/>\n<meta property=\"og:description\" content=\"Le marketing sur la plateforme B2B LinkedIn pr\u00e9sente de nombreux avantages, notamment en mati\u00e8re de ciblage d\u2019audience. Lorsque vous cr\u00e9ez une campagne sur ce r\u00e9seau, il ne suffit pas de cliquer sur \u00ab Publier \u00bb et d\u2019esp\u00e9rer le meilleur r\u00e9sultat. LinkedIn propose plusieurs fonctionnalit\u00e9s destin\u00e9es \u00e0 renforcer la performance de vos publicit\u00e9s apr\u00e8s leur mise [&hellip;]\" \/>\n<meta property=\"og:url\" content=\"https:\/\/getuplead.com\/fr\/agence-linkedin-ads\/types-publicites\/booster-post\/\" \/>\n<meta property=\"og:site_name\" content=\"SaaS PPC Agency | Getuplead\" \/>\n<meta property=\"article:modified_time\" content=\"2025-10-17T19:04:14+00:00\" \/>\n<meta name=\"twitter:card\" content=\"summary_large_image\" \/>\n<meta name=\"twitter:label1\" content=\"Dur\u00e9e de lecture estim\u00e9e\" \/>\n\t<meta name=\"twitter:data1\" content=\"8 minutes\" \/>\n<script type=\"application\/ld+json\" class=\"yoast-schema-graph\">{\"@context\":\"https:\/\/schema.org\",\"@graph\":[{\"@type\":\"WebPage\",\"@id\":\"https:\/\/getuplead.com\/fr\/agence-linkedin-ads\/types-publicites\/booster-post\/\",\"url\":\"https:\/\/getuplead.com\/fr\/agence-linkedin-ads\/types-publicites\/booster-post\/\",\"name\":\"Comment booster une publication sur LinkedIn : Le guide complet\",\"isPartOf\":{\"@id\":\"https:\/\/getuplead.com\/#website\"},\"datePublished\":\"2024-05-21T09:16:44+00:00\",\"dateModified\":\"2025-10-17T19:04:14+00:00\",\"breadcrumb\":{\"@id\":\"https:\/\/getuplead.com\/fr\/agence-linkedin-ads\/types-publicites\/booster-post\/#breadcrumb\"},\"inLanguage\":\"fr-FR\",\"potentialAction\":[{\"@type\":\"ReadAction\",\"target\":[\"https:\/\/getuplead.com\/fr\/agence-linkedin-ads\/types-publicites\/booster-post\/\"]}]},{\"@type\":\"BreadcrumbList\",\"@id\":\"https:\/\/getuplead.com\/fr\/agence-linkedin-ads\/types-publicites\/booster-post\/#breadcrumb\",\"itemListElement\":[{\"@type\":\"ListItem\",\"position\":1,\"name\":\"Home\",\"item\":\"https:\/\/getuplead.com\/fr\/getuplead\/\"},{\"@type\":\"ListItem\",\"position\":2,\"name\":\"L&#8217;Agence LinkedIn Ads pour entreprises B2B SaaS et Tech\",\"item\":\"https:\/\/getuplead.com\/linkedin-advertising-agency\/\"},{\"@type\":\"ListItem\",\"position\":3,\"name\":\"LinkedIn Ads: Quels sont les diff\u00e9rents types de campagnes et formats d\u2019annonces?\",\"item\":\"https:\/\/getuplead.com\/linkedin-advertising-agency\/ads-types\/\"},{\"@type\":\"ListItem\",\"position\":4,\"name\":\"Comment booster une publication sur LinkedIn : Le guide complet\"}]},{\"@type\":\"WebSite\",\"@id\":\"https:\/\/getuplead.com\/#website\",\"url\":\"https:\/\/getuplead.com\/\",\"name\":\"SaaS PPC Agency | Getuplead\",\"description\":\"\",\"publisher\":{\"@id\":\"https:\/\/getuplead.com\/#organization\"},\"potentialAction\":[{\"@type\":\"SearchAction\",\"target\":{\"@type\":\"EntryPoint\",\"urlTemplate\":\"https:\/\/getuplead.com\/?s={search_term_string}\"},\"query-input\":{\"@type\":\"PropertyValueSpecification\",\"valueRequired\":true,\"valueName\":\"search_term_string\"}}],\"inLanguage\":\"fr-FR\"},{\"@type\":\"Organization\",\"@id\":\"https:\/\/getuplead.com\/#organization\",\"name\":\"Getuplead\",\"url\":\"https:\/\/getuplead.com\/\",\"logo\":{\"@type\":\"ImageObject\",\"inLanguage\":\"fr-FR\",\"@id\":\"https:\/\/getuplead.com\/#\/schema\/logo\/image\/\",\"url\":\"https:\/\/getuplead.com\/wp-content\/uploads\/logo_getuplead.png\",\"contentUrl\":\"https:\/\/getuplead.com\/wp-content\/uploads\/logo_getuplead.png\",\"width\":1021,\"height\":275,\"caption\":\"Getuplead\"},\"image\":{\"@id\":\"https:\/\/getuplead.com\/#\/schema\/logo\/image\/\"}}]}<\/script>\n<!-- \/ Yoast SEO plugin. -->","yoast_head_json":{"title":"Comment booster une publication sur LinkedIn : Le guide complet","robots":{"index":"index","follow":"follow","max-snippet":"max-snippet:-1","max-image-preview":"max-image-preview:large","max-video-preview":"max-video-preview:-1"},"canonical":"https:\/\/getuplead.com\/fr\/agence-linkedin-ads\/types-publicites\/booster-post\/","og_locale":"fr_FR","og_type":"article","og_title":"Comment booster une publication sur LinkedIn : Le guide complet","og_description":"Le marketing sur la plateforme B2B LinkedIn pr\u00e9sente de nombreux avantages, notamment en mati\u00e8re de ciblage d\u2019audience. Lorsque vous cr\u00e9ez une campagne sur ce r\u00e9seau, il ne suffit pas de cliquer sur \u00ab Publier \u00bb et d\u2019esp\u00e9rer le meilleur r\u00e9sultat. LinkedIn propose plusieurs fonctionnalit\u00e9s destin\u00e9es \u00e0 renforcer la performance de vos publicit\u00e9s apr\u00e8s leur mise [&hellip;]","og_url":"https:\/\/getuplead.com\/fr\/agence-linkedin-ads\/types-publicites\/booster-post\/","og_site_name":"SaaS PPC Agency | Getuplead","article_modified_time":"2025-10-17T19:04:14+00:00","twitter_card":"summary_large_image","twitter_misc":{"Dur\u00e9e de lecture estim\u00e9e":"8 minutes"},"schema":{"@context":"https:\/\/schema.org","@graph":[{"@type":"WebPage","@id":"https:\/\/getuplead.com\/fr\/agence-linkedin-ads\/types-publicites\/booster-post\/","url":"https:\/\/getuplead.com\/fr\/agence-linkedin-ads\/types-publicites\/booster-post\/","name":"Comment booster une publication sur LinkedIn : Le guide complet","isPartOf":{"@id":"https:\/\/getuplead.com\/#website"},"datePublished":"2024-05-21T09:16:44+00:00","dateModified":"2025-10-17T19:04:14+00:00","breadcrumb":{"@id":"https:\/\/getuplead.com\/fr\/agence-linkedin-ads\/types-publicites\/booster-post\/#breadcrumb"},"inLanguage":"fr-FR","potentialAction":[{"@type":"ReadAction","target":["https:\/\/getuplead.com\/fr\/agence-linkedin-ads\/types-publicites\/booster-post\/"]}]},{"@type":"BreadcrumbList","@id":"https:\/\/getuplead.com\/fr\/agence-linkedin-ads\/types-publicites\/booster-post\/#breadcrumb","itemListElement":[{"@type":"ListItem","position":1,"name":"Home","item":"https:\/\/getuplead.com\/fr\/getuplead\/"},{"@type":"ListItem","position":2,"name":"L&#8217;Agence LinkedIn Ads pour entreprises B2B SaaS et Tech","item":"https:\/\/getuplead.com\/linkedin-advertising-agency\/"},{"@type":"ListItem","position":3,"name":"LinkedIn Ads: Quels sont les diff\u00e9rents types de campagnes et formats d\u2019annonces?","item":"https:\/\/getuplead.com\/linkedin-advertising-agency\/ads-types\/"},{"@type":"ListItem","position":4,"name":"Comment booster une publication sur LinkedIn : Le guide complet"}]},{"@type":"WebSite","@id":"https:\/\/getuplead.com\/#website","url":"https:\/\/getuplead.com\/","name":"SaaS PPC Agency | Getuplead","description":"","publisher":{"@id":"https:\/\/getuplead.com\/#organization"},"potentialAction":[{"@type":"SearchAction","target":{"@type":"EntryPoint","urlTemplate":"https:\/\/getuplead.com\/?s={search_term_string}"},"query-input":{"@type":"PropertyValueSpecification","valueRequired":true,"valueName":"search_term_string"}}],"inLanguage":"fr-FR"},{"@type":"Organization","@id":"https:\/\/getuplead.com\/#organization","name":"Getuplead","url":"https:\/\/getuplead.com\/","logo":{"@type":"ImageObject","inLanguage":"fr-FR","@id":"https:\/\/getuplead.com\/#\/schema\/logo\/image\/","url":"https:\/\/getuplead.com\/wp-content\/uploads\/logo_getuplead.png","contentUrl":"https:\/\/getuplead.com\/wp-content\/uploads\/logo_getuplead.png","width":1021,"height":275,"caption":"Getuplead"},"image":{"@id":"https:\/\/getuplead.com\/#\/schema\/logo\/image\/"}}]}},"_links":{"self":[{"href":"https:\/\/getuplead.com\/fr\/wp-json\/wp\/v2\/pages\/5941","targetHints":{"allow":["GET"]}}],"collection":[{"href":"https:\/\/getuplead.com\/fr\/wp-json\/wp\/v2\/pages"}],"about":[{"href":"https:\/\/getuplead.com\/fr\/wp-json\/wp\/v2\/types\/page"}],"author":[{"embeddable":true,"href":"https:\/\/getuplead.com\/fr\/wp-json\/wp\/v2\/users\/4"}],"replies":[{"embeddable":true,"href":"https:\/\/getuplead.com\/fr\/wp-json\/wp\/v2\/comments?post=5941"}],"version-history":[{"count":3,"href":"https:\/\/getuplead.com\/fr\/wp-json\/wp\/v2\/pages\/5941\/revisions"}],"predecessor-version":[{"id":5958,"href":"https:\/\/getuplead.com\/fr\/wp-json\/wp\/v2\/pages\/5941\/revisions\/5958"}],"up":[{"embeddable":true,"href":"https:\/\/getuplead.com\/fr\/wp-json\/wp\/v2\/pages\/2755"}],"wp:attachment":[{"href":"https:\/\/getuplead.com\/fr\/wp-json\/wp\/v2\/media?parent=5941"}],"curies":[{"name":"wp","href":"https:\/\/api.w.org\/{rel}","templated":true}]}}