{"id":6041,"date":"2024-05-08T13:04:22","date_gmt":"2024-05-08T11:04:22","guid":{"rendered":"https:\/\/getuplead.com\/agence-linkedin-ads\/google-ads-vs-linkedin-ads\/"},"modified":"2025-11-25T11:34:59","modified_gmt":"2025-11-25T10:34:59","slug":"google-ads-vs-linkedin-ads","status":"publish","type":"page","link":"https:\/\/getuplead.com\/fr\/agence-linkedin-ads\/google-ads-vs-linkedin-ads\/","title":{"rendered":"Google Ads vs LinkedIn Ads : Quelle plateforme est la plus adapt\u00e9e \u00e0 votre entreprise ?"},"content":{"rendered":"\n<p>\u00c0 mesure que le monde du marketing digital \u00e9volue et \u00e9largit son paysage, il devient de plus en plus difficile pour les marques de d\u00e9terminer quelles options publicitaires sont adapt\u00e9es \u00e0 leur organisation, et lesquelles ne le sont pas.<br\/><\/p>\n\n<p>Deux options majeures incluent LinkedIn Ads et Google Ads, et bien souvent, les annonceurs choisissent de baser leur strat\u00e9gie sur l\u2019une ou l\u2019autre (ou les deux, si le budget le permet).<\/p>\n\n<p>Bien s\u00fbr, vous pouvez consulter une <a href=\"https:\/\/getuplead.com\/fr\/agence-linkedin-ads\/\">agence sp\u00e9cialis\u00e9e LinkedIn Ads<\/a> ou un expert Google Ads, mais vous pouvez \u00e9galement exp\u00e9rimenter les deux afin de d\u00e9terminer celle qui correspond le mieux \u00e0 vos besoins, ces plateformes sont con\u00e7ues pour \u00eatre faciles \u00e0 utiliser.<\/p>\n\n<p>Si vous h\u00e9sitez encore sur la meilleure option, ce guide vous pr\u00e9sente les avantages et inconv\u00e9nients de chaque plateforme afin de vous aider \u00e0 prendre la meilleure d\u00e9cision.<\/p>\n\n<h2 class=\"wp-block-heading\">1 \u2013 Google Ads vs LinkedIn Ads : Comparaison <\/h2>\n\n<p>Les plateformes de marketing digital comportent souvent des nuances qui rendent difficile la s\u00e9lection de la meilleure option. Bien que Google Ads et LinkedIn Ads aient des similitudes, voici leurs principales diff\u00e9rences.<br\/> <\/p>\n\n<h3 class=\"wp-block-heading\">Ciblage d\u2019audience<br\/><br\/><\/h3>\n\n<p>La diff\u00e9rence fondamentale entre les deux plateformes r\u00e9side dans les types d&rsquo;audience cibl\u00e9es.<br\/>Google Ads est excellent pour cibler \u00e0 la fois les entreprises et les consommateurs, tandis que LinkedIn se concentre principalement sur le B2B.  <\/p>\n\n<p>Google Ads permet de cibler des utilisateurs web dans le monde entier : gr\u00e2ce \u00e0 la puissance de son moteur de recherche, les marketeurs peuvent toucher des audiences partout, avec tous types d\u2019intentions. Avec un public aussi vaste, de nombreux sp\u00e9cialistes du marketing peuvent ne pas ressentir le besoin de se tourner vers LinkedIn Ads, mais il faut tenir compte des \u00e9l\u00e9ments suivants avant de l&rsquo;exclure&#8230; <\/p>\n\n<p>LinkedIn Ads est con\u00e7u pour aider les marques \u00e0 atteindre leurs audiences professionnelles id\u00e9ales avec une pr\u00e9cision chirurgicale. En 2023, LinkedIn comptait 930 millions d\u2019utilisateurs dans le monde.  <\/p>\n\n<p>Attention toutefois : LinkedIn n\u2019est pas r\u00e9serv\u00e9 exclusivement au B2B, mais la plateforme est fortement orient\u00e9e. Les marques B2C auront g\u00e9n\u00e9ralement plus d\u2019int\u00e9r\u00eat \u00e0 se tourner vers d\u2019autres options publicitaires.<\/p>\n\n<h3 class=\"wp-block-heading\">Options de segmentation d&rsquo;audience<\/h3>\n\n<p>Une autre diff\u00e9rence entre les deux plateformes concerne leurs diff\u00e9rentes options de segmentation. Google Ads vous propose les options suivantes : <\/p>\n\n<ul class=\"wp-block-list\">\n<li>Interactions avec un site \/ une app<\/li>\n\n\n\n<li>Comportements d\u2019acheteurs <\/li>\n\n\n\n<li>Technologie<\/li>\n\n\n\n<li>Affinit\u00e9<\/li>\n\n\n\n<li>Donn\u00e9es d\u00e9mographiques<\/li>\n\n\n\n<li>Localisation<\/li>\n<\/ul>\n\n<p>Cette vari\u00e9t\u00e9 peut sembler importante, mais elle reste relativement g\u00e9n\u00e9rique, ce qui peut poser probl\u00e8me pour les marques dans des secteurs de niche ou avec une audience tr\u00e8s sp\u00e9cifique.<\/p>\n\n<p>Avec LinkedIn, les options de segmentation sont tout autres, et vous pouvez <em>vraiment <\/em>r\u00e9duire votre audience. Cela inclut la segmentation par zone g\u00e9ographique, secteur d&rsquo;activit\u00e9, intitul\u00e9 de poste, centres d&rsquo;int\u00e9r\u00eat, groupes, formation, exp\u00e9rience, anciennet\u00e9, etc. <\/p>\n\n<p>LinkedIn propose \u00e9galement Matched Audiences, permettant de combiner listes e-mail + visiteurs du site + membres LinkedIn.<\/p>\n\n<p class=\"has-text-align-left banner-case-study has-text-color has-background\" style=\"color:#0071a1;background-color:#eaf4f8\"><strong>\u00c9tude de cas :<\/strong> <a href=\"https:\/\/getuplead.com\/fr\/cas-clients\/kodo\/\" data-type=\"page\" data-id=\"339\">D\u00e9couvrez comment nous avons g\u00e9n\u00e9r\u00e9s 167 % de prospects en plus avec LinkedIn Ads pour Kodo Survey<\/a><\/p>\n\n<h3 class=\"wp-block-heading\">Intention utilisateur &amp; R\u00e9solution de probl\u00e8mes<\/h3>\n\n<p>Google est con\u00e7u pour permettre aux utilisateurs de r\u00e9soudre un probl\u00e8me via une recherche (produit, service, info), ce qui en fait une plateforme tr\u00e8s attractive. <\/p>\n\n<p>LinkedIn n\u2019est g\u00e9n\u00e9ralement pas utilis\u00e9 pour la r\u00e9solution de probl\u00e8mes, mais ses usages professionnels (recrutement, mise en r\u00e9seau, publications d\u2019entreprise) g\u00e9n\u00e8rent des points de douleur business que les marketeurs peuvent exploiter.<\/p>\n\n<p>Les utilisateurs peuvent se connecter \u00e0 leur compte LinkedIn pour publier\/rechercher un emploi, d\u00e9velopper leur r\u00e9seau, publier des actualit\u00e9s sur leur entreprise et, de mani\u00e8re g\u00e9n\u00e9rale, utiliser la plateforme comme une extension de leur site web\/service professionnel. Cela permet aux sp\u00e9cialistes du marketing de tirer parti des informations d\u00e9mographiques d\u00e9taill\u00e9es et pr\u00e9cises de LinkedIn pour cibler les audiences les plus lucratives.  <\/p>\n\n<p>Cela leur permet ensuite de cibler les professionnels susceptibles de b\u00e9n\u00e9ficier de leurs produits\/services pour rem\u00e9dier \u00e0 un probl\u00e8me, soit avant, soit pendant la manifestation du probl\u00e8me, r\u00e9duisant ainsi la probabilit\u00e9 que l&rsquo;utilisateur entre ses besoins dans le moteur de recherche Google.<\/p>\n\n<h3 class=\"wp-block-heading\"><strong>Les types de publicit\u00e9s<\/strong><\/h3>\n\n<p>Il existe une diff\u00e9rence entre les deux plateformes en termes de nombre de types d&rsquo;annonces propos\u00e9s. Google Ads en propose un peu plus que LinkedIn, notamment : <\/p>\n\n<ul class=\"wp-block-list\">\n<li>Call-only ads \u2013 Ce sont des annonces de type click-to-call qui permettent d\u2019appeler directement et ne s\u2019affichent que sur les appareils mobiles.<\/li>\n\n\n\n<li>Showcase shopping ads \u2013 Ce sont des annonces pr\u00e9sentant une description et une image qui s\u2019\u00e9tend pour afficher davantage de visuels et d\u2019informations produit lorsqu\u2019on clique ou survole l\u2019annonce.<\/li>\n\n\n\n<li>Product shopping ads \u2013 Elles contiennent une photo du produit, un titre, une description, le nom du magasin, le prix, et \u00e9ventuellement d\u2019autres d\u00e9tails lorsqu\u2019on clique dessus.<\/li>\n\n\n\n<li>Video \u2013 Les Video ads sont explicites. Elles peuvent \u00eatre autonomes ou diffus\u00e9es en in-stream sur les sites partenaires de Google.  <\/li>\n\n\n\n<li>App promotion ads \u2013 Elles encouragent les utilisateurs \u00e0 t\u00e9l\u00e9charger une application sur Google Play ou sur la boutique d\u2019un partenaire Google.<\/li>\n\n\n\n<li>Image \u2013 Ce sont des images statiques ou immersives sur lesquelles l\u2019utilisateur peut cliquer.<\/li>\n\n\n\n<li>Responsive \u2013 Les responsive ads peuvent \u00eatre compos\u00e9es de texte ou d\u2019images et sont con\u00e7ues pour s\u2019adapter automatiquement \u00e0 l\u2019espace publicitaire disponible.<\/li>\n\n\n\n<li>Text \u2013 Il s\u2019agit d\u2019annonces enti\u00e8rement textuelles (copy-only).<\/li>\n<\/ul>\n\n<p>Alors que LinkedIn propose :<\/p>\n\n<ul class=\"wp-block-list\">\n<li>Lead gen forms \u2013 Ces annonces ressemblent \u00e0 de petits formulaires utilisant l\u2019auto-remplissage pour fournir \u00e0 l\u2019annonceur les coordonn\u00e9es du prospect (notamment l\u2019adresse e-mail) afin de le cibler plus tard.<\/li>\n\n\n\n<li>Dynamic ads \u2013 Les Dynamic Ads sont des annonces natives personnalis\u00e9es qui apparaissent uniquement sur les appareils desktop.<\/li>\n\n\n\n<li>Text ads \u2013 Ce sont des annonces PPC (pay-per-click) visibles dans la marge ou dans les zones lat\u00e9rales du fil LinkedIn.<\/li>\n\n\n\n<li>Sponsored InMail \u2013 D\u00e9guis\u00e9es astucieusement en messages directs, les InMail sponsoris\u00e9es adoptent une approche personnalis\u00e9e pour inciter un utilisateur \u00e0 ouvrir un message sur LinkedIn, une publicit\u00e9 sponsoris\u00e9e qui ressemble \u00e0 un DM amical.<\/li>\n\n\n\n<li>Sponsored\/direct sponsored content \u2013Ce sont des publicit\u00e9s natives visibles directement dans le fil d\u2019actualit\u00e9.<\/li>\n<\/ul>\n\n<h3 class=\"wp-block-heading\"><strong>Budget n\u00e9cessaire<\/strong><\/h3>\n\n<p>Une diff\u00e9rence significative entre les deux plateformes , c&rsquo;est le co\u00fbt de la publicit\u00e9 sur chacune d&rsquo;elles. Bien que LinkedIn pr\u00e9sente de nombreux avantages, les marketeurs ont besoin d&rsquo;un budget mensuel plus important pour r\u00e9ussir \u00e0 faire de la publicit\u00e9 sur la plateforme. <\/p>\n\n<p>Quel que soit le type d&rsquo;annonce que vous pr\u00e9f\u00e9rez utiliser, le marketing sur Google Ads est g\u00e9n\u00e9ralement beaucoup plus rentable que sur LinkedIn. Cela peut bien s\u00fbr varier en fonction de votre secteur d&rsquo;activit\u00e9.  <\/p>\n\n<h3 class=\"wp-block-heading\">Rapports &amp; analyses<\/h3>\n\n<p>Tout annonceur digne de ce nom comprend l\u2019importance des m\u00e9triques, et m\u00eame si LinkedIn et Google Ads pr\u00e9sentent des ressemblances dans leurs outils d\u2019analyse (notamment les clics, conversions et impressions), il existe \u00e9galement quelques diff\u00e9rences.<\/p>\n\n<p>Google Ads est directement corr\u00e9l\u00e9 \u00e0 Google Analytics, permettant aux marketeurs d\u2019aller au-del\u00e0 du simple suivi des clics sur les annonces et de se concentrer sur des analyses plus approfondies du comportement sur le site, comme la \u00ab dur\u00e9e de session \u00bb. <\/p>\n\n<p>Les rapports et analyses de LinkedIn se concentrent davantage sur les donn\u00e9es d\u00e9mographiques des utilisateurs qui interagissent avec vos campagnes, ce qui peut \u00eatre utile pour affiner pr\u00e9cis\u00e9ment vos futurs ciblages. Google Ads propose \u00e9galement une m\u00e9trique d\u00e9mographique, mais elle est loin d\u2019\u00eatre aussi orient\u00e9e business que celle de LinkedIn. <\/p>\n\n<p>Les deux plateformes disposent toutefois d\u2019un outil de suivi des conversions, LinkedIn n\u00e9cessitant l&rsquo;installation d\u2019un Insights Tag pour suivre le comportement des utilisateurs sur votre site via vos campagnes LinkedIn. <\/p>\n\n<h2 class=\"wp-block-heading\">2 \u2013 Quelle plateforme est la meilleure : LinkedIn ou Google Ads ?<\/h2>\n\n<p>Lorsqu\u2019il s\u2019agit de publicit\u00e9 B2B, les deux plateformes peuvent \u00eatre performantes, et il n\u2019existe pas d\u2019option universellement sup\u00e9rieure : le choix d\u00e9pend des circonstances propres \u00e0 chaque marketeur B2B.<\/p>\n\n<p>Cela signifie que la meilleure option d\u00e9pendra du budget de votre marque, de vos objectifs, de votre secteur et de votre audience cible. LinkedIn offre une pr\u00e9cision redoutable pour les annonceurs B2B, mais les campagnes exigent un budget \u00e9lev\u00e9 \u00e0 chaque lancement ; Google Ads peut donc \u00eatre plus abordable. Cependant, en raison du ciblage plus vague de Google Ads, la qualit\u00e9 des leads g\u00e9n\u00e9r\u00e9s peut varier.  <\/p>\n\n<p>En d\u00e9finitive, la meilleure approche consiste \u00e0 tester temporairement les deux canaux et \u00e0 d\u00e9terminer lequel performe le mieux en fonction des besoins et des contraintes propres \u00e0 votre entreprise avant de lancer une campagne.<\/p>\n\n<p>Par exemple, LinkedIn peut \u00eatre particuli\u00e8rement efficace pour le nurturing et le ciblage du milieu de funnel, tandis que Google Ads excelle dans la notori\u00e9t\u00e9 de marque et le bas de funnel.<\/p>\n\n<p>Avant d\u2019investir dans l\u2019un ou l\u2019autre, il est essentiel de se concentrer sur plusieurs \u00e9l\u00e9ments fondamentaux avant la cr\u00e9ation de la campagne, car vos publicit\u00e9s seules ne convertiront pas votre audience. <\/p>\n\n<p>Les aspects \u00e0 v\u00e9rifier avant de cr\u00e9er une annonce incluent l\u2019optimisation de votre site web (si les leads doivent convertir sur une landing page), une strat\u00e9gie marketing inbound solide, un budget r\u00e9aliste, ainsi qu\u2019un niveau de service client adapt\u00e9 si un lead souhaite poser des questions avant de convertir. Une fois ces \u00e9l\u00e9ments optimis\u00e9s, vos publicit\u00e9s deviendront le v\u00e9hicule de conversion. <\/p>\n\n<p class=\"has-text-align-left banner-case-study has-text-color has-background\" style=\"color:#0071a1;background-color:#eaf4f8\"><strong>\u00c9tude de cas :<\/strong> <a href=\"https:\/\/getuplead.com\/case-studies\/security-analytics\/\" data-type=\"page\" data-id=\"297\">D\u00e9couvrez comment nous avons g\u00e9n\u00e9r\u00e9 42% de leads qualifi\u00e9s en plus avec Linkedin Ads pour un logiciel de cybers\u00e9curit\u00e9<\/a><\/p>\n\n<h2 class=\"wp-block-heading\">3 \u2013 En conclusion<\/h2>\n\n<p>LinkedIn et Google Ads sont deux g\u00e9ants de l&rsquo;univers publicitaire, et vous pouvez exploiter l\u2019un ou l\u2019autre (ou les deux) pour promouvoir efficacement votre marque.<\/p>\n\n<p>Cependant, chacun pr\u00e9sente ses forces et ses faiblesses, donc la meilleure option (si vous ne devez en choisir qu\u2019une) consiste \u00e0 analyser les besoins et la situation propres \u00e0 votre entreprise et \u00e0 baser votre d\u00e9cision sur les informations pr\u00e9sent\u00e9es dans cet article. Bonne chance ! <\/p>\n\n<p><strong><em>Si vous souhaitez en savoir plus sur la fa\u00e7on dont nous aidons les entreprises B2B SaaS et Tech \u00e0 augmenter leur MRR gr\u00e2ce \u00e0 la publicit\u00e9 sur LinkedIn, <\/em><\/strong><a href=\"https:\/\/getuplead.com\/fr\/contact\/\"><strong><em>contactez-nous en ligne<\/em><\/strong><\/a><strong><em> ou envoyez-nous un e-mail d\u00e8s aujourd&rsquo;hui \u00e0 info@getuplead.com. Un membre de notre \u00e9quipe reviendra vers vous. <\/em><\/strong><\/p>\n","protected":false},"excerpt":{"rendered":"<p>\u00c0 mesure que le monde du marketing digital \u00e9volue et \u00e9largit son paysage, il devient de plus en plus difficile pour les marques de d\u00e9terminer quelles options publicitaires sont adapt\u00e9es \u00e0 leur organisation, et lesquelles ne le sont pas. Deux options majeures incluent LinkedIn Ads et Google Ads, et bien souvent, les annonceurs choisissent de [&hellip;]<\/p>\n","protected":false},"author":4,"featured_media":0,"parent":2796,"menu_order":0,"comment_status":"closed","ping_status":"closed","template":"","meta":{"footnotes":""},"class_list":["post-6041","page","type-page","status-publish","hentry"],"yoast_head":"<!-- This site is optimized with the Yoast SEO plugin v25.7 - https:\/\/yoast.com\/wordpress\/plugins\/seo\/ -->\n<title>Google Ads vs LinkedIn Ads : Quelle plateforme est la plus adapt\u00e9e \u00e0 votre entreprise ?<\/title>\n<meta name=\"robots\" content=\"index, follow, max-snippet:-1, max-image-preview:large, max-video-preview:-1\" \/>\n<link rel=\"canonical\" href=\"https:\/\/getuplead.com\/fr\/agence-linkedin-ads\/google-ads-vs-linkedin-ads\/\" \/>\n<meta property=\"og:locale\" content=\"fr_FR\" \/>\n<meta property=\"og:type\" content=\"article\" \/>\n<meta property=\"og:title\" content=\"Google Ads vs LinkedIn Ads : Quelle plateforme est la plus adapt\u00e9e \u00e0 votre entreprise ?\" \/>\n<meta property=\"og:description\" content=\"\u00c0 mesure que le monde du marketing digital \u00e9volue et \u00e9largit son paysage, il devient de plus en plus difficile pour les marques de d\u00e9terminer quelles options publicitaires sont adapt\u00e9es \u00e0 leur organisation, et lesquelles ne le sont pas. Deux options majeures incluent LinkedIn Ads et Google Ads, et bien souvent, les annonceurs choisissent de [&hellip;]\" \/>\n<meta property=\"og:url\" content=\"https:\/\/getuplead.com\/fr\/agence-linkedin-ads\/google-ads-vs-linkedin-ads\/\" \/>\n<meta property=\"og:site_name\" content=\"SaaS PPC Agency | Getuplead\" \/>\n<meta property=\"article:modified_time\" content=\"2025-11-25T10:34:59+00:00\" \/>\n<meta name=\"twitter:card\" content=\"summary_large_image\" \/>\n<meta name=\"twitter:label1\" content=\"Dur\u00e9e de lecture estim\u00e9e\" \/>\n\t<meta name=\"twitter:data1\" content=\"9 minutes\" \/>\n<script type=\"application\/ld+json\" class=\"yoast-schema-graph\">{\"@context\":\"https:\/\/schema.org\",\"@graph\":[{\"@type\":\"WebPage\",\"@id\":\"https:\/\/getuplead.com\/fr\/agence-linkedin-ads\/google-ads-vs-linkedin-ads\/\",\"url\":\"https:\/\/getuplead.com\/fr\/agence-linkedin-ads\/google-ads-vs-linkedin-ads\/\",\"name\":\"Google Ads vs LinkedIn Ads : Quelle plateforme est la plus adapt\u00e9e \u00e0 votre entreprise ?\",\"isPartOf\":{\"@id\":\"https:\/\/getuplead.com\/#website\"},\"datePublished\":\"2024-05-08T11:04:22+00:00\",\"dateModified\":\"2025-11-25T10:34:59+00:00\",\"breadcrumb\":{\"@id\":\"https:\/\/getuplead.com\/fr\/agence-linkedin-ads\/google-ads-vs-linkedin-ads\/#breadcrumb\"},\"inLanguage\":\"fr-FR\",\"potentialAction\":[{\"@type\":\"ReadAction\",\"target\":[\"https:\/\/getuplead.com\/fr\/agence-linkedin-ads\/google-ads-vs-linkedin-ads\/\"]}]},{\"@type\":\"BreadcrumbList\",\"@id\":\"https:\/\/getuplead.com\/fr\/agence-linkedin-ads\/google-ads-vs-linkedin-ads\/#breadcrumb\",\"itemListElement\":[{\"@type\":\"ListItem\",\"position\":1,\"name\":\"Home\",\"item\":\"https:\/\/getuplead.com\/fr\/getuplead\/\"},{\"@type\":\"ListItem\",\"position\":2,\"name\":\"L&#8217;Agence LinkedIn Ads pour entreprises B2B SaaS et Tech\",\"item\":\"https:\/\/getuplead.com\/linkedin-advertising-agency\/\"},{\"@type\":\"ListItem\",\"position\":3,\"name\":\"Google Ads vs LinkedIn Ads : Quelle plateforme est la plus adapt\u00e9e \u00e0 votre entreprise ?\"}]},{\"@type\":\"WebSite\",\"@id\":\"https:\/\/getuplead.com\/#website\",\"url\":\"https:\/\/getuplead.com\/\",\"name\":\"SaaS PPC Agency | Getuplead\",\"description\":\"\",\"publisher\":{\"@id\":\"https:\/\/getuplead.com\/#organization\"},\"potentialAction\":[{\"@type\":\"SearchAction\",\"target\":{\"@type\":\"EntryPoint\",\"urlTemplate\":\"https:\/\/getuplead.com\/?s={search_term_string}\"},\"query-input\":{\"@type\":\"PropertyValueSpecification\",\"valueRequired\":true,\"valueName\":\"search_term_string\"}}],\"inLanguage\":\"fr-FR\"},{\"@type\":\"Organization\",\"@id\":\"https:\/\/getuplead.com\/#organization\",\"name\":\"Getuplead\",\"url\":\"https:\/\/getuplead.com\/\",\"logo\":{\"@type\":\"ImageObject\",\"inLanguage\":\"fr-FR\",\"@id\":\"https:\/\/getuplead.com\/#\/schema\/logo\/image\/\",\"url\":\"https:\/\/getuplead.com\/wp-content\/uploads\/logo_getuplead.png\",\"contentUrl\":\"https:\/\/getuplead.com\/wp-content\/uploads\/logo_getuplead.png\",\"width\":1021,\"height\":275,\"caption\":\"Getuplead\"},\"image\":{\"@id\":\"https:\/\/getuplead.com\/#\/schema\/logo\/image\/\"}}]}<\/script>\n<!-- \/ Yoast SEO plugin. -->","yoast_head_json":{"title":"Google Ads vs LinkedIn Ads : Quelle plateforme est la plus adapt\u00e9e \u00e0 votre entreprise ?","robots":{"index":"index","follow":"follow","max-snippet":"max-snippet:-1","max-image-preview":"max-image-preview:large","max-video-preview":"max-video-preview:-1"},"canonical":"https:\/\/getuplead.com\/fr\/agence-linkedin-ads\/google-ads-vs-linkedin-ads\/","og_locale":"fr_FR","og_type":"article","og_title":"Google Ads vs LinkedIn Ads : Quelle plateforme est la plus adapt\u00e9e \u00e0 votre entreprise ?","og_description":"\u00c0 mesure que le monde du marketing digital \u00e9volue et \u00e9largit son paysage, il devient de plus en plus difficile pour les marques de d\u00e9terminer quelles options publicitaires sont adapt\u00e9es \u00e0 leur organisation, et lesquelles ne le sont pas. Deux options majeures incluent LinkedIn Ads et Google Ads, et bien souvent, les annonceurs choisissent de [&hellip;]","og_url":"https:\/\/getuplead.com\/fr\/agence-linkedin-ads\/google-ads-vs-linkedin-ads\/","og_site_name":"SaaS PPC Agency | Getuplead","article_modified_time":"2025-11-25T10:34:59+00:00","twitter_card":"summary_large_image","twitter_misc":{"Dur\u00e9e de lecture estim\u00e9e":"9 minutes"},"schema":{"@context":"https:\/\/schema.org","@graph":[{"@type":"WebPage","@id":"https:\/\/getuplead.com\/fr\/agence-linkedin-ads\/google-ads-vs-linkedin-ads\/","url":"https:\/\/getuplead.com\/fr\/agence-linkedin-ads\/google-ads-vs-linkedin-ads\/","name":"Google Ads vs LinkedIn Ads : Quelle plateforme est la plus adapt\u00e9e \u00e0 votre entreprise ?","isPartOf":{"@id":"https:\/\/getuplead.com\/#website"},"datePublished":"2024-05-08T11:04:22+00:00","dateModified":"2025-11-25T10:34:59+00:00","breadcrumb":{"@id":"https:\/\/getuplead.com\/fr\/agence-linkedin-ads\/google-ads-vs-linkedin-ads\/#breadcrumb"},"inLanguage":"fr-FR","potentialAction":[{"@type":"ReadAction","target":["https:\/\/getuplead.com\/fr\/agence-linkedin-ads\/google-ads-vs-linkedin-ads\/"]}]},{"@type":"BreadcrumbList","@id":"https:\/\/getuplead.com\/fr\/agence-linkedin-ads\/google-ads-vs-linkedin-ads\/#breadcrumb","itemListElement":[{"@type":"ListItem","position":1,"name":"Home","item":"https:\/\/getuplead.com\/fr\/getuplead\/"},{"@type":"ListItem","position":2,"name":"L&#8217;Agence LinkedIn Ads pour entreprises B2B SaaS et Tech","item":"https:\/\/getuplead.com\/linkedin-advertising-agency\/"},{"@type":"ListItem","position":3,"name":"Google Ads vs LinkedIn Ads : Quelle plateforme est la plus adapt\u00e9e \u00e0 votre entreprise ?"}]},{"@type":"WebSite","@id":"https:\/\/getuplead.com\/#website","url":"https:\/\/getuplead.com\/","name":"SaaS PPC Agency | Getuplead","description":"","publisher":{"@id":"https:\/\/getuplead.com\/#organization"},"potentialAction":[{"@type":"SearchAction","target":{"@type":"EntryPoint","urlTemplate":"https:\/\/getuplead.com\/?s={search_term_string}"},"query-input":{"@type":"PropertyValueSpecification","valueRequired":true,"valueName":"search_term_string"}}],"inLanguage":"fr-FR"},{"@type":"Organization","@id":"https:\/\/getuplead.com\/#organization","name":"Getuplead","url":"https:\/\/getuplead.com\/","logo":{"@type":"ImageObject","inLanguage":"fr-FR","@id":"https:\/\/getuplead.com\/#\/schema\/logo\/image\/","url":"https:\/\/getuplead.com\/wp-content\/uploads\/logo_getuplead.png","contentUrl":"https:\/\/getuplead.com\/wp-content\/uploads\/logo_getuplead.png","width":1021,"height":275,"caption":"Getuplead"},"image":{"@id":"https:\/\/getuplead.com\/#\/schema\/logo\/image\/"}}]}},"_links":{"self":[{"href":"https:\/\/getuplead.com\/fr\/wp-json\/wp\/v2\/pages\/6041","targetHints":{"allow":["GET"]}}],"collection":[{"href":"https:\/\/getuplead.com\/fr\/wp-json\/wp\/v2\/pages"}],"about":[{"href":"https:\/\/getuplead.com\/fr\/wp-json\/wp\/v2\/types\/page"}],"author":[{"embeddable":true,"href":"https:\/\/getuplead.com\/fr\/wp-json\/wp\/v2\/users\/4"}],"replies":[{"embeddable":true,"href":"https:\/\/getuplead.com\/fr\/wp-json\/wp\/v2\/comments?post=6041"}],"version-history":[{"count":3,"href":"https:\/\/getuplead.com\/fr\/wp-json\/wp\/v2\/pages\/6041\/revisions"}],"predecessor-version":[{"id":6062,"href":"https:\/\/getuplead.com\/fr\/wp-json\/wp\/v2\/pages\/6041\/revisions\/6062"}],"up":[{"embeddable":true,"href":"https:\/\/getuplead.com\/fr\/wp-json\/wp\/v2\/pages\/2796"}],"wp:attachment":[{"href":"https:\/\/getuplead.com\/fr\/wp-json\/wp\/v2\/media?parent=6041"}],"curies":[{"name":"wp","href":"https:\/\/api.w.org\/{rel}","templated":true}]}}